{"id":232,"date":"2025-10-09T22:48:50","date_gmt":"2025-10-09T20:48:50","guid":{"rendered":"https:\/\/wp.unil.ch\/toxic\/?page_id=232"},"modified":"2025-10-22T18:20:54","modified_gmt":"2025-10-22T16:20:54","slug":"expositions","status":"publish","type":"page","link":"https:\/\/wp.unil.ch\/toxic\/expositions\/","title":{"rendered":"Expositions"},"content":{"rendered":"\n<h2 class=\"wp-block-heading\"><mark style=\"background-color:#ffffff\" class=\"has-inline-color has-accent-color\">Rendre les pollutions visibles : parcours au Mus\u00e9e Historique Lausanne et en plein air<\/mark><\/h2>\n\n\n\n<p>Pas moins de trois expositions se d\u00e9rouleront en plein c\u0153ur de Lausanne. Elles mettront en lumi\u00e8re l&rsquo;omnipr\u00e9sence des polluants dans notre quotidien et inviteront \u00e0 s&rsquo;interroger sur la mani\u00e8re dont les substances dangereuses sont r\u00e9glement\u00e9es.<\/p>\n\n\n\n<p>D\u00e8s novembre 2025, le Mus\u00e9e Historique Lausanne enrichit son <a href=\"https:\/\/wp.unil.ch\/toxic\/musee-historique-de-lausanne\/\">parcours permanent avec deux multim\u00e9dias cr\u00e9\u00e9s dans le cadre du projet \u00abToxic\u00bb<\/a>. Les visiteurs et visiteuses y d\u00e9couvriront l\u2019histoire m\u00e9connue du Vallon et de la vall\u00e9e du Flon, radicalement transform\u00e9s dans les ann\u00e9es 1950 par l\u2019installation de la premi\u00e8re usine d\u2019incin\u00e9ration de Lausanne, responsable d&rsquo;une importante pollution aux dioxines.<\/p>\n\n\n\n<p>Du 4 mai au 5 juillet 2026, deux expositions temporaires en plein air prolongeront cette r\u00e9flexion. Dans la Cour de l\u2019Ancienne Acad\u00e9mie, <a href=\"https:\/\/wp.unil.ch\/toxic\/exposition-a-la-cite\/\" data-type=\"page\" data-id=\"496\">l&rsquo;exposition \u00abUn bouquet de polluants\u00bb<\/a> interroge les enjeux \u00e9cologiques et sociaux li\u00e9s \u00e0 la production mondiale de fleurs coup\u00e9es. Dans la Cour des Anciens magasins de la Ville, <a href=\"https:\/\/wp.unil.ch\/toxic\/exposition-au-vallon\/\" data-type=\"page\" data-id=\"497\">l\u2019exposition \u00abL\u2019incin\u00e9rateur du Vallon\u00bb<\/a> retrace l\u2019histoire d\u2019un quartier marqu\u00e9 par la pollution industrielle et questionne nos rapports aux injustices environnementales d\u2019hier et d\u2019aujourd\u2019hui.<\/p>\n\n\n\n<div class=\"wp-block-columns is-layout-flex wp-container-core-columns-is-layout-9d6595d7 wp-block-columns-is-layout-flex\">\n<div class=\"wp-block-column is-layout-flow wp-block-column-is-layout-flow\">\n<div class=\"wp-block-cover\"><img loading=\"lazy\" decoding=\"async\" width=\"683\" height=\"1024\" class=\"wp-block-cover__image-background wp-image-906\" alt=\"mhl 2018\u00a9anne laure lechat 97\" src=\"https:\/\/wp.unil.ch\/toxic\/files\/2025\/10\/mhl-2018copyanne-laure-lechat_97-683x1024.jpg\" data-object-fit=\"cover\" srcset=\"https:\/\/wp.unil.ch\/toxic\/files\/2025\/10\/mhl-2018copyanne-laure-lechat_97-683x1024.jpg 683w, https:\/\/wp.unil.ch\/toxic\/files\/2025\/10\/mhl-2018copyanne-laure-lechat_97-200x300.jpg 200w, https:\/\/wp.unil.ch\/toxic\/files\/2025\/10\/mhl-2018copyanne-laure-lechat_97-768x1152.jpg 768w, https:\/\/wp.unil.ch\/toxic\/files\/2025\/10\/mhl-2018copyanne-laure-lechat_97-540x810.jpg 540w, https:\/\/wp.unil.ch\/toxic\/files\/2025\/10\/mhl-2018copyanne-laure-lechat_97.jpg 800w\" sizes=\"auto, (max-width: 683px) 100vw, 683px\" \/><span aria-hidden=\"true\" class=\"wp-block-cover__background has-background-dim\"><\/span><div class=\"wp-block-cover__inner-container is-layout-flow wp-block-cover-is-layout-flow\">\n<p class=\"has-text-align-center has-large-font-size\"><a href=\"https:\/\/wp.unil.ch\/toxic\/musee-historique-de-lausanne\/\">Parcours d&rsquo;exposition permanent<\/a><br><em>Mus\u00e9e Historique de Lausanne<\/em><\/p>\n<\/div><\/div>\n<\/div>\n\n\n\n<div class=\"wp-block-column is-layout-flow wp-block-column-is-layout-flow\">\n<div class=\"wp-block-cover\"><img loading=\"lazy\" decoding=\"async\" width=\"716\" height=\"1024\" class=\"wp-block-cover__image-background wp-image-917\" alt=\"28 cut03 20250626 toxic presentation ultrastudio petite\" src=\"https:\/\/wp.unil.ch\/toxic\/files\/2025\/10\/28_cut03_20250626_toxic_presentation_ultrastudio_petite-716x1024.jpeg\" data-object-fit=\"cover\" srcset=\"https:\/\/wp.unil.ch\/toxic\/files\/2025\/10\/28_cut03_20250626_toxic_presentation_ultrastudio_petite-716x1024.jpeg 716w, https:\/\/wp.unil.ch\/toxic\/files\/2025\/10\/28_cut03_20250626_toxic_presentation_ultrastudio_petite-210x300.jpeg 210w, https:\/\/wp.unil.ch\/toxic\/files\/2025\/10\/28_cut03_20250626_toxic_presentation_ultrastudio_petite-768x1098.jpeg 768w, https:\/\/wp.unil.ch\/toxic\/files\/2025\/10\/28_cut03_20250626_toxic_presentation_ultrastudio_petite-540x772.jpeg 540w, https:\/\/wp.unil.ch\/toxic\/files\/2025\/10\/28_cut03_20250626_toxic_presentation_ultrastudio_petite.jpeg 839w\" sizes=\"auto, (max-width: 716px) 100vw, 716px\" \/><span aria-hidden=\"true\" class=\"wp-block-cover__background has-background-dim\"><\/span><div class=\"wp-block-cover__inner-container is-layout-flow wp-block-cover-is-layout-flow\">\n<p class=\"has-text-align-center has-large-font-size\"><a href=\"https:\/\/wp.unil.ch\/toxic\/exposition-a-la-cite\/\">Exposition<br>  \u00ab\u00a0Un bouquet de polluants\u00a0\u00bb<\/a><br><em>Gymnase de la Cit\u00e9<\/em><\/p>\n<\/div><\/div>\n<\/div>\n\n\n\n<div class=\"wp-block-column is-layout-flow wp-block-column-is-layout-flow\">\n<div class=\"wp-block-cover\"><img loading=\"lazy\" decoding=\"async\" width=\"1024\" height=\"1015\" class=\"wp-block-cover__image-background wp-image-913\" alt=\"mhl p.2.f.28.z1.117.047.001 carr\u00e9e 96 dpi\" src=\"https:\/\/wp.unil.ch\/toxic\/files\/2025\/10\/mhl-p.2.f.28.z1.117.047.001_carree_96_dpi-1024x1015.jpg\" data-object-fit=\"cover\" srcset=\"https:\/\/wp.unil.ch\/toxic\/files\/2025\/10\/mhl-p.2.f.28.z1.117.047.001_carree_96_dpi-1024x1015.jpg 1024w, https:\/\/wp.unil.ch\/toxic\/files\/2025\/10\/mhl-p.2.f.28.z1.117.047.001_carree_96_dpi-300x297.jpg 300w, https:\/\/wp.unil.ch\/toxic\/files\/2025\/10\/mhl-p.2.f.28.z1.117.047.001_carree_96_dpi-150x150.jpg 150w, https:\/\/wp.unil.ch\/toxic\/files\/2025\/10\/mhl-p.2.f.28.z1.117.047.001_carree_96_dpi-768x761.jpg 768w, https:\/\/wp.unil.ch\/toxic\/files\/2025\/10\/mhl-p.2.f.28.z1.117.047.001_carree_96_dpi-540x535.jpg 540w, https:\/\/wp.unil.ch\/toxic\/files\/2025\/10\/mhl-p.2.f.28.z1.117.047.001_carree_96_dpi-1080x1070.jpg 1080w, https:\/\/wp.unil.ch\/toxic\/files\/2025\/10\/mhl-p.2.f.28.z1.117.047.001_carree_96_dpi.jpg 1211w\" sizes=\"auto, (max-width: 1024px) 100vw, 1024px\" \/><span aria-hidden=\"true\" class=\"wp-block-cover__background has-background-dim\"><\/span><div class=\"wp-block-cover__inner-container is-layout-flow wp-block-cover-is-layout-flow\">\n<p class=\"has-text-align-center has-large-font-size\"><a href=\"https:\/\/wp.unil.ch\/toxic\/exposition-au-vallon\/\">Exposition \u00ab\u00a0L&rsquo;incin\u00e9rateur du Vallon\u00a0\u00bb<\/a><br><em>Quartier du Vallon<\/em><\/p>\n<\/div><\/div>\n<\/div>\n<\/div>\n\n\n\n<div class=\"wp-block-columns is-layout-flex wp-container-core-columns-is-layout-9d6595d7 wp-block-columns-is-layout-flex\">\n<div class=\"wp-block-column is-layout-flow wp-block-column-is-layout-flow\">\n<p class=\"has-small-font-size\">MHL 2018 \u00a9 Anne-Laure Lechat<\/p>\n<\/div>\n\n\n\n<div class=\"wp-block-column is-layout-flow wp-block-column-is-layout-flow\">\n<p class=\"has-small-font-size\">\u00a9 Ultrastudio<\/p>\n<\/div>\n\n\n\n<div class=\"wp-block-column is-layout-flow wp-block-column-is-layout-flow\">\n<p class=\"has-small-font-size\">Coll. MHL \u00a9 Atelier de num\u00e9risation Ville de Lausanne<\/p>\n<\/div>\n<\/div>\n\n\n\n<p class=\"has-small-font-size\">Cr\u00e9dit banni\u00e8re: MHL 2018 \u00a9 Anne-Laure Lechat<\/p>\n\n\n\n<p><\/p>\n","protected":false},"excerpt":{"rendered":"<p>Rendre les pollutions visibles : parcours au Mus\u00e9e Historique Lausanne et en plein air Pas moins de trois expositions se d\u00e9rouleront en plein c\u0153ur de Lausanne. Elles mettront&hellip;<\/p>\n","protected":false},"author":1003038,"featured_media":992,"parent":0,"menu_order":0,"comment_status":"closed","ping_status":"closed","template":"template-full-width-cover.php","meta":{"_seopress_robots_primary_cat":"","_seopress_titles_title":"","_seopress_titles_desc":"","_seopress_robots_index":"","footnotes":""},"class_list":["post-232","page","type-page","status-publish","has-post-thumbnail"],"_links":{"self":[{"href":"https:\/\/wp.unil.ch\/toxic\/wp-json\/wp\/v2\/pages\/232","targetHints":{"allow":["GET"]}}],"collection":[{"href":"https:\/\/wp.unil.ch\/toxic\/wp-json\/wp\/v2\/pages"}],"about":[{"href":"https:\/\/wp.unil.ch\/toxic\/wp-json\/wp\/v2\/types\/page"}],"author":[{"embeddable":true,"href":"https:\/\/wp.unil.ch\/toxic\/wp-json\/wp\/v2\/users\/1003038"}],"replies":[{"embeddable":true,"href":"https:\/\/wp.unil.ch\/toxic\/wp-json\/wp\/v2\/comments?post=232"}],"version-history":[{"count":4,"href":"https:\/\/wp.unil.ch\/toxic\/wp-json\/wp\/v2\/pages\/232\/revisions"}],"predecessor-version":[{"id":1040,"href":"https:\/\/wp.unil.ch\/toxic\/wp-json\/wp\/v2\/pages\/232\/revisions\/1040"}],"wp:featuredmedia":[{"embeddable":true,"href":"https:\/\/wp.unil.ch\/toxic\/wp-json\/wp\/v2\/media\/992"}],"wp:attachment":[{"href":"https:\/\/wp.unil.ch\/toxic\/wp-json\/wp\/v2\/media?parent=232"}],"curies":[{"name":"wp","href":"https:\/\/api.w.org\/{rel}","templated":true}]}}