{"id":174,"date":"2025-10-10T09:19:51","date_gmt":"2025-10-10T07:19:51","guid":{"rendered":"https:\/\/wp.unil.ch\/toxic\/?page_id=174"},"modified":"2025-11-10T16:38:55","modified_gmt":"2025-11-10T15:38:55","slug":"table-ronde-2","status":"publish","type":"page","link":"https:\/\/wp.unil.ch\/toxic\/table-ronde-2\/","title":{"rendered":"Table ronde"},"content":{"rendered":"\n<h2 class=\"wp-block-heading\"><mark style=\"background-color:#ffffff\" class=\"has-inline-color\">Lacs, montagnes et toxiques. Les pollutions environnementales en question<\/mark><\/h2>\n\n\n\n<p><em>Organis\u00e9e le 12 novembre 2025 au Palais Rumine de Lausanne, cette table-ronde propose de croiser les regards sur un probl\u00e8me complexe qui nous concerne tous et toutes. Un \u00e9v\u00e9nement gratuit, sur inscription.<\/em><\/p>\n\n\n\n<div class=\"wp-block-columns is-layout-flex wp-container-core-columns-is-layout-9d6595d7 wp-block-columns-is-layout-flex\">\n<div class=\"wp-block-column is-layout-flow wp-block-column-is-layout-flow\">\n<p>Omnipr\u00e9sentes dans notre quotidien, les pollutions environnementales peuvent prendre des formes multiples: contaminations des sols aux dioxines, micropolluants dans l\u2019eau et l\u2019air ou encore pesticides dans les aliments. Elles jettent une ombre sur l\u2019image id\u00e9alis\u00e9e d\u2019une Suisse caract\u00e9ris\u00e9e par ses lacs, ses montagnes et son air pur. Pourtant, ces pollutions sont historiquement li\u00e9es \u00e0 des produits de consommation, des infrastructures et des technologies qui incarnaient les promesses d\u2019une am\u00e9lioration de la qualit\u00e9 de vie.<\/p>\n\n\n\n<p>Quels sont les risques caus\u00e9s par ces toxiques? Quelles in\u00e9galit\u00e9s face aux expositions? Comment g\u00e9rer l\u2019h\u00e9ritage du pass\u00e9 et d\u00e9cider de solutions pour le futur? Au travers de documents d\u2019archives et en compagnie de sp\u00e9cialistes d\u2019horizons divers, prenez part \u00e0 une discussion aux forts enjeux d\u00e9mocratiques.<\/p>\n\n\n\n<p>Cette table-ronde sera anim\u00e9e par Aur\u00e9lie Berthet (Unisant\u00e9) et C\u00e9line Mavrot (Unil).<\/p>\n\n\n\n<p>La rencontre est suivie d&rsquo;un ap\u00e9ritif.<\/p>\n<\/div>\n\n\n\n<div class=\"wp-block-column is-layout-flow wp-block-column-is-layout-flow\">\n<figure class=\"wp-block-image size-full\"><img loading=\"lazy\" decoding=\"async\" width=\"1837\" height=\"1200\" src=\"https:\/\/wp.unil.ch\/toxic\/files\/2025\/10\/pk_015687-print.jpg\" alt=\"pk 015687 print\" class=\"wp-image-962\" srcset=\"https:\/\/wp.unil.ch\/toxic\/files\/2025\/10\/pk_015687-print.jpg 1837w, https:\/\/wp.unil.ch\/toxic\/files\/2025\/10\/pk_015687-print-300x196.jpg 300w, https:\/\/wp.unil.ch\/toxic\/files\/2025\/10\/pk_015687-print-1024x669.jpg 1024w, https:\/\/wp.unil.ch\/toxic\/files\/2025\/10\/pk_015687-print-768x502.jpg 768w, https:\/\/wp.unil.ch\/toxic\/files\/2025\/10\/pk_015687-print-1536x1003.jpg 1536w, https:\/\/wp.unil.ch\/toxic\/files\/2025\/10\/pk_015687-print-540x353.jpg 540w, https:\/\/wp.unil.ch\/toxic\/files\/2025\/10\/pk_015687-print-1080x705.jpg 1080w\" sizes=\"auto, (max-width: 1837px) 100vw, 1837px\" \/><figcaption class=\"wp-element-caption\">Le massif du Rigi, caract\u00e9ris\u00e9 par ses paysages idylliques, mais aussi par une grave pollution environnementale survenue au d\u00e9but du 20\u00e8me si\u00e8cle. Carte postale, c. 1920 \u00a9 ETH Library Zurich, Image Archive \/ PK_015687<\/figcaption><\/figure>\n\n\n\n<p><\/p>\n<\/div>\n<\/div>\n\n\n\n<p><strong>Intervenant\u00b7es<\/strong><\/p>\n\n\n\n<ul class=\"wp-block-list\">\n<li><a href=\"https:\/\/www.labo-histoire.ch\/intervenant%C2%B7e%C2%B7s\/nathalie-chevre\/\">Nathalie Ch\u00e8vre<\/a>, professeure \u00e0 l\u2019Institut des dynamiques de la surface terrestre, Unil<\/li>\n\n\n\n<li><a href=\"https:\/\/www.labo-histoire.ch\/intervenant%C2%B7e%C2%B7s\/alexandre-elsig\/\">Alexandre Elsig<\/a>, ma\u00eetre d\u2019enseignement et de recherche \u00e0 l\u2019Institut d\u2019histoire, Universit\u00e9 de Neuch\u00e2tel<\/li>\n\n\n\n<li><a href=\"https:\/\/www.labo-histoire.ch\/intervenant%C2%B7e%C2%B7s\/laura-drompt\/\">Laura Drompt<\/a>, r\u00e9dactrice en chef adjointe des magazines&nbsp;<em>Bon \u00e0 Savoir<\/em>&nbsp;et&nbsp;<em>Ma Sant\u00e9<\/em><\/li>\n<\/ul>\n\n\n\n<div class=\"wp-block-buttons is-layout-flex wp-block-buttons-is-layout-flex\">\n<div class=\"wp-block-button\"><a class=\"wp-block-button__link wp-element-button\" href=\"https:\/\/www.labo-histoire.ch\/evenement\/lacs-montagnes-et-toxiques-les-pollutions-environnementales-en-question\/\">Renseignements et inscriptions<\/a><\/div>\n<\/div>\n\n\n\n<p class=\"has-small-font-size\">L\u00e9gende banni\u00e8re: Anonyme, Vue g\u00e9n\u00e9rale de la Cit\u00e9 prise depuis l\u2019Hermitage avec la chemin\u00e9e de l\u2019usine d\u2019incin\u00e9ration du Vallon au premier plan, photographie, 1967, coll. Mus\u00e9e Historique Lausanne, tous droits r\u00e9serv\u00e9s. \u00a9 Atelier de num\u00e9risation Ville de Lausanne<\/p>\n\n\n\n<h6 class=\"wp-block-heading has-small-font-size\">En partenariat avec<\/h6>\n\n\n\n<div class=\"wp-block-columns is-not-stacked-on-mobile is-layout-flex wp-container-core-columns-is-layout-9d6595d7 wp-block-columns-is-layout-flex\">\n<div class=\"wp-block-column is-layout-flow wp-block-column-is-layout-flow\" style=\"flex-basis:20%\">\n<a href=\"https:\/\/www.labo-histoire.ch\/\">\n  <img decoding=\"async\" src=\"https:\/\/wp.unil.ch\/toxic\/files\/2025\/10\/telechargement.png\" alt=\"Description de l'image cliquable\">\n<\/a>\n<\/div>\n\n\n\n<div class=\"wp-block-column is-layout-flow wp-block-column-is-layout-flow\"><\/div>\n\n\n\n<div class=\"wp-block-column is-layout-flow wp-block-column-is-layout-flow\"><\/div>\n<\/div>\n","protected":false},"excerpt":{"rendered":"<p>Lacs, montagnes et toxiques. Les pollutions environnementales en question Organis\u00e9e le 12 novembre 2025 au Palais Rumine de Lausanne, cette table-ronde propose de croiser les regards sur un&hellip;<\/p>\n","protected":false},"author":1003038,"featured_media":965,"parent":0,"menu_order":0,"comment_status":"closed","ping_status":"closed","template":"template-full-width-cover.php","meta":{"_seopress_robots_primary_cat":"","_seopress_titles_title":"","_seopress_titles_desc":"","_seopress_robots_index":"","footnotes":""},"class_list":["post-174","page","type-page","status-publish","has-post-thumbnail"],"_links":{"self":[{"href":"https:\/\/wp.unil.ch\/toxic\/wp-json\/wp\/v2\/pages\/174","targetHints":{"allow":["GET"]}}],"collection":[{"href":"https:\/\/wp.unil.ch\/toxic\/wp-json\/wp\/v2\/pages"}],"about":[{"href":"https:\/\/wp.unil.ch\/toxic\/wp-json\/wp\/v2\/types\/page"}],"author":[{"embeddable":true,"href":"https:\/\/wp.unil.ch\/toxic\/wp-json\/wp\/v2\/users\/1003038"}],"replies":[{"embeddable":true,"href":"https:\/\/wp.unil.ch\/toxic\/wp-json\/wp\/v2\/comments?post=174"}],"version-history":[{"count":5,"href":"https:\/\/wp.unil.ch\/toxic\/wp-json\/wp\/v2\/pages\/174\/revisions"}],"predecessor-version":[{"id":1180,"href":"https:\/\/wp.unil.ch\/toxic\/wp-json\/wp\/v2\/pages\/174\/revisions\/1180"}],"wp:featuredmedia":[{"embeddable":true,"href":"https:\/\/wp.unil.ch\/toxic\/wp-json\/wp\/v2\/media\/965"}],"wp:attachment":[{"href":"https:\/\/wp.unil.ch\/toxic\/wp-json\/wp\/v2\/media?parent=174"}],"curies":[{"name":"wp","href":"https:\/\/api.w.org\/{rel}","templated":true}]}}