{"id":1208,"date":"2026-01-28T17:37:30","date_gmt":"2026-01-28T16:37:30","guid":{"rendered":"https:\/\/wp.unil.ch\/toxic\/?page_id=1208"},"modified":"2026-03-30T11:13:07","modified_gmt":"2026-03-30T09:13:07","slug":"temoignages","status":"publish","type":"page","link":"https:\/\/wp.unil.ch\/toxic\/temoignages\/","title":{"rendered":"T\u00e9moignages"},"content":{"rendered":"\n<p>En compl\u00e9ment de l&rsquo;exposition <a href=\"https:\/\/wp.unil.ch\/toxic\/exposition-au-vallon\/\">Incin\u00e9rateur du Vallon: retour sur une pollution historique<\/a>, retrouvez prochainement des t\u00e9moignages audio des habitantes et habitants des quartiers situ\u00e9s \u00e0 proximit\u00e9 de l\u2019ancienne usine.<\/p>\n\n\n\n<p><\/p>\n","protected":false},"excerpt":{"rendered":"<p>En compl\u00e9ment de l&rsquo;exposition Incin\u00e9rateur du Vallon: retour sur une pollution historique, retrouvez prochainement des t\u00e9moignages audio des habitantes et habitants des quartiers situ\u00e9s \u00e0 proximit\u00e9 de l\u2019ancienne&hellip;<\/p>\n","protected":false},"author":1118,"featured_media":0,"parent":0,"menu_order":0,"comment_status":"closed","ping_status":"closed","template":"","meta":{"_seopress_robots_primary_cat":"","_seopress_titles_title":"","_seopress_titles_desc":"","_seopress_robots_index":"","footnotes":""},"class_list":["post-1208","page","type-page","status-publish","has-post-thumbnail"],"_links":{"self":[{"href":"https:\/\/wp.unil.ch\/toxic\/wp-json\/wp\/v2\/pages\/1208","targetHints":{"allow":["GET"]}}],"collection":[{"href":"https:\/\/wp.unil.ch\/toxic\/wp-json\/wp\/v2\/pages"}],"about":[{"href":"https:\/\/wp.unil.ch\/toxic\/wp-json\/wp\/v2\/types\/page"}],"author":[{"embeddable":true,"href":"https:\/\/wp.unil.ch\/toxic\/wp-json\/wp\/v2\/users\/1118"}],"replies":[{"embeddable":true,"href":"https:\/\/wp.unil.ch\/toxic\/wp-json\/wp\/v2\/comments?post=1208"}],"version-history":[{"count":5,"href":"https:\/\/wp.unil.ch\/toxic\/wp-json\/wp\/v2\/pages\/1208\/revisions"}],"predecessor-version":[{"id":1283,"href":"https:\/\/wp.unil.ch\/toxic\/wp-json\/wp\/v2\/pages\/1208\/revisions\/1283"}],"wp:attachment":[{"href":"https:\/\/wp.unil.ch\/toxic\/wp-json\/wp\/v2\/media?parent=1208"}],"curies":[{"name":"wp","href":"https:\/\/api.w.org\/{rel}","templated":true}]}}