{"id":641,"date":"2020-12-17T15:42:35","date_gmt":"2020-12-17T14:42:35","guid":{"rendered":"https:\/\/wp.unil.ch\/tourismeetdeveloppement\/?page_id=641"},"modified":"2020-12-17T16:18:05","modified_gmt":"2020-12-17T15:18:05","slug":"jour-6-poschiavo","status":"publish","type":"page","link":"https:\/\/wp.unil.ch\/tourismeetdeveloppement\/jour-6-poschiavo\/","title":{"rendered":"Jour 6 &#8211; Poschiavo"},"content":{"rendered":"\n<p><strong><em>Vendredi 23 octobre 2020<\/em><\/strong><\/p>\n\n\n\n<p>En ce vendredi pluvieux (premi\u00e8res gouttes de la semaine, nous sommes chanceux pour un mois d\u2019octobre), c\u2019est le jour de la pr\u00e9sentation des r\u00e9sultats pr\u00e9liminaires. <\/p>\n\n\n\n<p>Tous les groupes s\u2019affairent&nbsp;: certain.e.s ont encore des entretiens dans la matin\u00e9e, d\u2019autres se concentrent exclusivement \u00e0 la pr\u00e9sentation de l\u2019apr\u00e8s-midi. La pression monte&nbsp;et coupe m\u00eame l\u2019app\u00e9tit de certain.e.s !<\/p>\n\n\n\n<p>A 15h, nous accueillons au Polo Poschiavo, quatre acteurs du Val Poschiavo, venus \u00e9couter les \u00e9tudiant.e.s&nbsp;:<\/p>\n\n\n\n<ul class=\"wp-block-list\"><li>Cassiano Luminati, Directeur de Polo Poschiavo<\/li><li>Bruno Raselli, Directeur de l\u2019h\u00f4tel Raselli (Le Prese), Pr\u00e9sident de ilbernina.ch<\/li><li>Renato Isepponi, Vice-Pr\u00e9sident de Poschiavo<\/li><li>Arturo Polzza, Pr\u00e9sident de Brusio et de la Regione Bernina<\/li><\/ul>\n\n\n\n<p>Les trois groupes se succ\u00e8dent, tous font l\u2019effort comme demand\u00e9 de faire quelques r\u00e9sum\u00e9s en italien de la pr\u00e9sentation orale qui est faite en fran\u00e7ais. <\/p>\n\n\n\n<div class=\"wp-block-image is-style-rounded\"><figure class=\"aligncenter size-large\"><img alt=\"\" loading=\"lazy\" decoding=\"async\" width=\"945\" height=\"533\" src=\"https:\/\/wp.unil.ch\/tourismeetdeveloppement\/files\/2020\/12\/Sans-titre-21.png\" alt=\"\" class=\"wp-image-642\" srcset=\"https:\/\/wp.unil.ch\/tourismeetdeveloppement\/files\/2020\/12\/Sans-titre-21.png 945w, https:\/\/wp.unil.ch\/tourismeetdeveloppement\/files\/2020\/12\/Sans-titre-21-300x169.png 300w, https:\/\/wp.unil.ch\/tourismeetdeveloppement\/files\/2020\/12\/Sans-titre-21-768x433.png 768w\" sizes=\"auto, (max-width: 706px) 89vw, (max-width: 767px) 82vw, 740px\" \/><figcaption>Figure 1 : Pr\u00e9sentation \u00ab\u00a0Le train de l&rsquo;UNESCO \u00e0 Poschiavo\u00a0\u00bb (Mehdi, Vasco, Nathalie, Lisa, Marion)<\/figcaption><\/figure><\/div>\n\n\n\n<figure class=\"wp-block-image size-large is-style-rounded\"><img alt=\"\" loading=\"lazy\" decoding=\"async\" width=\"945\" height=\"533\" src=\"https:\/\/wp.unil.ch\/tourismeetdeveloppement\/files\/2020\/12\/Sans-titre-22.png\" alt=\"\" class=\"wp-image-643\" srcset=\"https:\/\/wp.unil.ch\/tourismeetdeveloppement\/files\/2020\/12\/Sans-titre-22.png 945w, https:\/\/wp.unil.ch\/tourismeetdeveloppement\/files\/2020\/12\/Sans-titre-22-300x169.png 300w, https:\/\/wp.unil.ch\/tourismeetdeveloppement\/files\/2020\/12\/Sans-titre-22-768x433.png 768w\" sizes=\"auto, (max-width: 706px) 89vw, (max-width: 767px) 82vw, 740px\" \/><figcaption>Figure 2 &#8211; Pr\u00e9sentation \u201c100% Valposchiavo\u201d, une opportunit\u00e9 de d\u00e9veloppement pour la vall\u00e9e&nbsp;? (Samanta, Ladina, Aminata, Yannick, Lionel)<\/figcaption><\/figure>\n\n\n\n<div class=\"wp-block-image is-style-rounded\"><figure class=\"aligncenter size-large\"><img alt=\"\" loading=\"lazy\" decoding=\"async\" width=\"945\" height=\"533\" src=\"https:\/\/wp.unil.ch\/tourismeetdeveloppement\/files\/2020\/12\/Sans-titre-23.png\" alt=\"\" class=\"wp-image-644\" srcset=\"https:\/\/wp.unil.ch\/tourismeetdeveloppement\/files\/2020\/12\/Sans-titre-23.png 945w, https:\/\/wp.unil.ch\/tourismeetdeveloppement\/files\/2020\/12\/Sans-titre-23-300x169.png 300w, https:\/\/wp.unil.ch\/tourismeetdeveloppement\/files\/2020\/12\/Sans-titre-23-768x433.png 768w\" sizes=\"auto, (max-width: 706px) 89vw, (max-width: 767px) 82vw, 740px\" \/><figcaption>Figure 3 &#8211; Pr\u00e9sentation \u00ab\u00a0Poschiavo et Brusio, 2 villages, une vall\u00e9e\u00a0\u00bb (B\u00e9r\u00e9nice, Evelyne, Laura, Eliana, Brendan)<\/figcaption><\/figure><\/div>\n\n\n\n<p>Les acteurs pr\u00e9sents posent des questions, apportent des \u00e9claircissements et font des commentaires qui seront pr\u00e9cieux aux \u00e9tudiants pour la poursuite du travail (qui est loin d\u2019\u00eatre fini, eh oui&nbsp;!). Pour les remercier, rien de tel qu\u2019une bouteille de vin et du fromage du Valais.<\/p>\n\n\n\n<p>A 17h, la restitution prend fin, juste le temps d\u2019aller faire quelques achats pour rapporter quelques sp\u00e9cialit\u00e9s du Val Poschiavo&nbsp;: <em>pizzoccheri <\/em>ou autres p\u00e2tes, bi\u00e8res, tisanes, charcuterie\u2026<\/p>\n\n\n\n<p>A 19h, nous nous retrouvons \u00e0 la gare pour prendre le bus direction Le Prese et l\u2019H\u00f4tel Albergo Sport pour un dernier d\u00eener partag\u00e9 estampill\u00e9 <em>100 % Valposchiavo<\/em>. Que le choix se soit port\u00e9 sur la formule v\u00e9g\u00e9tarienne ou non, sur la pizza ou les gnocchi, c\u2019est un r\u00e9gal&nbsp;! Et, pour bien cl\u00f4turer la semaine, Ross d\u00e9cerne <em>3 awards <\/em>aux \u00e9tudiant.e.s&nbsp;:<\/p>\n\n\n\n<ul class=\"wp-block-list\"><li>Celui de la meilleure traductrice franco-italienne \u00e0 Lisa pour son soutien \u00e0 ses coll\u00e8gues lors de la restitution.<\/li><li>Celui de la meilleure professeure \u00e0 Samanta pour son r\u00f4le d\u2019un soir.<\/li><li>Celui du meilleur anniversaire pour Brendan qui a faussement f\u00eat\u00e9 son anniversaire lors de la semaine.<\/li><\/ul>\n\n\n\n<p><em>Texte et images : Dr. Marjolaine Gros-Balthazard et L\u00e9a Canevet<\/em><\/p>\n","protected":false},"excerpt":{"rendered":"<p>Vendredi 23 octobre 2020 En ce vendredi pluvieux (premi\u00e8res gouttes de la semaine, nous sommes chanceux pour un mois d\u2019octobre), c\u2019est le jour de la pr\u00e9sentation des r\u00e9sultats pr\u00e9liminaires. Tous les groupes s\u2019affairent&nbsp;: certain.e.s ont encore des entretiens dans la matin\u00e9e, d\u2019autres se concentrent exclusivement \u00e0 la pr\u00e9sentation de l\u2019apr\u00e8s-midi. La pression monte&nbsp;et coupe m\u00eame &hellip; <\/p>\n<p class=\"link-more\"><a href=\"https:\/\/wp.unil.ch\/tourismeetdeveloppement\/jour-6-poschiavo\/\" class=\"more-link\">Continuer la lecture<span class=\"screen-reader-text\"> de &laquo;&nbsp;Jour 6 &#8211; Poschiavo&nbsp;&raquo;<\/span><\/a><\/p>\n","protected":false},"author":1002065,"featured_media":0,"parent":0,"menu_order":0,"comment_status":"closed","ping_status":"closed","template":"","meta":{"_seopress_robots_primary_cat":"","_seopress_titles_title":"","_seopress_titles_desc":"","_seopress_robots_index":"","footnotes":""},"class_list":["post-641","page","type-page","status-publish"],"_links":{"self":[{"href":"https:\/\/wp.unil.ch\/tourismeetdeveloppement\/wp-json\/wp\/v2\/pages\/641","targetHints":{"allow":["GET"]}}],"collection":[{"href":"https:\/\/wp.unil.ch\/tourismeetdeveloppement\/wp-json\/wp\/v2\/pages"}],"about":[{"href":"https:\/\/wp.unil.ch\/tourismeetdeveloppement\/wp-json\/wp\/v2\/types\/page"}],"author":[{"embeddable":true,"href":"https:\/\/wp.unil.ch\/tourismeetdeveloppement\/wp-json\/wp\/v2\/users\/1002065"}],"replies":[{"embeddable":true,"href":"https:\/\/wp.unil.ch\/tourismeetdeveloppement\/wp-json\/wp\/v2\/comments?post=641"}],"version-history":[{"count":0,"href":"https:\/\/wp.unil.ch\/tourismeetdeveloppement\/wp-json\/wp\/v2\/pages\/641\/revisions"}],"wp:attachment":[{"href":"https:\/\/wp.unil.ch\/tourismeetdeveloppement\/wp-json\/wp\/v2\/media?parent=641"}],"curies":[{"name":"wp","href":"https:\/\/api.w.org\/{rel}","templated":true}]}}