{"id":624,"date":"2020-12-17T15:07:11","date_gmt":"2020-12-17T14:07:11","guid":{"rendered":"https:\/\/wp.unil.ch\/tourismeetdeveloppement\/?page_id=624"},"modified":"2020-12-17T16:16:36","modified_gmt":"2020-12-17T15:16:36","slug":"jour-3-poschiavo-brusio-tirano","status":"publish","type":"page","link":"https:\/\/wp.unil.ch\/tourismeetdeveloppement\/jour-3-poschiavo-brusio-tirano\/","title":{"rendered":"Jour 3 &#8211; Poschiavo \/ Brusio \/ Tirano"},"content":{"rendered":"\n<p><strong><em>Mardi 20 octobre 2020<\/em><\/strong><\/p>\n\n\n\n<p>Le debriefing \u00e0 8h30 r\u00e9v\u00e8le des mines quelque peu fatigu\u00e9es&nbsp;! Chaque table fait un retour des \u00e9changes ayant eu lieu la veille puis chaque groupe expose sa question de recherche et son plan d\u2019attaque pour la journ\u00e9e&nbsp;: certain.e.s vont interroger des habitants et touristes \u00e0 Brusio et Poschiavo. D\u2019autres \u00e9changent avec des h\u00f4teliers-restaurateurs et vont au mus\u00e9e, qui rend bien compte de l\u2019histoire agricole de la vall\u00e9e. Les dernier.e.s enqu\u00eatent sur le train en passant au guichet de la gare de Poschiavo, en interrogeant des touristes prenant le train et en se rendant \u00e0 Tirano, c\u00f4t\u00e9 italien. Quelques groupes d\u00e9cident de se s\u00e9parer pour couvrir plus de t\u00e2ches. <\/p>\n\n\n\n<div class=\"wp-block-image is-style-rounded\"><figure class=\"aligncenter size-large is-resized\"><img alt=\"\" loading=\"lazy\" decoding=\"async\" src=\"https:\/\/wp.unil.ch\/tourismeetdeveloppement\/files\/2020\/12\/Sans-titre-12.png\" alt=\"\" class=\"wp-image-625\" width=\"674\" height=\"380\" srcset=\"https:\/\/wp.unil.ch\/tourismeetdeveloppement\/files\/2020\/12\/Sans-titre-12.png 945w, https:\/\/wp.unil.ch\/tourismeetdeveloppement\/files\/2020\/12\/Sans-titre-12-300x169.png 300w, https:\/\/wp.unil.ch\/tourismeetdeveloppement\/files\/2020\/12\/Sans-titre-12-768x433.png 768w\" sizes=\"auto, (max-width: 674px) 100vw, 674px\" \/><figcaption>Figure 1 : Lago di Poschiavo<\/figcaption><\/figure><\/div>\n\n\n\n<figure class=\"wp-block-image size-large is-style-rounded\"><img alt=\"\" loading=\"lazy\" decoding=\"async\" width=\"945\" height=\"533\" src=\"https:\/\/wp.unil.ch\/tourismeetdeveloppement\/files\/2020\/12\/Sans-titre-13.png\" alt=\"\" class=\"wp-image-626\" srcset=\"https:\/\/wp.unil.ch\/tourismeetdeveloppement\/files\/2020\/12\/Sans-titre-13.png 945w, https:\/\/wp.unil.ch\/tourismeetdeveloppement\/files\/2020\/12\/Sans-titre-13-300x169.png 300w, https:\/\/wp.unil.ch\/tourismeetdeveloppement\/files\/2020\/12\/Sans-titre-13-768x433.png 768w\" sizes=\"auto, (max-width: 706px) 89vw, (max-width: 767px) 82vw, 740px\" \/><figcaption>Figure 2 &#8211; Brusio<\/figcaption><\/figure>\n\n\n\n<div class=\"wp-block-image is-style-default\"><figure class=\"aligncenter size-large\"><img alt=\"\" loading=\"lazy\" decoding=\"async\" width=\"945\" height=\"533\" src=\"https:\/\/wp.unil.ch\/tourismeetdeveloppement\/files\/2020\/12\/Sans-titre-14.png\" alt=\"\" class=\"wp-image-627\" srcset=\"https:\/\/wp.unil.ch\/tourismeetdeveloppement\/files\/2020\/12\/Sans-titre-14.png 945w, https:\/\/wp.unil.ch\/tourismeetdeveloppement\/files\/2020\/12\/Sans-titre-14-300x169.png 300w, https:\/\/wp.unil.ch\/tourismeetdeveloppement\/files\/2020\/12\/Sans-titre-14-768x433.png 768w\" sizes=\"auto, (max-width: 706px) 89vw, (max-width: 767px) 82vw, 740px\" \/><figcaption>Figure 3 : Information sur le virage h\u00e9lico\u00efdal (Brusio)<\/figcaption><\/figure><\/div>\n\n\n\n<figure class=\"wp-block-image size-large\"><img alt=\"\" loading=\"lazy\" decoding=\"async\" width=\"945\" height=\"533\" src=\"https:\/\/wp.unil.ch\/tourismeetdeveloppement\/files\/2020\/12\/Sans-titre-15.png\" alt=\"\" class=\"wp-image-628\" srcset=\"https:\/\/wp.unil.ch\/tourismeetdeveloppement\/files\/2020\/12\/Sans-titre-15.png 945w, https:\/\/wp.unil.ch\/tourismeetdeveloppement\/files\/2020\/12\/Sans-titre-15-300x169.png 300w, https:\/\/wp.unil.ch\/tourismeetdeveloppement\/files\/2020\/12\/Sans-titre-15-768x433.png 768w\" sizes=\"auto, (max-width: 706px) 89vw, (max-width: 767px) 82vw, 740px\" \/><figcaption>Figure 4 : Village de Campocologno (Brusio) presqu&rsquo;abandonn\u00e9 aujourd&rsquo;hui<\/figcaption><\/figure>\n\n\n\n<p>En fin d\u2019apr\u00e8s-midi certains groupes d\u00e9cident de travailler sur la mati\u00e8re d\u00e9j\u00e0 r\u00e9colt\u00e9e jusqu\u2019au souper soit \u00e0 l\u2019h\u00f4tel, soit au centre de recherche et de formation du Polo Poschiavo, auquel nous avons acc\u00e8s pendant toute la semaine. <\/p>\n\n\n\n<figure class=\"wp-block-image size-large is-style-rounded\"><img alt=\"\" loading=\"lazy\" decoding=\"async\" width=\"945\" height=\"533\" src=\"https:\/\/wp.unil.ch\/tourismeetdeveloppement\/files\/2020\/12\/Sans-titre-16.png\" alt=\"\" class=\"wp-image-629\" srcset=\"https:\/\/wp.unil.ch\/tourismeetdeveloppement\/files\/2020\/12\/Sans-titre-16.png 945w, https:\/\/wp.unil.ch\/tourismeetdeveloppement\/files\/2020\/12\/Sans-titre-16-300x169.png 300w, https:\/\/wp.unil.ch\/tourismeetdeveloppement\/files\/2020\/12\/Sans-titre-16-768x433.png 768w\" sizes=\"auto, (max-width: 706px) 89vw, (max-width: 767px) 82vw, 740px\" \/><figcaption>Figure 5 : Debriefing du soir<\/figcaption><\/figure>\n\n\n\n<p>Debriefing le soir apr\u00e8s le souper pour que chaque groupe pr\u00e9sente ses principaux r\u00e9sultats du jour et les pr\u00e9visions pour les jours \u00e0 venir. Des rendez-vous ont pu \u00eatre fix\u00e9s avec des acteurs locaux.<\/p>\n\n\n\n<p><em>Texte et images : Dr. Marjolaine Gros-Balthazard et L\u00e9a Canevet<\/em><\/p>\n","protected":false},"excerpt":{"rendered":"<p>Mardi 20 octobre 2020 Le debriefing \u00e0 8h30 r\u00e9v\u00e8le des mines quelque peu fatigu\u00e9es&nbsp;! Chaque table fait un retour des \u00e9changes ayant eu lieu la veille puis chaque groupe expose sa question de recherche et son plan d\u2019attaque pour la journ\u00e9e&nbsp;: certain.e.s vont interroger des habitants et touristes \u00e0 Brusio et Poschiavo. D\u2019autres \u00e9changent avec &hellip; <\/p>\n<p class=\"link-more\"><a href=\"https:\/\/wp.unil.ch\/tourismeetdeveloppement\/jour-3-poschiavo-brusio-tirano\/\" class=\"more-link\">Continuer la lecture<span class=\"screen-reader-text\"> de &laquo;&nbsp;Jour 3 &#8211; Poschiavo \/ Brusio \/ Tirano&nbsp;&raquo;<\/span><\/a><\/p>\n","protected":false},"author":1002065,"featured_media":0,"parent":0,"menu_order":0,"comment_status":"closed","ping_status":"closed","template":"","meta":{"_seopress_robots_primary_cat":"","_seopress_titles_title":"","_seopress_titles_desc":"","_seopress_robots_index":"","footnotes":""},"class_list":["post-624","page","type-page","status-publish"],"_links":{"self":[{"href":"https:\/\/wp.unil.ch\/tourismeetdeveloppement\/wp-json\/wp\/v2\/pages\/624","targetHints":{"allow":["GET"]}}],"collection":[{"href":"https:\/\/wp.unil.ch\/tourismeetdeveloppement\/wp-json\/wp\/v2\/pages"}],"about":[{"href":"https:\/\/wp.unil.ch\/tourismeetdeveloppement\/wp-json\/wp\/v2\/types\/page"}],"author":[{"embeddable":true,"href":"https:\/\/wp.unil.ch\/tourismeetdeveloppement\/wp-json\/wp\/v2\/users\/1002065"}],"replies":[{"embeddable":true,"href":"https:\/\/wp.unil.ch\/tourismeetdeveloppement\/wp-json\/wp\/v2\/comments?post=624"}],"version-history":[{"count":0,"href":"https:\/\/wp.unil.ch\/tourismeetdeveloppement\/wp-json\/wp\/v2\/pages\/624\/revisions"}],"wp:attachment":[{"href":"https:\/\/wp.unil.ch\/tourismeetdeveloppement\/wp-json\/wp\/v2\/media?parent=624"}],"curies":[{"name":"wp","href":"https:\/\/api.w.org\/{rel}","templated":true}]}}