{"id":6,"date":"2017-10-11T10:32:19","date_gmt":"2017-10-11T08:32:19","guid":{"rendered":"http:\/\/wp.unil.ch\/tourismeetdeveloppement\/?page_id=6"},"modified":"2020-12-18T13:41:23","modified_gmt":"2020-12-18T12:41:23","slug":"home","status":"publish","type":"page","link":"https:\/\/wp.unil.ch\/tourismeetdeveloppement\/","title":{"rendered":"Page d&rsquo;accueil"},"content":{"rendered":"<p><img alt=\"\" loading=\"lazy\" decoding=\"async\" class=\"wp-image-564  aligncenter\" src=\"https:\/\/wp.unil.ch\/tourismeetdeveloppement\/files\/2020\/03\/Elmina-Castle-terrasse-vue-300x225.jpg\" alt=\"\" width=\"442\" height=\"331\" srcset=\"https:\/\/wp.unil.ch\/tourismeetdeveloppement\/files\/2020\/03\/Elmina-Castle-terrasse-vue-300x225.jpg 300w, https:\/\/wp.unil.ch\/tourismeetdeveloppement\/files\/2020\/03\/Elmina-Castle-terrasse-vue-1024x768.jpg 1024w, https:\/\/wp.unil.ch\/tourismeetdeveloppement\/files\/2020\/03\/Elmina-Castle-terrasse-vue-768x576.jpg 768w, https:\/\/wp.unil.ch\/tourismeetdeveloppement\/files\/2020\/03\/Elmina-Castle-terrasse-vue-1536x1152.jpg 1536w, https:\/\/wp.unil.ch\/tourismeetdeveloppement\/files\/2020\/03\/Elmina-Castle-terrasse-vue.jpg 1600w\" sizes=\"auto, (max-width: 442px) 100vw, 442px\" \/><\/p>\n<p style=\"text-align: left\">Ce site a \u00e9t\u00e9 cr\u00e9\u00e9 dans le but de montrer et mettre en valeur le travail des \u00e9tudiants du <a href=\"https:\/\/www.unil.ch\/met\/fr\/home.html\" target=\"_blank\" rel=\"noopener\">Master en \u00e9tudes du tourisme<\/a> et du <a href=\"https:\/\/www.unil.ch\/formations\/fr\/home\/menuinst\/masters\/geographie.html\" target=\"_blank\" rel=\"noopener\">MSc in Geography \/Development and Environment<\/a> \u00e0 l&rsquo;Universit\u00e9 de Lausanne.<\/p>\n<p>Un premier voyage de terrain au Ghana a \u00e9t\u00e9 organis\u00e9 en Novembre 2019 conjointement aux deux Masters pour \u00e9tudier les interrelations entre les activit\u00e9s touristiques et le d\u00e9veloppement du pays. La collaboration r\u00e9ussie pour s&rsquo;enrichir mutuellement :<\/p>\n<p><a href=\"https:\/\/wp.unil.ch\/tourismeetdeveloppement\/2019-ghana\/\" target=\"_blank\" rel=\"noopener\">2019 &#8211; Voyage au Ghana<\/a><\/p>\n<p><a href=\"https:\/\/wp.unil.ch\/tourismeetdeveloppement\/2019-binntal\/\" target=\"_blank\" rel=\"noopener\">2019 &#8211; Voyage au Binntal (Suisse)<\/a><\/p>\n<p><a href=\"https:\/\/wp.unil.ch\/tourismeetdeveloppement\/2020-val-poschiavo\/\" target=\"_blank\" rel=\"noopener\">2020 &#8211; Voyage au Val Poschiavo (Suisse)<\/a><\/p>\n<p><em>Source images : L\u00e9a Canevet<br \/><\/em><\/p>\n\n\n<p><\/p>\n","protected":false},"excerpt":{"rendered":"<p>Ce site a \u00e9t\u00e9 cr\u00e9\u00e9 dans le but de montrer et mettre en valeur le travail des \u00e9tudiants du Master en \u00e9tudes du tourisme et du MSc in Geography \/Development and Environment \u00e0 l&rsquo;Universit\u00e9 de Lausanne. Un premier voyage de terrain au Ghana a \u00e9t\u00e9 organis\u00e9 en Novembre 2019 conjointement aux deux Masters pour \u00e9tudier &hellip; <\/p>\n<p class=\"link-more\"><a href=\"https:\/\/wp.unil.ch\/tourismeetdeveloppement\/\" class=\"more-link\">Continuer la lecture<span class=\"screen-reader-text\"> de &laquo;&nbsp;Page d&rsquo;accueil&nbsp;&raquo;<\/span><\/a><\/p>\n","protected":false},"author":108,"featured_media":0,"parent":0,"menu_order":0,"comment_status":"closed","ping_status":"closed","template":"","meta":{"_seopress_robots_primary_cat":"","_seopress_titles_title":"","_seopress_titles_desc":"","_seopress_robots_index":"","footnotes":""},"class_list":["post-6","page","type-page","status-publish"],"_links":{"self":[{"href":"https:\/\/wp.unil.ch\/tourismeetdeveloppement\/wp-json\/wp\/v2\/pages\/6","targetHints":{"allow":["GET"]}}],"collection":[{"href":"https:\/\/wp.unil.ch\/tourismeetdeveloppement\/wp-json\/wp\/v2\/pages"}],"about":[{"href":"https:\/\/wp.unil.ch\/tourismeetdeveloppement\/wp-json\/wp\/v2\/types\/page"}],"author":[{"embeddable":true,"href":"https:\/\/wp.unil.ch\/tourismeetdeveloppement\/wp-json\/wp\/v2\/users\/108"}],"replies":[{"embeddable":true,"href":"https:\/\/wp.unil.ch\/tourismeetdeveloppement\/wp-json\/wp\/v2\/comments?post=6"}],"version-history":[{"count":0,"href":"https:\/\/wp.unil.ch\/tourismeetdeveloppement\/wp-json\/wp\/v2\/pages\/6\/revisions"}],"wp:attachment":[{"href":"https:\/\/wp.unil.ch\/tourismeetdeveloppement\/wp-json\/wp\/v2\/media?parent=6"}],"curies":[{"name":"wp","href":"https:\/\/api.w.org\/{rel}","templated":true}]}}