{"id":586,"date":"2020-09-01T13:35:16","date_gmt":"2020-09-01T11:35:16","guid":{"rendered":"http:\/\/wp.unil.ch\/tourismeetdeveloppement\/?page_id=586"},"modified":"2020-12-18T15:10:43","modified_gmt":"2020-12-18T14:10:43","slug":"2020-val-poschiavo","status":"publish","type":"page","link":"https:\/\/wp.unil.ch\/tourismeetdeveloppement\/2020-val-poschiavo\/","title":{"rendered":"2020 &#8211; Val Poschiavo"},"content":{"rendered":"<figure id=\"attachment_574\" aria-describedby=\"caption-attachment-574\" style=\"width: 1024px\" class=\"wp-caption alignnone\"><img alt=\"\" loading=\"lazy\" decoding=\"async\" class=\"size-full wp-image-574\" src=\"https:\/\/wp.unil.ch\/tourismeetdeveloppement\/files\/2020\/09\/valposchiavo_erleben_100valposchiavo_bunta_9.jpg\" alt=\"\" width=\"1024\" height=\"769\" srcset=\"https:\/\/wp.unil.ch\/tourismeetdeveloppement\/files\/2020\/09\/valposchiavo_erleben_100valposchiavo_bunta_9.jpg 1024w, https:\/\/wp.unil.ch\/tourismeetdeveloppement\/files\/2020\/09\/valposchiavo_erleben_100valposchiavo_bunta_9-300x225.jpg 300w, https:\/\/wp.unil.ch\/tourismeetdeveloppement\/files\/2020\/09\/valposchiavo_erleben_100valposchiavo_bunta_9-768x577.jpg 768w\" sizes=\"auto, (max-width: 706px) 89vw, (max-width: 767px) 82vw, 740px\" \/><figcaption id=\"caption-attachment-574\" class=\"wp-caption-text\">\u00a0 \u00a0 \u00a0 \u00a0 \u00a0 \u00a0 \u00a0 \u00a0 \u00a0 \u00a0 \u00a0 \u00a0 \u00a0 \u00a0 \u00a0 \u00a0 \u00a0 \u00a0 \u00a0https:\/\/www.valposchiavo.ch\/it\/vivi\/100-valposchiavo\/bunta-da-la-val<\/figcaption><\/figure>\n<p>En Octobre 2020, situation sanitaire oblige, les \u00e9tudiants des Masters tourisme et d\u00e9veloppement sont rest\u00e9s en Suisse pour leur voyage de terrain.<\/p>\n<p>Ils sont partis \u00e0 la (re) d\u00e9couverte du Val Poschiavo autour de plusieurs th\u00e9matiques fortes :<\/p>\n<ul>\n<li><span style=\"font-size: inherit\">The role of the UNESCO train for tourism and development of Valposchiavo<\/span><\/li>\n<li><span style=\"font-size: inherit\">The sustainable food production and tourism strategy in Valposchiavo<\/span><\/li>\n<li>The case of two towns: differing development trajectories of Poschiavo and Brusio<\/li>\n<\/ul>\n<p>Un voyage qui leur a aussi permis de s&rsquo;immerger dans un contexte linguistique diff\u00e9rent, au contact de l&rsquo;italien!<\/p>\n<p>Les posters des \u00e9tudiants : <a href=\"https:\/\/wp.unil.ch\/tourismeetdeveloppement\/val-poschiavo-en-preparation\/\">lien vers la page<\/a><\/p>\n<p>Le journal de bord du voyage : <a href=\"https:\/\/wp.unil.ch\/tourismeetdeveloppement\/journal-de-bord-au-val-poschiavo-octobre-2020\/\">lien vers la page<\/a><\/p>\n","protected":false},"excerpt":{"rendered":"<p>En Octobre 2020, situation sanitaire oblige, les \u00e9tudiants des Masters tourisme et d\u00e9veloppement sont rest\u00e9s en Suisse pour leur voyage de terrain. Ils sont partis \u00e0 la (re) d\u00e9couverte du Val Poschiavo autour de plusieurs th\u00e9matiques fortes : The role of the UNESCO train for tourism and development of Valposchiavo The sustainable food production and &hellip; <\/p>\n<p class=\"link-more\"><a href=\"https:\/\/wp.unil.ch\/tourismeetdeveloppement\/2020-val-poschiavo\/\" class=\"more-link\">Continuer la lecture<span class=\"screen-reader-text\"> de &laquo;&nbsp;2020 &#8211; Val Poschiavo&nbsp;&raquo;<\/span><\/a><\/p>\n","protected":false},"author":1001941,"featured_media":0,"parent":0,"menu_order":0,"comment_status":"closed","ping_status":"closed","template":"","meta":{"_seopress_robots_primary_cat":"","_seopress_titles_title":"","_seopress_titles_desc":"","_seopress_robots_index":"","_seopress_analysis_target_kw":"","footnotes":""},"class_list":["post-586","page","type-page","status-publish"],"_links":{"self":[{"href":"https:\/\/wp.unil.ch\/tourismeetdeveloppement\/wp-json\/wp\/v2\/pages\/586","targetHints":{"allow":["GET"]}}],"collection":[{"href":"https:\/\/wp.unil.ch\/tourismeetdeveloppement\/wp-json\/wp\/v2\/pages"}],"about":[{"href":"https:\/\/wp.unil.ch\/tourismeetdeveloppement\/wp-json\/wp\/v2\/types\/page"}],"author":[{"embeddable":true,"href":"https:\/\/wp.unil.ch\/tourismeetdeveloppement\/wp-json\/wp\/v2\/users\/1001941"}],"replies":[{"embeddable":true,"href":"https:\/\/wp.unil.ch\/tourismeetdeveloppement\/wp-json\/wp\/v2\/comments?post=586"}],"version-history":[{"count":0,"href":"https:\/\/wp.unil.ch\/tourismeetdeveloppement\/wp-json\/wp\/v2\/pages\/586\/revisions"}],"wp:attachment":[{"href":"https:\/\/wp.unil.ch\/tourismeetdeveloppement\/wp-json\/wp\/v2\/media?parent=586"}],"curies":[{"name":"wp","href":"https:\/\/api.w.org\/{rel}","templated":true}]}}