{"id":582,"date":"2020-09-01T13:32:46","date_gmt":"2020-09-01T11:32:46","guid":{"rendered":"http:\/\/wp.unil.ch\/tourismeetdeveloppement\/?page_id=582"},"modified":"2020-12-17T13:36:06","modified_gmt":"2020-12-17T12:36:06","slug":"2019-binntal","status":"publish","type":"page","link":"https:\/\/wp.unil.ch\/tourismeetdeveloppement\/2019-binntal\/","title":{"rendered":"2019 &#8211; Binntal"},"content":{"rendered":"<figure id=\"attachment_583\" aria-describedby=\"caption-attachment-583\" style=\"width: 1680px\" class=\"wp-caption alignnone\"><img alt=\"\" loading=\"lazy\" decoding=\"async\" class=\"size-full wp-image-583\" src=\"https:\/\/wp.unil.ch\/tourismeetdeveloppement\/files\/2020\/09\/csm_Faeld_0fe374f4c1.jpg\" alt=\"\" width=\"1680\" height=\"1125\" srcset=\"https:\/\/wp.unil.ch\/tourismeetdeveloppement\/files\/2020\/09\/csm_Faeld_0fe374f4c1.jpg 1680w, https:\/\/wp.unil.ch\/tourismeetdeveloppement\/files\/2020\/09\/csm_Faeld_0fe374f4c1-300x201.jpg 300w, https:\/\/wp.unil.ch\/tourismeetdeveloppement\/files\/2020\/09\/csm_Faeld_0fe374f4c1-1024x686.jpg 1024w, https:\/\/wp.unil.ch\/tourismeetdeveloppement\/files\/2020\/09\/csm_Faeld_0fe374f4c1-768x514.jpg 768w, https:\/\/wp.unil.ch\/tourismeetdeveloppement\/files\/2020\/09\/csm_Faeld_0fe374f4c1-1536x1029.jpg 1536w\" sizes=\"auto, (max-width: 706px) 89vw, (max-width: 767px) 82vw, 740px\" \/><figcaption id=\"caption-attachment-583\" class=\"wp-caption-text\">\u00a0 \u00a0 \u00a0 \u00a0 \u00a0 \u00a0 \u00a0 \u00a0 \u00a0 \u00a0 \u00a0 \u00a0 \u00a0 \u00a0 \u00a0 \u00a0 \u00a0 \u00a0 \u00a0 \u00a0 \u00a0 \u00a0 \u00a0 \u00a0 \u00a0 \u00a0 \u00a0https:\/\/busalpin.ch\/fr\/regions\/binntal\/ete\/#group-2160-3<\/figcaption><\/figure>\n<p>\u00a0<\/p>\n<p>Conjointement au voyage au Ghana, un duo d&rsquo;\u00e9tudiants s&rsquo;est aventur\u00e9 dans le Binntal, en 2019.\u00a0<\/p>\n<p>Pr\u00e9paration et r\u00e9flexions du s\u00e9jour : <a href=\"https:\/\/wp.unil.ch\/tourismeetdeveloppement\/binntal-suisse-2019\/preparation-binntal\/\">lien vers la page<\/a><\/p>\n<p>Journal de bord : <a href=\"https:\/\/wp.unil.ch\/tourismeetdeveloppement\/binntal-suisse-2019\/\">lien vers la page<\/a><\/p>\n<p>\u00a0<\/p>\n\n\n<p><\/p>\n","protected":false},"excerpt":{"rendered":"<p>\u00a0 Conjointement au voyage au Ghana, un duo d&rsquo;\u00e9tudiants s&rsquo;est aventur\u00e9 dans le Binntal, en 2019.\u00a0 Pr\u00e9paration et r\u00e9flexions du s\u00e9jour : lien vers la page Journal de bord : lien vers la page \u00a0<\/p>\n","protected":false},"author":1001941,"featured_media":0,"parent":0,"menu_order":0,"comment_status":"closed","ping_status":"closed","template":"","meta":{"_seopress_robots_primary_cat":"","_seopress_titles_title":"","_seopress_titles_desc":"","_seopress_robots_index":"","footnotes":""},"class_list":["post-582","page","type-page","status-publish"],"_links":{"self":[{"href":"https:\/\/wp.unil.ch\/tourismeetdeveloppement\/wp-json\/wp\/v2\/pages\/582","targetHints":{"allow":["GET"]}}],"collection":[{"href":"https:\/\/wp.unil.ch\/tourismeetdeveloppement\/wp-json\/wp\/v2\/pages"}],"about":[{"href":"https:\/\/wp.unil.ch\/tourismeetdeveloppement\/wp-json\/wp\/v2\/types\/page"}],"author":[{"embeddable":true,"href":"https:\/\/wp.unil.ch\/tourismeetdeveloppement\/wp-json\/wp\/v2\/users\/1001941"}],"replies":[{"embeddable":true,"href":"https:\/\/wp.unil.ch\/tourismeetdeveloppement\/wp-json\/wp\/v2\/comments?post=582"}],"version-history":[{"count":0,"href":"https:\/\/wp.unil.ch\/tourismeetdeveloppement\/wp-json\/wp\/v2\/pages\/582\/revisions"}],"wp:attachment":[{"href":"https:\/\/wp.unil.ch\/tourismeetdeveloppement\/wp-json\/wp\/v2\/media?parent=582"}],"curies":[{"name":"wp","href":"https:\/\/api.w.org\/{rel}","templated":true}]}}