{"id":578,"date":"2020-09-01T13:28:29","date_gmt":"2020-09-01T11:28:29","guid":{"rendered":"http:\/\/wp.unil.ch\/tourismeetdeveloppement\/?page_id=578"},"modified":"2020-12-18T13:59:10","modified_gmt":"2020-12-18T12:59:10","slug":"2019-ghana","status":"publish","type":"page","link":"https:\/\/wp.unil.ch\/tourismeetdeveloppement\/2019-ghana\/","title":{"rendered":"2019 &#8211; Ghana"},"content":{"rendered":"<figure id=\"attachment_564\" aria-describedby=\"caption-attachment-564\" style=\"width: 572px\" class=\"wp-caption aligncenter\"><img alt=\"\" loading=\"lazy\" decoding=\"async\" class=\"wp-image-564\" src=\"https:\/\/wp.unil.ch\/tourismeetdeveloppement\/files\/2020\/03\/Elmina-Castle-terrasse-vue-300x225.jpg\" alt=\"\" width=\"572\" height=\"429\" srcset=\"https:\/\/wp.unil.ch\/tourismeetdeveloppement\/files\/2020\/03\/Elmina-Castle-terrasse-vue-300x225.jpg 300w, https:\/\/wp.unil.ch\/tourismeetdeveloppement\/files\/2020\/03\/Elmina-Castle-terrasse-vue-1024x768.jpg 1024w, https:\/\/wp.unil.ch\/tourismeetdeveloppement\/files\/2020\/03\/Elmina-Castle-terrasse-vue-768x576.jpg 768w, https:\/\/wp.unil.ch\/tourismeetdeveloppement\/files\/2020\/03\/Elmina-Castle-terrasse-vue-1536x1152.jpg 1536w, https:\/\/wp.unil.ch\/tourismeetdeveloppement\/files\/2020\/03\/Elmina-Castle-terrasse-vue.jpg 1600w\" sizes=\"auto, (max-width: 572px) 100vw, 572px\" \/><figcaption id=\"caption-attachment-564\" class=\"wp-caption-text\">\u00a0 \u00a0 \u00a0 \u00a0 \u00a0 \u00a0 \u00a0 \u00a0 \u00a0 \u00a0 \u00a0 \u00a0 \u00a0 \u00a0 \u00a0 \u00a0 \u00a0 \u00a0 \u00a0 \u00a0 \u00a0 \u00a0 \u00a0 \u00a0 \u00a0 \u00a0 \u00a0 \u00a0 \u00a0 \u00a0 \u00a0 \u00a0 \u00a0 \u00a0 \u00a0 \u00a0 \u00a0 \u00a0 \u00a0 \u00a0 \u00a0 \u00a0 \u00a0 \u00a0Cape Coast<\/figcaption><\/figure>\n<p>Un premier voyage de terrain au Ghana a \u00e9t\u00e9 organis\u00e9 en Novembre 2019 conjointement aux deux Masters pour \u00e9tudier les interrelations entre les activit\u00e9s touristiques et le d\u00e9veloppement du pays.<\/p>\n<p>Un groupe d\u2019\u00e9tudiant est donc parti avec des encadrants de l\u2019Universit\u00e9 et \u00e9taient, sur place, \u00e9galement accompagn\u00e9s de doctorants de l\u2019Universit\u00e9 de Cape Coast. Les th\u00e8mes qui ont \u00e9t\u00e9 abord\u00e9s en 2019 portaient sur le tourisme de nature (Kakum National Park), sur la street food et le tourisme, et sur le tourisme de racine (Cape Coast Castle).<\/p>\n<figure id=\"attachment_579\" aria-describedby=\"caption-attachment-579\" style=\"width: 459px\" class=\"wp-caption aligncenter\"><img alt=\"\" loading=\"lazy\" decoding=\"async\" class=\"wp-image-579\" src=\"https:\/\/wp.unil.ch\/tourismeetdeveloppement\/files\/2020\/09\/Accra-city-centre-Ghana.jpg\" alt=\"\" width=\"459\" height=\"258\" srcset=\"https:\/\/wp.unil.ch\/tourismeetdeveloppement\/files\/2020\/09\/Accra-city-centre-Ghana.jpg 1280w, https:\/\/wp.unil.ch\/tourismeetdeveloppement\/files\/2020\/09\/Accra-city-centre-Ghana-300x169.jpg 300w, https:\/\/wp.unil.ch\/tourismeetdeveloppement\/files\/2020\/09\/Accra-city-centre-Ghana-1024x576.jpg 1024w, https:\/\/wp.unil.ch\/tourismeetdeveloppement\/files\/2020\/09\/Accra-city-centre-Ghana-768x432.jpg 768w\" sizes=\"auto, (max-width: 459px) 100vw, 459px\" \/><figcaption id=\"caption-attachment-579\" class=\"wp-caption-text\">https:\/\/travelinspires.org\/destinations\/accra-ghana-travel-guide\/<\/figcaption><\/figure>\n<p>Pr\u00e9paratifs et r\u00e9flexions avant le voyage : <a href=\"https:\/\/wp.unil.ch\/tourismeetdeveloppement\/le-ghana-et-ses-ressources\/\">lien vers la page<\/a><\/p>\n<p>Journal de bord du voyage : <a href=\"https:\/\/wp.unil.ch\/tourismeetdeveloppement\/journal-de-bord\/\">lien vers la page<\/a><\/p>\n<div class=\"mceTemp\"><\/div>\n<p><em>Sources images : L\u00e9a Canevet et travelinspires.org<\/em><\/p>\n","protected":false},"excerpt":{"rendered":"<p>Un premier voyage de terrain au Ghana a \u00e9t\u00e9 organis\u00e9 en Novembre 2019 conjointement aux deux Masters pour \u00e9tudier les interrelations entre les activit\u00e9s touristiques et le d\u00e9veloppement du pays. Un groupe d\u2019\u00e9tudiant est donc parti avec des encadrants de l\u2019Universit\u00e9 et \u00e9taient, sur place, \u00e9galement accompagn\u00e9s de doctorants de l\u2019Universit\u00e9 de Cape Coast. Les &hellip; <\/p>\n<p class=\"link-more\"><a href=\"https:\/\/wp.unil.ch\/tourismeetdeveloppement\/2019-ghana\/\" class=\"more-link\">Continuer la lecture<span class=\"screen-reader-text\"> de &laquo;&nbsp;2019 &#8211; Ghana&nbsp;&raquo;<\/span><\/a><\/p>\n","protected":false},"author":1001941,"featured_media":0,"parent":0,"menu_order":0,"comment_status":"closed","ping_status":"closed","template":"","meta":{"_seopress_robots_primary_cat":"","_seopress_titles_title":"","_seopress_titles_desc":"","_seopress_robots_index":"","footnotes":""},"class_list":["post-578","page","type-page","status-publish"],"_links":{"self":[{"href":"https:\/\/wp.unil.ch\/tourismeetdeveloppement\/wp-json\/wp\/v2\/pages\/578","targetHints":{"allow":["GET"]}}],"collection":[{"href":"https:\/\/wp.unil.ch\/tourismeetdeveloppement\/wp-json\/wp\/v2\/pages"}],"about":[{"href":"https:\/\/wp.unil.ch\/tourismeetdeveloppement\/wp-json\/wp\/v2\/types\/page"}],"author":[{"embeddable":true,"href":"https:\/\/wp.unil.ch\/tourismeetdeveloppement\/wp-json\/wp\/v2\/users\/1001941"}],"replies":[{"embeddable":true,"href":"https:\/\/wp.unil.ch\/tourismeetdeveloppement\/wp-json\/wp\/v2\/comments?post=578"}],"version-history":[{"count":0,"href":"https:\/\/wp.unil.ch\/tourismeetdeveloppement\/wp-json\/wp\/v2\/pages\/578\/revisions"}],"wp:attachment":[{"href":"https:\/\/wp.unil.ch\/tourismeetdeveloppement\/wp-json\/wp\/v2\/media?parent=578"}],"curies":[{"name":"wp","href":"https:\/\/api.w.org\/{rel}","templated":true}]}}