{"id":560,"date":"2020-03-30T08:48:50","date_gmt":"2020-03-30T06:48:50","guid":{"rendered":"http:\/\/wp.unil.ch\/tourismeetdeveloppement\/?page_id=560"},"modified":"2020-12-18T13:35:46","modified_gmt":"2020-12-18T12:35:46","slug":"a-propos","status":"publish","type":"page","link":"https:\/\/wp.unil.ch\/tourismeetdeveloppement\/a-propos\/","title":{"rendered":"A propos"},"content":{"rendered":"<p><img alt=\"\" loading=\"lazy\" decoding=\"async\" class=\"alignnone wp-image-377\" src=\"https:\/\/wp.unil.ch\/tourismeetdeveloppement\/files\/2019\/11\/Elmina-Castle-1-225x300.jpg\" alt=\"\" width=\"274\" height=\"366\" srcset=\"https:\/\/wp.unil.ch\/tourismeetdeveloppement\/files\/2019\/11\/Elmina-Castle-1-225x300.jpg 225w, https:\/\/wp.unil.ch\/tourismeetdeveloppement\/files\/2019\/11\/Elmina-Castle-1-768x1024.jpg 768w, https:\/\/wp.unil.ch\/tourismeetdeveloppement\/files\/2019\/11\/Elmina-Castle-1.jpg 900w\" sizes=\"auto, (max-width: 274px) 100vw, 274px\" \/> \u00a0\u00a0\u00a0\u00a0\u00a0\u00a0\u00a0 <img alt=\"\" loading=\"lazy\" decoding=\"async\" class=\"alignnone wp-image-342\" src=\"https:\/\/wp.unil.ch\/tourismeetdeveloppement\/files\/2019\/11\/Ponts-suspendus-Kakum-225x300.jpg\" alt=\"\" width=\"275\" height=\"367\" srcset=\"https:\/\/wp.unil.ch\/tourismeetdeveloppement\/files\/2019\/11\/Ponts-suspendus-Kakum-225x300.jpg 225w, https:\/\/wp.unil.ch\/tourismeetdeveloppement\/files\/2019\/11\/Ponts-suspendus-Kakum-768x1024.jpg 768w, https:\/\/wp.unil.ch\/tourismeetdeveloppement\/files\/2019\/11\/Ponts-suspendus-Kakum.jpg 900w\" sizes=\"auto, (max-width: 275px) 100vw, 275px\" \/><\/p>\n<p>Ce site a \u00e9t\u00e9 cr\u00e9\u00e9 dans le but de montrer et mettre en valeur le travail des \u00e9tudiants de Master en \u00e9tudes du tourisme et en d\u00e9veloppement \u00e0 l&rsquo;Universit\u00e9 de Lausanne.<\/p>\n<p>Pour d\u00e9couvrir nos formations respectives et leur actualit\u00e9 :<\/p>\n<p>Master en \u00e9tudes du tourisme : <a href=\"https:\/\/www.unil.ch\/met\/fr\/home.html\" target=\"_blank\" rel=\"noopener\">par ici<\/a>.<\/p>\n<p>MSc in Geography \/Development and Environment : <a href=\"https:\/\/www.unil.ch\/formations\/fr\/home\/menuinst\/masters\/geographie.html\" target=\"_blank\" rel=\"noopener\">par l\u00e0<\/a>.<\/p>\n<p><em>Source images : L\u00e9a Canevet<\/em><\/p>\n","protected":false},"excerpt":{"rendered":"<p>\u00a0\u00a0\u00a0\u00a0\u00a0\u00a0\u00a0 Ce site a \u00e9t\u00e9 cr\u00e9\u00e9 dans le but de montrer et mettre en valeur le travail des \u00e9tudiants de Master en \u00e9tudes du tourisme et en d\u00e9veloppement \u00e0 l&rsquo;Universit\u00e9 de Lausanne. Pour d\u00e9couvrir nos formations respectives et leur actualit\u00e9 : Master en \u00e9tudes du tourisme : par ici. MSc in Geography \/Development and Environment &hellip; <\/p>\n<p class=\"link-more\"><a href=\"https:\/\/wp.unil.ch\/tourismeetdeveloppement\/a-propos\/\" class=\"more-link\">Continuer la lecture<span class=\"screen-reader-text\"> de &laquo;&nbsp;A propos&nbsp;&raquo;<\/span><\/a><\/p>\n","protected":false},"author":1002008,"featured_media":0,"parent":0,"menu_order":0,"comment_status":"closed","ping_status":"closed","template":"","meta":{"_seopress_robots_primary_cat":"","_seopress_titles_title":"","_seopress_titles_desc":"","_seopress_robots_index":"","_seopress_analysis_target_kw":"","footnotes":""},"class_list":["post-560","page","type-page","status-publish"],"_links":{"self":[{"href":"https:\/\/wp.unil.ch\/tourismeetdeveloppement\/wp-json\/wp\/v2\/pages\/560","targetHints":{"allow":["GET"]}}],"collection":[{"href":"https:\/\/wp.unil.ch\/tourismeetdeveloppement\/wp-json\/wp\/v2\/pages"}],"about":[{"href":"https:\/\/wp.unil.ch\/tourismeetdeveloppement\/wp-json\/wp\/v2\/types\/page"}],"author":[{"embeddable":true,"href":"https:\/\/wp.unil.ch\/tourismeetdeveloppement\/wp-json\/wp\/v2\/users\/1002008"}],"replies":[{"embeddable":true,"href":"https:\/\/wp.unil.ch\/tourismeetdeveloppement\/wp-json\/wp\/v2\/comments?post=560"}],"version-history":[{"count":0,"href":"https:\/\/wp.unil.ch\/tourismeetdeveloppement\/wp-json\/wp\/v2\/pages\/560\/revisions"}],"wp:attachment":[{"href":"https:\/\/wp.unil.ch\/tourismeetdeveloppement\/wp-json\/wp\/v2\/media?parent=560"}],"curies":[{"name":"wp","href":"https:\/\/api.w.org\/{rel}","templated":true}]}}