{"id":511,"date":"2019-11-25T12:59:31","date_gmt":"2019-11-25T11:59:31","guid":{"rendered":"http:\/\/wp.unil.ch\/tourismeetdeveloppement\/?page_id=511"},"modified":"2019-11-25T13:33:17","modified_gmt":"2019-11-25T12:33:17","slug":"preparation-binntal","status":"publish","type":"page","link":"https:\/\/wp.unil.ch\/tourismeetdeveloppement\/binntal-suisse-2019\/preparation-binntal\/","title":{"rendered":"Pr\u00e9paration Binntal"},"content":{"rendered":"<p>La pr\u00e9paration pr\u00e9alable au stage de terrain a permis de cr\u00e9er, entre autres, deux documents importants pour ces deux \u00e9tudiants, afin de les aider dans leurs r\u00e9flexions et pour leurs entretiens\u00a0 :<\/p>\n<p>&nbsp;<\/p>\n<ul>\n<li>Un <a href=\"https:\/\/wp.unil.ch\/tourismeetdeveloppement\/2019\/11\/recherche-sur-le-terrain-preproposal-landschaftspark-binntal\/\">Preproposal sur le Landschaftspark Binntal<\/a>, avec un cheminement th\u00e9orique et une re-conceptualisation des notions\u00a0 autour d&rsquo;une probl\u00e9matique.<\/li>\n<\/ul>\n<p>&nbsp;<\/p>\n<ul>\n<li>Un <a style=\"font-size: 1rem\" href=\"https:\/\/wp.unil.ch\/tourismeetdeveloppement\/category\/plan-for-stage-binntal\/\">Plan for Stage Binntal<\/a><span style=\"font-size: 1rem\">, v\u00e9ritable guide de terrain pour J\u00e9r\u00f4me et Ryan.<\/span><\/li>\n<\/ul>\n<p>&nbsp;<\/p>\n<p>&nbsp;<\/p>\n","protected":false},"excerpt":{"rendered":"<p>La pr\u00e9paration pr\u00e9alable au stage de terrain a permis de cr\u00e9er, entre autres, deux documents importants pour ces deux \u00e9tudiants, afin de les aider dans leurs r\u00e9flexions et pour leurs entretiens\u00a0 : &nbsp; Un Preproposal sur le Landschaftspark Binntal, avec un cheminement th\u00e9orique et une re-conceptualisation des notions\u00a0 autour d&rsquo;une probl\u00e9matique. &nbsp; Un Plan for &hellip; <\/p>\n<p class=\"link-more\"><a href=\"https:\/\/wp.unil.ch\/tourismeetdeveloppement\/binntal-suisse-2019\/preparation-binntal\/\" class=\"more-link\">Continuer la lecture<span class=\"screen-reader-text\"> de &laquo;&nbsp;Pr\u00e9paration Binntal&nbsp;&raquo;<\/span><\/a><\/p>\n","protected":false},"author":1001941,"featured_media":532,"parent":289,"menu_order":0,"comment_status":"closed","ping_status":"closed","template":"","meta":{"_seopress_robots_primary_cat":"","_seopress_titles_title":"","_seopress_titles_desc":"","_seopress_robots_index":"","footnotes":""},"class_list":["post-511","page","type-page","status-publish","has-post-thumbnail"],"_links":{"self":[{"href":"https:\/\/wp.unil.ch\/tourismeetdeveloppement\/wp-json\/wp\/v2\/pages\/511","targetHints":{"allow":["GET"]}}],"collection":[{"href":"https:\/\/wp.unil.ch\/tourismeetdeveloppement\/wp-json\/wp\/v2\/pages"}],"about":[{"href":"https:\/\/wp.unil.ch\/tourismeetdeveloppement\/wp-json\/wp\/v2\/types\/page"}],"author":[{"embeddable":true,"href":"https:\/\/wp.unil.ch\/tourismeetdeveloppement\/wp-json\/wp\/v2\/users\/1001941"}],"replies":[{"embeddable":true,"href":"https:\/\/wp.unil.ch\/tourismeetdeveloppement\/wp-json\/wp\/v2\/comments?post=511"}],"version-history":[{"count":0,"href":"https:\/\/wp.unil.ch\/tourismeetdeveloppement\/wp-json\/wp\/v2\/pages\/511\/revisions"}],"up":[{"embeddable":true,"href":"https:\/\/wp.unil.ch\/tourismeetdeveloppement\/wp-json\/wp\/v2\/pages\/289"}],"wp:featuredmedia":[{"embeddable":true,"href":"https:\/\/wp.unil.ch\/tourismeetdeveloppement\/wp-json\/wp\/v2\/media\/532"}],"wp:attachment":[{"href":"https:\/\/wp.unil.ch\/tourismeetdeveloppement\/wp-json\/wp\/v2\/media?parent=511"}],"curies":[{"name":"wp","href":"https:\/\/api.w.org\/{rel}","templated":true}]}}