{"id":289,"date":"2019-10-17T11:52:18","date_gmt":"2019-10-17T09:52:18","guid":{"rendered":"http:\/\/wp.unil.ch\/tourismeetdeveloppement\/?page_id=289"},"modified":"2019-11-25T10:57:36","modified_gmt":"2019-11-25T09:57:36","slug":"binntal-suisse-2019","status":"publish","type":"page","link":"https:\/\/wp.unil.ch\/tourismeetdeveloppement\/binntal-suisse-2019\/","title":{"rendered":"Journal de Bord \u2013 Binntal (Novembre 2019)"},"content":{"rendered":"<div class=\"page\" title=\"Page 1\">\n<div class=\"layoutArea\">\n<div class=\"column\">\n<h1 style=\"text-align: center\"><strong>Carnet de bord du Stage dans le parc naturel re\u0301gional du Binntal<\/strong><\/h1>\n<\/div>\n<\/div>\n<\/div>\n<p><img alt=\"\" loading=\"lazy\" decoding=\"async\" class=\"alignnone size-full wp-image-474\" src=\"https:\/\/wp.unil.ch\/tourismeetdeveloppement\/files\/2019\/11\/WhatsApp-Image-2019-11-21-at-10.04.40-1.jpeg\" alt=\"\" width=\"900\" height=\"1200\" srcset=\"https:\/\/wp.unil.ch\/tourismeetdeveloppement\/files\/2019\/11\/WhatsApp-Image-2019-11-21-at-10.04.40-1.jpeg 900w, https:\/\/wp.unil.ch\/tourismeetdeveloppement\/files\/2019\/11\/WhatsApp-Image-2019-11-21-at-10.04.40-1-225x300.jpeg 225w, https:\/\/wp.unil.ch\/tourismeetdeveloppement\/files\/2019\/11\/WhatsApp-Image-2019-11-21-at-10.04.40-1-768x1024.jpeg 768w\" sizes=\"auto, (max-width: 706px) 89vw, (max-width: 767px) 82vw, 740px\" \/><\/p>\n<p style=\"text-align: center\"><em>(Les \u00e9tudiants dans le Haut-Valais)<br \/>\n<\/em><\/p>\n<p><em>Source image : J\u00e9r\u00f4me K\u00fcffer (\u00e0 droite) et Ryan Muza (\u00e0 gauche)<\/em><\/p>\n","protected":false},"excerpt":{"rendered":"<p>Carnet de bord du Stage dans le parc naturel re\u0301gional du Binntal (Les \u00e9tudiants dans le Haut-Valais) Source image : J\u00e9r\u00f4me K\u00fcffer (\u00e0 droite) et Ryan Muza (\u00e0 gauche)<\/p>\n","protected":false},"author":1001941,"featured_media":0,"parent":0,"menu_order":0,"comment_status":"closed","ping_status":"closed","template":"","meta":{"_seopress_robots_primary_cat":"","_seopress_titles_title":"","_seopress_titles_desc":"","_seopress_robots_index":"","footnotes":""},"class_list":["post-289","page","type-page","status-publish"],"_links":{"self":[{"href":"https:\/\/wp.unil.ch\/tourismeetdeveloppement\/wp-json\/wp\/v2\/pages\/289","targetHints":{"allow":["GET"]}}],"collection":[{"href":"https:\/\/wp.unil.ch\/tourismeetdeveloppement\/wp-json\/wp\/v2\/pages"}],"about":[{"href":"https:\/\/wp.unil.ch\/tourismeetdeveloppement\/wp-json\/wp\/v2\/types\/page"}],"author":[{"embeddable":true,"href":"https:\/\/wp.unil.ch\/tourismeetdeveloppement\/wp-json\/wp\/v2\/users\/1001941"}],"replies":[{"embeddable":true,"href":"https:\/\/wp.unil.ch\/tourismeetdeveloppement\/wp-json\/wp\/v2\/comments?post=289"}],"version-history":[{"count":0,"href":"https:\/\/wp.unil.ch\/tourismeetdeveloppement\/wp-json\/wp\/v2\/pages\/289\/revisions"}],"wp:attachment":[{"href":"https:\/\/wp.unil.ch\/tourismeetdeveloppement\/wp-json\/wp\/v2\/media?parent=289"}],"curies":[{"name":"wp","href":"https:\/\/api.w.org\/{rel}","templated":true}]}}