{"id":171,"date":"2019-10-16T13:15:07","date_gmt":"2019-10-16T11:15:07","guid":{"rendered":"http:\/\/wp.unil.ch\/tourismeetdeveloppement\/?page_id=171"},"modified":"2020-03-30T09:41:21","modified_gmt":"2020-03-30T07:41:21","slug":"ghana-novembre-2019","status":"publish","type":"page","link":"https:\/\/wp.unil.ch\/tourismeetdeveloppement\/ghana-novembre-2019\/","title":{"rendered":"Travaux de pr\u00e9paration &#8211; Ghana (novembre 2019)"},"content":{"rendered":"<p>La pr\u00e9paration pr\u00e9alable au stage de terrain ghan\u00e9en a permis de cr\u00e9er, un ensemble de documents importants pour les \u00e9tudiants. Ceci ayant pour but de les aider dans leurs r\u00e9flexions autour de th\u00e8mes qu&rsquo;ils ont choisi, en lien avec le tourisme (Master en Etudes du Tourisme) et le d\u00e9veloppement (Master D\u00e9veloppement) mais aussi pour leurs entretiens :<\/p>\n<p>&nbsp;<\/p>\n<ul>\n<li><a href=\"https:\/\/wp.unil.ch\/tourismeetdeveloppement\/category\/le-ghana-et-ses-ressources\/\">Les ressources<\/a><\/li>\n<\/ul>\n<p>&nbsp;<\/p>\n<ul>\n<li><a href=\"https:\/\/wp.unil.ch\/tourismeetdeveloppement\/category\/pratiques-du-tourisme-developpement-et-territoire-enjeux-et-perspectives\/\">Pratiques du tourisme &#8211; Enjeux et perspectives<\/a><\/li>\n<\/ul>\n<p>&nbsp;<\/p>\n<p>&nbsp;<\/p>\n<p>&nbsp;<\/p>\n","protected":false},"excerpt":{"rendered":"<p>La pr\u00e9paration pr\u00e9alable au stage de terrain ghan\u00e9en a permis de cr\u00e9er, un ensemble de documents importants pour les \u00e9tudiants. Ceci ayant pour but de les aider dans leurs r\u00e9flexions autour de th\u00e8mes qu&rsquo;ils ont choisi, en lien avec le tourisme (Master en Etudes du Tourisme) et le d\u00e9veloppement (Master D\u00e9veloppement) mais aussi pour leurs &hellip; <\/p>\n<p class=\"link-more\"><a href=\"https:\/\/wp.unil.ch\/tourismeetdeveloppement\/ghana-novembre-2019\/\" class=\"more-link\">Continuer la lecture<span class=\"screen-reader-text\"> de &laquo;&nbsp;Travaux de pr\u00e9paration &#8211; Ghana (novembre 2019)&nbsp;&raquo;<\/span><\/a><\/p>\n","protected":false},"author":1001941,"featured_media":330,"parent":0,"menu_order":0,"comment_status":"closed","ping_status":"closed","template":"","meta":{"_seopress_robots_primary_cat":"","_seopress_titles_title":"","_seopress_titles_desc":"","_seopress_robots_index":"","footnotes":""},"class_list":["post-171","page","type-page","status-publish","has-post-thumbnail"],"_links":{"self":[{"href":"https:\/\/wp.unil.ch\/tourismeetdeveloppement\/wp-json\/wp\/v2\/pages\/171","targetHints":{"allow":["GET"]}}],"collection":[{"href":"https:\/\/wp.unil.ch\/tourismeetdeveloppement\/wp-json\/wp\/v2\/pages"}],"about":[{"href":"https:\/\/wp.unil.ch\/tourismeetdeveloppement\/wp-json\/wp\/v2\/types\/page"}],"author":[{"embeddable":true,"href":"https:\/\/wp.unil.ch\/tourismeetdeveloppement\/wp-json\/wp\/v2\/users\/1001941"}],"replies":[{"embeddable":true,"href":"https:\/\/wp.unil.ch\/tourismeetdeveloppement\/wp-json\/wp\/v2\/comments?post=171"}],"version-history":[{"count":0,"href":"https:\/\/wp.unil.ch\/tourismeetdeveloppement\/wp-json\/wp\/v2\/pages\/171\/revisions"}],"wp:featuredmedia":[{"embeddable":true,"href":"https:\/\/wp.unil.ch\/tourismeetdeveloppement\/wp-json\/wp\/v2\/media\/330"}],"wp:attachment":[{"href":"https:\/\/wp.unil.ch\/tourismeetdeveloppement\/wp-json\/wp\/v2\/media?parent=171"}],"curies":[{"name":"wp","href":"https:\/\/api.w.org\/{rel}","templated":true}]}}