{"id":37,"date":"2017-01-27T10:42:21","date_gmt":"2017-01-27T09:42:21","guid":{"rendered":"http:\/\/wp.unil.ch\/tolerance\/?page_id=37"},"modified":"2020-04-23T10:03:50","modified_gmt":"2020-04-23T08:03:50","slug":"activities","status":"publish","type":"page","link":"https:\/\/wp.unil.ch\/tolerance\/activities\/","title":{"rendered":"Activities"},"content":{"rendered":"<p>Some <strong>past <\/strong>and<strong> future<\/strong>\u00a0<strong>activities in research, teaching and outreach<\/strong>\u00a0connected to the project:<\/p>\n<p>(For a more extensive list of our activities, see the <a href=\"https:\/\/p3.snf.ch\/project-163751\">SNSF database<\/a>, and the most recently published papers in our special issue of <a href=\"https:\/\/www.tandfonline.com\/toc\/rgih20\/current\"><em>Global Intellectual History<\/em><\/a>)<\/p>\n<p><strong>Publications<\/strong>: See <span id=\"sample-permalink\"><a href=\"https:\/\/wp.unil.ch\/tolerance\/2019\/12\/new-publications-of-the-project\/\">https:\/\/wp.unil.ch\/tolerance\/2019\/12\/<span id=\"editable-post-name\">new-publications-of-the-project<\/span>\/<\/a><\/span> \u200e<\/p>\n<p><strong>2020<\/strong><br \/>\nIn our project, we&#8217;re just about to complete the critical editions of James Dundas&#8217; <em>Idea Philosophiae Moralis<\/em>\u00a0(1679) for Edinburgh University Press (eds. Alexander Broadie and Giovanni Gellera), and of Francis Hutcheson&#8217;s\u00a0<em>System of Moral Philosophy\u00a0<\/em>(1755) for Liberty Fund (eds. Knud Haakonssen and Christian Maurer).<\/p>\n<p><strong>2019<br \/>\n<\/strong>&#8211; June 21st: co-organisation (with Angela Martin, UniFr &amp; Nenad Stojanovic, UniGe) of a\u00a0<a href=\"https:\/\/wp.unil.ch\/tolerance\/2019\/05\/lippert-rasmussen\/\"><strong>workshop<\/strong> on Discrimination and Affirmative Action<\/a> with Kasper Lippert-Rasmussen (Aarhus)<br \/>\n&#8211; May: working visit of Kamila Pacovsk\u00e1 and Ondrej Beran (Centre for Ethics, Pardubice)<br \/>\n&#8211; March: translation week on James Dundas&#8217; manuscript &#8220;Idea philosophi\u00e6 moralis&#8221; with Prof. Alexander Broadie, Glasgow<br \/>\n&#8211; March: co-organisation (with James Foster, USF) of the annual <a href=\"https:\/\/wp.unil.ch\/tolerance\/2018\/03\/cfp-tolerance-sociability-and-solidarity-in-scottish-philosophy-issp-conference-8-10-march-2019\/\">ISSP\u00a0<strong>conference<\/strong>\u00a0&#8220;Tolerance, Sociability and Solidarity&#8221;<\/a> in Lausanne<br \/>\n&#8211; Spring term: <strong>S<\/strong><strong>eminar<\/strong> &#8220;How to Face Evil: Forgiveness, Love and Tolerance&#8221;<\/p>\n<p><strong>2018<\/strong><br \/>\n&#8211; September: organisation of the <a href=\"https:\/\/wp.unil.ch\/tolerance\/files\/2018\/06\/FlyerToleranceSept2018.pdf\"><strong>conference<\/strong> &#8220;Tolerance in seventeenth- and eighteenth-century Scottish and English\u00a0philosophy and theology&#8221;<\/a> in Lausanne<br \/>\n&#8211; Autumn term:\u00a0<strong>S<\/strong><strong>eminar<\/strong> &#8220;The Reception of Stoicism in Early Modern Moral Philosophy&#8221;<\/p>\n<p>&#8211; April: translation week on James Dundas&#8217; manuscript &#8220;Idea philosophi\u00e6 moralis&#8221; with Prof. Alexander Broadie, Glasgow<br \/>\n&#8211; March: research presentations by team members at the conference &#8220;The Scottish Tradition: Explaining its Rise, Understanding its Legacy&#8221; in Princeton<br \/>\n&#8211; March: co-organisation with the University of Geneva, of the\u00a0<strong>workshop<\/strong> &#8220;John Bowlin: Tolerance among the Virtues&#8221; in Geneva and Lausanne<br \/>\n&#8211; Spring term: <strong>S<\/strong><strong>eminar<\/strong>\u00a0&#8220;Religion and Morality&#8221;<\/p>\n<p><strong>2017<br \/>\n<\/strong>&#8211; November: co-organisation with the Universities of Berne &amp; ZHAW, of the\u00a0<strong>workshop<\/strong> &#8220;Interdisziplin\u00e4re Diskriminierungsforschung in der Schweiz: Wozu und wie?&#8221; in Berne<br \/>\n&#8211; November: translation week on James Dundas&#8217; manuscript &#8220;Idea philosophi\u00e6 moralis&#8221; with Prof. Alexander Broadie, Glasgow<br \/>\n&#8211; October: co-organisation of the\u00a0<strong>workshop<\/strong> &#8220;Studying the Enlightenment. Perspectives from Intellectual History and the History of Philosophy&#8221; in Lausanne<br \/>\n&#8211; September: organisation of the\u00a0<strong>workshop<\/strong>\u00a0&#8220;<a href=\"https:\/\/wp.unil.ch\/tolerance\/files\/2017\/07\/ToleranceSuisseRomande.pdf\">Tol\u00e9rance, libert\u00e9 de conscience et affaires du consensus: Th\u00e9ologie et philosophie en Suisse romande aux 17e et 18e si\u00e8cles<\/a>&#8221; in Lausanne. Click here for the\u00a0<a href=\"https:\/\/wp.unil.ch\/tolerance\/files\/2017\/07\/ToleranceSuisseRomande.pdf\">Programme<\/a>.<br \/>\n&#8211; Autumn term:\u00a0<strong>Lecture course<\/strong> &#8220;The Scottish Enlightenment&#8221;<\/p>\n<p>&#8211; June: research presentations by team members\u00a0at the conference &#8220;D\u00e9finir l&#8217;h\u00e9t\u00e9rodoxie dans le protestantisme, entre Eglises et Etats&#8221; in Lyon<br \/>\n&#8211; June:\u00a0research presentations by team members\u00a0at\u00a0the symposium &#8220;History of Scottish Theology&#8221; in Edinburgh<br \/>\n&#8211; March: translation week on James Dundas&#8217; manuscript &#8220;Idea philosophi\u00e6 moralis&#8221; with Prof. Alexander Broadie, Glasgow<br \/>\n&#8211; Spring term: <strong>seminar<\/strong> &#8220;Tolerance in contemporary philosophy: Recent texts&#8221;<br \/>\n&#8211; Spring term: several contributions by invited researchers to\u00a0a lecture series on &#8220;Tolerance, Intolerance and Discrimination&#8221; in Lausanne<\/p>\n<p><strong>2016<\/strong><br \/>\n&#8211; December:\u00a0research presentation by team members at\u00a0the symposium &#8220;History of Scottish Theology&#8221; in Edinburgh<br \/>\n&#8211; December: research presentations\u00a0by team members at the conference &#8220;Conscience&#8221; in Berne<br \/>\n&#8211; October: translation week on James Dundas&#8217; manuscript &#8220;Idea philosophi\u00e6 moralis&#8221; with Prof. Alexander Broadie, Glasgow<br \/>\n&#8211; September: organisation of the <strong>conference<\/strong> &#8220;Hutcheson: Philosophy and Context&#8221;, Lausanne<br \/>\n&#8211; Autumn term: <strong>seminar<\/strong> &#8220;Tolerance in early modern philosophy: Spinoza, Locke and Bayle&#8221;<\/p>\n","protected":false},"excerpt":{"rendered":"<p>Some past and future\u00a0activities in research, teaching and outreach\u00a0connected to the project: (For a more extensive list of our activities, see the SNSF database, and the most recently published papers &hellip; <\/p>\n","protected":false},"author":1001500,"featured_media":0,"parent":0,"menu_order":0,"comment_status":"closed","ping_status":"closed","template":"","meta":{"_seopress_robots_primary_cat":"","_seopress_titles_title":"","_seopress_titles_desc":"","_seopress_robots_index":"","footnotes":""},"class_list":["post-37","page","type-page","status-publish"],"_links":{"self":[{"href":"https:\/\/wp.unil.ch\/tolerance\/wp-json\/wp\/v2\/pages\/37","targetHints":{"allow":["GET"]}}],"collection":[{"href":"https:\/\/wp.unil.ch\/tolerance\/wp-json\/wp\/v2\/pages"}],"about":[{"href":"https:\/\/wp.unil.ch\/tolerance\/wp-json\/wp\/v2\/types\/page"}],"author":[{"embeddable":true,"href":"https:\/\/wp.unil.ch\/tolerance\/wp-json\/wp\/v2\/users\/1001500"}],"replies":[{"embeddable":true,"href":"https:\/\/wp.unil.ch\/tolerance\/wp-json\/wp\/v2\/comments?post=37"}],"version-history":[{"count":0,"href":"https:\/\/wp.unil.ch\/tolerance\/wp-json\/wp\/v2\/pages\/37\/revisions"}],"wp:attachment":[{"href":"https:\/\/wp.unil.ch\/tolerance\/wp-json\/wp\/v2\/media?parent=37"}],"curies":[{"name":"wp","href":"https:\/\/api.w.org\/{rel}","templated":true}]}}