{"id":24,"date":"2016-11-22T18:01:50","date_gmt":"2016-11-22T17:01:50","guid":{"rendered":"http:\/\/wp.unil.ch\/tolerance\/?page_id=24"},"modified":"2018-09-12T15:35:26","modified_gmt":"2018-09-12T13:35:26","slug":"people","status":"publish","type":"page","link":"https:\/\/wp.unil.ch\/tolerance\/people\/","title":{"rendered":"People"},"content":{"rendered":"<p><a href=\"https:\/\/people.unil.ch\/christianmaurer\">Christian Maurer<\/a> &#8211; Principal Investigator<br \/>\nBefore starting the position as an SNSF Professor in Lausanne in August 2016, Christian Maurer was Assistant docteur (Lecturer) in ethics and political philosophy in Fribourg. Among other things, he held visiting research positions in St. Andrews (philosophy &amp; intellectual history) and Edinburgh (IASH), and a Post-Doc in Clermont-Ferrand. (<a href=\"https:\/\/people.unil.ch\/christianmaurer\/cv\/\">full\u00a0cv<\/a>)<\/p>\n<p><a href=\"https:\/\/unil.academia.edu\/GiovanniGellera\">Giovanni Gellera<\/a>\u00a0&#8211; Post-Doc<br \/>\nGiovanni Gellera was awarded a PhD by the University of Glasgow in 2012 for a thesis on Scottish philosophy in the 17c. He was the Network Facilitator of the Leverhulme International Project &#8220;Scottish philosophers in 17c Scotland and France&#8221; (2010-2014). After a Visiting Fellowship in Fribourg, he joined Lausanne with a project on a recently discovered manuscript: the\u00a0<i>Idea philosophiae moralis<\/i>\u00a0(1679) by the Scottish philosopher James Dundas (c.1620-1679).<\/p>\n<p>Donna Delacoste (n\u00e9e Bezat) &#8211; Doctoral student<br \/>\nDonna Delacoste, n\u00e9e en 1990, a fait ses \u00e9tudes de Bachelor et Master en Lettres \u00e0 l&#8217;Universit\u00e9 de Fribourg. Elle travaille actuellement en qualit\u00e9 de doctorante sur les oeuvres de Jean-Alphonse Turrettini.<\/p>\n","protected":false},"excerpt":{"rendered":"<p>Christian Maurer &#8211; Principal Investigator Before starting the position as an SNSF Professor in Lausanne in August 2016, Christian Maurer was Assistant docteur (Lecturer) in ethics and political philosophy in &hellip; <\/p>\n","protected":false},"author":1001500,"featured_media":0,"parent":0,"menu_order":0,"comment_status":"closed","ping_status":"closed","template":"","meta":{"_seopress_robots_primary_cat":"","_seopress_titles_title":"","_seopress_titles_desc":"","_seopress_robots_index":"","footnotes":""},"class_list":["post-24","page","type-page","status-publish"],"_links":{"self":[{"href":"https:\/\/wp.unil.ch\/tolerance\/wp-json\/wp\/v2\/pages\/24","targetHints":{"allow":["GET"]}}],"collection":[{"href":"https:\/\/wp.unil.ch\/tolerance\/wp-json\/wp\/v2\/pages"}],"about":[{"href":"https:\/\/wp.unil.ch\/tolerance\/wp-json\/wp\/v2\/types\/page"}],"author":[{"embeddable":true,"href":"https:\/\/wp.unil.ch\/tolerance\/wp-json\/wp\/v2\/users\/1001500"}],"replies":[{"embeddable":true,"href":"https:\/\/wp.unil.ch\/tolerance\/wp-json\/wp\/v2\/comments?post=24"}],"version-history":[{"count":0,"href":"https:\/\/wp.unil.ch\/tolerance\/wp-json\/wp\/v2\/pages\/24\/revisions"}],"wp:attachment":[{"href":"https:\/\/wp.unil.ch\/tolerance\/wp-json\/wp\/v2\/media?parent=24"}],"curies":[{"name":"wp","href":"https:\/\/api.w.org\/{rel}","templated":true}]}}