{"id":190,"date":"2017-02-28T16:15:37","date_gmt":"2017-02-28T15:15:37","guid":{"rendered":"http:\/\/wp.unil.ch\/tolerance\/conferences-publiques\/"},"modified":"2018-05-14T10:32:05","modified_gmt":"2018-05-14T08:32:05","slug":"conferences-publiques","status":"publish","type":"page","link":"https:\/\/wp.unil.ch\/tolerance\/conferences-publiques\/?lang=de","title":{"rendered":"Conf\u00e9rences publiques"},"content":{"rendered":"<p>Le projet organise r\u00e9guli\u00e8rement des <strong>conf\u00e9rences publiques sur la tol\u00e9rance, l&#8217;intol\u00e9rance et la discrimination<\/strong>, \u00e0 l&#8217;Universit\u00e9 de Lausanne,\u00a0Facult\u00e9 des lettres, B\u00e2timent Anthropole, Salle 5196\u00a0(<a href=\"https:\/\/planete.unil.ch\/plan\">plan<\/a>) \u2013 <a href=\"https:\/\/wp.unil.ch\/tolerance\/files\/2018\/02\/AffichesTolerance2018P.pdf\">Affiche<\/a><\/p>\n<p>Conf\u00e9rences publiques dans le semestre de printemps 2018:<\/p>\n<ul>\n<li>22 mai 2018: Prof. Alain Petit (Universit\u00e9 Clermont Auvergne): &#8220;L&#8217;Universel \u00e0 l&#8217;\u00e9preuve de la Chine: Leibniz sur la religion naturelle&#8221;. Voir l&#8217;affiche\u00a0<a href=\"https:\/\/wp.unil.ch\/tolerance\/files\/2018\/05\/AffichesTolerance2018AP.pdf\">ici<\/a>.<\/li>\n<li>6 mars 2018: Prof. <a href=\"https:\/\/www.ptsem.edu\/people\/john-r-bowlin\">John Bowlin<\/a> (Princeton Theological Seminary): &#8220;When Virtue becomes Craft: Reconsidering Tolerance&#8221; (en anglais). Voir l&#8217;affiche <a href=\"https:\/\/wp.unil.ch\/tolerance\/files\/2018\/02\/AffichesTolerance2018P.pdf\">ici<\/a>.<\/li>\n<li>(Pour la journ\u00e9e d&#8217;\u00e9tude \u00e0 Gen\u00e8ve du 5 mars, veuillez trouver l&#8217;affiche <a href=\"https:\/\/wp.unil.ch\/tolerance\/files\/2018\/01\/A3-ToleranceVirtues-05032018.pdf\">ici<\/a>.)<\/li>\n<\/ul>\n<hr \/>\n<p>Conf\u00e9rences pass\u00e9s:<\/p>\n<ul>\n<li>12 d\u00e9cembre 2017:\u00a0Prof <a href=\"https:\/\/www.oefre.unibe.ch\/ueber_uns\/personen\/prof_dr_wyttenbach_judith\/index_ger.html\">Judith Wyttenbach<\/a> (Berne, droit):\u00a0&#8220;Religionsfreiheit und Diskriminierungsverbot: Von der sogenannten Mehrheitsgesellschaft und von Minderheiten, von Toleranz und Akzeptanz &#8211; und von ihren Grenzen&#8221; (en allemand)<\/li>\n<\/ul>\n<p>&nbsp;<\/p>\n<ul>\n<li>14 novembre 2017: Dr <a href=\"https:\/\/literature.britishcouncil.org\/writer\/james-robertson\">James Robertson<\/a> (\u00e9crivain \u00e9cossais):\u00a0&#8220;\u2018Out of the strong came forth sweetness\u2019? Myths of intolerance and tolerance in Scottish history, and some literary responses.&#8221; (en anglais)<\/li>\n<li>31 octobre 2017: Dr <a href=\"https:\/\/lettres.unifr.ch\/?id=2090\">Angela Martin<\/a> (Fribourg, philosophie): &#8220;Au-del\u00e0 de l&#8217;\u00e9gale consid\u00e9ration des int\u00e9r\u00eats: la discrimination positive pour les animaux?&#8221;<\/li>\n<li>17 octobre 2017:\u00a0Dr <a href=\"https:\/\/nenadstojanovic.ch\">Nenad Stojanovic<\/a> (Lucerne, politologie):\u00a0&#8220;Quand est-ce qu\u2019une personne est discrimin\u00e9e?&#8221;<\/li>\n<\/ul>\n<p>&nbsp;<\/p>\n<ul>\n<li>30 mai 2017: Prof. <a href=\"https:\/\/ptsem.edu\/people\/l-gordon-graham\">Gordon Graham<\/a>\u00a0(Princeton Theological Seminary):\u00a0&#8220;Toleration, Multiculturalism, and Diversity&#8221; (en anglais)<\/li>\n<li>23 mai 2017: Prof. <a href=\"https:\/\/www.unil.ch\/philo\/fr\/home\/menuinst\/moderne-et-contemporaine\/collaborateurs\/simone-zurbuchen.html\">Simone Zurbuchen Pittlik<\/a> (Lausanne):\u00a0&#8220;Tol\u00e9rance et la\u00efcit\u00e9&#8221;<\/li>\n<li>2 mai 2017: Dr <a href=\"https:\/\/www.kcl.ac.uk\/artshums\/depts\/trs\/people\/staff\/academic\/milligan.aspx\">Tony Milligan<\/a> (King&#8217;s College London):\u00a0&#8220;Toleration and Partisanship&#8221; (en anglais)<\/li>\n<li>18 Octobre 2016: Prof. <a href=\"https:\/\/www.gla.ac.uk\/schools\/humanities\/staff\/alexanderbroadie\/#\/\">Alexander Broadie<\/a> (Glasgow), FRSE:\u00a0&#8220;The Virtue of Tolerance in the Scottish Enlightenment&#8221; (en anglais)<\/li>\n<\/ul>\n<p><a href=\"https:\/\/wp.unil.ch\/tolerance\/files\/2017\/03\/AfficheTolerance2017P.pdf\">Affiche <\/a>du semestre de printemps 2017<\/p>\n","protected":false},"excerpt":{"rendered":"<p>Le projet organise r\u00e9guli\u00e8rement des conf\u00e9rences publiques sur la tol\u00e9rance, l&#8217;intol\u00e9rance et la discrimination, \u00e0 l&#8217;Universit\u00e9 de Lausanne,\u00a0Facult\u00e9 des lettres, B\u00e2timent Anthropole, Salle 5196\u00a0(plan) \u2013 Affiche Conf\u00e9rences publiques dans le &hellip; <\/p>\n","protected":false},"author":1001500,"featured_media":0,"parent":0,"menu_order":0,"comment_status":"closed","ping_status":"closed","template":"","meta":{"_seopress_robots_primary_cat":"","_seopress_titles_title":"","_seopress_titles_desc":"","_seopress_robots_index":"","footnotes":""},"class_list":["post-190","page","type-page","status-publish"],"_links":{"self":[{"href":"https:\/\/wp.unil.ch\/tolerance\/wp-json\/wp\/v2\/pages\/190","targetHints":{"allow":["GET"]}}],"collection":[{"href":"https:\/\/wp.unil.ch\/tolerance\/wp-json\/wp\/v2\/pages"}],"about":[{"href":"https:\/\/wp.unil.ch\/tolerance\/wp-json\/wp\/v2\/types\/page"}],"author":[{"embeddable":true,"href":"https:\/\/wp.unil.ch\/tolerance\/wp-json\/wp\/v2\/users\/1001500"}],"replies":[{"embeddable":true,"href":"https:\/\/wp.unil.ch\/tolerance\/wp-json\/wp\/v2\/comments?post=190"}],"version-history":[{"count":0,"href":"https:\/\/wp.unil.ch\/tolerance\/wp-json\/wp\/v2\/pages\/190\/revisions"}],"wp:attachment":[{"href":"https:\/\/wp.unil.ch\/tolerance\/wp-json\/wp\/v2\/media?parent=190"}],"curies":[{"name":"wp","href":"https:\/\/api.w.org\/{rel}","templated":true}]}}