{"id":107,"date":"2017-02-28T16:05:58","date_gmt":"2017-02-28T15:05:58","guid":{"rendered":"http:\/\/wp.unil.ch\/tolerance\/?page_id=107"},"modified":"2017-02-28T16:05:58","modified_gmt":"2017-02-28T15:05:58","slug":"sous-projets","status":"publish","type":"page","link":"https:\/\/wp.unil.ch\/tolerance\/sous-projets\/?lang=fr","title":{"rendered":"Sous-projets"},"content":{"rendered":"<p style=\"text-align: justify\">Les sous-projets suivants font partie du projet principal:<\/p>\n<ul>\n<li style=\"text-align: justify\">&#8220;La tol\u00e9rance concernant la religion dans la Suisse r\u00e9form\u00e9e au d\u00e9but du XVIIIe si\u00e8cle: <strong>Jean-Alphonse Turrettini<\/strong>&#8221;<br \/>\n(Donna Bezat)<\/li>\n<\/ul>\n<ul>\n<li style=\"text-align: justify\">&#8220;La tol\u00e9rance concernant la religion dans la <strong>philosophie et la th\u00e9ologie \u00e9cossaises du\u00a0XVIIe<\/strong>\u00a0<strong>si\u00e8cle<\/strong>&#8221;<br \/>\n(Giovanni Gellera)<\/li>\n<\/ul>\n<ul>\n<li style=\"text-align: justify\">&#8220;La tol\u00e9rance concernant la religion dans la <strong>philosophie britannique du XVIIIe si\u00e8cle<\/strong>&#8221;<br \/>\n(Christian Maurer)<\/li>\n<\/ul>\n<ul>\n<li style=\"text-align: justify\">&#8220;<strong>Questions syst\u00e9matiques<\/strong> au sujet de la tol\u00e9rance, de l&#8217;intol\u00e9rance et de la discrimination concernant la religion&#8221;<br \/>\n(Christian Maurer)<\/li>\n<\/ul>\n","protected":false},"excerpt":{"rendered":"<p>Les sous-projets suivants font partie du projet principal: &#8220;La tol\u00e9rance concernant la religion dans la Suisse r\u00e9form\u00e9e au d\u00e9but du XVIIIe si\u00e8cle: Jean-Alphonse Turrettini&#8221; (Donna Bezat) &#8220;La tol\u00e9rance concernant la &hellip; <\/p>\n","protected":false},"author":1001500,"featured_media":0,"parent":0,"menu_order":2,"comment_status":"closed","ping_status":"closed","template":"","meta":{"_seopress_robots_primary_cat":"","_seopress_titles_title":"","_seopress_titles_desc":"","_seopress_robots_index":"","footnotes":""},"class_list":["post-107","page","type-page","status-publish"],"_links":{"self":[{"href":"https:\/\/wp.unil.ch\/tolerance\/wp-json\/wp\/v2\/pages\/107","targetHints":{"allow":["GET"]}}],"collection":[{"href":"https:\/\/wp.unil.ch\/tolerance\/wp-json\/wp\/v2\/pages"}],"about":[{"href":"https:\/\/wp.unil.ch\/tolerance\/wp-json\/wp\/v2\/types\/page"}],"author":[{"embeddable":true,"href":"https:\/\/wp.unil.ch\/tolerance\/wp-json\/wp\/v2\/users\/1001500"}],"replies":[{"embeddable":true,"href":"https:\/\/wp.unil.ch\/tolerance\/wp-json\/wp\/v2\/comments?post=107"}],"version-history":[{"count":0,"href":"https:\/\/wp.unil.ch\/tolerance\/wp-json\/wp\/v2\/pages\/107\/revisions"}],"wp:attachment":[{"href":"https:\/\/wp.unil.ch\/tolerance\/wp-json\/wp\/v2\/media?parent=107"}],"curies":[{"name":"wp","href":"https:\/\/api.w.org\/{rel}","templated":true}]}}