{"id":105,"date":"2017-02-28T15:35:21","date_gmt":"2017-02-28T14:35:21","guid":{"rendered":"http:\/\/wp.unil.ch\/tolerance\/?page_id=105"},"modified":"2020-07-30T09:52:46","modified_gmt":"2020-07-30T07:52:46","slug":"a-propos-du-projet","status":"publish","type":"page","link":"https:\/\/wp.unil.ch\/tolerance\/a-propos-du-projet\/?lang=fr","title":{"rendered":"\u00c0 propos du projet"},"content":{"rendered":"<p style=\"text-align: justify\">Ce projet de recherche analyse les d\u00e9bats sur\u00a0<strong>la tol\u00e9rance, l&#8217;intol\u00e9rance et la discrimination<\/strong>\u00a0<strong>en mati\u00e8re de religion<\/strong>. Il est financ\u00e9 par le\u00a0<a href=\"https:\/\/www.snf.ch\/fr\/Pages\/default.aspx\">Fonds national suisse<\/a>\u00a0d&#8217;ao\u00fbt 2016 \u00e0 avril 2021 et rattach\u00e9\u00a0\u00e0 la <a href=\"https:\/\/www.unil.ch\/philo\/home.html\">section de philosophie<\/a> de l&#8217;Universit\u00e9 de Lausanne.<\/p>\n<p style=\"text-align: justify\">Le projet, dont la\u00a0<strong>philosophie<\/strong>\u00a0est la discipline principale, inclut des collaborations avec d&#8217;autres disciplines, notamment l&#8217;histoire, la th\u00e9ologie, la science des religions, la litt\u00e9rature et le droit.<\/p>\n<p style=\"text-align: justify\">Il comprend trois sous-projets en\u00a0<strong>histoire de la philosophie<\/strong>. Ceux-ci traitent les arguments centraux pour et contre la tol\u00e9rance \u00e0 partir de sources r\u00e9form\u00e9es rarement \u00e9tudi\u00e9es, au carrefour de la philosophie et de la th\u00e9ologie.\u00a0Ils concernent:<\/p>\n<ul>\n<li style=\"text-align: justify\">le philosophe et th\u00e9ologien\u00a0<strong>Jean-Alphonse Turrettini<\/strong>\u00a0(1671-1737);<\/li>\n<li style=\"text-align: justify\">les d\u00e9bats sur la tol\u00e9rance dans la\u00a0<strong>philosophie \u00e9cossaise du XVIIe\u00a0si\u00e8cle<\/strong>, avec un int\u00e9r\u00eat particulier pour le philosophe\u00a0James Dundas (c.1620-1679);<\/li>\n<li style=\"text-align: justify\">les d\u00e9bats sur la tol\u00e9rance\u00a0<strong>au XVIIIe en \u00c9cosse et en Angleterre<\/strong>, y compris la r\u00e9ception des \u0153uvres de Turrettini.<\/li>\n<\/ul>\n<p>Un sous-projet\u00a0<strong>syst\u00e9matique<\/strong>\u00a0explore les relations entre, d&#8217;une part, les concepts de\u00a0<strong>tol\u00e9rance et d&#8217;intol\u00e9rance<\/strong>\u00a0bien \u00e9tablis en philosophie et, d&#8217;autre part, la notion plus r\u00e9cente de\u00a0<strong>discrimination<\/strong>, plus fr\u00e9quemment trait\u00e9e en\u00a0droit.<\/p>\n<p style=\"text-align: justify\">Les projets historiques et syst\u00e9matique sont li\u00e9s: des concepts clairs sont n\u00e9cessaires pour analyser et \u00e9valuer des arguments en histoire de la philosophie. En outre, une conscience des dimensions historiques et culturelles est requise afin de discuter de mani\u00e8re appropri\u00e9e les questions syst\u00e9matiques contemporaines concernant la tol\u00e9rance, l&#8217;intol\u00e9rance et la discrimination.<\/p>\n","protected":false},"excerpt":{"rendered":"<p>Ce projet de recherche analyse les d\u00e9bats sur\u00a0la tol\u00e9rance, l&#8217;intol\u00e9rance et la discrimination\u00a0en mati\u00e8re de religion. Il est financ\u00e9 par le\u00a0Fonds national suisse\u00a0d&#8217;ao\u00fbt 2016 \u00e0 avril 2021 et rattach\u00e9\u00a0\u00e0 la &hellip; <\/p>\n","protected":false},"author":1001500,"featured_media":0,"parent":0,"menu_order":0,"comment_status":"closed","ping_status":"open","template":"","meta":{"_seopress_robots_primary_cat":"","_seopress_titles_title":"","_seopress_titles_desc":"","_seopress_robots_index":"","footnotes":""},"class_list":["post-105","page","type-page","status-publish"],"_links":{"self":[{"href":"https:\/\/wp.unil.ch\/tolerance\/wp-json\/wp\/v2\/pages\/105","targetHints":{"allow":["GET"]}}],"collection":[{"href":"https:\/\/wp.unil.ch\/tolerance\/wp-json\/wp\/v2\/pages"}],"about":[{"href":"https:\/\/wp.unil.ch\/tolerance\/wp-json\/wp\/v2\/types\/page"}],"author":[{"embeddable":true,"href":"https:\/\/wp.unil.ch\/tolerance\/wp-json\/wp\/v2\/users\/1001500"}],"replies":[{"embeddable":true,"href":"https:\/\/wp.unil.ch\/tolerance\/wp-json\/wp\/v2\/comments?post=105"}],"version-history":[{"count":0,"href":"https:\/\/wp.unil.ch\/tolerance\/wp-json\/wp\/v2\/pages\/105\/revisions"}],"wp:attachment":[{"href":"https:\/\/wp.unil.ch\/tolerance\/wp-json\/wp\/v2\/media?parent=105"}],"curies":[{"name":"wp","href":"https:\/\/api.w.org\/{rel}","templated":true}]}}