{"id":561,"date":"2023-11-13T22:08:12","date_gmt":"2023-11-13T21:08:12","guid":{"rendered":"https:\/\/wp.unil.ch\/tml\/?page_id=561"},"modified":"2023-11-22T23:42:28","modified_gmt":"2023-11-22T22:42:28","slug":"workshop-on-computational-methods-for-neurovascular-imaging","status":"publish","type":"page","link":"https:\/\/wp.unil.ch\/tml\/workshop-on-computational-methods-for-neurovascular-imaging\/","title":{"rendered":"Workshop on Computational Methods for Neurovascular Imaging"},"content":{"rendered":"\n<h2 class=\"wp-block-heading\">Practical<\/h2>\n\n\n\n<p>November 24th, 9:00-13:30<\/p>\n\n\n\n<p>Onsite: Auditoire Mathias Mayor (BH 08 4), Lausanne University Hospital (<a href=\"https:\/\/www.chuv.ch\">CHUV<\/a>). 46 rue du Bugnon, Lausanne. Metro: CHUV. Please register below and indicate dietary preferences.<\/p>\n\n\n\n<p>Online: <a href=\"https:\/\/chuv.webex.com\/chuv\/j.php?MTID=m906b1eeb3ed5403910ac02bdb7b12a37\">Webex<\/a>. Please register below to obtain the code.<\/p>\n\n\n\n<h2 class=\"wp-block-heading\">Registration<\/h2>\n\n\n\n<p>Free, register <a href=\"https:\/\/ti.to\/asap-project\/workshop-computational-methods-neurovascular-imaging\">here<\/a><\/p>\n\n\n\n<h2 class=\"wp-block-heading\">Organisation<\/h2>\n\n\n\n<p>CHUV: Jonas Richiardi, Jonathan Rafael-Pati\u00f1o; Inselspital Bern: Roland Wiest, Richard McKinley; Siemens Healthcare: Tobias Kober, B\u00e9n\u00e9dicte Mar\u00e9chal<\/p>\n\n\n\n<h2 class=\"wp-block-heading\">Context and motivation<\/h2>\n\n\n\n<p>Advanced imaging is playing an increasing role in diagnosis, prognosis, and treatment planning for most neurovascular diseases, including stroke, microbleeds, small vessel disease, aneurysms, and other vascular pathologies. Often, different image types including MR diffusion or susceptibility imaging, CT or MR perfusion imaging, and CT or MR angiography, need to be examined jointly to correctly identify and treat pathology. The richness and complexity of the data mean that computational approaches are essential to help both radiologists and clinicians interpret imaging and act upon it. The advent of increased dataset sizes, computational power, and very fast-paced advances in methods such as deep learning means that successful translation now occurs more frequently and rapidly than in the previous decade.<\/p>\n\n\n\n<p>This workshop will showcase recent work from Swiss and international experts, and offer a forum to connect engineering specialists and physicians around technical advances in the field of computational methods for neurovascular imaging.<\/p>\n\n\n\n<h2 class=\"wp-block-heading\">Programme<\/h2>\n\n\n\n<p>All times are Swiss time (Central European Time).<\/p>\n\n\n\n<figure class=\"wp-block-image size-large\"><img alt=\"\" loading=\"lazy\" decoding=\"async\" width=\"935\" height=\"1024\" src=\"https:\/\/wp.unil.ch\/tml\/files\/2023\/11\/image-10-935x1024.png\" alt=\"\" class=\"wp-image-602\" srcset=\"https:\/\/wp.unil.ch\/tml\/files\/2023\/11\/image-10-935x1024.png 935w, https:\/\/wp.unil.ch\/tml\/files\/2023\/11\/image-10-274x300.png 274w, https:\/\/wp.unil.ch\/tml\/files\/2023\/11\/image-10-768x841.png 768w, https:\/\/wp.unil.ch\/tml\/files\/2023\/11\/image-10-540x591.png 540w, https:\/\/wp.unil.ch\/tml\/files\/2023\/11\/image-10-1080x1182.png 1080w, https:\/\/wp.unil.ch\/tml\/files\/2023\/11\/image-10.png 1328w\" sizes=\"auto, (max-width: 935px) 100vw, 935px\" \/><\/figure>\n\n\n\n<h2 class=\"wp-block-heading\">Support<\/h2>\n\n\n\n<p>Partly funded by <a href=\"https:\/\/www.innosuisse.ch\/\" data-type=\"link\" data-id=\"https:\/\/www.innosuisse.ch\/\">Innosuisse<\/a> grant 43087.1 IP-LS. In-kind caffeine support by EPFL <a href=\"https:\/\/www.epfl.ch\/labs\/lts5\/\">LTS5<\/a>.<\/p>\n","protected":false},"excerpt":{"rendered":"<p>Practical November 24th, 9:00-13:30 Onsite: Auditoire Mathias Mayor (BH 08 4), Lausanne University Hospital (CHUV). 46 rue du Bugnon, Lausanne. Metro: CHUV. Please register below and indicate dietary&hellip;<\/p>\n","protected":false},"author":1002285,"featured_media":0,"parent":0,"menu_order":0,"comment_status":"closed","ping_status":"closed","template":"","meta":{"_seopress_robots_primary_cat":"","_seopress_titles_title":"","_seopress_titles_desc":"","_seopress_robots_index":"","footnotes":""},"class_list":["post-561","page","type-page","status-publish","has-post-thumbnail"],"_links":{"self":[{"href":"https:\/\/wp.unil.ch\/tml\/wp-json\/wp\/v2\/pages\/561","targetHints":{"allow":["GET"]}}],"collection":[{"href":"https:\/\/wp.unil.ch\/tml\/wp-json\/wp\/v2\/pages"}],"about":[{"href":"https:\/\/wp.unil.ch\/tml\/wp-json\/wp\/v2\/types\/page"}],"author":[{"embeddable":true,"href":"https:\/\/wp.unil.ch\/tml\/wp-json\/wp\/v2\/users\/1002285"}],"replies":[{"embeddable":true,"href":"https:\/\/wp.unil.ch\/tml\/wp-json\/wp\/v2\/comments?post=561"}],"version-history":[{"count":4,"href":"https:\/\/wp.unil.ch\/tml\/wp-json\/wp\/v2\/pages\/561\/revisions"}],"predecessor-version":[{"id":605,"href":"https:\/\/wp.unil.ch\/tml\/wp-json\/wp\/v2\/pages\/561\/revisions\/605"}],"wp:attachment":[{"href":"https:\/\/wp.unil.ch\/tml\/wp-json\/wp\/v2\/media?parent=561"}],"curies":[{"name":"wp","href":"https:\/\/api.w.org\/{rel}","templated":true}]}}