{"id":481,"date":"2023-08-31T09:57:34","date_gmt":"2023-08-31T07:57:34","guid":{"rendered":"https:\/\/wp.unil.ch\/tml\/?page_id=481"},"modified":"2023-09-04T11:05:12","modified_gmt":"2023-09-04T09:05:12","slug":"lea-schmidt","status":"publish","type":"page","link":"https:\/\/wp.unil.ch\/tml\/team\/lea-schmidt\/","title":{"rendered":"L\u00e9a Schmidt"},"content":{"rendered":"\n<figure class=\"wp-block-image size-large is-resized\"><img alt=\"\" loading=\"lazy\" decoding=\"async\" src=\"https:\/\/wp.unil.ch\/tml\/files\/2023\/09\/Lea_portrait-757x1024.jpg\" alt=\"\" class=\"wp-image-531\" style=\"width:211px;height:285px\" width=\"211\" height=\"285\" srcset=\"https:\/\/wp.unil.ch\/tml\/files\/2023\/09\/Lea_portrait-757x1024.jpg 757w, https:\/\/wp.unil.ch\/tml\/files\/2023\/09\/Lea_portrait-222x300.jpg 222w, https:\/\/wp.unil.ch\/tml\/files\/2023\/09\/Lea_portrait-768x1039.jpg 768w, https:\/\/wp.unil.ch\/tml\/files\/2023\/09\/Lea_portrait-540x731.jpg 540w, https:\/\/wp.unil.ch\/tml\/files\/2023\/09\/Lea_portrait.jpg 887w\" sizes=\"auto, (max-width: 211px) 100vw, 211px\" \/><\/figure>\n\n\n\n<p>I joined the Translational Machine Learning Lab as a PhD student in August 2023. My research focuses on the role of the corpus callosum and its inter-hemispheric communication in cognitive development in children with typical and atypical corpus callosum development.<\/p>\n\n\n\n<p>Prior to this, I obtained my BSc and MSc in Life Science Engineering at the Ecole Polytechnique F\u00e9d\u00e9rale de Lausanne (EPFL). Throughout my academic path, I had the chance to go one year abroad, at the Lund Tekniska H\u00f6gskola (LTH) to do my last bachelor\u2019s year in Biomedical Engineering. Thanks to this, I knew that I wanted to go further in the biomedical field. I did my master\u2019s thesis at the Centre de m\u00e9decine int\u00e9grative et complementaire (CEMIC) at the Lausanne University Hospital (CHUV), where I explored the brain mechanism of reward and relief in patients suffering from chronic neuropathic pain, using fMRI.<\/p>\n","protected":false},"excerpt":{"rendered":"<p>I joined the Translational Machine Learning Lab as a PhD student in August 2023. My research focuses on the role of the corpus callosum and its inter-hemispheric communication&hellip;<\/p>\n","protected":false},"author":1002674,"featured_media":0,"parent":167,"menu_order":0,"comment_status":"closed","ping_status":"closed","template":"","meta":{"_seopress_robots_primary_cat":"","_seopress_titles_title":"","_seopress_titles_desc":"","_seopress_robots_index":"","footnotes":""},"class_list":["post-481","page","type-page","status-publish","has-post-thumbnail"],"_links":{"self":[{"href":"https:\/\/wp.unil.ch\/tml\/wp-json\/wp\/v2\/pages\/481","targetHints":{"allow":["GET"]}}],"collection":[{"href":"https:\/\/wp.unil.ch\/tml\/wp-json\/wp\/v2\/pages"}],"about":[{"href":"https:\/\/wp.unil.ch\/tml\/wp-json\/wp\/v2\/types\/page"}],"author":[{"embeddable":true,"href":"https:\/\/wp.unil.ch\/tml\/wp-json\/wp\/v2\/users\/1002674"}],"replies":[{"embeddable":true,"href":"https:\/\/wp.unil.ch\/tml\/wp-json\/wp\/v2\/comments?post=481"}],"version-history":[{"count":0,"href":"https:\/\/wp.unil.ch\/tml\/wp-json\/wp\/v2\/pages\/481\/revisions"}],"up":[{"embeddable":true,"href":"https:\/\/wp.unil.ch\/tml\/wp-json\/wp\/v2\/pages\/167"}],"wp:attachment":[{"href":"https:\/\/wp.unil.ch\/tml\/wp-json\/wp\/v2\/media?parent=481"}],"curies":[{"name":"wp","href":"https:\/\/api.w.org\/{rel}","templated":true}]}}