{"id":6,"date":"2019-11-28T16:00:19","date_gmt":"2019-11-28T15:00:19","guid":{"rendered":"http:\/\/wp.unil.ch\/modele\/?page_id=6"},"modified":"2025-04-24T10:35:24","modified_gmt":"2025-04-24T08:35:24","slug":"home","status":"publish","type":"page","link":"https:\/\/wp.unil.ch\/theatromand\/","title":{"rendered":"Th\u00e9\u00e2tRomand"},"content":{"rendered":"\n<h2 class=\"wp-block-heading alignwide has-text-align-left\"><strong>Les arts du spectacle en Suisse romande <strong>du XV<sup>e<\/sup> au XX<sup>e<\/sup> si\u00e8cle<\/strong>&nbsp;<\/strong><\/h2>\n\n\n\n<div class=\"wp-block-columns alignwide is-layout-flex wp-container-core-columns-is-layout-9d6595d7 wp-block-columns-is-layout-flex\">\n<div class=\"wp-block-column is-layout-flow wp-block-column-is-layout-flow\" style=\"flex-basis:100%\">\n<p>Bienvenue sur Th\u00e9\u00e2tRomand, le portail de valorisation de la recherche portant sur les arts du spectacle en Suisse romande! Cr\u00e9\u00e9e en 2023 sous l&rsquo;\u00e9gide sur Centre d&rsquo;\u00e9tudes th\u00e9\u00e2trales de l&rsquo;UNIL, cette plateforme donne acc\u00e8s aux outils num\u00e9riques et aux diff\u00e9rentes ressources disponibles (archives, bibliographie, etc.) dans le domaine \u00e0 l\u2019intention des chercheurs, des professionnels et des amateurs des arts de la sc\u00e8ne, des enseignants et du grand public. Il donne \u00e9galement une visibilit\u00e9 aux recherches en cours et aux \u00e9v\u00e9nements (colloques, conf\u00e9rences, expositions, etc.) organis\u00e9s dans tout l\u2019espace romand.<\/p>\n<\/div>\n<\/div>\n\n\n\n<div class=\"alignwide\"><div id=\"metaslider-id-187\" style=\"width: 100%; margin: 0 auto;\" class=\"ml-slider-3-107-0 metaslider metaslider-flex metaslider-187 ml-slider has-dots-nav ms-theme-outline\" role=\"region\" aria-label=\"Diaporama accueil\" data-height=\"1426\" data-width=\"2540\">\n    <div id=\"metaslider_container_187\">\n        <div id=\"metaslider_187\" class=\"flexslider\">\n            <ul class='slides'>\n                <li style=\"display: block; width: 100%;\" class=\"slide-478 ms-image \" aria-roledescription=\"slide\" data-date=\"2023-05-22 13:58:27\" data-filename=\"TJ_histoire22-1335x750.jpg\" data-slide-type=\"image\"><img loading=\"lazy\" decoding=\"async\" src=\"https:\/\/wp.unil.ch\/theatromand\/files\/2023\/05\/TJ_histoire22-1335x750.jpg\" height=\"1426\" width=\"2540\" alt=\"\" class=\"slider-187 slide-478 msDefaultImage\" title=\"TJ_histoire22\" \/><div class=\"caption-wrap\"><div class=\"caption\">Th\u00e9\u00e2tre du Jorat, 1908.<\/div><\/div><\/li>\n                <li style=\"display: none; width: 100%;\" class=\"slide-637 ms-image \" aria-roledescription=\"slide\" data-date=\"2023-06-07 15:31:38\" data-filename=\"actu-2023.11-expo-Beno-Besson-1600x898.jpg\" data-slide-type=\"image\"><img loading=\"lazy\" decoding=\"async\" src=\"https:\/\/wp.unil.ch\/theatromand\/files\/2023\/11\/actu-2023.11-expo-Beno-Besson-1600x898.jpg\" height=\"1426\" width=\"2540\" alt=\"\" class=\"slider-187 slide-637 msDefaultImage\" title=\"actu 2023.11 expo Beno Besson\" \/><div class=\"caption-wrap\"><div class=\"caption\">Le Dragon de Benno Besson \u00a9 Ju\u0308rg Hassler<\/div><\/div><\/li>\n                <li style=\"display: none; width: 100%;\" class=\"slide-642 ms-image \" aria-roledescription=\"slide\" data-date=\"2023-06-07 15:41:00\" data-filename=\"Voltaire-representant-Zaire_1851_Constant-de-Rebecque-640x359.png\" data-slide-type=\"image\"><img loading=\"lazy\" decoding=\"async\" src=\"https:\/\/wp.unil.ch\/theatromand\/files\/2023\/06\/Voltaire-representant-Zaire_1851_Constant-de-Rebecque-640x359.png\" height=\"1426\" width=\"2540\" alt=\"\" class=\"slider-187 slide-642 msDefaultImage\" title=\"Voltaire repr\u00e9sentant Za\u00efre_1851_Constant de Rebecque\" \/><div class=\"caption-wrap\"><div class=\"caption\">Repr\u00e9sentation de Za\u00efre \u00e0 Mon-Repos, dessin de Victor Constant de Rebecque, 1851. Mus\u00e9e Historique Lausanne<\/div><\/div><\/li>\n                <li style=\"display: none; width: 100%;\" class=\"slide-644 ms-image \" aria-roledescription=\"slide\" data-date=\"2023-06-07 16:01:57\" data-filename=\"dessin-costume-printemps-fete-des-vignerons-1955-906x508.png\" data-slide-type=\"image\"><img loading=\"lazy\" decoding=\"async\" src=\"https:\/\/wp.unil.ch\/theatromand\/files\/2023\/06\/dessin-costume-printemps-fete-des-vignerons-1955-906x508.png\" height=\"1426\" width=\"2540\" alt=\"\" class=\"slider-187 slide-644 msDefaultImage\" title=\"dessin costume printemps fete des vignerons 1955\" \/><div class=\"caption-wrap\"><div class=\"caption\">Dessin d'un costume de la F\u00eate des Vignerons, 1955. <\/div><\/div><\/li>\n                <li style=\"display: none; width: 100%;\" class=\"slide-744 ms-image \" aria-roledescription=\"slide\" data-date=\"2023-07-03 11:24:19\" data-filename=\"AEF_Litterature_7.1-3_recto-e1732099831710-1800x1010.jpg\" data-slide-type=\"image\"><img loading=\"lazy\" decoding=\"async\" src=\"https:\/\/wp.unil.ch\/theatromand\/files\/2023\/07\/AEF_Litterature_7.1-3_recto-e1732099831710-1800x1010.jpg\" height=\"1426\" width=\"2540\" alt=\"\" class=\"slider-187 slide-744 msDefaultImage\" title=\"AEF_Litterature_7.1-3_recto\" \/><div class=\"caption-wrap\"><div class=\"caption\">R\u00f4le du Fol, Pr\u00e9sentation des joyaux, fin XVe s., AEF, Aebischer Litt\u00e9rature 7.1-3 (Photo\u00a0: N. Wawrzyniak)<\/div><\/div><\/li>\n            <\/ul>\n        <\/div>\n        \n    <\/div>\n<\/div><\/div>\n\n\n\n<hr class=\"wp-block-separator has-alpha-channel-opacity\" \/>\n\n\n<ul class=\"wp-block-latest-posts__list is-grid columns-3 has-dates alignwide wp-block-latest-posts\"><li><div class=\"wp-block-latest-posts__featured-image aligncenter\"><a href=\"https:\/\/wp.unil.ch\/theatromand\/formation-continue-le-theatre-en-suisse-romande-du-xviii-au-xx-siecle\/\" aria-label=\"Formation continue \u00ab\u00a0Le th\u00e9\u00e2tre en Suisse romande du XVIIIe au XXe si\u00e8cle\u00a0\u00bb, 1er octobre 2026\"><img loading=\"lazy\" decoding=\"async\" width=\"300\" height=\"200\" src=\"https:\/\/wp.unil.ch\/theatromand\/files\/2026\/03\/01_lavisitedelavieilledame-marc-vanappelghem.jpg-300x200.jpg\" class=\"attachment-medium size-medium wp-post-image\" alt=\"lavisitedelavieilledame marc vanappelghem.jpg\" style=\"\" srcset=\"https:\/\/wp.unil.ch\/theatromand\/files\/2026\/03\/01_lavisitedelavieilledame-marc-vanappelghem.jpg-300x200.jpg 300w, https:\/\/wp.unil.ch\/theatromand\/files\/2026\/03\/01_lavisitedelavieilledame-marc-vanappelghem.jpg-1024x682.jpg 1024w, https:\/\/wp.unil.ch\/theatromand\/files\/2026\/03\/01_lavisitedelavieilledame-marc-vanappelghem.jpg-768x512.jpg 768w, https:\/\/wp.unil.ch\/theatromand\/files\/2026\/03\/01_lavisitedelavieilledame-marc-vanappelghem.jpg-1536x1023.jpg 1536w, https:\/\/wp.unil.ch\/theatromand\/files\/2026\/03\/01_lavisitedelavieilledame-marc-vanappelghem.jpg-1120x746.jpg 1120w, https:\/\/wp.unil.ch\/theatromand\/files\/2026\/03\/01_lavisitedelavieilledame-marc-vanappelghem.jpg-540x360.jpg 540w, https:\/\/wp.unil.ch\/theatromand\/files\/2026\/03\/01_lavisitedelavieilledame-marc-vanappelghem.jpg-1080x720.jpg 1080w, https:\/\/wp.unil.ch\/theatromand\/files\/2026\/03\/01_lavisitedelavieilledame-marc-vanappelghem.jpg.jpg 1801w\" sizes=\"auto, (max-width: 300px) 100vw, 300px\" \/><\/a><\/div><a class=\"wp-block-latest-posts__post-title\" href=\"https:\/\/wp.unil.ch\/theatromand\/formation-continue-le-theatre-en-suisse-romande-du-xviii-au-xx-siecle\/\">Formation continue \u00ab\u00a0Le th\u00e9\u00e2tre en Suisse romande du XVIIIe au XXe si\u00e8cle\u00a0\u00bb, 1er octobre 2026<\/a><time datetime=\"2026-03-19T13:19:34+01:00\" class=\"wp-block-latest-posts__post-date\">19 mars 2026<\/time><div class=\"wp-block-latest-posts__post-excerpt\">Regards crois\u00e9s entre histoire et litt\u00e9rature. Alors que les \u00e9tudes th\u00e9\u00e2trales connaissent un renouveau \u00e0 l\u2019\u00e9chelle internationale, le th\u00e9\u00e2tre en Suisse romande \u2013 professionnel comme amateur \u2013 reste encore largement&hellip;<\/div><\/li>\n<li><div class=\"wp-block-latest-posts__featured-image aligncenter\"><a href=\"https:\/\/wp.unil.ch\/theatromand\/theatre-dans-le-pays-de-vaud-1757-1798\/\" aria-label=\"Th\u00e9\u00e2tre dans le Pays de Vaud (1757-1798)\"><img loading=\"lazy\" decoding=\"async\" width=\"300\" height=\"227\" src=\"https:\/\/wp.unil.ch\/theatromand\/files\/2026\/03\/projet-theatre-a-lausanne-e1773921965872-300x227.jpg\" class=\"attachment-medium size-medium wp-post-image\" alt=\"projet theatre a lausanne\" style=\"\" srcset=\"https:\/\/wp.unil.ch\/theatromand\/files\/2026\/03\/projet-theatre-a-lausanne-e1773921965872-300x227.jpg 300w, https:\/\/wp.unil.ch\/theatromand\/files\/2026\/03\/projet-theatre-a-lausanne-e1773921965872-540x409.jpg 540w, https:\/\/wp.unil.ch\/theatromand\/files\/2026\/03\/projet-theatre-a-lausanne-e1773921965872.jpg 758w\" sizes=\"auto, (max-width: 300px) 100vw, 300px\" \/><\/a><\/div><a class=\"wp-block-latest-posts__post-title\" href=\"https:\/\/wp.unil.ch\/theatromand\/theatre-dans-le-pays-de-vaud-1757-1798\/\">Th\u00e9\u00e2tre dans le Pays de Vaud (1757-1798)<\/a><time datetime=\"2026-03-19T13:03:24+01:00\" class=\"wp-block-latest-posts__post-date\">19 mars 2026<\/time><div class=\"wp-block-latest-posts__post-excerpt\">Le projet\u00a0\u00abTh\u00e9\u00e2tre dans le Pays de Vaud (1757-1798)\u00bb, h\u00e9berg\u00e9 sur la plateforme Lumi\u00e8res.Lausanne,\u00a0met en valeur un pan m\u00e9connu de l\u2019histoire culturelle vaudoise, \u00e0 savoir l\u2019intense activit\u00e9 th\u00e9\u00e2trale qui a anim\u00e9&hellip;<\/div><\/li>\n<li><div class=\"wp-block-latest-posts__featured-image aligncenter\"><a href=\"https:\/\/wp.unil.ch\/theatromand\/cours-public-2025-le-theatre-fribourgeois\/\" aria-label=\"Cours public 2025: Le th\u00e9\u00e2tre fribourgeois du Moyen Age \u00e0 nos jours. Une histoire \u00e0 explorer en 6 actes\"><img loading=\"lazy\" decoding=\"async\" width=\"300\" height=\"216\" src=\"https:\/\/wp.unil.ch\/theatromand\/files\/2025\/07\/2025-cours-public-theatre-en-patois-musee-gruerien-bulle-300x216.jpg\" class=\"attachment-medium size-medium wp-post-image\" alt=\"2025 cours public the\u0301a\u0302tre en patois, muse\u0301e grue\u0301rien, bulle\" style=\"\" srcset=\"https:\/\/wp.unil.ch\/theatromand\/files\/2025\/07\/2025-cours-public-theatre-en-patois-musee-gruerien-bulle-300x216.jpg 300w, https:\/\/wp.unil.ch\/theatromand\/files\/2025\/07\/2025-cours-public-theatre-en-patois-musee-gruerien-bulle-768x553.jpg 768w, https:\/\/wp.unil.ch\/theatromand\/files\/2025\/07\/2025-cours-public-theatre-en-patois-musee-gruerien-bulle-540x389.jpg 540w, https:\/\/wp.unil.ch\/theatromand\/files\/2025\/07\/2025-cours-public-theatre-en-patois-musee-gruerien-bulle.jpg 800w\" sizes=\"auto, (max-width: 300px) 100vw, 300px\" \/><\/a><\/div><a class=\"wp-block-latest-posts__post-title\" href=\"https:\/\/wp.unil.ch\/theatromand\/cours-public-2025-le-theatre-fribourgeois\/\">Cours public 2025: Le th\u00e9\u00e2tre fribourgeois du Moyen Age \u00e0 nos jours. Une histoire \u00e0 explorer en 6 actes<\/a><time datetime=\"2025-07-11T10:17:08+02:00\" class=\"wp-block-latest-posts__post-date\">11 juillet 2025<\/time><div class=\"wp-block-latest-posts__post-excerpt\">Le cours public 2025 de la Soci\u00e9t\u00e9 d\u2019histoire du canton de Fribourg propose de mettre en lumi\u00e8re la riche tradition th\u00e9\u00e2trale du canton de Fribourg \u00e0 travers les si\u00e8cles. Exp\u00e9rience&hellip;<\/div><\/li>\n<\/ul>","protected":false},"excerpt":{"rendered":"<p>Les arts du spectacle en Suisse romande du XVe au XXe si\u00e8cle&nbsp; Bienvenue sur Th\u00e9\u00e2tRomand, le portail de valorisation de la recherche portant sur les arts du spectacle&hellip;<\/p>\n","protected":false},"author":108,"featured_media":714,"parent":0,"menu_order":0,"comment_status":"closed","ping_status":"closed","template":"template-cover.php","meta":{"_seopress_robots_primary_cat":"","_seopress_titles_title":"","_seopress_titles_desc":"","_seopress_robots_index":"","footnotes":""},"class_list":["post-6","page","type-page","status-publish","has-post-thumbnail"],"_links":{"self":[{"href":"https:\/\/wp.unil.ch\/theatromand\/wp-json\/wp\/v2\/pages\/6","targetHints":{"allow":["GET"]}}],"collection":[{"href":"https:\/\/wp.unil.ch\/theatromand\/wp-json\/wp\/v2\/pages"}],"about":[{"href":"https:\/\/wp.unil.ch\/theatromand\/wp-json\/wp\/v2\/types\/page"}],"author":[{"embeddable":true,"href":"https:\/\/wp.unil.ch\/theatromand\/wp-json\/wp\/v2\/users\/108"}],"replies":[{"embeddable":true,"href":"https:\/\/wp.unil.ch\/theatromand\/wp-json\/wp\/v2\/comments?post=6"}],"version-history":[{"count":4,"href":"https:\/\/wp.unil.ch\/theatromand\/wp-json\/wp\/v2\/pages\/6\/revisions"}],"predecessor-version":[{"id":2188,"href":"https:\/\/wp.unil.ch\/theatromand\/wp-json\/wp\/v2\/pages\/6\/revisions\/2188"}],"wp:featuredmedia":[{"embeddable":true,"href":"https:\/\/wp.unil.ch\/theatromand\/wp-json\/wp\/v2\/media\/714"}],"wp:attachment":[{"href":"https:\/\/wp.unil.ch\/theatromand\/wp-json\/wp\/v2\/media?parent=6"}],"curies":[{"name":"wp","href":"https:\/\/api.w.org\/{rel}","templated":true}]}}