{"id":2416,"date":"2026-04-01T15:23:26","date_gmt":"2026-04-01T13:23:26","guid":{"rendered":"https:\/\/wp.unil.ch\/theatromand\/?page_id=2416"},"modified":"2026-04-01T16:09:24","modified_gmt":"2026-04-01T14:09:24","slug":"theatre-romand-1845-1945","status":"publish","type":"page","link":"https:\/\/wp.unil.ch\/theatromand\/bases\/theatre-romand-1845-1945\/","title":{"rendered":"\u00ab\u00a0Th\u00e9\u00e2tre romand (1845-1945)\u00a0\u00bb"},"content":{"rendered":"\n<p>Les textes th\u00e9\u00e2traux romands du XIX<sup>e<\/sup> si\u00e8cle et de la premi\u00e8re moiti\u00e9 du XXe si\u00e8cle constituent un patrimoine fragile. Nombre de pi\u00e8ces jou\u00e9es n\u2019ont pas \u00e9t\u00e9 \u00e9dit\u00e9es et certains manuscrits sont perdus. D\u2019autres textes ont \u00e9t\u00e9 imprim\u00e9s, jou\u00e9s plusieurs fois, mais le d\u00e9p\u00f4t l\u00e9gal n\u2019existant pas \u00e0 l\u2019\u00e9poque, ils sont aujourd\u2019hui introuvables. De ce constat est n\u00e9e l\u2019id\u00e9e d\u2019un outil recensant les textes th\u00e9\u00e2traux publi\u00e9s ou jou\u00e9s en Suisse romande sous forme d\u2019une base de donn\u00e9es r\u00e9alis\u00e9e par Olivier Robert, <strong>\u00ab\u00a0Th\u00e9\u00e2tre romand (1845-1945)\u00a0\u00bb<\/strong>, disponible depuis 2018.<br><\/p>\n\n\n\n<p>La base est accessible en <a href=\"https:\/\/fmpsrv04prd.unil.ch\/fmi\/webd\/THEATRE_ROMAND_1845-1945\" target=\"_blank\" rel=\"noreferrer noopener\"><strong>cliquant sur ce lien<\/strong><\/a>.<br><em><sup>Si le lien ne fonctionne pas, c&rsquo;est en raison d&rsquo;une mise \u00e0 jour du serveur. Le cas \u00e9ch\u00e9ant, merci de le signaler \u00e0 <a href=\"'+String.fromCharCode(98,101,97,116,114,105,99,101,46,108,111,118,105,115,64,117,110,105,108,46,99,104)+'?subject=Base%20de%20donn%C3%A9es%20%C2%ABTh%C3%A9%C3%A2tre%20romand%20(1845-1945)%C2%BB')\">beatrice.lovis@unil.ch<\/a>.<\/sup><\/em><\/p>\n\n\n\n<h3 class=\"wp-block-heading\">Contenu de la base de donn\u00e9es<\/h3>\n\n\n\n<p>Olivier Robert, ancien archiviste de l\u2019UNIL, a \u00e9tabli un recensement des pi\u00e8ces issues du r\u00e9pertoire th\u00e9\u00e2tral et lyrique en langue fran\u00e7aise selon l\u2019un des <strong>crit\u00e8res suivants<\/strong>&nbsp;: au moins l\u2019un des auteurs est romand, la cr\u00e9ation s\u2019est d\u00e9roul\u00e9e sur sol romand, ou encore l\u2019action se d\u00e9roule en Suisse. La base des \u0153uvres, qui comporte \u00e0 ce jour <strong>1255 entr\u00e9es<\/strong>, a \u00e9t\u00e9 constitu\u00e9e \u00e0 partir des comptes rendus dans la presse, des catalogues de biblioth\u00e8ques et des catalogues d\u2019\u00e9diteurs. Elle donne un certain nombre d\u2019informations concernant chaque pi\u00e8ce dramatique ou lyrique (r\u00e9sum\u00e9, distribution, r\u00e9f\u00e9rences bibliographiques, liste des repr\u00e9sentations identifi\u00e9es).<\/p>\n\n\n\n<p>La base des auteurs et autrices, qu\u2019ils soient <strong>\u00e9crivains<\/strong> (440) ou <strong>musiciens<\/strong> (68 compositeurs ou arrangeurs), propose autant que possible une notice biographique tir\u00e9e de la presse, de programmes, du <em>Di<\/em><em>ctionnaire du th\u00e9\u00e2tre en Suisse<\/em>, du <em>Dictionnaire historique de la Suisse<\/em> ou d\u2019autres sources secondaires. \u00c0 chaque auteur est associ\u00e9e la liste chronologique de ses \u0153uvres dramatiques. Plusieurs d\u2019entre elles ou d&rsquo;entre eux publient sous pseudonyme, ce qui rend plus difficile leur identification.<\/p>\n\n\n\n<p>Cet outil doit beaucoup \u00e0 diff\u00e9rentes institutions qui ont largement donn\u00e9 acc\u00e8s \u00e0 des \u0153uvres manuscrites ou exclues de la consultation. Qu\u2019il s\u2019agisse d\u2019institutions publiques comme le Conservatoire de Lausanne, qui a mis \u00e0 disposition des raret\u00e9s extraites de ses r\u00e9serves, ou la Biblioth\u00e8que cantonale universitaire de Lausanne, qui a num\u00e9ris\u00e9 pour le projet plus de 150 documents rares issus du d\u00e9p\u00f4t l\u00e9gal ; qu\u2019il s\u2019agisse aussi de priv\u00e9s qui ont confi\u00e9 certains textes ou manuscrits. Que tous soient ici remerci\u00e9s tr\u00e8s chaleureusement pour leur adh\u00e9sion et leur collaboration \u00e0 ce projet.<br>&nbsp;<\/p>\n\n\n\n<h3 class=\"wp-block-heading\">Inauguration et publication li\u00e9e<\/h3>\n\n\n\n<p>La base a \u00e9t\u00e9 inaugur\u00e9e dans le cadre du <strong>colloque \u00ab Th\u00e9\u00e2tre et soci\u00e9t\u00e9 en Suisse romande \u00bb<\/strong>, qui s\u2019est d\u00e9roul\u00e9 les 5 et 6 octobre 2018 \u00e0 l\u2019UNIL et dont les actes ont \u00e9t\u00e9 publi\u00e9s dans la revue <strong><em>\u00c9tudes de lettres<\/em><\/strong> (accessibles via ce lien : <a href=\"https:\/\/www.unil.ch\/edl\/home\/menuinst\/table-des-sommaires\/2020-2024\/315-20211-2.html\">www.unil.ch\/edl<\/a>).<\/p>\n\n\n\n<p><strong>Pour citer la base&nbsp;:<\/strong> Olivier Robert, \u00ab&nbsp;Th\u00e9\u00e2tre romand (1845-1945)&nbsp;\u00bb, base de donn\u00e9es en ligne, Universit\u00e9 de Lausanne, <a href=\"https:\/\/wp.unil.ch\/theatromand\/bases\/theatre-romand-1845-1945\/\">wp.unil.ch\/theatromand\/bases\/theatre-romand-1845-1945\/<\/a>, consult\u00e9e le JJ.MM.AAAA.<\/p>\n\n\n\n<p><\/p>\n","protected":false},"excerpt":{"rendered":"<p>Les textes th\u00e9\u00e2traux romands du XIXe si\u00e8cle et de la premi\u00e8re moiti\u00e9 du XXe si\u00e8cle constituent un patrimoine fragile. Nombre de pi\u00e8ces jou\u00e9es n\u2019ont pas \u00e9t\u00e9 \u00e9dit\u00e9es et&hellip;<\/p>\n","protected":false},"author":1002346,"featured_media":2418,"parent":223,"menu_order":0,"comment_status":"closed","ping_status":"closed","template":"template-full-width-cover.php","meta":{"_seopress_robots_primary_cat":"","_seopress_titles_title":"","_seopress_titles_desc":"","_seopress_robots_index":"","footnotes":""},"class_list":["post-2416","page","type-page","status-publish","has-post-thumbnail"],"_links":{"self":[{"href":"https:\/\/wp.unil.ch\/theatromand\/wp-json\/wp\/v2\/pages\/2416","targetHints":{"allow":["GET"]}}],"collection":[{"href":"https:\/\/wp.unil.ch\/theatromand\/wp-json\/wp\/v2\/pages"}],"about":[{"href":"https:\/\/wp.unil.ch\/theatromand\/wp-json\/wp\/v2\/types\/page"}],"author":[{"embeddable":true,"href":"https:\/\/wp.unil.ch\/theatromand\/wp-json\/wp\/v2\/users\/1002346"}],"replies":[{"embeddable":true,"href":"https:\/\/wp.unil.ch\/theatromand\/wp-json\/wp\/v2\/comments?post=2416"}],"version-history":[{"count":5,"href":"https:\/\/wp.unil.ch\/theatromand\/wp-json\/wp\/v2\/pages\/2416\/revisions"}],"predecessor-version":[{"id":2433,"href":"https:\/\/wp.unil.ch\/theatromand\/wp-json\/wp\/v2\/pages\/2416\/revisions\/2433"}],"up":[{"embeddable":true,"href":"https:\/\/wp.unil.ch\/theatromand\/wp-json\/wp\/v2\/pages\/223"}],"wp:featuredmedia":[{"embeddable":true,"href":"https:\/\/wp.unil.ch\/theatromand\/wp-json\/wp\/v2\/media\/2418"}],"wp:attachment":[{"href":"https:\/\/wp.unil.ch\/theatromand\/wp-json\/wp\/v2\/media?parent=2416"}],"curies":[{"name":"wp","href":"https:\/\/api.w.org\/{rel}","templated":true}]}}