{"id":226,"date":"2023-05-06T18:05:03","date_gmt":"2023-05-06T16:05:03","guid":{"rendered":"https:\/\/wp.unil.ch\/theatromand\/?page_id=226"},"modified":"2026-01-17T23:34:04","modified_gmt":"2026-01-17T22:34:04","slug":"liens-utiles","status":"publish","type":"page","link":"https:\/\/wp.unil.ch\/theatromand\/liens-utiles\/","title":{"rendered":"Liens utiles"},"content":{"rendered":"\n<p>De nombreuses institutions, structures et projets contribuent au d\u00e9veloppement du champ th\u00e9\u00e2tral. Voici des acteurs du spectacle dans l&rsquo;horizon romand et leurs initiatives, des sites de r\u00e9f\u00e9rence suisses, mais aussi des sites internationaux qui peuvent \u00eatre utiles aux personnes int\u00e9ress\u00e9es par les arts du spectacle en Suisse romande d&rsquo;hier et d&rsquo;aujourd&rsquo;hui.<\/p>\n\n\n\n<hr class=\"wp-block-separator has-alpha-channel-opacity\" \/>\n\n\n\n<div class=\"wp-block-group is-vertical is-layout-flex wp-container-core-group-is-layout-8cf370e7 wp-block-group-is-layout-flex\">\n<h3 class=\"wp-block-heading\">Centres de recherches en Suisse<\/h3>\n\n\n\n<div class=\"wp-block-group is-vertical is-layout-flex wp-container-core-group-is-layout-8cf370e7 wp-block-group-is-layout-flex\">\n<h4 class=\"wp-block-heading\"><a href=\"https:\/\/www.unil.ch\/cet\/fr\/home.html\" data-type=\"URL\" data-id=\"https:\/\/www.unil.ch\/cet\/fr\/home.html\" target=\"_blank\" rel=\"noreferrer noopener\">Centre d&rsquo;\u00e9tudes th\u00e9\u00e2trales<\/a><\/h4>\n\n\n\n<p>Centre de recherche et de formation dans le domaine des \u00e9tudes th\u00e9\u00e2trales \u00e0 l&rsquo;Universit\u00e9 de Lausanne. Il aborde l&rsquo;objet th\u00e9\u00e2tral autant comme texte que comme ph\u00e9nom\u00e8ne sc\u00e9nique. Il d\u00e9veloppe aussi une perspective comparatiste et interm\u00e9diatique en op\u00e9rant des mises en relation avec le cin\u00e9ma, les arts visuels et la bande dessin\u00e9e. <\/p>\n<\/div>\n\n\n\n<div class=\"wp-block-group is-vertical is-layout-flex wp-container-core-group-is-layout-8cf370e7 wp-block-group-is-layout-flex\">\n<h4 class=\"wp-block-heading\"><a href=\"https:\/\/www.theaterwissenschaft.unibe.ch\/\" data-type=\"URL\" data-id=\"https:\/\/www.theaterwissenschaft.unibe.ch\/\" target=\"_blank\" rel=\"noreferrer noopener\">Institut f\u00fcr Theaterwissenschaft<\/a><\/h4>\n\n\n\n<div class=\"wp-block-group is-vertical is-layout-flex wp-container-core-group-is-layout-8cf370e7 wp-block-group-is-layout-flex\">\n<p>Bas\u00e9 \u00e0 l&rsquo;Universit\u00e9 de Berne, l&rsquo;Institut d&rsquo;\u00e9tudes th\u00e9\u00e2trales de Berne s&rsquo;int\u00e9resse aux arts du spectacle avec notamment un int\u00e9r\u00eat pour la danse et les arts chor\u00e9graphi\u00e9s. Le <em><a href=\"https:\/\/tls.theaterwissenschaft.ch\/wiki\/Hauptseite\" data-type=\"link\" data-id=\"https:\/\/tls.theaterwissenschaft.ch\/wiki\/Hauptseite\" target=\"_blank\" rel=\"noreferrer noopener\">Theaterlexikon der Schweiz<\/a><\/em>, port\u00e9 par l&rsquo;institut, est bas\u00e9 sur l&rsquo;ouvrage encyclop\u00e9dique publi\u00e9 en 2005 par Chronos Verlag Zurich.<\/p>\n\n\n\n<h4 class=\"wp-block-heading\"><a href=\"https:\/\/sapa.swiss\/fr\/\" target=\"_blank\" rel=\"noreferrer noopener\">Fondation SAPA<\/a><\/h4>\n\n\n\n<p>En tant qu\u2019archives et centre de comp\u00e9tences, la Fondation SAPA veille \u00e0 la pr\u00e9servation du patrimoine culturel suisse des arts de la sc\u00e8ne avec ses trois sites bas\u00e9s \u00e0 Berne, Lausanne et Zurich. La fondation abrite des archives d\u2019importance internationale et g\u00e8re une base de donn\u00e9es en ligne <a href=\"https:\/\/www.performing-arts.ch\/resource\/sapa:ArchivePlan\" target=\"_blank\" rel=\"noreferrer noopener\">performing-arts.ch<\/a> consacr\u00e9e aux productions sc\u00e9niques suisses. En plus de la Swiss Performing Arts Platform, d\u2019autres <a href=\"https:\/\/sapa.swiss\/fr\/recherche\/\" target=\"_blank\" rel=\"noreferrer noopener\">instruments de recherche<\/a> sont \u00e0 disposition.<\/p>\n\n\n\n<h4 class=\"wp-block-heading\"><a href=\"https:\/\/www.manufacture.ch\/fr\/1966\/Publications-evenements\" data-type=\"URL\" data-id=\"https:\/\/www.manufacture.ch\/fr\/1966\/Publications-evenements\" target=\"_blank\" rel=\"noreferrer noopener\">HETSR &#8211; La Manufacture<\/a><\/h4>\n\n\n\n<p>La Haute \u00c9cole de Th\u00e9\u00e2tre de Suisse Romande forme la rel\u00e8ve th\u00e9\u00e2trale mais elle produit aussi des recherches avec des publications, des colloques et des journ\u00e9es d&rsquo;\u00e9tudes.<\/p>\n<\/div>\n<\/div>\n<\/div>\n\n\n\n<div class=\"wp-block-group is-vertical is-layout-flex wp-container-core-group-is-layout-8cf370e7 wp-block-group-is-layout-flex\">\n<h3 class=\"wp-block-heading\">Projets de recherche et p\u00e9dagogiques<\/h3>\n\n\n\n<div class=\"wp-block-group is-vertical is-layout-flex wp-container-core-group-is-layout-8cf370e7 wp-block-group-is-layout-flex\">\n<h4 class=\"wp-block-heading\"><a href=\"https:\/\/wp.unil.ch\/archas\/\" data-type=\"URL\" data-id=\"https:\/\/wp.unil.ch\/archas\/\" target=\"_blank\" rel=\"noreferrer noopener\">ARCHAS<\/a><\/h4>\n\n\n\n<p>L\u2019<em>Atelier de recherche cr\u00e9ative en histoire des arts du spectacle<\/em>, dirig\u00e9 par <a href=\"https:\/\/applicationspub.unil.ch\/interpub\/noauth\/php\/Un\/UnPers.php?PerNum=1204963&amp;LanCode=37\" target=\"_blank\" rel=\"noreferrer noopener\">Estelle Doudet<\/a> \u00e0 l&rsquo;UNIL, propose une formation \u00e0 l&rsquo;interpr\u00e9tation par la pratique des patrimoines th\u00e9\u00e2traux europ\u00e9ens. Il accorde notamment une grande importance \u00e0 l&rsquo;exp\u00e9rimentation dans la r\u00e9alit\u00e9 virtuelle.<\/p>\n\n\n\n<h4 class=\"wp-block-heading\"><a href=\"https:\/\/humanistica-helvetica.unifr.ch\/fr\/topics\/15\" data-type=\"URL\" data-id=\"https:\/\/humanistica-helvetica.unifr.ch\/fr\/topics\/15\" target=\"_blank\" rel=\"noreferrer noopener\">Humanistica Helvetica<\/a><\/h4>\n\n\n\n<p>Le projet&nbsp;<em>Humanistica Helvetica<\/em> a pour objectif de tirer de l\u2019ombre un pan de l\u2019histoire de la litt\u00e9rature suisse: la litt\u00e9rature latine humaniste du XVI<sup>e<\/sup>&nbsp;si\u00e8cle dans la r\u00e9gion de l\u2019actuelle Suisse al\u00e9manique (surtout B\u00e2le, Berne, Zurich, Saint-Gall, mais aussi, par exemple, les Grisons et le Haut-Valais). Une axe de recherche est consacr\u00e9e au th\u00e9\u00e2tre humaniste scolaire.<\/p>\n\n\n\n<h4 class=\"wp-block-heading\"><a href=\"https:\/\/www2.unil.ch\/id-ch-spectacles\/\" data-type=\"link\" data-id=\"https:\/\/www2.unil.ch\/id-ch-spectacles\/\" target=\"_blank\" rel=\"noreferrer noopener\">La Suisse mise en spectacles \/ identit\u00e9s helv\u00e9tiques en spectacles, 1880-1930<\/a><\/h4>\n\n\n\n<p class=\"has-normal-font-size\">Ce site UNIL a \u00e9t\u00e9 cr\u00e9\u00e9 dans le cadre du s\u00e9minaire de Danielle Chaperon et Philippe Kaenel, intitul\u00e9 \u00ab L\u2019identit\u00e9 nationale en spectacle \u00bb, qui a r\u00e9uni des \u00e9tudiants en Litt\u00e9rature fran\u00e7aise, en Histoire de l\u2019art ou dans un programme de sp\u00e9cialisation (SHC ou \u00c9tudes th\u00e9\u00e2trales). Dispens\u00e9 dans le cadre de l\u2019\u00ab ann\u00e9e vigneronne \u00bb 2019, cet enseignement avait pour noyau la F\u00eate des Vignerons de 1905. Neuf travaux ont \u00e9t\u00e9 mis en ligne sur ce site, richement illustr\u00e9.<\/p>\n\n\n\n<h4 class=\"wp-block-heading\"><a href=\"https:\/\/wp.unil.ch\/ateliercritique\/\" data-type=\"URL\" data-id=\"https:\/\/wp.unil.ch\/ateliercritique\/\" target=\"_blank\" rel=\"noreferrer noopener\">Atelier critique<\/a><\/h4>\n\n\n\n<p>L\u2019Atelier critique, dirig\u00e9 par&nbsp;la prof. Lise Michel et soutenu par&nbsp;le Centre d\u2019\u00e9tudes th\u00e9\u00e2trales, propose une formation \u00e0 l\u2019\u00e9criture critique sur les spectacles.<\/p>\n<\/div>\n<\/div>\n\n\n\n<div class=\"wp-block-group is-vertical is-layout-flex wp-container-core-group-is-layout-8cf370e7 wp-block-group-is-layout-flex\">\n<h3 class=\"wp-block-heading\">Associations<\/h3>\n\n\n\n<h4 class=\"wp-block-heading\"><a href=\"https:\/\/www.mimos.ch\/fr\/sgtk\/\" data-type=\"URL\" data-id=\"https:\/\/www.mimos.ch\/fr\/sgtk\/\" target=\"_blank\" rel=\"noreferrer noopener\">Soci\u00e9t\u00e9 suisse du th\u00e9\u00e2tre<\/a><\/h4>\n\n\n\n<p>La SST est une association \u00e0 but non lucratif. Elle s\u2019engage pour la valorisation, la documentation et la recherche scientifique de la cr\u00e9ation suisse dans le domaine des arts de la sc\u00e8ne. <\/p>\n\n\n\n<h4 class=\"wp-block-heading\"><a href=\"https:\/\/www.artos-net.ch\/presentation-et-mission\" data-type=\"URL\" data-id=\"https:\/\/www.artos-net.ch\/presentation-et-mission\" target=\"_blank\" rel=\"noreferrer noopener\">Artos-net.ch<\/a><\/h4>\n\n\n\n<p>Artos est une association professionnelle active dans les domaines de la formation et de la diffusion des m\u00e9tiers du th\u00e9\u00e2tre.<\/p>\n\n\n\n<h4 class=\"wp-block-heading\"><a href=\"https:\/\/cchar.ch\/\" data-type=\"URL\" data-id=\"https:\/\/cchar.ch\/\" target=\"_blank\" rel=\"noreferrer noopener\">Centre de Cr\u00e9ation Helv\u00e9tique des Arts de la Rue<\/a><\/h4>\n\n\n\n<p>Le CCHAR est une organisation bas\u00e9e \u00e0 Neuch\u00e2tel mais \u00e0 port\u00e9e helv\u00e9tique et internationale. Il propose des rencontres avec les professionnels des arts de rue ainsi que des formations. <\/p>\n\n\n\n<h4 class=\"wp-block-heading\"><a href=\"https:\/\/larue.ch\/projets-en-cours\/colloque\/\" data-type=\"URL\" data-id=\"https:\/\/larue.ch\/projets-en-cours\/colloque\/\" target=\"_blank\" rel=\"noreferrer noopener\">F\u00e9d\u00e9ration des Arts de rue suisses<\/a><\/h4>\n\n\n\n<p>La F\u00e9d\u00e9ration des Arts de rue suisses (FARS) r\u00e9unit diff\u00e9rentes compagnies de professionnels des arts de la rue. Plusieurs colloques sur des arts de rue en Suisse ont \u00e9t\u00e9 organis\u00e9s par la f\u00e9d\u00e9ration et d&rsquo;autres sont en cours de pr\u00e9paration.<\/p>\n\n\n\n<h4 class=\"wp-block-heading\"><a href=\"https:\/\/www.volkstheater.ch\/\" data-type=\"URL\" data-id=\"https:\/\/www.volkstheater.ch\/\" target=\"_blank\" rel=\"noreferrer noopener\">Association centrale du th\u00e9\u00e2tre populaire suisse <\/a><\/h4>\n\n\n\n<p>L&rsquo;Association centrale des th\u00e9\u00e2tres populaires suisses (ZSV) regroupe les associations r\u00e9gionales de la Suisse al\u00e9manique et rh\u00e9to-romane et de la Principaut\u00e9 du Liechtenstein.&nbsp;Il promeut le Volkstheater \u2013 th\u00e9\u00e2tre pour le peuple \u2013 ainsi que le th\u00e9\u00e2tre pour enfants, scolaires, jeunes et seniors.<\/p>\n\n\n\n<h4 class=\"wp-block-heading\"><a href=\"https:\/\/www.fssta.ch\/\" data-type=\"link\" data-id=\"https:\/\/www.fssta.ch\/\" target=\"_blank\" rel=\"noreferrer noopener\">F\u00e9d\u00e9ration suisse des soci\u00e9t\u00e9s th\u00e9\u00e2trales d\u2019amateurs (FSSTA)<\/a><\/h4>\n\n\n\n<p>La FSSTA regroupe une grande partie des troupes et soci\u00e9t\u00e9s de th\u00e9\u00e2tre amateur de Suisse romande en incluant aussi B\u00e2le-Ville, Fribourg et Berne.<\/p>\n\n\n\n<h4 class=\"wp-block-heading\"><a href=\"https:\/\/www.trachtenvereinigung.ch\/fr\/\" data-type=\"URL\" data-id=\"https:\/\/www.trachtenvereinigung.ch\/fr\/\" target=\"_blank\" rel=\"noreferrer noopener\">F\u00e9d\u00e9ration nationales des costumes suisses<\/a><\/h4>\n\n\n\n<p>La F\u00e9d\u00e9ration nationale des costumes suisses regroupe les diff\u00e9rentes soci\u00e9t\u00e9s de danses folkloriques et de costumes traditionnels suisses.<\/p>\n\n\n\n<h4 class=\"wp-block-heading\"><a href=\"https:\/\/lamarmite.org\/fr\" data-type=\"URL\" data-id=\"https:\/\/lamarmite.org\/fr\" target=\"_blank\" rel=\"noreferrer noopener\">La Marmite<\/a><\/h4>\n\n\n\n<p>La Marmite est une association \u00e0 but non lucratif qui promeut les activit\u00e9s culturelles au sens large gr\u00e2ce \u00e0 de la m\u00e9diation culturelle lors de sorties, notamment au th\u00e9\u00e2tre.<\/p>\n<\/div>\n\n\n\n<div class=\"wp-block-group is-vertical is-layout-flex wp-container-core-group-is-layout-8cf370e7 wp-block-group-is-layout-flex\">\n<h3 class=\"wp-block-heading\">Magazines de th\u00e9\u00e2tre\/arts de la sc\u00e8ne<\/h3>\n\n\n\n<h4 class=\"wp-block-heading\"><a href=\"https:\/\/epic-magazine.ch\/\" data-type=\"URL\" data-id=\"https:\/\/epic-magazine.ch\/\" target=\"_blank\" rel=\"noreferrer noopener\">Epic-Magazine<\/a><\/h4>\n\n\n\n<p>Web magazine pour la promotion de la culture et des arts vivants \u00e0 Gen\u00e8ve et ses environs. Il contient des articles d&rsquo;actualit\u00e9, des entretiens avec des artistes, etc. <\/p>\n\n\n\n<h4 class=\"wp-block-heading\"><a href=\"https:\/\/www.forumculture.ch\/membres\/detail\/magazine-les-planches\" data-type=\"URL\" data-id=\"https:\/\/www.forumculture.ch\/membres\/detail\/magazine-les-planches\" target=\"_blank\" rel=\"noreferrer noopener\">Magazine Les Planches<\/a><\/h4>\n\n\n\n<p>Magazine trimestriel sur les arts de la sc\u00e8ne jurassiens. Magazine uniquement imprim\u00e9 sur papier.<\/p>\n\n\n\n<h4 class=\"wp-block-heading\"><a href=\"https:\/\/scenesmagazine.com\/\" data-type=\"URL\" data-id=\"https:\/\/scenesmagazine.com\/\" target=\"_blank\" rel=\"noreferrer noopener\">Sc\u00e8ne Magazine<\/a><\/h4>\n\n\n\n<p>Magazine mensuel sur l&rsquo;actualit\u00e9 de la sc\u00e8ne en Suisse romande. Il contient notamment des dossiers critiques ainsi que des entretiens avec des artistes. <\/p>\n<\/div>\n","protected":false},"excerpt":{"rendered":"<p>De nombreuses institutions, structures et projets contribuent au d\u00e9veloppement du champ th\u00e9\u00e2tral. Voici des acteurs du spectacle dans l&rsquo;horizon romand et leurs initiatives, des sites de r\u00e9f\u00e9rence suisses,&hellip;<\/p>\n","protected":false},"author":1002069,"featured_media":477,"parent":0,"menu_order":0,"comment_status":"closed","ping_status":"closed","template":"template-full-width-cover.php","meta":{"_seopress_robots_primary_cat":"","_seopress_titles_title":"","_seopress_titles_desc":"","_seopress_robots_index":"","footnotes":""},"class_list":["post-226","page","type-page","status-publish","has-post-thumbnail"],"_links":{"self":[{"href":"https:\/\/wp.unil.ch\/theatromand\/wp-json\/wp\/v2\/pages\/226","targetHints":{"allow":["GET"]}}],"collection":[{"href":"https:\/\/wp.unil.ch\/theatromand\/wp-json\/wp\/v2\/pages"}],"about":[{"href":"https:\/\/wp.unil.ch\/theatromand\/wp-json\/wp\/v2\/types\/page"}],"author":[{"embeddable":true,"href":"https:\/\/wp.unil.ch\/theatromand\/wp-json\/wp\/v2\/users\/1002069"}],"replies":[{"embeddable":true,"href":"https:\/\/wp.unil.ch\/theatromand\/wp-json\/wp\/v2\/comments?post=226"}],"version-history":[{"count":5,"href":"https:\/\/wp.unil.ch\/theatromand\/wp-json\/wp\/v2\/pages\/226\/revisions"}],"predecessor-version":[{"id":2387,"href":"https:\/\/wp.unil.ch\/theatromand\/wp-json\/wp\/v2\/pages\/226\/revisions\/2387"}],"wp:featuredmedia":[{"embeddable":true,"href":"https:\/\/wp.unil.ch\/theatromand\/wp-json\/wp\/v2\/media\/477"}],"wp:attachment":[{"href":"https:\/\/wp.unil.ch\/theatromand\/wp-json\/wp\/v2\/media?parent=226"}],"curies":[{"name":"wp","href":"https:\/\/api.w.org\/{rel}","templated":true}]}}