{"id":173,"date":"2023-05-01T16:59:14","date_gmt":"2023-05-01T14:59:14","guid":{"rendered":"https:\/\/wp.unil.ch\/theatromand\/?page_id=173"},"modified":"2025-10-15T10:38:55","modified_gmt":"2025-10-15T08:38:55","slug":"equipe","status":"publish","type":"page","link":"https:\/\/wp.unil.ch\/theatromand\/equipe\/","title":{"rendered":"\u00c9quipe"},"content":{"rendered":"\n<p>Th\u00e9\u00e2tRomand est un portail soutenu par le Centre d\u2019\u00e9tudes th\u00e9\u00e2trales de l&rsquo;Universit\u00e9 de Lausanne et a \u00e9t\u00e9 cr\u00e9\u00e9 par trois chercheuses. Actuellement, c&rsquo;est B\u00e9atrice Lovis, membre du Centre d&rsquo;\u00e9tudes th\u00e9\u00e2trales de l&rsquo;UNIL, qui en a la responsabilit\u00e9.<\/p>\n\n\n\n<div class=\"wp-block-columns alignwide is-layout-flex wp-container-core-columns-is-layout-9d6595d7 wp-block-columns-is-layout-flex\">\n<div class=\"wp-block-column is-layout-flow wp-block-column-is-layout-flow\">\n<figure class=\"wp-block-image size-medium is-style-rounded\"><img alt=\"\" loading=\"lazy\" decoding=\"async\" width=\"300\" height=\"271\" src=\"https:\/\/wp.unil.ch\/theatromand\/files\/2025\/01\/blovis-portrait-detail-300x271.png\" alt=\"\" class=\"wp-image-1972\" style=\"aspect-ratio:1;object-fit:cover\" srcset=\"https:\/\/wp.unil.ch\/theatromand\/files\/2025\/01\/blovis-portrait-detail-300x271.png 300w, https:\/\/wp.unil.ch\/theatromand\/files\/2025\/01\/blovis-portrait-detail-768x694.png 768w, https:\/\/wp.unil.ch\/theatromand\/files\/2025\/01\/blovis-portrait-detail-540x488.png 540w, https:\/\/wp.unil.ch\/theatromand\/files\/2025\/01\/blovis-portrait-detail.png 772w\" sizes=\"auto, (max-width: 300px) 100vw, 300px\" \/><figcaption class=\"wp-element-caption\"><strong>B\u00e9atrice Lovis<\/strong> est licenci\u00e9e en histoire de l\u2019art et docteure en litt\u00e9rature fran\u00e7aise. Charg\u00e9e de recherche au sein du Centre SHC, elle coordonne la base de donn\u00e9es <a href=\"https:\/\/lumieres.unil.ch\/\" data-type=\"link\" data-id=\"https:\/\/lumieres.unil.ch\/\" target=\"_blank\" rel=\"noreferrer noopener\">Lumi\u00e8res.Lausanne<\/a> et la <a href=\"https:\/\/wp.unil.ch\/plateforme-paysage\/\" data-type=\"link\" data-id=\"https:\/\/wp.unil.ch\/plateforme-paysage\/\" target=\"_blank\" rel=\"noreferrer noopener\">plateforme Paysage<\/a>. Ses recherches portent sur le th\u00e9\u00e2tre dans le canton de Vaud, sur l\u2019\u00e9criture f\u00e9minine et les \u00e9crits personnels au XVIIIe et d\u00e9but XIXe si\u00e8cle. Elle a soutenu en 2019 une th\u00e8se sur <em>La vie th\u00e9\u00e2trale et lyrique \u00e0 Lausanne et dans ses environs dans la seconde moiti\u00e9 du XVIIIe si\u00e8cle (1757-1798)<\/em>. Elle a publi\u00e9 plusieurs articles et ouvrages collectifs, dont l&rsquo;un portant sur les enjeux socioculturels du th\u00e9\u00e2tre en Suisse romande (-&gt; <a href=\"https:\/\/www.unil.ch\/hist\/hist\/beatricelovis?url_params=-v_faculte=30-v_unite=196-v_personne=42561-v_publication=true-v_menu=pub-mode=fiche-bibauthor=blovis&amp;pubsIdParam=f42376889f824f8fb43783b1f56e558d&amp;showFrom=auto\" data-type=\"link\" data-id=\"https:\/\/www.unil.ch\/hist\/hist\/beatricelovis?url_params=-v_faculte=30-v_unite=196-v_personne=42561-v_publication=true-v_menu=pub-mode=fiche-bibauthor=blovis&amp;pubsIdParam=f42376889f824f8fb43783b1f56e558d&amp;showFrom=auto\" target=\"_blank\" rel=\"noreferrer noopener\">Unisciences<\/a>). Engag\u00e9e activement dans la vie associative, elle est membre du comit\u00e9 de la Soci\u00e9t\u00e9 suisse pour l&rsquo;\u00e9tude du XVIIIe si\u00e8cle et a pr\u00e9sid\u00e9 &#8211; de 2017 \u00e0 2023 &#8211; la section vaudoise de Patrimoine suisse. Elle en assure actuellement la vice-pr\u00e9sidence.<\/figcaption><\/figure>\n<\/div>\n\n\n\n<div class=\"wp-block-column is-layout-flow wp-block-column-is-layout-flow\">\n<figure class=\"wp-block-image size-medium is-style-rounded\"><img alt=\"\" loading=\"lazy\" decoding=\"async\" width=\"300\" height=\"300\" src=\"https:\/\/wp.unil.ch\/theatromand\/files\/2023\/05\/Ponzetto-foto_quad-300x300.jpg\" alt=\"\" class=\"wp-image-564\" srcset=\"https:\/\/wp.unil.ch\/theatromand\/files\/2023\/05\/Ponzetto-foto_quad-300x300.jpg 300w, https:\/\/wp.unil.ch\/theatromand\/files\/2023\/05\/Ponzetto-foto_quad-1024x1024.jpg 1024w, https:\/\/wp.unil.ch\/theatromand\/files\/2023\/05\/Ponzetto-foto_quad-150x150.jpg 150w, https:\/\/wp.unil.ch\/theatromand\/files\/2023\/05\/Ponzetto-foto_quad-768x768.jpg 768w, https:\/\/wp.unil.ch\/theatromand\/files\/2023\/05\/Ponzetto-foto_quad-540x540.jpg 540w, https:\/\/wp.unil.ch\/theatromand\/files\/2023\/05\/Ponzetto-foto_quad-1080x1080.jpg 1080w, https:\/\/wp.unil.ch\/theatromand\/files\/2023\/05\/Ponzetto-foto_quad.jpg 1200w\" sizes=\"auto, (max-width: 300px) 100vw, 300px\" \/><figcaption class=\"wp-element-caption\"><strong>Valentina Ponzetto<\/strong> est docteure en litt\u00e9ratures fran\u00e7aise et compar\u00e9e des Universit\u00e9s de Paris-Sorbonne et de Turin, Privatdocent \u00e0 l\u2019Universit\u00e9 de Lausanne et membre du Centre d\u2019\u00e9tudes Th\u00e9\u00e2trales (CET). Elle a dirig\u00e9 les projets de recherche FNS <em><a href=\"https:\/\/data.snf.ch\/grants\/grant\/157392\" target=\"_blank\" rel=\"noreferrer noopener\">Th\u00e9\u00e2tres de soci\u00e9t\u00e9<\/a>. Entre Lumi\u00e8res et Second Empire<\/em> (2016-21), et <em><a href=\"https:\/\/data.snf.ch\/grants\/grant\/202668\" target=\"_blank\" rel=\"noreferrer noopener\">Femmes \u00ab\u00a0en soci\u00e9t\u00e9\u00a0\u00bb.<\/a> R\u00f4les et importance des femmes dans l\u2019\u00e9mergence et la cr\u00e9ation des spectacles de soci\u00e9t\u00e9 <\/em>(2021-22). Contextuellement, elle a con\u00e7u la base de donn\u00e9es <a href=\"https:\/\/theatresdesociete.unil.ch\/projet\" target=\"_blank\" rel=\"noreferrer noopener\"><em>Th\u00e9\u00e2tres de soci\u00e9t\u00e9<\/em><\/a><em> Catalogue des repr\u00e9sentations donn\u00e9es en soci\u00e9t\u00e9 en France et en Suisse Romande entre 1700 et 1871<\/em>. Ses recherches portent actuellement sur la litt\u00e9rature dramatique, la dramaturgie et la vie th\u00e9\u00e2trale des XVIII<sup>e<\/sup> et XIX<sup>e<\/sup> si\u00e8cles, sur l\u2019esth\u00e9tique des genres dramatiques, sur les th\u00e9\u00e2tres de soci\u00e9t\u00e9 et sur la place des femmes dans le monde th\u00e9\u00e2tral.<\/figcaption><\/figure>\n<\/div>\n\n\n\n<div class=\"wp-block-column is-layout-flow wp-block-column-is-layout-flow\">\n<figure class=\"wp-block-image size-medium is-resized is-style-rounded\"><img alt=\"\" loading=\"lazy\" decoding=\"async\" width=\"300\" height=\"300\" src=\"https:\/\/wp.unil.ch\/theatromand\/files\/2025\/01\/foto-Natalia-ter-300x300.png\" alt=\"\" class=\"wp-image-1977\" style=\"width:306px;height:auto\" srcset=\"https:\/\/wp.unil.ch\/theatromand\/files\/2025\/01\/foto-Natalia-ter-300x300.png 300w, https:\/\/wp.unil.ch\/theatromand\/files\/2025\/01\/foto-Natalia-ter-150x150.png 150w, https:\/\/wp.unil.ch\/theatromand\/files\/2025\/01\/foto-Natalia-ter-400x400.png 400w, https:\/\/wp.unil.ch\/theatromand\/files\/2025\/01\/foto-Natalia-ter.png 436w\" sizes=\"auto, (max-width: 300px) 100vw, 300px\" \/><figcaption class=\"wp-element-caption\"><strong>Natalia Wawrzyniak<\/strong> a soutenu sa th\u00e8se en lettres modernes \u00e0 l\u2019Universit\u00e9 de Varsovie en 2015, dont est issu l\u2019ouvrage&nbsp;<em><a href=\"https:\/\/classiques-garnier.com\/lamentation-et-polemique-au-temps-des-guerres-de-religion.html\" target=\"_blank\" rel=\"noreferrer noopener\">Lamentation et pol\u00e9mique au temps des guerres de Religion&nbsp;<\/a><\/em>(Classiques Garnier, 2018). Elle a notamment coordonn\u00e9 le projet de l\u2019exposition virtuelle \u00e0 l\u2019universit\u00e9 du Mans&nbsp;<em><a href=\"https:\/\/collections.enfance-jeunesse.fr\/exhibits\/show\/enfanceshumanistes\/\" target=\"_blank\" rel=\"noreferrer noopener\">Enfances humanistes. Parcours visuel et sonore<\/a><\/em>. Chercheuse FNS senior \u00e0 l\u2019Universit\u00e9 de Lausanne et membre du projet <em><a href=\"https:\/\/medialitt.hypotheses.org\/\" target=\"_blank\" rel=\"noreferrer noopener\">M\u00e9dialitt\u00e9rature<\/a><\/em> (2020-2023), elle a mis en place une base de donn\u00e9es <a href=\"https:\/\/ark.dasch.swiss\/ark:\/72163\/1\/0119\" target=\"_blank\" rel=\"noreferrer noopener\"><em>Premiers th\u00e9\u00e2tres romands<\/em><\/a>. Ses recherches sur les activit\u00e9s th\u00e9\u00e2trales dans l\u2019espace romand aux XV<sup>e<\/sup>-XVI<sup>e<\/sup> s., notamment sur les farces vaudoises et le th\u00e9\u00e2tre militant de Neuch\u00e2tel, ont fait l\u2019objet d\u2019exp\u00e9rimentations en RVI dans le cadre des s\u00e9minaires<a href=\"https:\/\/wp.unil.ch\/archas\/\" target=\"_blank\" rel=\"noreferrer noopener\">&nbsp;ARCHAS<\/a> en 2021 et 2022.<\/figcaption><\/figure>\n<\/div>\n<\/div>\n\n\n\n<hr class=\"wp-block-separator has-alpha-channel-opacity\" \/>\n\n\n\n<h2 class=\"wp-block-heading\">Collaborations<\/h2>\n\n\n\n<div class=\"wp-block-columns is-layout-flex wp-container-core-columns-is-layout-9d6595d7 wp-block-columns-is-layout-flex\">\n<div class=\"wp-block-column is-layout-flow wp-block-column-is-layout-flow\"><div class=\"wp-block-image is-style-rounded\">\n<figure class=\"alignleft size-medium\"><img alt=\"\" loading=\"lazy\" decoding=\"async\" width=\"300\" height=\"300\" src=\"https:\/\/wp.unil.ch\/theatromand\/files\/2023\/06\/Antoine-Klotz-300x300.png\" alt=\"\" class=\"wp-image-673\" srcset=\"https:\/\/wp.unil.ch\/theatromand\/files\/2023\/06\/Antoine-Klotz-300x300.png 300w, https:\/\/wp.unil.ch\/theatromand\/files\/2023\/06\/Antoine-Klotz-150x150.png 150w, https:\/\/wp.unil.ch\/theatromand\/files\/2023\/06\/Antoine-Klotz-540x540.png 540w, https:\/\/wp.unil.ch\/theatromand\/files\/2023\/06\/Antoine-Klotz.png 640w\" sizes=\"auto, (max-width: 300px) 100vw, 300px\" \/><figcaption class=\"wp-element-caption\"><strong>Antoine Klotz<\/strong>, \u00e9tudiant en Master en litt\u00e9rature anglaise et en \u00e9tudes th\u00e9\u00e2trales, a travaill\u00e9 sur la conception du site en tant que webmaster. Il est actif sur la sc\u00e8ne th\u00e9\u00e2trale romande en tant que com\u00e9dien et metteur en sc\u00e8ne avec la troupe <a href=\"https:\/\/polyssons.ch\/\" data-type=\"URL\" data-id=\"https:\/\/polyssons.ch\/\" target=\"_blank\" rel=\"noreferrer noopener\">les Polyssons.<\/a><\/figcaption><\/figure>\n<\/div><\/div>\n\n\n\n<div class=\"wp-block-column is-layout-flow wp-block-column-is-layout-flow\"><div class=\"wp-block-image is-style-rounded\">\n<figure class=\"alignleft size-large\"><img alt=\"\" loading=\"lazy\" decoding=\"async\" width=\"819\" height=\"1024\" src=\"https:\/\/wp.unil.ch\/theatromand\/files\/2025\/01\/Valentine-Fornerod-photo-2024-819x1024.jpg\" alt=\"\" class=\"wp-image-1902\" style=\"aspect-ratio:1;object-fit:cover\" srcset=\"https:\/\/wp.unil.ch\/theatromand\/files\/2025\/01\/Valentine-Fornerod-photo-2024-819x1024.jpg 819w, https:\/\/wp.unil.ch\/theatromand\/files\/2025\/01\/Valentine-Fornerod-photo-2024-240x300.jpg 240w, https:\/\/wp.unil.ch\/theatromand\/files\/2025\/01\/Valentine-Fornerod-photo-2024-768x960.jpg 768w, https:\/\/wp.unil.ch\/theatromand\/files\/2025\/01\/Valentine-Fornerod-photo-2024-540x675.jpg 540w, https:\/\/wp.unil.ch\/theatromand\/files\/2025\/01\/Valentine-Fornerod-photo-2024.jpg 960w\" sizes=\"auto, (max-width: 819px) 100vw, 819px\" \/><figcaption class=\"wp-element-caption\"><strong>Valentine Fornerod<\/strong> \u00e9tudie la litt\u00e9rature francophone et germanophone ainsi que la traduction litt\u00e9raire \u00e0 l&rsquo;Unil. En tant qu\u2019assistante \u00e9tudiante, elle a particip\u00e9 en 2024 et 2025 \u00e0 la recherche documentaire et bibliographique pour le d\u00e9veloppement du portail.<\/figcaption><\/figure>\n<\/div><\/div>\n<\/div>\n","protected":false},"excerpt":{"rendered":"<p>Th\u00e9\u00e2tRomand est un portail soutenu par le Centre d\u2019\u00e9tudes th\u00e9\u00e2trales de l&rsquo;Universit\u00e9 de Lausanne et a \u00e9t\u00e9 cr\u00e9\u00e9 par trois chercheuses. Actuellement, c&rsquo;est B\u00e9atrice Lovis, membre du Centre&hellip;<\/p>\n","protected":false},"author":1002069,"featured_media":0,"parent":0,"menu_order":0,"comment_status":"closed","ping_status":"closed","template":"template-full-width.php","meta":{"_seopress_robots_primary_cat":"","_seopress_titles_title":"","_seopress_titles_desc":"","_seopress_robots_index":"","footnotes":""},"class_list":["post-173","page","type-page","status-publish","has-post-thumbnail"],"_links":{"self":[{"href":"https:\/\/wp.unil.ch\/theatromand\/wp-json\/wp\/v2\/pages\/173","targetHints":{"allow":["GET"]}}],"collection":[{"href":"https:\/\/wp.unil.ch\/theatromand\/wp-json\/wp\/v2\/pages"}],"about":[{"href":"https:\/\/wp.unil.ch\/theatromand\/wp-json\/wp\/v2\/types\/page"}],"author":[{"embeddable":true,"href":"https:\/\/wp.unil.ch\/theatromand\/wp-json\/wp\/v2\/users\/1002069"}],"replies":[{"embeddable":true,"href":"https:\/\/wp.unil.ch\/theatromand\/wp-json\/wp\/v2\/comments?post=173"}],"version-history":[{"count":5,"href":"https:\/\/wp.unil.ch\/theatromand\/wp-json\/wp\/v2\/pages\/173\/revisions"}],"predecessor-version":[{"id":2238,"href":"https:\/\/wp.unil.ch\/theatromand\/wp-json\/wp\/v2\/pages\/173\/revisions\/2238"}],"wp:attachment":[{"href":"https:\/\/wp.unil.ch\/theatromand\/wp-json\/wp\/v2\/media?parent=173"}],"curies":[{"name":"wp","href":"https:\/\/api.w.org\/{rel}","templated":true}]}}