{"id":170,"date":"2023-05-01T16:58:36","date_gmt":"2023-05-01T14:58:36","guid":{"rendered":"https:\/\/wp.unil.ch\/theatromand\/?page_id=170"},"modified":"2025-10-10T14:59:46","modified_gmt":"2025-10-10T12:59:46","slug":"ressources","status":"publish","type":"page","link":"https:\/\/wp.unil.ch\/theatromand\/ressources\/","title":{"rendered":"Bibliographie"},"content":{"rendered":"\n<p class=\"has-normal-font-size\">Cette page recense quelque 350 \u00e9tudes portant sur les arts du spectacle en Suisse romande et au Tessin, du Moyen \u00c2ge au XXe si\u00e8cle. Ces \u00e9tudes, dont certaines sont rest\u00e9es in\u00e9dites (\u00e0 l&rsquo;exemple des m\u00e9moires de licence), sont parfois difficiles \u00e0 rep\u00e9rer.<\/p>\n\n\n\n<p class=\"has-normal-font-size\">Afin de faciliter la recherche, les r\u00e9f\u00e9rences ci-dessous ont \u00e9t\u00e9 class\u00e9es par si\u00e8cles (onglets). Il est aussi possible de chercher par canton\/r\u00e9gion (CHR, FR, GE, JU, NE, TI, VD, VS) ou par mots-cl\u00e9s:<\/p>\n\n\n\n<p class=\"has-small-font-size\">th. de soci\u00e9t\u00e9 \/ d\u2019\u00e9ducation \/ scolaire \/ estudiantin \/ amateur \/ militant \/ religieux \/ politique \/ patriotique \/ lyrique \/ professionnel\u00a0; arts de la rue ; marionnettes ; danse\u00a0; costumes et d\u00e9cors ; architecture\u00a0; litt. dramatique ; documents relatifs aux spectacles<\/p>\n\n\n\n<p>La recherche (Control\/Command + F) doit \u00eatre r\u00e9p\u00e9t\u00e9e \u00e0 chaque changement d&rsquo;onglet. Attention: les mots-cl\u00e9s ne sont pas toujours exhaustifs.<\/p>\n\n\n\n<p class=\"has-small-font-size\"><em>N&rsquo;h\u00e9sitez pas \u00e0 <a href=\"https:\/\/wp.unil.ch\/theatromand\/contact\/\">nous \u00e9crire<\/a> pour nous signaler une nouvelle publication ou une \u00e9tude qui manquerait dans cette bibliographie.<\/em><\/p>\n\n\n\n<!-- iframe plugin v.6.0 wordpress.org\/plugins\/iframe\/ -->\n<iframe loading=\"lazy\" width=\"100%\" height=\"880\" src=\"https:\/\/docs.google.com\/spreadsheets\/d\/e\/2PACX-1vRhXt-Q_5dKQr53GCanMwsVpVpRYQz-ERaaBh_PsPE-vsk51MoLCpV_d61qbkFONrWvAr7acr49QaAH\/pubhtml\" scrolling=\"yes\" class=\"iframe-class\" frameborder=\"0\"><\/iframe>\n\n","protected":false},"excerpt":{"rendered":"<p>Cette page recense quelque 350 \u00e9tudes portant sur les arts du spectacle en Suisse romande et au Tessin, du Moyen \u00c2ge au XXe si\u00e8cle. Ces \u00e9tudes, dont certaines&hellip;<\/p>\n","protected":false},"author":1002069,"featured_media":0,"parent":0,"menu_order":0,"comment_status":"closed","ping_status":"closed","template":"template-full-width.php","meta":{"_seopress_robots_primary_cat":"","_seopress_titles_title":"","_seopress_titles_desc":"","_seopress_robots_index":"","footnotes":""},"class_list":["post-170","page","type-page","status-publish","has-post-thumbnail"],"_links":{"self":[{"href":"https:\/\/wp.unil.ch\/theatromand\/wp-json\/wp\/v2\/pages\/170","targetHints":{"allow":["GET"]}}],"collection":[{"href":"https:\/\/wp.unil.ch\/theatromand\/wp-json\/wp\/v2\/pages"}],"about":[{"href":"https:\/\/wp.unil.ch\/theatromand\/wp-json\/wp\/v2\/types\/page"}],"author":[{"embeddable":true,"href":"https:\/\/wp.unil.ch\/theatromand\/wp-json\/wp\/v2\/users\/1002069"}],"replies":[{"embeddable":true,"href":"https:\/\/wp.unil.ch\/theatromand\/wp-json\/wp\/v2\/comments?post=170"}],"version-history":[{"count":5,"href":"https:\/\/wp.unil.ch\/theatromand\/wp-json\/wp\/v2\/pages\/170\/revisions"}],"predecessor-version":[{"id":2224,"href":"https:\/\/wp.unil.ch\/theatromand\/wp-json\/wp\/v2\/pages\/170\/revisions\/2224"}],"wp:attachment":[{"href":"https:\/\/wp.unil.ch\/theatromand\/wp-json\/wp\/v2\/media?parent=170"}],"curies":[{"name":"wp","href":"https:\/\/api.w.org\/{rel}","templated":true}]}}