{"id":177,"date":"2021-09-10T22:19:55","date_gmt":"2021-09-10T20:19:55","guid":{"rendered":"https:\/\/wp.unil.ch\/theaterandjudgment\/?page_id=177"},"modified":"2021-12-09T09:30:46","modified_gmt":"2021-12-09T08:30:46","slug":"project-activities","status":"publish","type":"page","link":"https:\/\/wp.unil.ch\/theaterandjudgment\/project-activities\/","title":{"rendered":"News"},"content":{"rendered":"<ul class=\"wp-block-latest-posts__list aligncenter wp-block-latest-posts\"><li><a class=\"wp-block-latest-posts__post-title\" href=\"https:\/\/wp.unil.ch\/theaterandjudgment\/uniscope-is-taking-about-us\/\">Uniscope is taking about us!<\/a><div class=\"wp-block-latest-posts__post-excerpt\">\u00ab\u00a0Durant la Renaissance anglaise, le th\u00e9\u00e2tre s\u2019est d\u00e9mocratis\u00e9 et a contribu\u00e9 \u00e0 diss\u00e9miner certaines techniques de jugement aupr\u00e8s d\u2019un large lectorat et public\u00a0\u00bb Uniscope, the Universit\u00e9 de Lausanne&rsquo;s magazine, interviewed Kevin Curran and wrote a nice article to present our project. We are very excited to get started on this SNSF project! If you can\u2026 <a class=\"wp-block-latest-posts__read-more\" href=\"https:\/\/wp.unil.ch\/theaterandjudgment\/uniscope-is-taking-about-us\/\" rel=\"noopener noreferrer\">Lire la suite<span class=\"screen-reader-text\">\u00a0: Uniscope is taking about us!<\/span><\/a><\/div><\/li>\n<\/ul>","protected":false},"excerpt":{"rendered":"","protected":false},"author":1002286,"featured_media":230,"parent":0,"menu_order":0,"comment_status":"closed","ping_status":"closed","template":"templates\/template-cover.php","meta":{"_seopress_robots_primary_cat":"","_seopress_titles_title":"","_seopress_titles_desc":"","_seopress_robots_index":"","footnotes":""},"class_list":["post-177","page","type-page","status-publish","has-post-thumbnail"],"_links":{"self":[{"href":"https:\/\/wp.unil.ch\/theaterandjudgment\/wp-json\/wp\/v2\/pages\/177","targetHints":{"allow":["GET"]}}],"collection":[{"href":"https:\/\/wp.unil.ch\/theaterandjudgment\/wp-json\/wp\/v2\/pages"}],"about":[{"href":"https:\/\/wp.unil.ch\/theaterandjudgment\/wp-json\/wp\/v2\/types\/page"}],"author":[{"embeddable":true,"href":"https:\/\/wp.unil.ch\/theaterandjudgment\/wp-json\/wp\/v2\/users\/1002286"}],"replies":[{"embeddable":true,"href":"https:\/\/wp.unil.ch\/theaterandjudgment\/wp-json\/wp\/v2\/comments?post=177"}],"version-history":[{"count":0,"href":"https:\/\/wp.unil.ch\/theaterandjudgment\/wp-json\/wp\/v2\/pages\/177\/revisions"}],"wp:featuredmedia":[{"embeddable":true,"href":"https:\/\/wp.unil.ch\/theaterandjudgment\/wp-json\/wp\/v2\/media\/230"}],"wp:attachment":[{"href":"https:\/\/wp.unil.ch\/theaterandjudgment\/wp-json\/wp\/v2\/media?parent=177"}],"curies":[{"name":"wp","href":"https:\/\/api.w.org\/{rel}","templated":true}]}}