{"id":6,"date":"2019-11-28T16:00:19","date_gmt":"2019-11-28T15:00:19","guid":{"rendered":"http:\/\/wp.unil.ch\/modele\/?page_id=6"},"modified":"2023-07-05T10:31:34","modified_gmt":"2023-07-05T08:31:34","slug":"home","status":"publish","type":"page","link":"https:\/\/wp.unil.ch\/techno-mondes\/","title":{"rendered":"Quels mondes peut-on imaginer ?"},"content":{"rendered":"\n<div class=\"wp-block-group alignfull has-accent-background-color has-background\"><div class=\"wp-block-group__inner-container is-layout-constrained wp-block-group-is-layout-constrained\">\n<p class=\"has-text-align-center cadreblanc has-buttons-text-color has-text-color has-large-font-size\"><strong>L\u2019exposition&nbsp;Techno-mondes r\u00e9unit quatre artistes romands<\/strong><br><strong><a href=\"https:\/\/wp.unil.ch\/techno-mondes\/gafsou\/\">Matthieu&nbsp;Gafsou<\/a> <a href=\"https:\/\/wp.unil.ch\/techno-mondes\/greco\/\">Pascal&nbsp;Greco<\/a> <a href=\"https:\/\/wp.unil.ch\/techno-mondes\/leutenegger\/\">Catherine&nbsp;Leutenegger<\/a> <a href=\"https:\/\/wp.unil.ch\/techno-mondes\/scherrer\/\">Camille&nbsp;Scherrer<\/a> <\/strong><br><strong>pour imaginer des mondes technologiques et num\u00e9riques.<\/strong><\/p>\n\n\n\n<div style=\"height:10px\" aria-hidden=\"true\" class=\"wp-block-spacer\"><\/div>\n\n\n<div class=\"grid-plus-container grid-69d0c5356cf49 page \"\n     id=\"69d0c5356cf49\"\n     data-grid-name=\"artistes\"\n     data-animation=\"zoomIn\">\n    <div class=\"grid-stack-container grid-plus-inner\"\n         data-ajax-url=\"https:\/\/wp.unil.ch\/techno-mondes\/wp-admin\/admin-ajax.php\"\n         data-grid-id=\"63e0d53fd4b99\"\n         data-current-category=\"\"\n         data-section-id=\"69d0c5356cf49\"\n         data-gutter=\"20\"\n         data-columns=\"4\"\n         data-height-ratio=\"1\"\n         data-width-ratio=\"1\"\n         data-desktop-columns=\"4\"\n         data-tablet-columns=\"2\"\n         data-mobile-columns=\"1\"\n         data-layout-type=\"grid\"\n         data-fix-item-height=\"false\"\n         data-nonce=\"812ae06ad4\"\n    >\n        \n        <div class=\"grid-stack grid-stack-4\" data-layout=\"grid\"\n             style=\"height: 1720px\">\n        <\/div>\n        <div class=\"grid-items\">\n                            <div class=\"item\" data-gs-x=\"0\"\n                     data-gs-y=\"0\"\n                     data-gs-width=\"1\"\n                     data-gs-height=\"29\"\n                     data-skin=\"thumbnail-title-excerpt\"\n\n                     data-desktop-gs-x=\"0\"\n                     data-desktop-gs-y=\"0\"\n                     data-desktop-gs-width=\"1\"\n                     data-desktop-gs-height=\"29\"\n                     data-desktop-skin=\"thumbnail-title-excerpt\"\n\n                     data-image-width=\"1200\"\n                     data-image-height=\"675\"\n                >\n                    <div class=\"grid-post-item thumbnail\" data-thumbnail-only=\"1\">\n    <div class=\"thumbnail-image\" data-img=\"https:\/\/wp.unil.ch\/techno-mondes\/files\/2023\/02\/CatherineLeutenneger_vignette.jpg\">\n                    <img decoding=\"async\" src=\"https:\/\/wp.unil.ch\/techno-mondes\/files\/2023\/02\/CatherineLeutenneger_vignette.jpg\" alt=\"Catherine Leutenegger\" >\n                <div class=\"hover-outer transition-30\">\n                            <a href=\"https:\/\/wp.unil.ch\/techno-mondes\/leutenegger\/\" title=\"Catherine Leutenegger\"><\/a>\n                        <div class=\"hover-inner transition-50\">\n                                    <div class=\"title\">\n                                                    <a href=\"https:\/\/wp.unil.ch\/techno-mondes\/leutenegger\/\" title=\"Catherine Leutenegger\">Catherine Leutenegger<\/a>\n                                            <\/div>\n                                                    <div class=\"excerpt\">Centre d'imagerie Dubochet (2022-2023) <\/div>\n                            <\/div>\n        <\/div>\n    <\/div>\n<\/div>\n                <\/div>\n                                <div class=\"item\" data-gs-x=\"1\"\n                     data-gs-y=\"0\"\n                     data-gs-width=\"1\"\n                     data-gs-height=\"29\"\n                     data-skin=\"thumbnail-title-excerpt\"\n\n                     data-desktop-gs-x=\"1\"\n                     data-desktop-gs-y=\"0\"\n                     data-desktop-gs-width=\"1\"\n                     data-desktop-gs-height=\"29\"\n                     data-desktop-skin=\"thumbnail-title-excerpt\"\n\n                     data-image-width=\"895\"\n                     data-image-height=\"1200\"\n                >\n                    <div class=\"grid-post-item thumbnail\" data-thumbnail-only=\"1\">\n    <div class=\"thumbnail-image\" data-img=\"https:\/\/wp.unil.ch\/techno-mondes\/files\/2023\/05\/04_ScenoTechnoMondes_\u00a9-Fabrice-Ducrest.jpeg\">\n                    <img decoding=\"async\" src=\"https:\/\/wp.unil.ch\/techno-mondes\/files\/2023\/05\/04_ScenoTechnoMondes_\u00a9-Fabrice-Ducrest.jpeg\" alt=\"Camille Scherrer\" >\n                <div class=\"hover-outer transition-30\">\n                            <a href=\"https:\/\/wp.unil.ch\/techno-mondes\/scherrer\/\" title=\"Camille Scherrer\"><\/a>\n                        <div class=\"hover-inner transition-50\">\n                                    <div class=\"title\">\n                                                    <a href=\"https:\/\/wp.unil.ch\/techno-mondes\/scherrer\/\" title=\"Camille Scherrer\">Camille Scherrer<\/a>\n                                            <\/div>\n                                                    <div class=\"excerpt\">Vestiges 3.0 (2023)<\/div>\n                            <\/div>\n        <\/div>\n    <\/div>\n<\/div>\n                <\/div>\n                                <div class=\"item\" data-gs-x=\"2\"\n                     data-gs-y=\"0\"\n                     data-gs-width=\"1\"\n                     data-gs-height=\"29\"\n                     data-skin=\"thumbnail-title-excerpt\"\n\n                     data-desktop-gs-x=\"2\"\n                     data-desktop-gs-y=\"0\"\n                     data-desktop-gs-width=\"1\"\n                     data-desktop-gs-height=\"29\"\n                     data-desktop-skin=\"thumbnail-title-excerpt\"\n\n                     data-image-width=\"1200\"\n                     data-image-height=\"1196\"\n                >\n                    <div class=\"grid-post-item thumbnail\" data-thumbnail-only=\"1\">\n    <div class=\"thumbnail-image\" data-img=\"https:\/\/wp.unil.ch\/techno-mondes\/files\/2023\/03\/gafsou-vignette2.png\">\n                    <img decoding=\"async\" src=\"https:\/\/wp.unil.ch\/techno-mondes\/files\/2023\/03\/gafsou-vignette2.png\" alt=\"Matthieu Gafsou\" >\n                <div class=\"hover-outer transition-30\">\n                            <a href=\"https:\/\/wp.unil.ch\/techno-mondes\/gafsou\/\" title=\"Matthieu Gafsou\"><\/a>\n                        <div class=\"hover-inner transition-50\">\n                                    <div class=\"title\">\n                                                    <a href=\"https:\/\/wp.unil.ch\/techno-mondes\/gafsou\/\" title=\"Matthieu Gafsou\">Matthieu Gafsou<\/a>\n                                            <\/div>\n                                                    <div class=\"excerpt\">Chim\u00e8res (2023)<\/div>\n                            <\/div>\n        <\/div>\n    <\/div>\n<\/div>\n                <\/div>\n                                <div class=\"item\" data-gs-x=\"3\"\n                     data-gs-y=\"0\"\n                     data-gs-width=\"1\"\n                     data-gs-height=\"29\"\n                     data-skin=\"thumbnail-title-excerpt\"\n\n                     data-desktop-gs-x=\"3\"\n                     data-desktop-gs-y=\"0\"\n                     data-desktop-gs-width=\"1\"\n                     data-desktop-gs-height=\"29\"\n                     data-desktop-skin=\"thumbnail-title-excerpt\"\n\n                     data-image-width=\"1200\"\n                     data-image-height=\"675\"\n                >\n                    <div class=\"grid-post-item thumbnail\" data-thumbnail-only=\"1\">\n    <div class=\"thumbnail-image\" data-img=\"https:\/\/wp.unil.ch\/techno-mondes\/files\/2023\/03\/greco-vignette.jpg\">\n                    <img decoding=\"async\" src=\"https:\/\/wp.unil.ch\/techno-mondes\/files\/2023\/03\/greco-vignette.jpg\" alt=\"Pascal Greco\" >\n                <div class=\"hover-outer transition-30\">\n                            <a href=\"https:\/\/wp.unil.ch\/techno-mondes\/greco\/\" title=\"Pascal Greco\"><\/a>\n                        <div class=\"hover-inner transition-50\">\n                                    <div class=\"title\">\n                                                    <a href=\"https:\/\/wp.unil.ch\/techno-mondes\/greco\/\" title=\"Pascal Greco\">Pascal Greco<\/a>\n                                            <\/div>\n                                                    <div class=\"excerpt\">Nouveaux territoires (2022-2023)<\/div>\n                            <\/div>\n        <\/div>\n    <\/div>\n<\/div>\n                <\/div>\n                        <\/div>\n\n            <\/div>\n<\/div>\n\n\n\n\n<div style=\"height:10px\" aria-hidden=\"true\" class=\"wp-block-spacer\"><\/div>\n\n\n\n<p class=\"has-text-align-center has-buttons-text-color has-text-color\" style=\"font-size:15px\"><strong><strong>L\u2019exposition&nbsp;<\/strong><em><strong>Techno-mondes<\/strong><\/em><strong>&nbsp;est produite par le Service Culture et M\u00e9diation scientifique \u2013 L\u2019\u00e9prouvette, Laboratoire \/ Sciences et Soci\u00e9t\u00e9 \/ UNIL dans le cadre du programme th\u00e9matique <a href=\"https:\/\/www.eprouvette-unil.ch\/cultures-numeriques\/\">\u00ab\u00a0Cultures num\u00e9riques\u00a0\u00bb&nbsp;<\/a><\/strong><\/strong><\/p>\n<\/div><\/div>\n\n\n\n<div class=\"wp-block-columns alignwide is-layout-flex wp-container-core-columns-is-layout-9d6595d7 wp-block-columns-is-layout-flex\">\n<div class=\"wp-block-column is-layout-flow wp-block-column-is-layout-flow\">\n<h3 class=\"wp-block-heading alignwide\">Infos pratiques<\/h3>\n\n\n\n<p>L&rsquo;exposition a lieu en continu <strong>du 27 avril au 1<sup>er<\/sup> octobre 2023<\/strong> <strong>(prolongation jusqu&rsquo;au 5 novembre 2023)<\/strong>.<\/p>\n\n\n\n<p>Elle se d\u00e9roule <strong>en plein air<\/strong> devant le b\u00e2timent <a rel=\"noreferrer noopener\" href=\"https:\/\/www.unil.ch\/acces\/fr\/home\/menuguid\/batiments\/site-unil---dorigny\/unil-centre\/unitheque.html\" target=\"_blank\">Unith\u00e8que<\/a> et son acc\u00e8s est <strong>gratuit<\/strong>.<\/p>\n\n\n<div class=\"su-spoiler su-spoiler-style-fancy su-spoiler-icon-plus su-spoiler-closed\" data-scroll-offset=\"0\" data-anchor-in-url=\"no\"><div class=\"su-spoiler-title\" tabindex=\"0\" role=\"button\"><span class=\"su-spoiler-icon\"><\/span>En transport public<\/div><div class=\"su-spoiler-content su-u-clearfix su-u-trim\">\n<ul>\n<li>M\u00e9tro M1, arr\u00eat UNIL-Chamberonne ou UNIL-Mouline, 5 mn \u00e0 pied direction Quartier Centre<\/li>\n<li>Bus 24, arr\u00eat Sports UNIL-EPFL,10 mn \u00e0 pied direction Quartier Centre<\/li>\n<li>Bus 31, arr\u00eat UNIL-Mouline, 5 mn \u00e0 pied direction Quartier Centre<\/li>\n<\/ul>\n<p>Plus d\u2019informations : <a href=\"https:\/\/www.t-l.ch\" target=\"_blank\" rel=\"noopener\">Transports publics lausannois<\/a><\/div><\/div>\n\n\n<div class=\"su-spoiler su-spoiler-style-fancy su-spoiler-icon-plus su-spoiler-closed\" data-scroll-offset=\"0\" data-anchor-in-url=\"no\"><div class=\"su-spoiler-title\" tabindex=\"0\" role=\"button\"><span class=\"su-spoiler-icon\"><\/span>En voiture<\/div><div class=\"su-spoiler-content su-u-clearfix su-u-trim\">Autoroute A1, direction Lausanne-Sud, sortie UNIL-EPFL. A droite au rond-point \u00e0 droite, puis \u00e0 gauche \u00e0 la premi\u00e8re intersection.<\/p>\n<p>Devant l\u2019Extranef, places de stationnement payantes \u00e0 dur\u00e9e limit\u00e9e \u00e0 disposition. D\u2019autres parkings visiteurs (horodateurs) \u00e0 disposition sur le campus.<\/p>\n<p>Plus d&rsquo;informations : <a href=\"https:\/\/www.unil.ch\/parking\/home.html\">Parkings UNIL<\/a><\/div><\/div>\n<\/div>\n\n\n\n<div class=\"wp-block-column is-layout-flow wp-block-column-is-layout-flow\">\n<!-- iframe plugin v.6.0 wordpress.org\/plugins\/iframe\/ -->\n<iframe src=\"https:\/\/www.google.com\/maps\/embed?pb=!1m14!1m12!1m3!1d1372.6429531117906!2d6.579109976009397!3d46.52224399475631!2m3!1f0!2f0!3f0!3m2!1i1024!2i768!4f13.1!5e0!3m2!1sfr!2sch!4v1677227383112!5m2!1sfr!2sch\" width=\"600\" height=\"450\" style=\"border:0;\" allowfullscreen loading=\"lazy\" referrerpolicy=\"no-referrer-when-downgrade\" scrolling=\"yes\" class=\"iframe-class\" frameborder=\"0\"><\/iframe>\n\n<\/div>\n<\/div>\n\n\n\n<div class=\"wp-block-group alignfull has-buttons-text-color has-accent-background-color has-text-color has-background\"><div class=\"wp-block-group__inner-container is-layout-constrained wp-block-group-is-layout-constrained\">\n<h3 class=\"wp-block-heading has-text-align-center has-buttons-text-color has-text-color\">Le projet<\/h3>\n\n\n\n<div class=\"wp-block-columns is-layout-flex wp-container-core-columns-is-layout-9d6595d7 wp-block-columns-is-layout-flex\">\n<div class=\"wp-block-column is-layout-flow wp-block-column-is-layout-flow\" style=\"flex-basis:30px\"><\/div>\n\n\n\n<div class=\"wp-block-column is-layout-flow wp-block-column-is-layout-flow\">\n<p>Comment penser le num\u00e9rique aujourd\u2019hui \u00e0 l\u2019\u00e8re du d\u00e9veloppement rapide des intelligences artificielles&nbsp;? Comment l\u2019innovation technologique r\u00e9invente-t-elle nos rapports au r\u00e9el&nbsp;? Quelles images du monde les outils technologiques offrent-ils&nbsp;? Quels mondes peut-on envisager&nbsp;?<\/p>\n<\/div>\n\n\n\n<div class=\"wp-block-column is-layout-flow wp-block-column-is-layout-flow\">\n<p>A l\u2019invitation de la commissaire de l\u2019exposition, la Prof.&nbsp;Nathalie Dietschy&nbsp;(Section d\u2019histoire de l\u2019art, Facult\u00e9 des lettres), les artistes proposent leur propre regard sur des facettes diverses des technologies. Parall\u00e8lement les \u00e9tudiantes et \u00e9tudiants du cours de Master \u00ab&nbsp;Les machines au service des artistes&nbsp;?&nbsp;\u00bb de la Prof. Nathalie Dietschy contribuent \u00e0 l\u2019exposition, en r\u00e9digeant tous les textes qui l\u2019accompagnent.<\/p>\n\n\n\n<div class=\"wp-block-buttons is-content-justification-center is-layout-flex wp-container-core-buttons-is-layout-16018d1d wp-block-buttons-is-layout-flex\">\n<div class=\"wp-block-button is-style-outline is-style-outline--1\"><a class=\"wp-block-button__link has-buttons-text-color has-text-color wp-element-button\" href=\"https:\/\/wp.unil.ch\/techno-mondes\/le-projet\/\" style=\"border-radius:4px\">En savoir plus sur le projet<\/a><\/div>\n<\/div>\n<\/div>\n\n\n\n<div class=\"wp-block-column is-layout-flow wp-block-column-is-layout-flow\" style=\"flex-basis:30px\"><\/div>\n<\/div>\n<\/div><\/div>\n\n\n\n<figure class=\"wp-block-embed is-type-video is-provider-youtube wp-block-embed-youtube wp-embed-aspect-16-9 wp-has-aspect-ratio\"><div class=\"wp-block-embed__wrapper\">\n<iframe loading=\"lazy\" title=\"Techno-mondes - une exposition de l&#039;Universit\u00e9 de Lausanne\" width=\"580\" height=\"326\" src=\"https:\/\/www.youtube.com\/embed\/U5gmPM6nZl0?feature=oembed\" frameborder=\"0\" allow=\"accelerometer; autoplay; clipboard-write; encrypted-media; gyroscope; picture-in-picture; web-share\" referrerpolicy=\"strict-origin-when-cross-origin\" allowfullscreen><\/iframe>\n<\/div><\/figure>\n","protected":false},"excerpt":{"rendered":"<p>L\u2019exposition&nbsp;Techno-mondes r\u00e9unit quatre artistes romandsMatthieu&nbsp;Gafsou Pascal&nbsp;Greco Catherine&nbsp;Leutenegger Camille&nbsp;Scherrer pour imaginer des mondes technologiques et num\u00e9riques. L\u2019exposition&nbsp;Techno-mondes&nbsp;est produite par le Service Culture et M\u00e9diation scientifique \u2013 L\u2019\u00e9prouvette, Laboratoire \/&hellip;<\/p>\n","protected":false},"author":108,"featured_media":168,"parent":0,"menu_order":0,"comment_status":"closed","ping_status":"closed","template":"template-full-width-cover.php","meta":{"_seopress_robots_primary_cat":"","_seopress_titles_title":"","_seopress_titles_desc":"","_seopress_robots_index":"","footnotes":""},"class_list":["post-6","page","type-page","status-publish","has-post-thumbnail"],"_links":{"self":[{"href":"https:\/\/wp.unil.ch\/techno-mondes\/wp-json\/wp\/v2\/pages\/6","targetHints":{"allow":["GET"]}}],"collection":[{"href":"https:\/\/wp.unil.ch\/techno-mondes\/wp-json\/wp\/v2\/pages"}],"about":[{"href":"https:\/\/wp.unil.ch\/techno-mondes\/wp-json\/wp\/v2\/types\/page"}],"author":[{"embeddable":true,"href":"https:\/\/wp.unil.ch\/techno-mondes\/wp-json\/wp\/v2\/users\/108"}],"replies":[{"embeddable":true,"href":"https:\/\/wp.unil.ch\/techno-mondes\/wp-json\/wp\/v2\/comments?post=6"}],"version-history":[{"count":0,"href":"https:\/\/wp.unil.ch\/techno-mondes\/wp-json\/wp\/v2\/pages\/6\/revisions"}],"wp:featuredmedia":[{"embeddable":true,"href":"https:\/\/wp.unil.ch\/techno-mondes\/wp-json\/wp\/v2\/media\/168"}],"wp:attachment":[{"href":"https:\/\/wp.unil.ch\/techno-mondes\/wp-json\/wp\/v2\/media?parent=6"}],"curies":[{"name":"wp","href":"https:\/\/api.w.org\/{rel}","templated":true}]}}