{"id":572,"date":"2023-02-24T13:11:32","date_gmt":"2023-02-24T12:11:32","guid":{"rendered":"https:\/\/wp.unil.ch\/techno-mondes\/?page_id=572"},"modified":"2023-02-24T13:13:16","modified_gmt":"2023-02-24T12:13:16","slug":"infos-pratiques","status":"publish","type":"page","link":"https:\/\/wp.unil.ch\/techno-mondes\/infos-pratiques\/","title":{"rendered":"Infos pratiques"},"content":{"rendered":"\n<div class=\"wp-block-columns alignwide is-layout-flex wp-container-core-columns-is-layout-9d6595d7 wp-block-columns-is-layout-flex\">\n<div class=\"wp-block-column is-layout-flow wp-block-column-is-layout-flow\">\n<p>L&rsquo;exposition a lieu en continu <strong>du 27 avril au 1<sup>er<\/sup> octobre 2023<\/strong>.<\/p>\n\n\n\n<p>Elle se d\u00e9roule <strong>en plein air<\/strong> devant le b\u00e2timent <a rel=\"noreferrer noopener\" href=\"https:\/\/www.unil.ch\/acces\/fr\/home\/menuguid\/batiments\/site-unil---dorigny\/unil-centre\/unitheque.html\" target=\"_blank\">Unith\u00e8que<\/a> et son acc\u00e8s est <strong>gratuit<\/strong>.<\/p>\n\n\n<div class=\"su-spoiler su-spoiler-style-fancy su-spoiler-icon-plus su-spoiler-closed\" data-scroll-offset=\"0\" data-anchor-in-url=\"no\"><div class=\"su-spoiler-title\" tabindex=\"0\" role=\"button\"><span class=\"su-spoiler-icon\"><\/span>En transport public<\/div><div class=\"su-spoiler-content su-u-clearfix su-u-trim\">\n<ul>\n<li>M\u00e9tro M1, arr\u00eat UNIL-Chamberonne ou UNIL-Mouline, 5 mn \u00e0 pied direction Quartier Centre<\/li>\n<li>Bus 24, arr\u00eat Sports UNIL-EPFL,10 mn \u00e0 pied direction Quartier Centre<\/li>\n<li>Bus 31, arr\u00eat UNIL-Mouline, 5 mn \u00e0 pied direction Quartier Centre<\/li>\n<\/ul>\n<p>Plus d\u2019informations : <a href=\"https:\/\/www.t-l.ch\" target=\"_blank\" rel=\"noopener\">Transports publics lausannois<\/a><\/div><\/div>\n\n\n<div class=\"su-spoiler su-spoiler-style-fancy su-spoiler-icon-plus su-spoiler-closed\" data-scroll-offset=\"0\" data-anchor-in-url=\"no\"><div class=\"su-spoiler-title\" tabindex=\"0\" role=\"button\"><span class=\"su-spoiler-icon\"><\/span>En voiture<\/div><div class=\"su-spoiler-content su-u-clearfix su-u-trim\">Autoroute A1, direction Lausanne-Sud, sortie UNIL-EPFL. A droite au rond-point \u00e0 droite, puis \u00e0 gauche \u00e0 la premi\u00e8re intersection.<\/p>\n<p>Devant l\u2019Extranef, places de stationnement payantes \u00e0 dur\u00e9e limit\u00e9e \u00e0 disposition. D\u2019autres parkings visiteurs (horodateurs) \u00e0 disposition sur le campus.<\/p>\n<p>Plus d&rsquo;informations : <a href=\"https:\/\/www.unil.ch\/parking\/home.html\">Parkings UNIL<\/a><\/div><\/div>\n<\/div>\n\n\n\n<div class=\"wp-block-column is-layout-flow wp-block-column-is-layout-flow\">\n<!-- iframe plugin v.6.0 wordpress.org\/plugins\/iframe\/ -->\n<iframe src=\"https:\/\/www.google.com\/maps\/embed?pb=!1m14!1m12!1m3!1d1372.6429531117906!2d6.579109976009397!3d46.52224399475631!2m3!1f0!2f0!3f0!3m2!1i1024!2i768!4f13.1!5e0!3m2!1sfr!2sch!4v1677227383112!5m2!1sfr!2sch\" width=\"600\" height=\"450\" style=\"border:0;\" allowfullscreen loading=\"lazy\" referrerpolicy=\"no-referrer-when-downgrade\" scrolling=\"yes\" class=\"iframe-class\" frameborder=\"0\"><\/iframe>\n\n<\/div>\n<\/div>\n","protected":false},"excerpt":{"rendered":"<p>L&rsquo;exposition a lieu en continu du 27 avril au 1er octobre 2023. Elle se d\u00e9roule en plein air devant le b\u00e2timent Unith\u00e8que et son acc\u00e8s est gratuit.<\/p>\n","protected":false},"author":108,"featured_media":0,"parent":0,"menu_order":50,"comment_status":"closed","ping_status":"closed","template":"","meta":{"_seopress_robots_primary_cat":"","_seopress_titles_title":"","_seopress_titles_desc":"","_seopress_robots_index":"","footnotes":""},"class_list":["post-572","page","type-page","status-publish","has-post-thumbnail"],"_links":{"self":[{"href":"https:\/\/wp.unil.ch\/techno-mondes\/wp-json\/wp\/v2\/pages\/572","targetHints":{"allow":["GET"]}}],"collection":[{"href":"https:\/\/wp.unil.ch\/techno-mondes\/wp-json\/wp\/v2\/pages"}],"about":[{"href":"https:\/\/wp.unil.ch\/techno-mondes\/wp-json\/wp\/v2\/types\/page"}],"author":[{"embeddable":true,"href":"https:\/\/wp.unil.ch\/techno-mondes\/wp-json\/wp\/v2\/users\/108"}],"replies":[{"embeddable":true,"href":"https:\/\/wp.unil.ch\/techno-mondes\/wp-json\/wp\/v2\/comments?post=572"}],"version-history":[{"count":0,"href":"https:\/\/wp.unil.ch\/techno-mondes\/wp-json\/wp\/v2\/pages\/572\/revisions"}],"wp:attachment":[{"href":"https:\/\/wp.unil.ch\/techno-mondes\/wp-json\/wp\/v2\/media?parent=572"}],"curies":[{"name":"wp","href":"https:\/\/api.w.org\/{rel}","templated":true}]}}