{"id":376,"date":"2023-02-10T13:57:13","date_gmt":"2023-02-10T12:57:13","guid":{"rendered":"https:\/\/wp.unil.ch\/techno-mondes\/?page_id=376"},"modified":"2023-04-04T10:02:20","modified_gmt":"2023-04-04T08:02:20","slug":"portrait","status":"publish","type":"page","link":"https:\/\/wp.unil.ch\/techno-mondes\/scherrer\/portrait\/","title":{"rendered":"Portrait de Camille Scherrer"},"content":{"rendered":"\n<p class=\"has-buttons-text-color has-accent-background-color has-text-color has-background\"><em><strong>Par Alexia Paratte, Master en math\u00e9matiques, EPFL<\/strong><\/em><\/p>\n\n\n\n<div class=\"wp-block-columns is-layout-flex wp-container-core-columns-is-layout-9d6595d7 wp-block-columns-is-layout-flex\">\n<div class=\"wp-block-column is-layout-flow wp-block-column-is-layout-flow\">\n<p>Camille Scherrer, <em>designer<\/em> graphique et enseignante \u00e0 la HEAD (la Haute \u00c9cole d\u2019Art et de Design de Gen\u00e8ve), propose depuis 2007 de multiples \u0153uvres interactives portant principalement sur le num\u00e9rique, et les rapports entre mondes virtuel et r\u00e9el. Par leur interactivit\u00e9, ses \u0153uvres font souvent appel au lexique du <em>gaming. <\/em>On le remarque notamment dans <em>Le monde des montagnes<\/em>, livre augment\u00e9 de 2008, qui fait penser au jeu vid\u00e9o <em>Life is Strange <\/em>(2015), ou <em>Big Pac <\/em>(2021, fig.&nbsp;1) projet interactif reprenant explicitement <em>Pac-Man<\/em>, jeu qui transcende les g\u00e9n\u00e9rations depuis 1980.<br><br>Dans le cadre de <em>Techno-Mondes<\/em>, Camille Scherrer renvoie aux jeux vid\u00e9o Nintendo, entreprise phare de l\u2019industrie du <em>gaming<\/em>. Elle introduit le virtuel dans la vie r\u00e9elle. Le c\u0153ur g\u00e9ant et la suite de pi\u00e8ces \u00e0 collecter convoque le th\u00e8me de la r\u00e9compense imm\u00e9diate que l\u2019on retrouve tr\u00e8s largement dans l\u2019univers des jeux vid\u00e9o. Le titre de sa s\u00e9rie, <em>Vestiges 3.0<\/em> (2023), t\u00e9moigne d\u2019une aire pass\u00e9e, mais qui reste n\u00e9anmoins encore tr\u00e8s pr\u00e9sente. Camille Scherrer invite m\u00eame le public \u00e0 jouer avec son smartphone en scannant un QR code sur le lieu de l\u2019exposition (fig.&nbsp;2). Qui remportera une r\u00e9compense&nbsp;?<\/p>\n<\/div>\n\n\n\n<div class=\"wp-block-column is-layout-flow wp-block-column-is-layout-flow\">\n<figure class=\"wp-block-image size-large\"><img alt=\"\" loading=\"lazy\" decoding=\"async\" width=\"683\" height=\"1024\" src=\"https:\/\/wp.unil.ch\/techno-mondes\/files\/2023\/04\/2328d07d-2049-45bf-81a8-fca2023ad2c9_rw_1920-683x1024.jpg\" alt=\"\" class=\"wp-image-942\" srcset=\"https:\/\/wp.unil.ch\/techno-mondes\/files\/2023\/04\/2328d07d-2049-45bf-81a8-fca2023ad2c9_rw_1920-683x1024.jpg 683w, https:\/\/wp.unil.ch\/techno-mondes\/files\/2023\/04\/2328d07d-2049-45bf-81a8-fca2023ad2c9_rw_1920-200x300.jpg 200w, https:\/\/wp.unil.ch\/techno-mondes\/files\/2023\/04\/2328d07d-2049-45bf-81a8-fca2023ad2c9_rw_1920-768x1152.jpg 768w, https:\/\/wp.unil.ch\/techno-mondes\/files\/2023\/04\/2328d07d-2049-45bf-81a8-fca2023ad2c9_rw_1920-540x810.jpg 540w, https:\/\/wp.unil.ch\/techno-mondes\/files\/2023\/04\/2328d07d-2049-45bf-81a8-fca2023ad2c9_rw_1920.jpg 800w\" sizes=\"auto, (max-width: 683px) 100vw, 683px\" \/><figcaption class=\"wp-element-caption\">Fig.&nbsp;1. Camille Scherrer, <em>Big Pac<\/em>, 2021, photo \u00a9 Am\u00e9lie Blanc<\/figcaption><\/figure>\n<\/div>\n<\/div>\n\n\n\n<div class=\"wp-block-columns is-layout-flex wp-container-core-columns-is-layout-9d6595d7 wp-block-columns-is-layout-flex\">\n<div class=\"wp-block-column is-layout-flow wp-block-column-is-layout-flow\">\n<figure class=\"wp-block-image size-large\"><img alt=\"\" loading=\"lazy\" decoding=\"async\" width=\"1024\" height=\"473\" src=\"https:\/\/wp.unil.ch\/techno-mondes\/files\/2023\/04\/IMG_3713-1024x473.jpg\" alt=\"\" class=\"wp-image-943\" srcset=\"https:\/\/wp.unil.ch\/techno-mondes\/files\/2023\/04\/IMG_3713-1024x473.jpg 1024w, https:\/\/wp.unil.ch\/techno-mondes\/files\/2023\/04\/IMG_3713-300x139.jpg 300w, https:\/\/wp.unil.ch\/techno-mondes\/files\/2023\/04\/IMG_3713-768x355.jpg 768w, https:\/\/wp.unil.ch\/techno-mondes\/files\/2023\/04\/IMG_3713-1536x710.jpg 1536w, https:\/\/wp.unil.ch\/techno-mondes\/files\/2023\/04\/IMG_3713-540x249.jpg 540w, https:\/\/wp.unil.ch\/techno-mondes\/files\/2023\/04\/IMG_3713-1080x499.jpg 1080w, https:\/\/wp.unil.ch\/techno-mondes\/files\/2023\/04\/IMG_3713.jpg 1920w\" sizes=\"auto, (max-width: 1024px) 100vw, 1024px\" \/><figcaption class=\"wp-element-caption\">Fig.&nbsp;2. Camille Scherrer, <em>Vestiges 3.0<\/em>, 2023, projet de r\u00e9alit\u00e9 augment\u00e9e pour l\u2019exposition <em>Techno-mondes<\/em>, UNIL<\/figcaption><\/figure>\n<\/div>\n<\/div>\n","protected":false},"excerpt":{"rendered":"<p>Par Alexia Paratte<\/p>\n","protected":false},"author":108,"featured_media":948,"parent":314,"menu_order":0,"comment_status":"closed","ping_status":"closed","template":"template-full-width.php","meta":{"_seopress_robots_primary_cat":"","_seopress_titles_title":"","_seopress_titles_desc":"","_seopress_robots_index":"","footnotes":""},"class_list":["post-376","page","type-page","status-publish","has-post-thumbnail"],"_links":{"self":[{"href":"https:\/\/wp.unil.ch\/techno-mondes\/wp-json\/wp\/v2\/pages\/376","targetHints":{"allow":["GET"]}}],"collection":[{"href":"https:\/\/wp.unil.ch\/techno-mondes\/wp-json\/wp\/v2\/pages"}],"about":[{"href":"https:\/\/wp.unil.ch\/techno-mondes\/wp-json\/wp\/v2\/types\/page"}],"author":[{"embeddable":true,"href":"https:\/\/wp.unil.ch\/techno-mondes\/wp-json\/wp\/v2\/users\/108"}],"replies":[{"embeddable":true,"href":"https:\/\/wp.unil.ch\/techno-mondes\/wp-json\/wp\/v2\/comments?post=376"}],"version-history":[{"count":0,"href":"https:\/\/wp.unil.ch\/techno-mondes\/wp-json\/wp\/v2\/pages\/376\/revisions"}],"up":[{"embeddable":true,"href":"https:\/\/wp.unil.ch\/techno-mondes\/wp-json\/wp\/v2\/pages\/314"}],"wp:featuredmedia":[{"embeddable":true,"href":"https:\/\/wp.unil.ch\/techno-mondes\/wp-json\/wp\/v2\/media\/948"}],"wp:attachment":[{"href":"https:\/\/wp.unil.ch\/techno-mondes\/wp-json\/wp\/v2\/media?parent=376"}],"curies":[{"name":"wp","href":"https:\/\/api.w.org\/{rel}","templated":true}]}}