{"id":368,"date":"2023-02-10T13:56:07","date_gmt":"2023-02-10T12:56:07","guid":{"rendered":"https:\/\/wp.unil.ch\/techno-mondes\/?page_id=368"},"modified":"2023-05-25T11:07:53","modified_gmt":"2023-05-25T09:07:53","slug":"portrait","status":"publish","type":"page","link":"https:\/\/wp.unil.ch\/techno-mondes\/leutenegger\/portrait\/","title":{"rendered":"Portrait de Catherine Leutenegger"},"content":{"rendered":"\n<p class=\"has-buttons-text-color has-accent-background-color has-text-color has-background\"><em><strong>Par Furaha Mujynya, Master en histoire de l\u2019art et anglais, UNIL<\/strong><\/em><\/p>\n\n\n\n<div class=\"wp-block-columns is-layout-flex wp-container-core-columns-is-layout-9d6595d7 wp-block-columns-is-layout-flex\">\n<div class=\"wp-block-column is-layout-flow wp-block-column-is-layout-flow\">\n<p>Dans sa nouvelle s\u00e9rie,<em> Centre d\u2019imagerie Dubochet<\/em> (2022), r\u00e9alis\u00e9e pour l\u2019exposition <em>Techno-Mondes <\/em>\u00e0 l\u2019Universit\u00e9 de Lausanne en 2023, Catherine Leutenegger invite le public \u00e0 d\u00e9couvrir un univers \u00e0 la fronti\u00e8re entre la science-fiction et la recherche scientifique, d\u00e9montrant la pr\u00e9sence d\u2019une esth\u00e9tique dans le monde quelle que soit l\u2019\u00e9chelle, tout en incitant les visiteurs \u00e0 se questionner sur la nature, le danger, et le r\u00f4le de ce qu\u2019ils sont en train d\u2019observer.<br><br>Avant d\u2019interroger le statut du photographe et de son intervention sur la cr\u00e9ation d\u2019images, Catherine Leutenegger s\u2019est d\u2019abord int\u00e9ress\u00e9e \u00e0 la transformation de la photographie, du passage de l\u2019analogique au num\u00e9rique avec des projets comme <em>Kodak City<\/em>\u00a0(2012-2016). Dans sa s\u00e9rie <em>Hors-Champ <\/em>(2006), elle met \u00e0 nu l\u2019environnement des photographes dans leur pratique. Elle permet ainsi au public de scruter les diff\u00e9rents moyens utilis\u00e9s par les photographes dans leur conception d\u2019un univers, d\u2019une mise en sc\u00e8ne, exposant l\u2019artificiel dans la prise de vue, alors que le m\u00e9dium est consid\u00e9r\u00e9 commun\u00e9ment comme un reflet de la r\u00e9alit\u00e9. Ses \u0153uvres les plus r\u00e9centes laissent place \u00e0 un int\u00e9r\u00eat pour la science. S\u2019\u00e9loignant du monde purement photographique, elle expose ainsi les technologies utilis\u00e9es par les scientifiques dans leurs recherches dans le cadre de la publication <em>Regards sur l\u2019EPFL <\/em>(2019) ou de l\u2019exposition <em>Unnatural Studies <\/em>(2022), sur le monde et les organismes qui le composent.<br><br>Le travail de Catherine Leutenegger expose la qu\u00eate d\u2019une forme de perfection par l\u2019humain, qu\u2019elle soit esth\u00e9tique ou technique, avec l\u2019aide d\u2019outils en constante \u00e9volution\u00a0(fig.\u00a02). Ainsi, ses photographies permettent de divulguer la surprenante beaut\u00e9 d\u2019une machine ou d\u2019une cellule, tout en invitant le spectateur et la spectatrice \u00e0 se questionner sur les limites ou les dangers que la recherche scientifique et sa qu\u00eate de savoir peuvent soulever. Ces \u00e9tudes, qui d\u00e9passent la vie de celles et ceux qui les m\u00e8nent, parviennent bien \u00e9videmment \u00e0 r\u00e9soudre de nombreux probl\u00e8mes \u2013 notamment dans le domaine de la sant\u00e9 o\u00f9 maintes recherches ont permis de soigner des maladies consid\u00e9r\u00e9es auparavant incurables. Cependant elles sont aussi \u00e0 l\u2019origine de d\u00e9couvertes n\u00e9fastes qui ont eu des cons\u00e9quences d\u00e9sastreuses sur le monde, comme la bombe atomique, le gaz Sarin, ou encore l\u2019agent orange. On peut ainsi \u00e9galement craindre les cons\u00e9quences que pourraient avoir de nouvelles d\u00e9couvertes scientifiques ou la cr\u00e9ation de technologies toujours plus performantes.<br><br>Les photographies de Catherine Leutenegger incitent \u00e0 porter un regard critique sur le r\u00f4le de la recherche et de l\u2019\u00e9volution technologique\u00a0: Quand l\u2019humain sera-t-il all\u00e9 trop loin\u00a0?\u00a0Qu\u2019est-ce qui distingue v\u00e9ritablement une image r\u00e9alis\u00e9e avec un instrument scientifique d\u2019une image r\u00e9alis\u00e9e avec un appareil photo num\u00e9rique \u00e9tant donn\u00e9 qu\u2019ils g\u00e9n\u00e8rent tout deux des donn\u00e9es\u00a0? Devrait-on chercher \u00e0 tout comprendre et \u00e0 tout expliquer\u00a0?<\/p>\n<\/div>\n\n\n\n<div class=\"wp-block-column is-layout-flow wp-block-column-is-layout-flow\">\n<figure class=\"wp-block-image size-large\"><img alt=\"\" loading=\"lazy\" decoding=\"async\" width=\"683\" height=\"1024\" src=\"https:\/\/wp.unil.ch\/techno-mondes\/files\/2023\/02\/3.DCI_147_2DCI_147_2-683x1024.jpg\" alt=\"\" class=\"wp-image-403\" srcset=\"https:\/\/wp.unil.ch\/techno-mondes\/files\/2023\/02\/3.DCI_147_2DCI_147_2-683x1024.jpg 683w, https:\/\/wp.unil.ch\/techno-mondes\/files\/2023\/02\/3.DCI_147_2DCI_147_2-200x300.jpg 200w, https:\/\/wp.unil.ch\/techno-mondes\/files\/2023\/02\/3.DCI_147_2DCI_147_2-768x1152.jpg 768w, https:\/\/wp.unil.ch\/techno-mondes\/files\/2023\/02\/3.DCI_147_2DCI_147_2-540x810.jpg 540w, https:\/\/wp.unil.ch\/techno-mondes\/files\/2023\/02\/3.DCI_147_2DCI_147_2.jpg 800w\" sizes=\"auto, (max-width: 683px) 100vw, 683px\" \/><figcaption class=\"wp-element-caption\">Fig.&nbsp;1. Catherine Leutenegger, <em>Titan Krios II, vue interne, <\/em>s\u00e9rie<em> Centre d\u2019imagerie Dubochet<\/em>, 2022<\/figcaption><\/figure>\n\n\n\n<figure class=\"wp-block-image size-large\"><img alt=\"\" loading=\"lazy\" decoding=\"async\" width=\"1024\" height=\"683\" src=\"https:\/\/wp.unil.ch\/techno-mondes\/files\/2023\/04\/UNNATURAL_STUDIES_002_Hyphoraia-testunidaria-min-1024x683.jpg\" alt=\"\" class=\"wp-image-877\" srcset=\"https:\/\/wp.unil.ch\/techno-mondes\/files\/2023\/04\/UNNATURAL_STUDIES_002_Hyphoraia-testunidaria-min-1024x683.jpg 1024w, https:\/\/wp.unil.ch\/techno-mondes\/files\/2023\/04\/UNNATURAL_STUDIES_002_Hyphoraia-testunidaria-min-300x200.jpg 300w, https:\/\/wp.unil.ch\/techno-mondes\/files\/2023\/04\/UNNATURAL_STUDIES_002_Hyphoraia-testunidaria-min-768x512.jpg 768w, https:\/\/wp.unil.ch\/techno-mondes\/files\/2023\/04\/UNNATURAL_STUDIES_002_Hyphoraia-testunidaria-min-1536x1024.jpg 1536w, https:\/\/wp.unil.ch\/techno-mondes\/files\/2023\/04\/UNNATURAL_STUDIES_002_Hyphoraia-testunidaria-min-540x360.jpg 540w, https:\/\/wp.unil.ch\/techno-mondes\/files\/2023\/04\/UNNATURAL_STUDIES_002_Hyphoraia-testunidaria-min-1080x720.jpg 1080w, https:\/\/wp.unil.ch\/techno-mondes\/files\/2023\/04\/UNNATURAL_STUDIES_002_Hyphoraia-testunidaria-min.jpg 1800w\" sizes=\"auto, (max-width: 1024px) 100vw, 1024px\" \/><figcaption class=\"wp-element-caption\">Fig.&nbsp;2. Catherine Leutenegger<em>, Unnatural Studies \/ Hyphoraia testunidaria<\/em>, 2021<\/figcaption><\/figure>\n<\/div>\n<\/div>\n","protected":false},"excerpt":{"rendered":"<p>Par Furaha Mujynya<\/p>\n","protected":false},"author":108,"featured_media":718,"parent":310,"menu_order":0,"comment_status":"closed","ping_status":"closed","template":"template-full-width.php","meta":{"_seopress_robots_primary_cat":"","_seopress_titles_title":"","_seopress_titles_desc":"","_seopress_robots_index":"","footnotes":""},"class_list":["post-368","page","type-page","status-publish","has-post-thumbnail"],"_links":{"self":[{"href":"https:\/\/wp.unil.ch\/techno-mondes\/wp-json\/wp\/v2\/pages\/368","targetHints":{"allow":["GET"]}}],"collection":[{"href":"https:\/\/wp.unil.ch\/techno-mondes\/wp-json\/wp\/v2\/pages"}],"about":[{"href":"https:\/\/wp.unil.ch\/techno-mondes\/wp-json\/wp\/v2\/types\/page"}],"author":[{"embeddable":true,"href":"https:\/\/wp.unil.ch\/techno-mondes\/wp-json\/wp\/v2\/users\/108"}],"replies":[{"embeddable":true,"href":"https:\/\/wp.unil.ch\/techno-mondes\/wp-json\/wp\/v2\/comments?post=368"}],"version-history":[{"count":0,"href":"https:\/\/wp.unil.ch\/techno-mondes\/wp-json\/wp\/v2\/pages\/368\/revisions"}],"up":[{"embeddable":true,"href":"https:\/\/wp.unil.ch\/techno-mondes\/wp-json\/wp\/v2\/pages\/310"}],"wp:featuredmedia":[{"embeddable":true,"href":"https:\/\/wp.unil.ch\/techno-mondes\/wp-json\/wp\/v2\/media\/718"}],"wp:attachment":[{"href":"https:\/\/wp.unil.ch\/techno-mondes\/wp-json\/wp\/v2\/media?parent=368"}],"curies":[{"name":"wp","href":"https:\/\/api.w.org\/{rel}","templated":true}]}}