{"id":314,"date":"2023-02-10T13:16:49","date_gmt":"2023-02-10T12:16:49","guid":{"rendered":"https:\/\/wp.unil.ch\/techno-mondes\/?page_id=314"},"modified":"2023-05-25T11:03:16","modified_gmt":"2023-05-25T09:03:16","slug":"scherrer","status":"publish","type":"page","link":"https:\/\/wp.unil.ch\/techno-mondes\/scherrer\/","title":{"rendered":"Camille Scherrer"},"content":{"rendered":"\n<p class=\"has-buttons-text-color has-accent-background-color has-text-color has-background\">Avec <strong><em>Vestiges 3.0<\/em>&nbsp;<\/strong>(2023), Camille Scherrer explore la soci\u00e9t\u00e9 de l\u2019approbation dans laquelle les plateformes num\u00e9riques ou les jeux vid\u00e9o nous convient par l\u2019usage de \u00ab&nbsp;likes&nbsp;\u00bb, de motifs de r\u00e9compenses (c\u0153ur, pi\u00e8ces d\u2019or, etc.). L\u2019univers pixelis\u00e9 et joyeux cache notre d\u00e9sir d\u2019\u00eatre sans cesse valid\u00e9, approuv\u00e9, aim\u00e9 ?<\/p>\n\n\n<div class=\"grid-plus-container grid-69ec2d87d3611 page \"\n     id=\"69ec2d87d3611\"\n     data-grid-name=\"Scherrer\"\n     data-animation=\"zoomIn\">\n    <div class=\"grid-stack-container grid-plus-inner\"\n         data-ajax-url=\"https:\/\/wp.unil.ch\/techno-mondes\/wp-admin\/admin-ajax.php\"\n         data-grid-id=\"64254ee140d4c\"\n         data-current-category=\"\"\n         data-section-id=\"69ec2d87d3611\"\n         data-gutter=\"30\"\n         data-columns=\"4\"\n         data-height-ratio=\"1\"\n         data-width-ratio=\"1\"\n         data-desktop-columns=\"4\"\n         data-tablet-columns=\"2\"\n         data-mobile-columns=\"1\"\n         data-layout-type=\"grid\"\n         data-fix-item-height=\"false\"\n         data-nonce=\"aa3ffaca0a\"\n    >\n        \n        <div class=\"grid-stack grid-stack-4\" data-layout=\"grid\"\n             style=\"height: 2690px\">\n        <\/div>\n        <div class=\"grid-items\">\n                            <div class=\"item\" data-gs-x=\"0\"\n                     data-gs-y=\"0\"\n                     data-gs-width=\"1\"\n                     data-gs-height=\"34\"\n                     data-skin=\"thumbnail-title-excerpt\"\n\n                     data-desktop-gs-x=\"0\"\n                     data-desktop-gs-y=\"0\"\n                     data-desktop-gs-width=\"1\"\n                     data-desktop-gs-height=\"34\"\n                     data-desktop-skin=\"thumbnail-title-excerpt\"\n\n                     data-image-width=\"1859\"\n                     data-image-height=\"1200\"\n                >\n                    <div class=\"grid-post-item thumbnail\" data-thumbnail-only=\"1\">\n    <div class=\"thumbnail-image\" data-img=\"https:\/\/wp.unil.ch\/techno-mondes\/files\/2023\/03\/Vestiges3-0_Pieces.jpg\">\n                    <img decoding=\"async\" src=\"https:\/\/wp.unil.ch\/techno-mondes\/files\/2023\/03\/Vestiges3-0_Pieces.jpg\" alt=\"Interview de l&rsquo;artiste Camille Scherrer\" >\n                <div class=\"hover-outer transition-30\">\n                            <a href=\"https:\/\/wp.unil.ch\/techno-mondes\/scherrer\/interview\/\" title=\"Interview de l&rsquo;artiste Camille Scherrer\"><\/a>\n                        <div class=\"hover-inner transition-50\">\n                                    <div class=\"title\">\n                                                    <a href=\"https:\/\/wp.unil.ch\/techno-mondes\/scherrer\/interview\/\" title=\"Interview de l&rsquo;artiste Camille Scherrer\">Interview de l&rsquo;artiste Camille Scherrer<\/a>\n                                            <\/div>\n                                                    <div class=\"excerpt\">par Alexia Paratte et Veritsa Vuchkova<\/div>\n                            <\/div>\n        <\/div>\n    <\/div>\n<\/div>\n                <\/div>\n                                <div class=\"item\" data-gs-x=\"1\"\n                     data-gs-y=\"0\"\n                     data-gs-width=\"1\"\n                     data-gs-height=\"34\"\n                     data-skin=\"thumbnail-title-excerpt\"\n\n                     data-desktop-gs-x=\"1\"\n                     data-desktop-gs-y=\"0\"\n                     data-desktop-gs-width=\"1\"\n                     data-desktop-gs-height=\"34\"\n                     data-desktop-skin=\"thumbnail-title-excerpt\"\n\n                     data-image-width=\"1861\"\n                     data-image-height=\"1200\"\n                >\n                    <div class=\"grid-post-item thumbnail\" data-thumbnail-only=\"1\">\n    <div class=\"thumbnail-image\" data-img=\"https:\/\/wp.unil.ch\/techno-mondes\/files\/2023\/03\/Vestiges3-0_Coeur.jpg\">\n                    <img decoding=\"async\" src=\"https:\/\/wp.unil.ch\/techno-mondes\/files\/2023\/03\/Vestiges3-0_Coeur.jpg\" alt=\"Jouer aux jeux vid\u00e9o dans un pr\u00e9\u00a0: L\u2019esth\u00e9tique du pixel dans la s\u00e9rie Vestiges\u00a03.0 de Camille Scherrer\" >\n                <div class=\"hover-outer transition-30\">\n                            <a href=\"https:\/\/wp.unil.ch\/techno-mondes\/scherrer\/esthetique-pixel-camille-scherrer\/\" title=\"Jouer aux jeux vid\u00e9o dans un pr\u00e9\u00a0: L\u2019esth\u00e9tique du pixel dans la s\u00e9rie Vestiges\u00a03.0 de Camille Scherrer\"><\/a>\n                        <div class=\"hover-inner transition-50\">\n                                    <div class=\"title\">\n                                                    <a href=\"https:\/\/wp.unil.ch\/techno-mondes\/scherrer\/esthetique-pixel-camille-scherrer\/\" title=\"Jouer aux jeux vid\u00e9o dans un pr\u00e9\u00a0: L\u2019esth\u00e9tique du pixel dans la s\u00e9rie Vestiges\u00a03.0 de Camille Scherrer\">Jouer aux jeux vid\u00e9o dans un pr\u00e9\u00a0: L\u2019esth\u00e9tique du pixel dans la s\u00e9rie Vestiges\u00a03.0 de Camille Scherrer<\/a>\n                                            <\/div>\n                                                    <div class=\"excerpt\">par Veritsa Vuchkova<\/div>\n                            <\/div>\n        <\/div>\n    <\/div>\n<\/div>\n                <\/div>\n                                <div class=\"item\" data-gs-x=\"2\"\n                     data-gs-y=\"0\"\n                     data-gs-width=\"1\"\n                     data-gs-height=\"34\"\n                     data-skin=\"thumbnail-title-excerpt\"\n\n                     data-desktop-gs-x=\"2\"\n                     data-desktop-gs-y=\"0\"\n                     data-desktop-gs-width=\"1\"\n                     data-desktop-gs-height=\"34\"\n                     data-desktop-skin=\"thumbnail-title-excerpt\"\n\n                     data-image-width=\"863\"\n                     data-image-height=\"1200\"\n                >\n                    <div class=\"grid-post-item thumbnail\" data-thumbnail-only=\"1\">\n    <div class=\"thumbnail-image\" data-img=\"https:\/\/wp.unil.ch\/techno-mondes\/files\/2023\/04\/Vestiges3-0_RA_2.jpg\">\n                    <img decoding=\"async\" src=\"https:\/\/wp.unil.ch\/techno-mondes\/files\/2023\/04\/Vestiges3-0_RA_2.jpg\" alt=\"La r\u00e9compense dans les jeux vid\u00e9o\" >\n                <div class=\"hover-outer transition-30\">\n                            <a href=\"https:\/\/wp.unil.ch\/techno-mondes\/scherrer\/la-recompense-dans-les-jeux-video\/\" title=\"La r\u00e9compense dans les jeux vid\u00e9o\"><\/a>\n                        <div class=\"hover-inner transition-50\">\n                                    <div class=\"title\">\n                                                    <a href=\"https:\/\/wp.unil.ch\/techno-mondes\/scherrer\/la-recompense-dans-les-jeux-video\/\" title=\"La r\u00e9compense dans les jeux vid\u00e9o\">La r\u00e9compense dans les jeux vid\u00e9o<\/a>\n                                            <\/div>\n                                                    <div class=\"excerpt\">Par Alexia Paratte<\/div>\n                            <\/div>\n        <\/div>\n    <\/div>\n<\/div>\n                <\/div>\n                                <div class=\"item\" data-gs-x=\"3\"\n                     data-gs-y=\"0\"\n                     data-gs-width=\"1\"\n                     data-gs-height=\"34\"\n                     data-skin=\"thumbnail-title-excerpt\"\n\n                     data-desktop-gs-x=\"3\"\n                     data-desktop-gs-y=\"0\"\n                     data-desktop-gs-width=\"1\"\n                     data-desktop-gs-height=\"34\"\n                     data-desktop-skin=\"thumbnail-title-excerpt\"\n\n                     data-image-width=\"901\"\n                     data-image-height=\"1200\"\n                >\n                    <div class=\"grid-post-item thumbnail\" data-thumbnail-only=\"1\">\n    <div class=\"thumbnail-image\" data-img=\"https:\/\/wp.unil.ch\/techno-mondes\/files\/2023\/04\/Vestiges3-0_RA_1.jpg\">\n                    <img decoding=\"async\" src=\"https:\/\/wp.unil.ch\/techno-mondes\/files\/2023\/04\/Vestiges3-0_RA_1.jpg\" alt=\"Portrait de Camille Scherrer\" >\n                <div class=\"hover-outer transition-30\">\n                            <a href=\"https:\/\/wp.unil.ch\/techno-mondes\/scherrer\/portrait\/\" title=\"Portrait de Camille Scherrer\"><\/a>\n                        <div class=\"hover-inner transition-50\">\n                                    <div class=\"title\">\n                                                    <a href=\"https:\/\/wp.unil.ch\/techno-mondes\/scherrer\/portrait\/\" title=\"Portrait de Camille Scherrer\">Portrait de Camille Scherrer<\/a>\n                                            <\/div>\n                                                    <div class=\"excerpt\">Par Alexia Paratte<\/div>\n                            <\/div>\n        <\/div>\n    <\/div>\n<\/div>\n                <\/div>\n                        <\/div>\n\n            <\/div>\n<\/div>\n\n\n\n\n<p>Camille Scherrer (CH, *1984) est une artiste et designer suisse. A la recherche de nouveaux champs d\u2019investigation, elle explore les intersections entre l\u2019art et les technologies. En 2008, elle obtient son dipl\u00f4me de designer \u00e0 l\u2019ECAL en communication visuelle \/ interaction design. Son dipl\u00f4me est une installation interactive de r\u00e9alit\u00e9 augment\u00e9e qui lui vaut de remporter le prix Pierre Berg\u00e9 du meilleur dipl\u00f4me de design europ\u00e9en. Ses travaux ont \u00e9t\u00e9 expos\u00e9s notamment au MoMA de New York, \u00e0 Tokyo, \u00e0 San Francisco, New Orleans, Beyrouth, Paris, S\u00e9oul, Lima ou encore Istanbul. Parall\u00e8lement \u00e0 sa pratique personnelle, Camille Scherrer enseigne les nouveaux m\u00e9dias \u00e0 la HEAD (Gen\u00e8ve).<\/p>\n\n\n\n<p class=\"bordure\"><em>Avec&nbsp;la s\u00e9rie <strong>Vestiges 3.0&nbsp;<\/strong>(2023),&nbsp;je propose une exploration de la notion de r\u00e9compense virtuelle transpos\u00e9e dans le r\u00e9el. Elle se concr\u00e9tise en une s\u00e9rie de tirages de grande dimension sur support rigide, de r\u00e9compenses virtuelles connues de tous. Une cohorte de pi\u00e8ces d\u2019or nous transpose dans l\u2019univers Nintendo et un c\u0153ur g\u00e9ant, plant\u00e9 au milieu du pr\u00e9, nous propose une nouvelle vie. Leur traitement esth\u00e9tique, qui accentue l\u2019effet pixellis\u00e9, reste fid\u00e8le aux codes visuels des jeux, mais prend une forme monumentale, nous d\u00e9passe physiquement et prend corps dans l\u2019espace r\u00e9el.<br><br>Ces pixels, install\u00e9s sur la plaine de l\u2019Unith\u00e8que, font l\u2019effet de venir d\u2019un autre temps, comme tomb\u00e9s du ciel. Dans un champ o\u00f9 la nature reprendra ses droits durant le temps de l\u2019exposition, l\u2019herbe envahissant petit \u00e0 petit le pied du c\u0153ur g\u00e9ant, mon projet vise \u00e0 renforcer ce contraste inattendu, entre r\u00e9el et virtuel.<\/em><br><br>Camille Scherrer<\/p>\n\n\n\n<p><\/p>\n","protected":false},"excerpt":{"rendered":"<p>Vestiges 3.0 (2023)<\/p>\n","protected":false},"author":108,"featured_media":1042,"parent":0,"menu_order":10,"comment_status":"closed","ping_status":"closed","template":"template-full-width.php","meta":{"_seopress_robots_primary_cat":"","_seopress_titles_title":"","_seopress_titles_desc":"","_seopress_robots_index":"","footnotes":""},"class_list":["post-314","page","type-page","status-publish","has-post-thumbnail"],"_links":{"self":[{"href":"https:\/\/wp.unil.ch\/techno-mondes\/wp-json\/wp\/v2\/pages\/314","targetHints":{"allow":["GET"]}}],"collection":[{"href":"https:\/\/wp.unil.ch\/techno-mondes\/wp-json\/wp\/v2\/pages"}],"about":[{"href":"https:\/\/wp.unil.ch\/techno-mondes\/wp-json\/wp\/v2\/types\/page"}],"author":[{"embeddable":true,"href":"https:\/\/wp.unil.ch\/techno-mondes\/wp-json\/wp\/v2\/users\/108"}],"replies":[{"embeddable":true,"href":"https:\/\/wp.unil.ch\/techno-mondes\/wp-json\/wp\/v2\/comments?post=314"}],"version-history":[{"count":0,"href":"https:\/\/wp.unil.ch\/techno-mondes\/wp-json\/wp\/v2\/pages\/314\/revisions"}],"wp:featuredmedia":[{"embeddable":true,"href":"https:\/\/wp.unil.ch\/techno-mondes\/wp-json\/wp\/v2\/media\/1042"}],"wp:attachment":[{"href":"https:\/\/wp.unil.ch\/techno-mondes\/wp-json\/wp\/v2\/media?parent=314"}],"curies":[{"name":"wp","href":"https:\/\/api.w.org\/{rel}","templated":true}]}}