{"id":312,"date":"2023-02-10T13:16:39","date_gmt":"2023-02-10T12:16:39","guid":{"rendered":"https:\/\/wp.unil.ch\/techno-mondes\/?page_id=312"},"modified":"2023-04-04T12:20:26","modified_gmt":"2023-04-04T10:20:26","slug":"gafsou","status":"publish","type":"page","link":"https:\/\/wp.unil.ch\/techno-mondes\/gafsou\/","title":{"rendered":"Matthieu Gafsou"},"content":{"rendered":"\n<p class=\"has-buttons-text-color has-accent-background-color has-text-color has-background\">Matthieu Gafsou, \u00e0 l\u2019aide des derniers programmes de g\u00e9n\u00e9ration d\u2019images utilisant l\u2019intelligence artificielle, fait le r\u00e9cit d\u2019une plan\u00e8te en ruine, o\u00f9 r\u00e8gnent sc\u00e8nes de violence et objets en d\u00e9composition. Au sein de sa s\u00e9rie&nbsp;<strong><em>Chim\u00e8res<\/em><\/strong> (2023), technologies et vivants tentent de r\u00e9sister, en lutte constante, dans ce monde sombre pens\u00e9 par les algorithmes.<\/p>\n\n\n<div class=\"grid-plus-container grid-69d04e92ab895 page \"\n     id=\"69d04e92ab895\"\n     data-grid-name=\"Gafsou\"\n     data-animation=\"zoomIn\">\n    <div class=\"grid-stack-container grid-plus-inner\"\n         data-ajax-url=\"https:\/\/wp.unil.ch\/techno-mondes\/wp-admin\/admin-ajax.php\"\n         data-grid-id=\"64254f3b7b725\"\n         data-current-category=\"\"\n         data-section-id=\"69d04e92ab895\"\n         data-gutter=\"30\"\n         data-columns=\"4\"\n         data-height-ratio=\"1\"\n         data-width-ratio=\"1\"\n         data-desktop-columns=\"4\"\n         data-tablet-columns=\"2\"\n         data-mobile-columns=\"1\"\n         data-layout-type=\"grid\"\n         data-fix-item-height=\"false\"\n         data-nonce=\"445f520dc7\"\n    >\n        \n        <div class=\"grid-stack grid-stack-4\" data-layout=\"grid\"\n             style=\"height: 2690px\">\n        <\/div>\n        <div class=\"grid-items\">\n                            <div class=\"item\" data-gs-x=\"0\"\n                     data-gs-y=\"0\"\n                     data-gs-width=\"1\"\n                     data-gs-height=\"34\"\n                     data-skin=\"thumbnail-title-excerpt\"\n\n                     data-desktop-gs-x=\"0\"\n                     data-desktop-gs-y=\"0\"\n                     data-desktop-gs-width=\"1\"\n                     data-desktop-gs-height=\"34\"\n                     data-desktop-skin=\"thumbnail-title-excerpt\"\n\n                     data-image-width=\"1200\"\n                     data-image-height=\"1200\"\n                >\n                    <div class=\"grid-post-item thumbnail\" data-thumbnail-only=\"1\">\n    <div class=\"thumbnail-image\" data-img=\"https:\/\/wp.unil.ch\/techno-mondes\/files\/2023\/03\/9.chimeres_09.png\">\n                    <img decoding=\"async\" src=\"https:\/\/wp.unil.ch\/techno-mondes\/files\/2023\/03\/9.chimeres_09.png\" alt=\"De l\u2019art de d\u00e9stabiliser\u00a0: cr\u00e9er avec une IA\" >\n                <div class=\"hover-outer transition-30\">\n                            <a href=\"https:\/\/wp.unil.ch\/techno-mondes\/gafsou\/de-lart-de-destabiliser\/\" title=\"De l\u2019art de d\u00e9stabiliser\u00a0: cr\u00e9er avec une IA\"><\/a>\n                        <div class=\"hover-inner transition-50\">\n                                    <div class=\"title\">\n                                                    <a href=\"https:\/\/wp.unil.ch\/techno-mondes\/gafsou\/de-lart-de-destabiliser\/\" title=\"De l\u2019art de d\u00e9stabiliser\u00a0: cr\u00e9er avec une IA\">De l\u2019art de d\u00e9stabiliser\u00a0: cr\u00e9er avec une IA<\/a>\n                                            <\/div>\n                                                    <div class=\"excerpt\">Par Valentine Cuenot<\/div>\n                            <\/div>\n        <\/div>\n    <\/div>\n<\/div>\n                <\/div>\n                                <div class=\"item\" data-gs-x=\"1\"\n                     data-gs-y=\"0\"\n                     data-gs-width=\"1\"\n                     data-gs-height=\"34\"\n                     data-skin=\"thumbnail-title-excerpt\"\n\n                     data-desktop-gs-x=\"1\"\n                     data-desktop-gs-y=\"0\"\n                     data-desktop-gs-width=\"1\"\n                     data-desktop-gs-height=\"34\"\n                     data-desktop-skin=\"thumbnail-title-excerpt\"\n\n                     data-image-width=\"1200\"\n                     data-image-height=\"1200\"\n                >\n                    <div class=\"grid-post-item thumbnail\" data-thumbnail-only=\"1\">\n    <div class=\"thumbnail-image\" data-img=\"https:\/\/wp.unil.ch\/techno-mondes\/files\/2023\/03\/5.chimeres_06.png\">\n                    <img decoding=\"async\" src=\"https:\/\/wp.unil.ch\/techno-mondes\/files\/2023\/03\/5.chimeres_06.png\" alt=\"Interview de l&rsquo;artiste Matthieu Gafsou\" >\n                <div class=\"hover-outer transition-30\">\n                            <a href=\"https:\/\/wp.unil.ch\/techno-mondes\/gafsou\/interview\/\" title=\"Interview de l&rsquo;artiste Matthieu Gafsou\"><\/a>\n                        <div class=\"hover-inner transition-50\">\n                                    <div class=\"title\">\n                                                    <a href=\"https:\/\/wp.unil.ch\/techno-mondes\/gafsou\/interview\/\" title=\"Interview de l&rsquo;artiste Matthieu Gafsou\">Interview de l&rsquo;artiste Matthieu Gafsou<\/a>\n                                            <\/div>\n                                                    <div class=\"excerpt\">Par Valentine Cuenot, Marcela Havrilova et Rebecca Onesti<\/div>\n                            <\/div>\n        <\/div>\n    <\/div>\n<\/div>\n                <\/div>\n                                <div class=\"item\" data-gs-x=\"2\"\n                     data-gs-y=\"0\"\n                     data-gs-width=\"1\"\n                     data-gs-height=\"34\"\n                     data-skin=\"thumbnail-title-excerpt\"\n\n                     data-desktop-gs-x=\"2\"\n                     data-desktop-gs-y=\"0\"\n                     data-desktop-gs-width=\"1\"\n                     data-desktop-gs-height=\"34\"\n                     data-desktop-skin=\"thumbnail-title-excerpt\"\n\n                     data-image-width=\"1200\"\n                     data-image-height=\"1200\"\n                >\n                    <div class=\"grid-post-item thumbnail\" data-thumbnail-only=\"1\">\n    <div class=\"thumbnail-image\" data-img=\"https:\/\/wp.unil.ch\/techno-mondes\/files\/2023\/03\/10.chimeres_11.png\">\n                    <img decoding=\"async\" src=\"https:\/\/wp.unil.ch\/techno-mondes\/files\/2023\/03\/10.chimeres_11.png\" alt=\"La s\u00e9rie Chim\u00e8res de Matthieu Gafsou\u00a0: photographie du futur\" >\n                <div class=\"hover-outer transition-30\">\n                            <a href=\"https:\/\/wp.unil.ch\/techno-mondes\/gafsou\/photographie-du-futur\/\" title=\"La s\u00e9rie Chim\u00e8res de Matthieu Gafsou\u00a0: photographie du futur\"><\/a>\n                        <div class=\"hover-inner transition-50\">\n                                    <div class=\"title\">\n                                                    <a href=\"https:\/\/wp.unil.ch\/techno-mondes\/gafsou\/photographie-du-futur\/\" title=\"La s\u00e9rie Chim\u00e8res de Matthieu Gafsou\u00a0: photographie du futur\">La s\u00e9rie Chim\u00e8res de Matthieu Gafsou\u00a0: photographie du futur<\/a>\n                                            <\/div>\n                                                    <div class=\"excerpt\">Par Rebecca Onesti<\/div>\n                            <\/div>\n        <\/div>\n    <\/div>\n<\/div>\n                <\/div>\n                                <div class=\"item\" data-gs-x=\"3\"\n                     data-gs-y=\"0\"\n                     data-gs-width=\"1\"\n                     data-gs-height=\"34\"\n                     data-skin=\"thumbnail-title-excerpt\"\n\n                     data-desktop-gs-x=\"3\"\n                     data-desktop-gs-y=\"0\"\n                     data-desktop-gs-width=\"1\"\n                     data-desktop-gs-height=\"34\"\n                     data-desktop-skin=\"thumbnail-title-excerpt\"\n\n                     data-image-width=\"1200\"\n                     data-image-height=\"1200\"\n                >\n                    <div class=\"grid-post-item thumbnail\" data-thumbnail-only=\"1\">\n    <div class=\"thumbnail-image\" data-img=\"https:\/\/wp.unil.ch\/techno-mondes\/files\/2023\/03\/8.chimeres_10.png\">\n                    <img decoding=\"async\" src=\"https:\/\/wp.unil.ch\/techno-mondes\/files\/2023\/03\/8.chimeres_10.png\" alt=\"Portrait de Matthieu Gafsou\" >\n                <div class=\"hover-outer transition-30\">\n                            <a href=\"https:\/\/wp.unil.ch\/techno-mondes\/gafsou\/portrait\/\" title=\"Portrait de Matthieu Gafsou\"><\/a>\n                        <div class=\"hover-inner transition-50\">\n                                    <div class=\"title\">\n                                                    <a href=\"https:\/\/wp.unil.ch\/techno-mondes\/gafsou\/portrait\/\" title=\"Portrait de Matthieu Gafsou\">Portrait de Matthieu Gafsou<\/a>\n                                            <\/div>\n                                                    <div class=\"excerpt\">Par Rebecca Onesti<\/div>\n                            <\/div>\n        <\/div>\n    <\/div>\n<\/div>\n                <\/div>\n                        <\/div>\n\n            <\/div>\n<\/div>\n\n\n\n\n<p>Matthieu Gafsou (CH\/F, *1981) vit et travaille \u00e0 Lausanne. Apr\u00e8s avoir obtenu un Master \u00e8s Lettres \u00e0 l\u2019Universit\u00e9 de Lausanne, il a \u00e9tudi\u00e9 la photographie \u00e0 l\u2019\u00c9cole d\u2019arts appliqu\u00e9s de Vevey. Depuis 2006, il a particip\u00e9 \u00e0 de nombreuses expositions collectives et individuelles, et a publi\u00e9 sept livres. En 2018, l\u2019exposition <em>H+<\/em> est l\u2019un des temps forts des Rencontres de la Photographie d\u2019Arles et fait ensuite le tour du monde (Chine, Australie, Italie, Irlande, Espagne, Suisse, etc.). En 2022, le projet <em>Vivants<\/em> est pr\u00e9sent\u00e9 <em>in extenso<\/em> au mus\u00e9e de Pully ainsi qu\u2019\u00e0 Paris Photo o\u00f9 il gagne le prix de la maison Ruinart. Matthieu Gafsou enseigne depuis plusieurs ann\u00e9es \u00e0 l&rsquo;\u00c9cole cantonale d&rsquo;art de Lausanne (ECAL).<\/p>\n\n\n\n<p class=\"bordure\"><em>La repr\u00e9sentation de futurs est une vue de l\u2019esprit. Elle se nourrit des imaginaires du pr\u00e9sent, qu\u2019ils soient issus de la fiction ou d\u2019autres instances se servant de cette notion (commerce, politique, etc.) et \u00e9voque des projections, souvent li\u00e9es \u00e0 des inqui\u00e9tudes ou des fantasmes. Dans<\/em> <strong>Chim\u00e8res<\/strong><em>, projet photographique qui aborde cette question des futurs possibles, j\u2019ai essay\u00e9 de jouer entre mes affinit\u00e9s \u00e9lectives et la mise en p\u00e9ril de ces inclinations par l\u2019usage d\u2019instances externes qui (croit-on <\/em>a priori<em>) p\u00e9nalisent ou amoindrissent la pr\u00e9sence de l\u2019op\u00e9rateur\u00a0: des intelligences artificielles. Je me suis donc servi de moteurs que l\u2019on nourrit avec des mots pour fabriquer des images (Dall-e et Stable diffusion principalement). Je suis aussi all\u00e9 chercher (chez des \u00e9crivains SF qui forgent des repr\u00e9sentations du futur dans leurs r\u00e9cits) des histoires et des mots qui me touchent\u00a0: Barjavel, Damasio, Gibson, etc. J\u2019ai fragment\u00e9 certains de leurs textes pour les donner \u00e0 manger \u00e0 l\u2019IA. J\u2019ai aussi fait appel \u00e0 un moteur de traduction (Deepl), lui-m\u00eame fabriqu\u00e9 sur le mod\u00e8le du <\/em>deep learning<em>, pour traduire les \u00e9crivains francophones ou mes r\u00e9flexions personnelles. Enfin, lorsque par exemple Dall-e produisait des images en noir et blanc, j\u2019ai utilis\u00e9 un autre algorithme bas\u00e9 sur l\u2019IA, r\u00e9cent dans le logiciel de retouches Photoshop, qui colorise automatiquement une photographie en noir et blanc.<br><br>La somme de ces instances pourrait laisser penser que la fabrication des images m\u2019\u00e9chapperait, qu\u2019elle n\u2019irait pas l\u00e0 o\u00f9 mon imagination se serait orient\u00e9e de prime abord. Mais les images produites balaient cette hypoth\u00e8se\u00a0: je reste celui qui d\u00e9cide et qui fabrique\u00a0: une narration, un monde possible, nourri par des d\u00e9sirs, de la fiction, de l\u2019anxi\u00e9t\u00e9, etc. Ce qui est plus \u00e9trange, c\u2019est que l\u2019on se rend bien compte que l\u2019IA se nourrit d\u2019images que l\u2019on conna\u00eet et qu\u2019elle reproduit \u00e0 sa fa\u00e7on. La base de donn\u00e9es gigantesque qui sert de mati\u00e8re premi\u00e8re \u00e0 l\u2019algorithme demeure conditionn\u00e9e par l\u2019existant et aura naturellement tendance \u00e0 reproduire un langage dominant, voire st\u00e9r\u00e9otyp\u00e9. L\u2019un des enjeux d\u2019un projet comme<\/em> Chim\u00e8res <em>devient d\u00e8s lors d\u2019essayer de parasiter la facult\u00e9 de l\u2019IA \u00e0 copier, de proposer des formulations \u00e9tranges, vagues ou po\u00e9tiques, en porte \u00e0 faux avec une description pr\u00e9cise des choses et qui permet l\u2019\u00e9mergence de l\u2019inattendu. Au final, les plus belles images sont celles o\u00f9 l\u2019accident, l\u2019imperfection de la machine, se lit et fabrique quelque chose qui rel\u00e8ve du po\u00e9tique.<\/em><br><br>Matthieu Gafsou<\/p>\n","protected":false},"excerpt":{"rendered":"<p>Chim\u00e8res (2023)<\/p>\n","protected":false},"author":108,"featured_media":779,"parent":0,"menu_order":30,"comment_status":"closed","ping_status":"closed","template":"template-full-width.php","meta":{"_seopress_robots_primary_cat":"","_seopress_titles_title":"","_seopress_titles_desc":"","_seopress_robots_index":"","footnotes":""},"class_list":["post-312","page","type-page","status-publish","has-post-thumbnail"],"_links":{"self":[{"href":"https:\/\/wp.unil.ch\/techno-mondes\/wp-json\/wp\/v2\/pages\/312","targetHints":{"allow":["GET"]}}],"collection":[{"href":"https:\/\/wp.unil.ch\/techno-mondes\/wp-json\/wp\/v2\/pages"}],"about":[{"href":"https:\/\/wp.unil.ch\/techno-mondes\/wp-json\/wp\/v2\/types\/page"}],"author":[{"embeddable":true,"href":"https:\/\/wp.unil.ch\/techno-mondes\/wp-json\/wp\/v2\/users\/108"}],"replies":[{"embeddable":true,"href":"https:\/\/wp.unil.ch\/techno-mondes\/wp-json\/wp\/v2\/comments?post=312"}],"version-history":[{"count":0,"href":"https:\/\/wp.unil.ch\/techno-mondes\/wp-json\/wp\/v2\/pages\/312\/revisions"}],"wp:featuredmedia":[{"embeddable":true,"href":"https:\/\/wp.unil.ch\/techno-mondes\/wp-json\/wp\/v2\/media\/779"}],"wp:attachment":[{"href":"https:\/\/wp.unil.ch\/techno-mondes\/wp-json\/wp\/v2\/media?parent=312"}],"curies":[{"name":"wp","href":"https:\/\/api.w.org\/{rel}","templated":true}]}}