{"id":308,"date":"2023-02-10T13:12:11","date_gmt":"2023-02-10T12:12:11","guid":{"rendered":"https:\/\/wp.unil.ch\/techno-mondes\/?page_id=308"},"modified":"2023-04-04T12:22:53","modified_gmt":"2023-04-04T10:22:53","slug":"greco","status":"publish","type":"page","link":"https:\/\/wp.unil.ch\/techno-mondes\/greco\/","title":{"rendered":"Pascal Greco"},"content":{"rendered":"\n<p class=\"has-buttons-text-color has-accent-background-color has-text-color has-background\">Les paysages de Pascal Greco dans sa s\u00e9rie in\u00e9dite <strong><em>Nouveaux territoires<\/em><\/strong> (2022-2023), s\u2019ils paraissent avoir \u00e9t\u00e9 photographi\u00e9s \u00ab&nbsp;sur le motif&nbsp;\u00bb, en plein air, constituent en r\u00e9alit\u00e9 des simulations, captur\u00e9es dans diff\u00e9rents jeux vid\u00e9o. Des mondes technologiques qui miment le r\u00e9el jusqu\u2019\u00e0 s\u2019y substituer&nbsp;?<\/p>\n\n\n<div class=\"grid-plus-container grid-69ec2d8825fb5 page \"\n     id=\"69ec2d8825fb5\"\n     data-grid-name=\"Greco\"\n     data-animation=\"zoomIn\">\n    <div class=\"grid-stack-container grid-plus-inner\"\n         data-ajax-url=\"https:\/\/wp.unil.ch\/techno-mondes\/wp-admin\/admin-ajax.php\"\n         data-grid-id=\"64254f59dab6e\"\n         data-current-category=\"\"\n         data-section-id=\"69ec2d8825fb5\"\n         data-gutter=\"30\"\n         data-columns=\"4\"\n         data-height-ratio=\"1\"\n         data-width-ratio=\"1\"\n         data-desktop-columns=\"4\"\n         data-tablet-columns=\"2\"\n         data-mobile-columns=\"1\"\n         data-layout-type=\"grid\"\n         data-fix-item-height=\"false\"\n         data-nonce=\"aa3ffaca0a\"\n    >\n        \n        <div class=\"grid-stack grid-stack-4\" data-layout=\"grid\"\n             style=\"height: 2370px\">\n        <\/div>\n        <div class=\"grid-items\">\n                            <div class=\"item\" data-gs-x=\"0\"\n                     data-gs-y=\"0\"\n                     data-gs-width=\"1\"\n                     data-gs-height=\"30\"\n                     data-skin=\"thumbnail-title-excerpt\"\n\n                     data-desktop-gs-x=\"0\"\n                     data-desktop-gs-y=\"0\"\n                     data-desktop-gs-width=\"1\"\n                     data-desktop-gs-height=\"30\"\n                     data-desktop-skin=\"thumbnail-title-excerpt\"\n\n                     data-image-width=\"1920\"\n                     data-image-height=\"1080\"\n                >\n                    <div class=\"grid-post-item thumbnail\" data-thumbnail-only=\"1\">\n    <div class=\"thumbnail-image\" data-img=\"https:\/\/wp.unil.ch\/techno-mondes\/files\/2023\/03\/1.Hong-KongN\u00b01.jpg\">\n                    <img decoding=\"async\" src=\"https:\/\/wp.unil.ch\/techno-mondes\/files\/2023\/03\/1.Hong-KongN\u00b01.jpg\" alt=\"Interview de l&rsquo;artiste Pascal Greco\" >\n                <div class=\"hover-outer transition-30\">\n                            <a href=\"https:\/\/wp.unil.ch\/techno-mondes\/greco\/interview\/\" title=\"Interview de l&rsquo;artiste Pascal Greco\"><\/a>\n                        <div class=\"hover-inner transition-50\">\n                                    <div class=\"title\">\n                                                    <a href=\"https:\/\/wp.unil.ch\/techno-mondes\/greco\/interview\/\" title=\"Interview de l&rsquo;artiste Pascal Greco\">Interview de l&rsquo;artiste Pascal Greco<\/a>\n                                            <\/div>\n                                                    <div class=\"excerpt\">Par Mariana Alves, Sandra Duma et Marylou Gasser<\/div>\n                            <\/div>\n        <\/div>\n    <\/div>\n<\/div>\n                <\/div>\n                                <div class=\"item\" data-gs-x=\"1\"\n                     data-gs-y=\"0\"\n                     data-gs-width=\"1\"\n                     data-gs-height=\"30\"\n                     data-skin=\"thumbnail-title-excerpt\"\n\n                     data-desktop-gs-x=\"1\"\n                     data-desktop-gs-y=\"0\"\n                     data-desktop-gs-width=\"1\"\n                     data-desktop-gs-height=\"30\"\n                     data-desktop-skin=\"thumbnail-title-excerpt\"\n\n                     data-image-width=\"1920\"\n                     data-image-height=\"1080\"\n                >\n                    <div class=\"grid-post-item thumbnail\" data-thumbnail-only=\"1\">\n    <div class=\"thumbnail-image\" data-img=\"https:\/\/wp.unil.ch\/techno-mondes\/files\/2023\/03\/4.CalifornieN\u00b02.jpg\">\n                    <img decoding=\"async\" src=\"https:\/\/wp.unil.ch\/techno-mondes\/files\/2023\/03\/4.CalifornieN\u00b02.jpg\" alt=\"Portrait de Pascal Greco\" >\n                <div class=\"hover-outer transition-30\">\n                            <a href=\"https:\/\/wp.unil.ch\/techno-mondes\/greco\/portrait\/\" title=\"Portrait de Pascal Greco\"><\/a>\n                        <div class=\"hover-inner transition-50\">\n                                    <div class=\"title\">\n                                                    <a href=\"https:\/\/wp.unil.ch\/techno-mondes\/greco\/portrait\/\" title=\"Portrait de Pascal Greco\">Portrait de Pascal Greco<\/a>\n                                            <\/div>\n                                                    <div class=\"excerpt\">Par Sandra Camelia Duma<\/div>\n                            <\/div>\n        <\/div>\n    <\/div>\n<\/div>\n                <\/div>\n                        <\/div>\n\n            <\/div>\n<\/div>\n\n\n\n\n<p>Pascal Greco (CH\/IT, *1978), cin\u00e9aste et photographe autodidacte, vit et travaille en Suisse. Il a r\u00e9alis\u00e9 huit films et a publi\u00e9 sept ouvrages. Son travail photographique est centr\u00e9 sur l\u2019architecture et sa place dans le paysage. Ses travaux ont \u00e9t\u00e9 publi\u00e9s, entre autres, dans <em>The Guardian, Vice, Lib\u00e9ration<\/em> et <em>Num\u00e9ro<\/em>. Avec la metteuse en sc\u00e8ne Radhia Chapot-Habbes, il a cr\u00e9\u00e9 le collectif <em>ELAN <\/em>dont l\u2019objectif est de permettre \u00e0 des personnes fragilis\u00e9es, pr\u00e9caris\u00e9es ou isol\u00e9es, de faire des exp\u00e9riences humaines et artistiques dans le but de retrouver estime et confiance en soi afin de permettre une meilleure int\u00e9gration.<\/p>\n\n\n\n<p class=\"bordure\"><em>Au printemps 2020, je d\u00e9couvre dans les paysages majestueux d\u2019un jeu vid\u00e9o un \u00e9chappatoire ludique et artistique. Mode photo activ\u00e9, je donne \u00e0 mon projet photographique interrompu par la pand\u00e9mie une tournure inattendue\u00a0: en lieu et place de l\u2019Islande, je parcourt les montagnes, vall\u00e9es et rivages virtuels de <\/em>Death Stranding<em>, sans bouger de mon salon. En r\u00e9sulte <\/em>Place(s)<em>, recueil d\u2019images ambigu\u00ebs au nom \u00e9vocateur de lieux paradoxaux, lointains et irr\u00e9els mais pourtant si familiers.<\/em><br><br><em>Gr\u00e2ce \u00e0 d\u2019autres jeux, je m\u2019affranchis des contraintes qui persistent pour explorer de nouveaux territoires. Au travers des mondes des jeux <\/em>Stray<em>,<\/em> CyberPunk 2077<em>, <\/em>Assassin&rsquo;s Creed<em> ou encore<\/em> Far Cry<em>, j\u2019\u00e9tends mon immersion en Islande, et m\u2019aventure dans le d\u00e9sert californien, ou retrouve les rues \u00e9tincelantes de Hong Kong, donnant ici un nouvel \u00e9lan \u00e0 mon projet au long cours<\/em> Hong Kong Neon<em>.<\/em><br><br><em>Alors que notre exp\u00e9rience de la g\u00e9ographie et des paysages s\u2019impr\u00e8gne toujours plus d\u2019images virtuelles, mes photographies jouent avec le r\u00e9el et l\u2019imaginaire, l\u2019espace physique ou num\u00e9rique, pour questionner notre rapport au monde qui nous entoure et \u00e0 ceux que nous cr\u00e9ons.<\/em><br><br>Pascal Greco<\/p>\n","protected":false},"excerpt":{"rendered":"<p>Nouveaux territoires (2022-2023)<\/p>\n","protected":false},"author":108,"featured_media":774,"parent":0,"menu_order":40,"comment_status":"closed","ping_status":"closed","template":"template-full-width.php","meta":{"_seopress_robots_primary_cat":"","_seopress_titles_title":"","_seopress_titles_desc":"","_seopress_robots_index":"","footnotes":""},"class_list":["post-308","page","type-page","status-publish","has-post-thumbnail"],"_links":{"self":[{"href":"https:\/\/wp.unil.ch\/techno-mondes\/wp-json\/wp\/v2\/pages\/308","targetHints":{"allow":["GET"]}}],"collection":[{"href":"https:\/\/wp.unil.ch\/techno-mondes\/wp-json\/wp\/v2\/pages"}],"about":[{"href":"https:\/\/wp.unil.ch\/techno-mondes\/wp-json\/wp\/v2\/types\/page"}],"author":[{"embeddable":true,"href":"https:\/\/wp.unil.ch\/techno-mondes\/wp-json\/wp\/v2\/users\/108"}],"replies":[{"embeddable":true,"href":"https:\/\/wp.unil.ch\/techno-mondes\/wp-json\/wp\/v2\/comments?post=308"}],"version-history":[{"count":0,"href":"https:\/\/wp.unil.ch\/techno-mondes\/wp-json\/wp\/v2\/pages\/308\/revisions"}],"wp:featuredmedia":[{"embeddable":true,"href":"https:\/\/wp.unil.ch\/techno-mondes\/wp-json\/wp\/v2\/media\/774"}],"wp:attachment":[{"href":"https:\/\/wp.unil.ch\/techno-mondes\/wp-json\/wp\/v2\/media?parent=308"}],"curies":[{"name":"wp","href":"https:\/\/api.w.org\/{rel}","templated":true}]}}