{"id":220,"date":"2023-02-03T17:17:22","date_gmt":"2023-02-03T16:17:22","guid":{"rendered":"https:\/\/wp.unil.ch\/techno-mondes\/?page_id=220"},"modified":"2023-05-25T11:16:53","modified_gmt":"2023-05-25T09:16:53","slug":"equipe","status":"publish","type":"page","link":"https:\/\/wp.unil.ch\/techno-mondes\/equipe\/","title":{"rendered":"\u00c9quipe &amp; Remerciements"},"content":{"rendered":"\n<p class=\"has-buttons-text-color has-accent-background-color has-text-color has-background\"><strong>L&rsquo;exposition <em>Techno-mondes<\/em> est produite par le Service Culture et M\u00e9diation scientifique &#8211; L&rsquo;\u00e9prouvette, Laboratoire \/ Sciences et Soci\u00e9t\u00e9 \/ UNIL<\/strong><\/p>\n\n\n\n<div class=\"wp-block-columns is-layout-flex wp-container-core-columns-is-layout-9d6595d7 wp-block-columns-is-layout-flex\">\n<div class=\"wp-block-column is-layout-flow wp-block-column-is-layout-flow\">\n<p><strong>\u00c9quipe<\/strong><\/p>\n\n\n\n<p><strong>Commissariat<\/strong><br>Prof. Nathalie Dietschy<br>(Section d&rsquo;histoire de l&rsquo;art, Facult\u00e9 des lettres, UNIL)<\/p>\n\n\n\n<p><strong>Coordination et m\u00e9diation scientifique et culturelle<\/strong><br>Jennifer Genovese, David Javet<br>(Service Culture et M\u00e9diation scientifique &#8211; L&rsquo;\u00e9prouvette)<\/p>\n\n\n\n<p><strong>Sc\u00e9nographie<\/strong><br>Makroart AG<\/p>\n\n\n\n<p><strong>Graphisme<\/strong><br>Jo\u00eblle Proz (Unicom)<\/p>\n\n\n\n<p><strong>Webmaster<\/strong><br>Floriane Beetschen (Unicom)<\/p>\n\n\n\n<p><strong>Communication<\/strong><br>Victoire Margairaz, Audrey Meyer, Aur\u00e9lie Kuntschen et Julia Nussl\u00e9 (Service Culture et M\u00e9diation scientifique &#8211; L&rsquo;\u00e9prouvette)<\/p>\n\n\n\n<p><strong>R\u00e9daction des textes<\/strong><br>Mariana Alves, Valentine Cuenot, Sandra Camelia Duma, Marylou Gasser, Marcela Havrilova, Chlo\u00e9 Luthier, Furaha Mujynya, Rebecca Onesti, Alexia Paratte, Veritsa Vuchkova<\/p>\n<\/div>\n\n\n\n<div class=\"wp-block-column is-layout-flow wp-block-column-is-layout-flow\">\n<p><strong>Remerciements<\/strong><\/p>\n\n\n\n<p><em>Les artistes qui ont partag\u00e9 leur vision des <\/em>\u00ab\u00a0Techno-mondes\u00a0\u00bb<br>Matthieu Gafsou<br>Pascal Greco<br>Catherine Leutenegger<br>Camille Scherrer<\/p>\n\n\n\n<p><em>Les chercheuses et les chercheurs qui ont offert leur soutien et leur temps<\/em><br>Prof. Stephan Gruber (D\u00e9partement de microbiologie fondamentale, Facult\u00e9 de biologie et de m\u00e9decine, UNIL), Dr. Alexander Myasnikov, Prof. Christel Genoud, Prof. Henning Stahlberg (Dubochet Center for Imaging, DCI, UNIL-EPFL) et leurs \u00e9quipes<\/p>\n\n\n\n<p><em>La pr\u00e9paration de cette exposition n&rsquo;aurait pas \u00e9t\u00e9 possible sans le soutien des personnes et des institutions et des partenaires suivants. Nous leur adressons nos plus vifs remerciements pour leur pr\u00e9cieuse aide.<\/em><\/p>\n\n\n\n<p><strong>UNIL<\/strong><br>La Direction, notamment le Recteur, le Prof. Fr\u00e9d\u00e9ric Herman et la Vice-rectrice Relations ext\u00e9rieures et communication scientifique, la Prof. Anne-Christine Fornage<br>La Facult\u00e9 des lettres, notamment le Doyen, le Prof. L\u00e9onard Burnand, et la Section d&rsquo;histoire de l&rsquo;art<br>Unicom : Philippe Gagnebin, Jo\u00eblle Proz, Edy Ceppi, Floriane Beetschen, Ang\u00e9lique Batchelor Lazicki, Enza Arena Mueller<br>Service Culture et M\u00e9diation scientifique : Marie Neumann et Carmen Vega<br>Unibat<br>Unisep<\/p>\n\n\n\n<p><strong>PARTENAIRES<\/strong><br>L&rsquo;EPFL, le Pr\u00e9sident, le Prof. Martin Vetterli, ainsi que l&rsquo;\u00e9quipe de Mediacom (EPFL), notamment Ivan Savicev<br>La Fondation pour l&rsquo;Universit\u00e9 de Lausanne &#8211; FUNIL<br>La Soci\u00e9t\u00e9 Acad\u00e9mique Vaudoise<\/p>\n\n\n\n<p><strong>PRESTATAIRES<\/strong><br>Makroart, notamment Marjorie Frossard, Marie-France Bras, Thomas Cadolle<br>PhotoRotation, laboratoire photographique \u00e0 Gen\u00e8ve, Olivier Oberson<\/p>\n<\/div>\n<\/div>\n\n\n<div class=\"wp-block-image\">\n<figure class=\"aligncenter size-large\"><img alt=\"\" loading=\"lazy\" decoding=\"async\" width=\"1024\" height=\"683\" src=\"https:\/\/wp.unil.ch\/techno-mondes\/files\/2023\/05\/Techno-mondes_24-copie-min-1024x683.jpg\" alt=\"\" class=\"wp-image-1033\" srcset=\"https:\/\/wp.unil.ch\/techno-mondes\/files\/2023\/05\/Techno-mondes_24-copie-min-1024x683.jpg 1024w, https:\/\/wp.unil.ch\/techno-mondes\/files\/2023\/05\/Techno-mondes_24-copie-min-300x200.jpg 300w, https:\/\/wp.unil.ch\/techno-mondes\/files\/2023\/05\/Techno-mondes_24-copie-min-768x512.jpg 768w, https:\/\/wp.unil.ch\/techno-mondes\/files\/2023\/05\/Techno-mondes_24-copie-min-1536x1024.jpg 1536w, https:\/\/wp.unil.ch\/techno-mondes\/files\/2023\/05\/Techno-mondes_24-copie-min-540x360.jpg 540w, https:\/\/wp.unil.ch\/techno-mondes\/files\/2023\/05\/Techno-mondes_24-copie-min-1080x720.jpg 1080w, https:\/\/wp.unil.ch\/techno-mondes\/files\/2023\/05\/Techno-mondes_24-copie-min.jpg 1800w\" sizes=\"auto, (max-width: 1024px) 100vw, 1024px\" \/><figcaption class=\"wp-element-caption\">De gauche \u00e0 droite : Anne-Christine Fornage, Matthieu Gafsou, L\u00e9onard Burnand, Pascal Greco, Nathalie Dietschy, Fr\u00e9d\u00e9ric Herman, Jennifer Genovese, Marie Neumann, Camille Scherrer, David Javet, Catherine Leutenegger<br>Photo : Fabrice Ducrest<\/figcaption><\/figure>\n<\/div>","protected":false},"excerpt":{"rendered":"<p>L&rsquo;exposition Techno-mondes est produite par le Service Culture et M\u00e9diation scientifique &#8211; L&rsquo;\u00e9prouvette, Laboratoire \/ Sciences et Soci\u00e9t\u00e9 \/ UNIL \u00c9quipe CommissariatProf. Nathalie Dietschy(Section d&rsquo;histoire de l&rsquo;art, Facult\u00e9&hellip;<\/p>\n","protected":false},"author":108,"featured_media":0,"parent":0,"menu_order":52,"comment_status":"closed","ping_status":"closed","template":"template-full-width.php","meta":{"_seopress_robots_primary_cat":"","_seopress_titles_title":"","_seopress_titles_desc":"","_seopress_robots_index":"","footnotes":""},"class_list":["post-220","page","type-page","status-publish","has-post-thumbnail"],"_links":{"self":[{"href":"https:\/\/wp.unil.ch\/techno-mondes\/wp-json\/wp\/v2\/pages\/220","targetHints":{"allow":["GET"]}}],"collection":[{"href":"https:\/\/wp.unil.ch\/techno-mondes\/wp-json\/wp\/v2\/pages"}],"about":[{"href":"https:\/\/wp.unil.ch\/techno-mondes\/wp-json\/wp\/v2\/types\/page"}],"author":[{"embeddable":true,"href":"https:\/\/wp.unil.ch\/techno-mondes\/wp-json\/wp\/v2\/users\/108"}],"replies":[{"embeddable":true,"href":"https:\/\/wp.unil.ch\/techno-mondes\/wp-json\/wp\/v2\/comments?post=220"}],"version-history":[{"count":0,"href":"https:\/\/wp.unil.ch\/techno-mondes\/wp-json\/wp\/v2\/pages\/220\/revisions"}],"wp:attachment":[{"href":"https:\/\/wp.unil.ch\/techno-mondes\/wp-json\/wp\/v2\/media?parent=220"}],"curies":[{"name":"wp","href":"https:\/\/api.w.org\/{rel}","templated":true}]}}