{"id":6,"date":"2017-10-11T10:32:19","date_gmt":"2017-10-11T08:32:19","guid":{"rendered":"http:\/\/wp.unil.ch\/sympados\/?page_id=6"},"modified":"2025-05-15T11:37:29","modified_gmt":"2025-05-15T09:37:29","slug":"bienvenue","status":"publish","type":"page","link":"https:\/\/wp.unil.ch\/sympados\/","title":{"rendered":"Ouverture des inscriptions"},"content":{"rendered":"\n<p>Le prochain Symposium&nbsp; Adolescence aura lieu le <strong>jeudi 5 juin 2025<\/strong> sur le th\u00e8me<\/p>\n\n\n\n<h3 class=\"wp-block-heading\"><strong>Adolescence en mouvement : <\/strong><br><strong>quelle place pour l&rsquo;activit\u00e9 physique ?<\/strong><\/h3>\n\n\n\n<p>Pour vous inscrire, cliquer ici : <strong>Le symposium 2025 a \u00e9t\u00e9 annul\u00e9 <\/strong><\/p>\n\n\n\n<p>Programme d\u00e9taill\u00e9 :<\/p>\n\n\n\n<div data-wp-interactive=\"core\/file\" class=\"wp-block-file\"><object data-wp-bind--hidden=\"!state.hasPdfPreview\" hidden class=\"wp-block-file__embed\" data=\"https:\/\/wp.unil.ch\/sympados\/files\/2025\/04\/ja-25-programme-a4-b.pdf\" type=\"application\/pdf\" style=\"width:100%;height:600px\" aria-label=\"Contenu embarqu\u00e9 JA-25-programme-A4-b.\"><\/object><a id=\"wp-block-file--media-fabf3709-6b8f-4bde-89ae-7e2b02e23d5a\" href=\"https:\/\/wp.unil.ch\/sympados\/files\/2025\/04\/ja-25-programme-a4-b.pdf\">JA-25-programme-A4-b<\/a><a href=\"https:\/\/wp.unil.ch\/sympados\/files\/2025\/04\/ja-25-programme-a4-b.pdf\" class=\"wp-block-file__button wp-element-button\" download aria-describedby=\"wp-block-file--media-fabf3709-6b8f-4bde-89ae-7e2b02e23d5a\">T\u00e9l\u00e9charger<\/a><\/div>\n\n\n\n<p>Au plaisir de vous rencontrer le 5 juin \u00e0 l&rsquo;Universit\u00e9 de Lausanne.<\/p>\n\n\n\n<p><\/p>\n","protected":false},"excerpt":{"rendered":"<p>Le prochain Symposium&nbsp; Adolescence aura lieu le jeudi 5 juin 2025 sur le th\u00e8me Adolescence en mouvement : quelle place pour l&rsquo;activit\u00e9 physique ? Pour vous inscrire, cliquer ici : Le symposium 2025 a \u00e9t\u00e9 annul\u00e9 Programme d\u00e9taill\u00e9 : Au<\/p>\n","protected":false},"author":108,"featured_media":0,"parent":0,"menu_order":1,"comment_status":"closed","ping_status":"closed","template":"","meta":{"_seopress_robots_primary_cat":"","_seopress_titles_title":"","_seopress_titles_desc":"","_seopress_robots_index":"","footnotes":""},"class_list":["post-6","page","type-page","status-publish"],"_links":{"self":[{"href":"https:\/\/wp.unil.ch\/sympados\/wp-json\/wp\/v2\/pages\/6","targetHints":{"allow":["GET"]}}],"collection":[{"href":"https:\/\/wp.unil.ch\/sympados\/wp-json\/wp\/v2\/pages"}],"about":[{"href":"https:\/\/wp.unil.ch\/sympados\/wp-json\/wp\/v2\/types\/page"}],"author":[{"embeddable":true,"href":"https:\/\/wp.unil.ch\/sympados\/wp-json\/wp\/v2\/users\/108"}],"replies":[{"embeddable":true,"href":"https:\/\/wp.unil.ch\/sympados\/wp-json\/wp\/v2\/comments?post=6"}],"version-history":[{"count":4,"href":"https:\/\/wp.unil.ch\/sympados\/wp-json\/wp\/v2\/pages\/6\/revisions"}],"predecessor-version":[{"id":224,"href":"https:\/\/wp.unil.ch\/sympados\/wp-json\/wp\/v2\/pages\/6\/revisions\/224"}],"wp:attachment":[{"href":"https:\/\/wp.unil.ch\/sympados\/wp-json\/wp\/v2\/media?parent=6"}],"curies":[{"name":"wp","href":"https:\/\/api.w.org\/{rel}","templated":true}]}}