{"id":11,"date":"2017-10-11T10:33:17","date_gmt":"2017-10-11T08:33:17","guid":{"rendered":"http:\/\/wp.unil.ch\/sympados\/?page_id=11"},"modified":"2024-02-19T14:01:34","modified_gmt":"2024-02-19T13:01:34","slug":"contact","status":"publish","type":"page","link":"https:\/\/wp.unil.ch\/sympados\/contact\/","title":{"rendered":"Organisation &amp; Contact"},"content":{"rendered":"<div class=\"entry-content\">Le symposium annuel sur l&rsquo;adolescence est organis\u00e9 par<\/div>\n<ul>\n<li><strong>Yara Barrense-Dias<\/strong>, Groupe de Recherche sur la Sant\u00e9 des Adolescents (GRSA) &#8211; DESS<\/li>\n<li><strong>Andr\u00e9 Berchtold<\/strong>, Institut des Sciences Sociales &amp; NCCR LIVES (Facult\u00e9 des SSP, UNIL)<\/li>\n<li><strong>Gr\u00e9goire Zimmermann<\/strong>, FADO, Institut de Psychologie (Facult\u00e9 des SSP, UNIL)<\/li>\n<\/ul>\n<p>Contact: <a href=\"mailto:info@lesados.ch\">lesados@unisante.ch<\/a><\/p>\n","protected":false},"excerpt":{"rendered":"<p>Le symposium annuel sur l&rsquo;adolescence est organis\u00e9 par Yara Barrense-Dias, Groupe de Recherche sur la Sant\u00e9 des Adolescents (GRSA) &#8211; DESS Andr\u00e9 Berchtold, Institut des Sciences Sociales &amp; NCCR LIVES (Facult\u00e9 des SSP, UNIL) Gr\u00e9goire Zimmermann, FADO, Institut de Psychologie<\/p>\n","protected":false},"author":108,"featured_media":0,"parent":0,"menu_order":4,"comment_status":"closed","ping_status":"closed","template":"","meta":{"_seopress_robots_primary_cat":"","_seopress_titles_title":"","_seopress_titles_desc":"","_seopress_robots_index":"","footnotes":""},"class_list":["post-11","page","type-page","status-publish"],"_links":{"self":[{"href":"https:\/\/wp.unil.ch\/sympados\/wp-json\/wp\/v2\/pages\/11","targetHints":{"allow":["GET"]}}],"collection":[{"href":"https:\/\/wp.unil.ch\/sympados\/wp-json\/wp\/v2\/pages"}],"about":[{"href":"https:\/\/wp.unil.ch\/sympados\/wp-json\/wp\/v2\/types\/page"}],"author":[{"embeddable":true,"href":"https:\/\/wp.unil.ch\/sympados\/wp-json\/wp\/v2\/users\/108"}],"replies":[{"embeddable":true,"href":"https:\/\/wp.unil.ch\/sympados\/wp-json\/wp\/v2\/comments?post=11"}],"version-history":[{"count":2,"href":"https:\/\/wp.unil.ch\/sympados\/wp-json\/wp\/v2\/pages\/11\/revisions"}],"predecessor-version":[{"id":198,"href":"https:\/\/wp.unil.ch\/sympados\/wp-json\/wp\/v2\/pages\/11\/revisions\/198"}],"wp:attachment":[{"href":"https:\/\/wp.unil.ch\/sympados\/wp-json\/wp\/v2\/media?parent=11"}],"curies":[{"name":"wp","href":"https:\/\/api.w.org\/{rel}","templated":true}]}}