{"id":36,"date":"2017-09-27T15:33:12","date_gmt":"2017-09-27T13:33:12","guid":{"rendered":"http:\/\/wp.unil.ch\/swissoil\/?page_id=36"},"modified":"2024-06-04T15:16:13","modified_gmt":"2024-06-04T13:16:13","slug":"contact","status":"publish","type":"page","link":"https:\/\/wp.unil.ch\/swissoil\/liens-references\/contact\/","title":{"rendered":"Contact"},"content":{"rendered":"\n<p>Responsable: St\u00e9phanie Grand &#8211; stephanie.grand@unil.ch<\/p>\n\n\n\n<p>Coordinatrice: Lissa Vuffray &#8211; lissa.vuffray@unil.ch<\/p>\n\n\n\n<p>Institut des Dynamiques de la Surface Terrestre,<\/p>\n\n\n\n<p>Facult\u00e9 des G\u00e9osciences et de l&rsquo;Environnement,<\/p>\n\n\n\n<p>Universit\u00e9 de Lausanne<\/p>\n","protected":false},"excerpt":{"rendered":"<p>Responsable: St\u00e9phanie Grand &#8211; stephanie.grand@unil.ch Coordinatrice: Lissa Vuffray &#8211; lissa.vuffray@unil.ch Institut des Dynamiques de la Surface Terrestre, Facult\u00e9 des G\u00e9osciences et de l&rsquo;Environnement, Universit\u00e9 de Lausanne<\/p>\n","protected":false},"author":1001561,"featured_media":0,"parent":34,"menu_order":0,"comment_status":"closed","ping_status":"closed","template":"","meta":{"_seopress_robots_primary_cat":"","_seopress_titles_title":"","_seopress_titles_desc":"","_seopress_robots_index":"","footnotes":""},"class_list":["post-36","page","type-page","status-publish"],"_links":{"self":[{"href":"https:\/\/wp.unil.ch\/swissoil\/wp-json\/wp\/v2\/pages\/36","targetHints":{"allow":["GET"]}}],"collection":[{"href":"https:\/\/wp.unil.ch\/swissoil\/wp-json\/wp\/v2\/pages"}],"about":[{"href":"https:\/\/wp.unil.ch\/swissoil\/wp-json\/wp\/v2\/types\/page"}],"author":[{"embeddable":true,"href":"https:\/\/wp.unil.ch\/swissoil\/wp-json\/wp\/v2\/users\/1001561"}],"replies":[{"embeddable":true,"href":"https:\/\/wp.unil.ch\/swissoil\/wp-json\/wp\/v2\/comments?post=36"}],"version-history":[{"count":4,"href":"https:\/\/wp.unil.ch\/swissoil\/wp-json\/wp\/v2\/pages\/36\/revisions"}],"predecessor-version":[{"id":1914,"href":"https:\/\/wp.unil.ch\/swissoil\/wp-json\/wp\/v2\/pages\/36\/revisions\/1914"}],"up":[{"embeddable":true,"href":"https:\/\/wp.unil.ch\/swissoil\/wp-json\/wp\/v2\/pages\/34"}],"wp:attachment":[{"href":"https:\/\/wp.unil.ch\/swissoil\/wp-json\/wp\/v2\/media?parent=36"}],"curies":[{"name":"wp","href":"https:\/\/api.w.org\/{rel}","templated":true}]}}