{"id":34,"date":"2017-09-27T15:32:49","date_gmt":"2017-09-27T13:32:49","guid":{"rendered":"http:\/\/wp.unil.ch\/swissoil\/?page_id=34"},"modified":"2024-07-17T16:54:33","modified_gmt":"2024-07-17T14:54:33","slug":"liens-references","status":"publish","type":"page","link":"https:\/\/wp.unil.ch\/swissoil\/liens-references\/","title":{"rendered":"Liens &amp; R\u00e9f\u00e9rences"},"content":{"rendered":"\n<h6 class=\"wp-block-heading\">R\u00e9f\u00e9rences<\/h6>\n\n\n\n<hr class=\"wp-block-separator has-alpha-channel-opacity\" \/>\n\n\n\n<p>Brady, N. C., &amp; Weil, R. R. (2010). <em><strong>Elements of the nature and properties of soils<\/strong><\/em>. Pearson Prentice Hall.<\/p>\n\n\n\n<p>Baize, D. (2018). <strong><em>Guide des analyses en p\u00e9dologie<\/em> <\/strong>(3e \u00e9d. rev. et augm.). Editions Qu\u00e6.<\/p>\n\n\n\n<p>Baize, D., &amp; Girard, M. C. (2009). <strong><em><a href=\"https:\/\/www.afes.fr\/wp-content\/uploads\/2023\/10\/Referentiel_Pedologique_2008.pdf\" target=\"_blank\" rel=\"noreferrer noopener\">R\u00e9f\u00e9rentiel p\u00e9dologique 2008<\/a><\/em>.<\/strong> Editions Quae.<\/p>\n\n\n\n<p>Duchaufour, P., Faivre, P., Poulenard, J., &amp; Gury, M. (2020). <em><strong>Introduction \u00e0 la science du sol-7e \u00e9d.: Sol, v\u00e9g\u00e9tation, environnement<\/strong><\/em>. Dunod.<\/p>\n\n\n\n<p>Gobat, J. M., &amp; Guenat, C. (2019). <em><strong>Sols et paysages. Types de sols, fonctions et usages en Europe moyenne<\/strong><\/em>. Presses Polytechniques et Universitaires Romandes.<\/p>\n\n\n\n<p>Gobat, J.-M., Aragno, M., &amp; Matthey, W. (2010). <em><strong>Le sol vivant: bases de p\u00e9dologie, biologie des sols<\/strong><\/em> (Troisi\u00e8me \u00e9dition revue et augment\u00e9e.). Presses Polytechniques et Universitaires Romandes.<\/p>\n\n\n\n<p>Krzic, M., Walley, F. L., Diochon, A., Par\u00e9, M. C., &amp; Farrell, R. E. (2021). <strong><em><a href=\"https:\/\/openpress.usask.ca\/soilscience\/\" target=\"_blank\" rel=\"noreferrer noopener\">Digging into Canadian soils: An introduction to soil science<\/a><\/em><\/strong>. Pinawa, MB: Canadian Society of Soil Science.<\/p>\n\n\n\n<p>Ponge, J.-F. (2011). <strong><em>Biodiversit\u00e9 animale du sol et gestion foresti\u00e8re<\/em><\/strong>. doi:10.13140\/RG.2.1.2992.6568<\/p>\n\n\n\n<p>Weil, R. R., &amp; Brady, N. C. (2017).<em> <strong>The nature and properties of soils <\/strong><\/em>(15th ed.). Harlow Angleterre: Pearson Education Limited.<\/p>\n\n\n\n<p>Zanella, A., Jabiol, B., Ponge, J.-F., Sartori, G., de Waal, R., van Delft, B., Graefe, U., Cools, N., Katzensteiner, K., Hager, H., Englisch, M., Br\u00eathes, A., Broll, G., Gobat, J.-M., Brun, J.-J., Milbert, G., Kolb, E., Wolf, U., Frizzera, L., \u2026 Langohr, R. (n.d.). <em><strong>European Humus Forms Reference Base<\/strong><\/em>. https:\/\/doi.org\/10.13140\/RG.2.1.1944.0801<\/p>\n\n\n\n<hr class=\"wp-block-separator has-alpha-channel-opacity\" \/>\n\n\n\n<h6 class=\"wp-block-heading\">Liens utiles<\/h6>\n\n\n\n<p>Virtual Soil Science Learning Resources &#8211; Canada: <a href=\"https:\/\/soilweb.ca\/\">https:\/\/soilweb.ca\/<\/a><\/p>\n\n\n\n<p>Ateliers sol \u00e0 l&rsquo;\u00e9prouvette, laboratoire public, Universit\u00e9 de Lausanne :&nbsp; <a href=\"https:\/\/applicationsinter.unil.ch\/inter\/noauth\/php\/Ep\/epindex.php?s_EpTheC=3728&amp;s_EpAgeC=0&amp;s_EpPubC=0&amp;page=search&amp;subrech=Rechercher\" target=\"_blank\" rel=\"noreferrer noopener\">https:\/\/wp.unil.ch\/mediationscientifique\/activites\/eprouvette\/<\/a><\/p>\n\n\n\n<p>GLOBE est une plateforme \u00e9ducative internationale en sciences de la terre qui s&rsquo;adressent \u00e0 tous les niveaux scolaires : <a href=\"https:\/\/www.globe-swiss.ch\/fr\/\" target=\"_blank\" rel=\"noopener noreferrer\">https:\/\/www.globe-swiss.ch\/fr\/<\/a><\/p>\n\n\n\n<p>Modules d&rsquo;enseignement interdisciplinaires : <a href=\"https:\/\/www.ualg.pt\/en\/oferta-formativa\" target=\"_blank\" rel=\"noopener\">https:\/\/www.ualg.pt\/en\/oferta-formativa<\/a><\/p>\n\n\n\n<p>Phytosociologie, Guide de d\u00e9termination des stations foresti\u00e8res pour praticiens et fiches descriptives des associations foresti\u00e8res, \u00c9tat de Vaud: <a href=\"https:\/\/www.vd.ch\/environnement\/foret\/observatoire-des-forets\/phytosociologie\" target=\"_blank\" rel=\"noreferrer noopener\">https:\/\/www.vd.ch\/environnement\/foret\/observatoire-des-forets\/phytosociologie<\/a><\/p>\n","protected":false},"excerpt":{"rendered":"<p>R\u00e9f\u00e9rences Brady, N. C., &amp; Weil, R. R. (2010). Elements of the nature and properties of soils. Pearson Prentice Hall. Baize, D. (2018). Guide des analyses en p\u00e9dologie (3e \u00e9d. rev. et augm.). Editions Qu\u00e6. Baize, D., &amp; Girard, M.<\/p>\n","protected":false},"author":1001561,"featured_media":0,"parent":0,"menu_order":7,"comment_status":"closed","ping_status":"closed","template":"","meta":{"_seopress_robots_primary_cat":"","_seopress_titles_title":"","_seopress_titles_desc":"","_seopress_robots_index":"","footnotes":""},"class_list":["post-34","page","type-page","status-publish"],"_links":{"self":[{"href":"https:\/\/wp.unil.ch\/swissoil\/wp-json\/wp\/v2\/pages\/34","targetHints":{"allow":["GET"]}}],"collection":[{"href":"https:\/\/wp.unil.ch\/swissoil\/wp-json\/wp\/v2\/pages"}],"about":[{"href":"https:\/\/wp.unil.ch\/swissoil\/wp-json\/wp\/v2\/types\/page"}],"author":[{"embeddable":true,"href":"https:\/\/wp.unil.ch\/swissoil\/wp-json\/wp\/v2\/users\/1001561"}],"replies":[{"embeddable":true,"href":"https:\/\/wp.unil.ch\/swissoil\/wp-json\/wp\/v2\/comments?post=34"}],"version-history":[{"count":5,"href":"https:\/\/wp.unil.ch\/swissoil\/wp-json\/wp\/v2\/pages\/34\/revisions"}],"predecessor-version":[{"id":2204,"href":"https:\/\/wp.unil.ch\/swissoil\/wp-json\/wp\/v2\/pages\/34\/revisions\/2204"}],"wp:attachment":[{"href":"https:\/\/wp.unil.ch\/swissoil\/wp-json\/wp\/v2\/media?parent=34"}],"curies":[{"name":"wp","href":"https:\/\/api.w.org\/{rel}","templated":true}]}}