{"id":32,"date":"2017-09-27T15:32:01","date_gmt":"2017-09-27T13:32:01","guid":{"rendered":"http:\/\/wp.unil.ch\/swissoil\/?page_id=32"},"modified":"2024-09-26T16:32:01","modified_gmt":"2024-09-26T14:32:01","slug":"site-5","status":"publish","type":"page","link":"https:\/\/wp.unil.ch\/swissoil\/les-profiles-de-sol-de-dorigny\/site-5\/","title":{"rendered":"Site 5 &#8211; ANTHROPOSOL ARTIFICIEL"},"content":{"rendered":"\n<h5 class=\"wp-block-heading\"><strong>Nom complet :&nbsp;ANTHROPOSOL ARTIFICIEL compact\u00e9 <a href=\"https:\/\/wp.unil.ch\/swissoil\/glossaire-definition\/#R\">r\u00e9doxique<\/a> superpos\u00e9 \u00e0 un FLUVIOSOL<\/strong><\/h5>\n\n\n\n<h4 class=\"wp-block-heading\"><strong>Qu\u2019est-ce-qu\u2019un anthroposol ?<\/strong><\/h4>\n\n\n<div class=\"wp-block-image\">\n<figure class=\"alignleft is-resized\"><img alt=\"\" loading=\"lazy\" decoding=\"async\" width=\"544\" height=\"945\" src=\"https:\/\/wp.unil.ch\/swissoil\/files\/2018\/07\/FICHE_PEDOL_SITE5_Anthroposol_modif_FormatA2.jpg\" alt=\"\" class=\"wp-image-583\" style=\"width:383px;height:auto\" srcset=\"https:\/\/wp.unil.ch\/swissoil\/files\/2018\/07\/FICHE_PEDOL_SITE5_Anthroposol_modif_FormatA2.jpg 544w, https:\/\/wp.unil.ch\/swissoil\/files\/2018\/07\/FICHE_PEDOL_SITE5_Anthroposol_modif_FormatA2-173x300.jpg 173w\" sizes=\"auto, (max-width: 544px) 100vw, 544px\" \/><\/figure>\n<\/div>\n\n\n<p>Un anthroposol est un sol fortement modifi\u00e9 ou fabriqu\u00e9 par l\u2019homme. L&rsquo;ANTHROPOSOL ARTIFICIEL compact\u00e9 r\u00e9doxique superpos\u00e9 \u00e0 un FLUVIOSOL du site 5 a subi une artificialisation, ce qui signifie que le sol originel n\u2019est plus reconnaissable car il a \u00e9t\u00e9 d\u00e9truit, remani\u00e9 ou enfouit.<\/p>\n\n\n\n<p>Ce sol se divise en deux parties. Les premiers 70 cm depuis la surface sont constitu\u00e9s de remblais anthropiques, contenant des cailloux de tailles vari\u00e9es ainsi qu\u2019un m\u00e9lange de blocs angulaires et arrondis. Les racines diminuent avec la profondeur, par contre les blocs ainsi que les taches d\u2019<a href=\"https:\/\/wp.unil.ch\/swissoil\/glossaire-definition\/#N-O\">oxydor\u00e9duction<\/a> augmentent. Le sol devient \u00e9galement de plus en plus compact\u00e9. Cette partie du sol est tr\u00e8s probablement li\u00e9e \u00e0 la construction de la route nationale.<\/p>\n\n\n\n<p>La deuxi\u00e8me partie du sol, au-del\u00e0 de 70 cm constitue le <a href=\"https:\/\/wp.unil.ch\/swissoil\/glossaire-definition\/#S\">solum<\/a> originel, un FLUVIOSOL comportant deux horizons de loam sableux, sans blocs ou cailloux, riches en racines, avec quelques traces d\u2019oxydor\u00e9duction dans l\u2019horizon le plus profond. Ces horizons se sont d\u00e9pos\u00e9s dans un syst\u00e8me fluviatile, lors de crues. C\u2019est le sol tel qu\u2019il aurait \u00e9t\u00e9 \u00e0 cet endroit sans l\u2019influence de l\u2019homme. Ce FLUVIOSOL a \u00e9t\u00e9 recouvert et compact\u00e9.<\/p>\n\n\n\n<p>Les traces rouge\u00e2tres correspondent \u00e0 des taches d\u2019oxydation, d\u00fb \u00e0 une r\u00e9action chimique du fer qui change d\u2019\u00e9tat en passant de l\u2019\u00e9tat r\u00e9duit (Fe II) \u00e0 l\u2019\u00e9tat oxyd\u00e9 (Fe III). Ce changement d\u2019\u00e9tat est d\u00fb \u00e0 la transition entre un milieu <a href=\"https:\/\/wp.unil.ch\/swissoil\/glossaire-definition\/#A\" data-type=\"page\" data-id=\"22\">anoxique<\/a> et un milieu <a href=\"https:\/\/wp.unil.ch\/swissoil\/glossaire-definition\/#N-O\" data-type=\"page\" data-id=\"22\">oxique<\/a>. En s\u2019oxydant, le fer prend une couleur rouge\/orange rouille et devient immobile alors que lorsqu\u2019il est r\u00e9duit il a une l\u00e9g\u00e8re teinte gris\u00e2tre\/verd\u00e2tre et devient mobile&nbsp;; il migre principalement en profondeur.<\/p>\n\n\n\n<hr class=\"wp-block-separator has-css-opacity\" \/>\n\n\n\n<p><em>Vid\u00e9o de pr\u00e9sentation du site par Pascal Vittoz, Ma\u00eetre d&rsquo;enseignement et de recherche, Institut des dynamiques de la surface terrestre, Universit\u00e9 de Lausanne.<\/em><\/p>\n\n\n\n<div style=\"width: 640px;\" class=\"wp-video\"><video class=\"wp-video-shortcode\" id=\"video-32-1\" width=\"640\" height=\"360\" poster=\"https:\/\/av.unil.ch\/hva\/3304\/03-pascal-vittoz-2017-11-21.png\" controls=\"controls\"><source type=\"video\/mp4\" src=\"https:\/\/av.unil.ch\/hva\/3304\/03-pascal-vittoz-2017-11-21.mp4?_=1\" \/><source type=\"video\/webm\" src=\"https:\/\/av.unil.ch\/hva\/3304\/03-pascal-vittoz-2017-11-21.webm?_=1\" \/><a href=\"https:\/\/av.unil.ch\/hva\/3304\/03-pascal-vittoz-2017-11-21.mp4\">https:\/\/av.unil.ch\/hva\/3304\/03-pascal-vittoz-2017-11-21.mp4<\/a><\/video><\/div>\n\n\n\n<hr class=\"wp-block-separator has-css-opacity\" \/>\n\n\n\n<p><strong><a href=\"https:\/\/wp.unil.ch\/swissoil\/files\/2024\/09\/5Fiche_Pedologique_ANTHROPOSOL_ARTIFICIEL.pdf\" target=\"_blank\" rel=\"noreferrer noopener\">Fiche p\u00e9dologique (PDF)<\/a><\/strong><\/p>\n\n\n\n<p><strong><a href=\"https:\/\/wp.unil.ch\/swissoil\/files\/2018\/07\/5_Forme_Humus_ANTHROPOSOL_ARTIFICIEL.pdf\" target=\"_blank\" rel=\"noopener noreferrer\">Forme d&rsquo;humus (PDF)<\/a><\/strong><\/p>\n\n\n\n<p><strong><a href=\"https:\/\/wp.unil.ch\/swissoil\/files\/2019\/11\/5_Releve\u0301_Ve\u0301ge\u0301tation_ANTHROPOSOL_ARTIFICIEL.pdf\" target=\"_blank\" rel=\"noopener noreferrer\">Relev\u00e9 de v\u00e9g\u00e9tation (PDF)<\/a><\/strong><\/p>\n\n\n\n<hr class=\"wp-block-separator has-css-opacity\" \/>\n\n\n\n<h5 class=\"wp-block-heading\"><strong>Le sol vu au microscope :<\/strong><\/h5>\n\n\n\n<p>Les sols des fosses num\u00e9ro 1 \u00e0 4 sont issues de processus naturels. L&rsquo;ANTHROPOSOL ARTIFICIEL, quant \u00e0 lui, ne pr\u00e9sente que peu ou pas de processus <a href=\"https:\/\/wp.unil.ch\/swissoil\/glossaire-definition\/#P\" data-type=\"page\" data-id=\"22\">p\u00e9dog\u00e9niques<\/a> naturels, ce qui s&rsquo;observe par un manque de logique p\u00e9dologique entre les diff\u00e9rentes profondeurs observ\u00e9es. Par exemple, la mati\u00e8re organique est en g\u00e9n\u00e9ral plus abondante dans les horizons de surface. Dans ce profil, on la trouve principalement en profondeur. Ci-dessous, on peut observer des photos de gast\u00e9ropodes, indiquant tout de m\u00eame le milieu de la rivi\u00e8re proche de la rivi\u00e8re<\/p>\n\n\n\n<p>Les photos ci-dessous montrent les d\u00e9p\u00f4ts horizontaux, sous forme de bande, typique de remblais et de modification anthropique des sols. La pr\u00e9sence de coquille de gast\u00e9ropode indiquent le c\u00f4t\u00e9 humide du site, en lien avec la proximit\u00e9 de la rivi\u00e8re. Malgr\u00e9 la perturbation anthropique, des biosph\u00e9ro\u00efdes, en forme de granule et produits par les vers de terre, sont tout de m\u00eame visibles dans les horizons de surface. L&rsquo;activit\u00e9 de la faune a donc pu reprendre malgr\u00e9 la grande perturbation ayant eu lieu.<\/p>\n\n\n\n<div class=\"wp-block-group\"><div class=\"wp-block-group__inner-container is-layout-flow wp-block-group-is-layout-flow\">\n<div class=\"alignnormal\"><div id=\"metaslider-id-1172\" style=\"width: 100%;\" class=\"ml-slider-3-107-0 metaslider metaslider-flex metaslider-1172 ml-slider has-dots-nav ms-theme-simply-dark\" role=\"region\" aria-label=\"Micromorpho_Site 5\" data-height=\"565\" data-width=\"720\">\n    <div id=\"metaslider_container_1172\">\n        <div id=\"metaslider_1172\">\n            <ul class='slides'>\n                <li style=\"display: block; width: 100%;\" class=\"slide-1173 ms-image \" aria-roledescription=\"slide\" data-date=\"2020-04-17 10:00:13\" data-filename=\"Banded-pattern-e1587110242207.jpg\" data-slide-type=\"image\"><img loading=\"lazy\" decoding=\"async\" src=\"https:\/\/wp.unil.ch\/swissoil\/files\/2018\/08\/Banded-pattern-e1587110242207.jpg\" height=\"565\" width=\"720\" alt=\"\" class=\"slider-1172 slide-1173 msDefaultImage\" title=\"Banded pattern\" \/><div class=\"caption-wrap\"><div class=\"caption\">Laminations anthropiques d'un possible remblais de terre<\/div><\/div><\/li>\n                <li style=\"display: none; width: 100%;\" class=\"slide-1174 ms-image \" aria-roledescription=\"slide\" data-date=\"2020-04-17 10:00:14\" data-filename=\"Gast\u00e9ropodes-e1587110222157.jpg\" data-slide-type=\"image\"><img loading=\"lazy\" decoding=\"async\" src=\"https:\/\/wp.unil.ch\/swissoil\/files\/2018\/08\/Gast\u00e9ropodes-e1587110222157.jpg\" height=\"565\" width=\"720\" alt=\"\" class=\"slider-1172 slide-1174 msDefaultImage\" title=\"Gast\u00e9ropode\" \/><div class=\"caption-wrap\"><div class=\"caption\">Coquille de gast\u00e9ropode montrant la dynamique fluviale<\/div><\/div><\/li>\n                <li style=\"display: none; width: 100%;\" class=\"slide-1175 ms-image \" aria-roledescription=\"slide\" data-date=\"2020-04-17 10:00:14\" data-filename=\"Biosph\u00e9ro\u00efdes-e1587110253390.jpg\" data-slide-type=\"image\"><img loading=\"lazy\" decoding=\"async\" src=\"https:\/\/wp.unil.ch\/swissoil\/files\/2018\/08\/Biosph\u00e9ro\u00efdes-e1587110253390.jpg\" height=\"565\" width=\"720\" alt=\"\" class=\"slider-1172 slide-1175 msDefaultImage\" title=\"Biosph\u00e9ro\u00efde\" \/><div class=\"caption-wrap\"><div class=\"caption\">Biosph\u00e9ro\u00efde de calcite issu de vers de terre<\/div><\/div><\/li>\n            <\/ul>\n        <\/div>\n        \n    <\/div>\n<\/div><\/div>\n<\/div><\/div>\n\n\n\n<hr class=\"wp-block-separator has-alpha-channel-opacity\" \/>\n\n\n\n<h2 class=\"wp-block-heading\">Quiz :<\/h2>\n\n\n\n<p><strong>1. Quel(s) est\/sont les principaux indices d\u2019un sol anthropis\u00e9 ?<br><\/strong><\/p>\n\n\n\n<p><\/p>\n\n\n<\/p>\n<p style=\"text-align: justify\"><div class=\"su-accordion su-u-trim\"> <div class=\"su-spoiler su-spoiler-style-fancy su-spoiler-icon-plus su-spoiler-closed\" data-scroll-offset=\"0\" data-anchor-in-url=\"no\"><div class=\"su-spoiler-title\" tabindex=\"0\" role=\"button\"><span class=\"su-spoiler-icon\"><\/span> La pr\u00e9sence de fer<\/div><div class=\"su-spoiler-content su-u-clearfix su-u-trim\">Mauvaise r\u00e9ponse. Essayez encore une fois !<\/div><\/div> <div class=\"su-spoiler su-spoiler-style-fancy su-spoiler-icon-plus su-spoiler-closed\" data-scroll-offset=\"0\" data-anchor-in-url=\"no\"><div class=\"su-spoiler-title\" tabindex=\"0\" role=\"button\"><span class=\"su-spoiler-icon\"><\/span>La compaction<\/div><div class=\"su-spoiler-content su-u-clearfix su-u-trim\">C&rsquo;est la bonne r\u00e9ponse. Seule la compaction n\u2019est caus\u00e9e uniquement par l\u2019homme, les deux autres facteurs peuvent se retrouver dans des sols naturels.<\/div><\/div> <div class=\"su-spoiler su-spoiler-style-fancy su-spoiler-icon-plus su-spoiler-closed\" data-scroll-offset=\"0\" data-anchor-in-url=\"no\"><div class=\"su-spoiler-title\" tabindex=\"0\" role=\"button\"><span class=\"su-spoiler-icon\"><\/span>Une r\u00e9partition non homog\u00e8ne des racines<\/div><div class=\"su-spoiler-content su-u-clearfix su-u-trim\">Mauvaise r\u00e9ponse. Essayez encore une fois ! <\/div><\/div> <\/div>\n<p style=\"text-align: justify\">\u00a0<\/p>\n\n\n\n<p><strong>2. Un sol retourn\u00e9\/remani\u00e9 par l\u2019homme met peu de temps \u00e0 red\u00e9velopper les processus p\u00e9dologiques (association de ph\u00e9nom\u00e8nes naturels qui m\u00e8nent \u00e0 une \u00e9volution du sol dans le temps).<br><\/strong><\/p>\n\n\n\n<p><\/p>\n\n\n<\/p>\n<p style=\"text-align: justify\"><div class=\"su-accordion su-u-trim\"> <div class=\"su-spoiler su-spoiler-style-fancy su-spoiler-icon-plus su-spoiler-closed\" data-scroll-offset=\"0\" data-anchor-in-url=\"no\"><div class=\"su-spoiler-title\" tabindex=\"0\" role=\"button\"><span class=\"su-spoiler-icon\"><\/span>Vrai<\/div><div class=\"su-spoiler-content su-u-clearfix su-u-trim\">Mauvaise r\u00e9ponse. Essayez encore une fois !<\/div><\/div> <div class=\"su-spoiler su-spoiler-style-fancy su-spoiler-icon-plus su-spoiler-closed\" data-scroll-offset=\"0\" data-anchor-in-url=\"no\"><div class=\"su-spoiler-title\" tabindex=\"0\" role=\"button\"><span class=\"su-spoiler-icon\"><\/span>Faux<\/div><div class=\"su-spoiler-content su-u-clearfix su-u-trim\">C&rsquo;est la bonne r\u00e9ponse. Les humains remettent l\u2019horloge p\u00e9dog\u00e9n\u00e9tique \u00e0 z\u00e9ro lors d\u2019activit\u00e9s d\u2019excavation et de remaniement. Il faut plusieurs dizaines d\u2019ann\u00e9es avant que le processus se remette en marche et il faut plusieurs si\u00e8cles avant que l\u2019action de l\u2019homme ne soit plus observable.<\/div><\/div> <\/div>\n<p style=\"text-align: justify\">\u00a0<\/p>\n<p style=\"text-align: justify\"><strong>3. Le processus p\u00e9dologique dans ce sol :<\/strong><\/p>\n<p style=\"text-align: justify\"><div class=\"su-accordion su-u-trim\"> <div class=\"su-spoiler su-spoiler-style-fancy su-spoiler-icon-plus su-spoiler-closed\" data-scroll-offset=\"0\" data-anchor-in-url=\"no\"><div class=\"su-spoiler-title\" tabindex=\"0\" role=\"button\"><span class=\"su-spoiler-icon\"><\/span>Est \u00e0 l'arr\u00eat<\/div><div class=\"su-spoiler-content su-u-clearfix su-u-trim\">Mauvaise r\u00e9ponse. Essayez encore une fois !<\/div><\/div> <div class=\"su-spoiler su-spoiler-style-fancy su-spoiler-icon-plus su-spoiler-closed\" data-scroll-offset=\"0\" data-anchor-in-url=\"no\"><div class=\"su-spoiler-title\" tabindex=\"0\" role=\"button\"><span class=\"su-spoiler-icon\"><\/span>A red\u00e9marr\u00e9 mais \u00e9volue au ralenti<\/div><div class=\"su-spoiler-content su-u-clearfix su-u-trim\">C&rsquo;est la bonne r\u00e9ponse. En effet, le processus repart de z\u00e9ro mais la compaction anormale par la pelle m\u00e9canique rend le sol beaucoup plus dur qu\u2019un sol naturel et les racines des plantes ont plus de peine \u00e0 se mettre en place.La faune du sol et l\u2019\u00e9coulement de l\u2019eau \u00e0 travers le sol sont perturb\u00e9s, cr\u00e9ant des conditions particuli\u00e8res, elles aussi, moins propices au d\u00e9veloppement du sol.<\/div><\/div> <div class=\"su-spoiler su-spoiler-style-fancy su-spoiler-icon-plus su-spoiler-closed\" data-scroll-offset=\"0\" data-anchor-in-url=\"no\"><div class=\"su-spoiler-title\" tabindex=\"0\" role=\"button\"><span class=\"su-spoiler-icon\"><\/span>A red\u00e9marr\u00e9 et \u00e9volue normalement<\/div><div class=\"su-spoiler-content su-u-clearfix su-u-trim\">Mauvaise r\u00e9ponse. Essayez encore une fois ! <\/div><\/div> <\/div>\n<p style=\"text-align: justify\">\u00a0<\/p>\n<p style=\"text-align: justify\"><strong>4. Pourquoi des conditions r\u00e9ductrices engendrent-elles une migration du fer ?<br \/><\/strong><\/p>\n<p style=\"text-align: justify\"><div class=\"su-accordion su-u-trim\"> <div class=\"su-spoiler su-spoiler-style-fancy su-spoiler-icon-plus su-spoiler-closed\" data-scroll-offset=\"0\" data-anchor-in-url=\"no\"><div class=\"su-spoiler-title\" tabindex=\"0\" role=\"button\"><span class=\"su-spoiler-icon\"><\/span>Car le fer r\u00e9duit pr\u00e9cipite sous forme de Fe(OH)<sub>3<\/sub> apr\u00e8s le retour en conditions oxiques<\/div><div class=\"su-spoiler-content su-u-clearfix su-u-trim\">Mauvaise r\u00e9ponse. Essayez encore une fois !<\/div><\/div> <div class=\"su-spoiler su-spoiler-style-fancy su-spoiler-icon-plus su-spoiler-closed\" data-scroll-offset=\"0\" data-anchor-in-url=\"no\"><div class=\"su-spoiler-title\" tabindex=\"0\" role=\"button\"><span class=\"su-spoiler-icon\"><\/span>Car le fer une fois r\u00e9duit rentre en solution et est emport\u00e9 (lixiviation)<\/div><div class=\"su-spoiler-content su-u-clearfix su-u-trim\">C&rsquo;est la bonne r\u00e9ponse. Le fer une fois pr\u00e9cipit\u00e9 en Fe(OH)<sub>3<\/sub> n\u2019est plus soluble et ne peut donc plus \u00eatre transport\u00e9 par l\u2019eau, alors que le fer r\u00e9duit Fe<sup>2+<\/sup> est soluble (et donc tr\u00e8s mobile) et transport\u00e9 par l\u2019eau. Il y a donc migration de celui-ci vers les horizons plus profonds.<\/div><\/div> <div class=\"su-spoiler su-spoiler-style-fancy su-spoiler-icon-plus su-spoiler-closed\" data-scroll-offset=\"0\" data-anchor-in-url=\"no\"><div class=\"su-spoiler-title\" tabindex=\"0\" role=\"button\"><span class=\"su-spoiler-icon\"><\/span>Car le fer rentre en solution et d\u2019autres cations prennent sa place dans le complexe organo-min\u00e9ral<\/div><div class=\"su-spoiler-content su-u-clearfix su-u-trim\">Mauvaise r\u00e9ponse. Essayez encore une fois ! <\/div><\/div><div class=\"su-spoiler su-spoiler-style-fancy su-spoiler-icon-plus su-spoiler-closed\" data-scroll-offset=\"0\" data-anchor-in-url=\"no\"><div class=\"su-spoiler-title\" tabindex=\"0\" role=\"button\"><span class=\"su-spoiler-icon\"><\/span>Car le fer r\u00e9duit se lie exclusivement aux argiles et est emport\u00e9 lors de la migration d\u2019argile (processus d\u2019argilluviation)<\/div><div class=\"su-spoiler-content su-u-clearfix su-u-trim\">Mauvaise r\u00e9ponse. Essayez encore une fois ! <\/div><\/div> <\/div>\n<p style=\"text-align: justify\">\u00a0<\/p>\n<p style=\"text-align: justify\"><strong>5. Quelle pourrait \u00eatre la cause des taches d\u2019oxydor\u00e9duction dans l\u2019horizon IIJp2 du sol ?<br \/><\/strong><\/p>\n<p style=\"text-align: justify\"><div class=\"su-accordion su-u-trim\"> <div class=\"su-spoiler su-spoiler-style-fancy su-spoiler-icon-plus su-spoiler-closed\" data-scroll-offset=\"0\" data-anchor-in-url=\"no\"><div class=\"su-spoiler-title\" tabindex=\"0\" role=\"button\"><span class=\"su-spoiler-icon\"><\/span>Des anoxies li\u00e9es \u00e0 la r\u00e9tention d\u2019eau \u00e0 cause de la compaction, comme pour l\u2019horizon Ztrg3<\/div><div class=\"su-spoiler-content su-u-clearfix su-u-trim\">Mauvaise r\u00e9ponse. Essayez encore une fois !<\/div><\/div> <div class=\"su-spoiler su-spoiler-style-fancy su-spoiler-icon-plus su-spoiler-closed\" data-scroll-offset=\"0\" data-anchor-in-url=\"no\"><div class=\"su-spoiler-title\" tabindex=\"0\" role=\"button\"><span class=\"su-spoiler-icon\"><\/span>Des anoxies li\u00e9es aux mouvements de la nappe phr\u00e9atique qui cr\u00e9e un environnement anoxique quand elle est haute<\/div><div class=\"su-spoiler-content su-u-clearfix su-u-trim\">C&rsquo;est la bonne r\u00e9ponse. En effet, les battement de la nappe cr\u00e9ent des zones anoxiques dans lesquelles les taches d&rsquo;oxydor\u00e9duction peuvent se former.<\/div><\/div><div class=\"su-spoiler su-spoiler-style-fancy su-spoiler-icon-plus su-spoiler-closed\" data-scroll-offset=\"0\" data-anchor-in-url=\"no\"><div class=\"su-spoiler-title\" tabindex=\"0\" role=\"button\"><span class=\"su-spoiler-icon\"><\/span>IIJp2 est un horizon d\u2019accumulation du fer<\/div><div class=\"su-spoiler-content su-u-clearfix su-u-trim\">Mauvaise r\u00e9ponse. Essayez encore une fois ! <\/div><\/div><div class=\"su-spoiler su-spoiler-style-fancy su-spoiler-icon-plus su-spoiler-closed\" data-scroll-offset=\"0\" data-anchor-in-url=\"no\"><div class=\"su-spoiler-title\" tabindex=\"0\" role=\"button\"><span class=\"su-spoiler-icon\"><\/span>Les taches d\u2019oxydor\u00e9duction dans cet horizon se sont form\u00e9es avant l\u2019anthropisation et sont des reliques du solum originel<\/div><div class=\"su-spoiler-content su-u-clearfix su-u-trim\">Mauvaise r\u00e9ponse. Essayez encore une fois ! <\/div><\/div> <\/div>\n<p style=\"text-align: justify\">\u00a0<\/p>\n<p style=\"text-align: justify\"><strong>6. Le fer oxyd\u00e9 peut avoir trois formes diff\u00e9rentes, l\u2019une d\u2019elle est tr\u00e8s pr\u00e9sente dans les sols riches en fer et est responsable des traces couleur rouille une fois hydrat\u00e9e, laquelle ?<br \/><\/strong><\/p>\n<p style=\"text-align: justify\"><div class=\"su-accordion su-u-trim\"> <div class=\"su-spoiler su-spoiler-style-fancy su-spoiler-icon-plus su-spoiler-closed\" data-scroll-offset=\"0\" data-anchor-in-url=\"no\"><div class=\"su-spoiler-title\" tabindex=\"0\" role=\"button\"><span class=\"su-spoiler-icon\"><\/span>Oxyde de fer (II) \u2013 FeO (Oxyde ferreux)<\/div><div class=\"su-spoiler-content su-u-clearfix su-u-trim\">Mauvaise r\u00e9ponse. Essayez encore une fois !<\/div><\/div> <div class=\"su-spoiler su-spoiler-style-fancy su-spoiler-icon-plus su-spoiler-closed\" data-scroll-offset=\"0\" data-anchor-in-url=\"no\"><div class=\"su-spoiler-title\" tabindex=\"0\" role=\"button\"><span class=\"su-spoiler-icon\"><\/span>Oxyde de fer (III) \u2013 Fe<sub>2<\/sub>O<sub>3<\/sub> (Oxyde ferrique)<\/div><div class=\"su-spoiler-content su-u-clearfix su-u-trim\">C&rsquo;est la bonne r\u00e9ponse. En effet, seul le fer ferrique (III) dans son \u00e9tat oxyd\u00e9 a la couleur rouille. Le fer ferreux, dans son \u00e9tat r\u00e9duit (II) a une teinte l\u00e9g\u00e8rement gris\u00e2tre\/verd\u00e2tre.<\/div><\/div><div class=\"su-spoiler su-spoiler-style-fancy su-spoiler-icon-plus su-spoiler-closed\" data-scroll-offset=\"0\" data-anchor-in-url=\"no\"><div class=\"su-spoiler-title\" tabindex=\"0\" role=\"button\"><span class=\"su-spoiler-icon\"><\/span>Oxyde de fer (II, II) \u2013 Fe<sub>3<\/sub>O<sub>4<\/sub> (Oxyde magn\u00e9tique)<\/div><div class=\"su-spoiler-content su-u-clearfix su-u-trim\">Mauvaise r\u00e9ponse. Essayez encore une fois !<\/div><\/div> <\/div>\n","protected":false},"excerpt":{"rendered":"<p>Nom complet :&nbsp;ANTHROPOSOL ARTIFICIEL compact\u00e9 r\u00e9doxique superpos\u00e9 \u00e0 un FLUVIOSOL Qu\u2019est-ce-qu\u2019un anthroposol ? Un anthroposol est un sol fortement modifi\u00e9 ou fabriqu\u00e9 par l\u2019homme. L&rsquo;ANTHROPOSOL ARTIFICIEL compact\u00e9 r\u00e9doxique superpos\u00e9 \u00e0 un FLUVIOSOL du site 5 a subi une artificialisation, ce<\/p>\n","protected":false},"author":108,"featured_media":0,"parent":20,"menu_order":5,"comment_status":"closed","ping_status":"closed","template":"","meta":{"_seopress_robots_primary_cat":"","_seopress_titles_title":"","_seopress_titles_desc":"","_seopress_robots_index":"","footnotes":""},"class_list":["post-32","page","type-page","status-publish"],"_links":{"self":[{"href":"https:\/\/wp.unil.ch\/swissoil\/wp-json\/wp\/v2\/pages\/32","targetHints":{"allow":["GET"]}}],"collection":[{"href":"https:\/\/wp.unil.ch\/swissoil\/wp-json\/wp\/v2\/pages"}],"about":[{"href":"https:\/\/wp.unil.ch\/swissoil\/wp-json\/wp\/v2\/types\/page"}],"author":[{"embeddable":true,"href":"https:\/\/wp.unil.ch\/swissoil\/wp-json\/wp\/v2\/users\/108"}],"replies":[{"embeddable":true,"href":"https:\/\/wp.unil.ch\/swissoil\/wp-json\/wp\/v2\/comments?post=32"}],"version-history":[{"count":5,"href":"https:\/\/wp.unil.ch\/swissoil\/wp-json\/wp\/v2\/pages\/32\/revisions"}],"predecessor-version":[{"id":2262,"href":"https:\/\/wp.unil.ch\/swissoil\/wp-json\/wp\/v2\/pages\/32\/revisions\/2262"}],"up":[{"embeddable":true,"href":"https:\/\/wp.unil.ch\/swissoil\/wp-json\/wp\/v2\/pages\/20"}],"wp:attachment":[{"href":"https:\/\/wp.unil.ch\/swissoil\/wp-json\/wp\/v2\/media?parent=32"}],"curies":[{"name":"wp","href":"https:\/\/api.w.org\/{rel}","templated":true}]}}