{"id":30,"date":"2017-09-27T15:31:40","date_gmt":"2017-09-27T13:31:40","guid":{"rendered":"http:\/\/wp.unil.ch\/swissoil\/?page_id=30"},"modified":"2024-09-26T16:22:31","modified_gmt":"2024-09-26T14:22:31","slug":"site-4","status":"publish","type":"page","link":"https:\/\/wp.unil.ch\/swissoil\/les-profiles-de-sol-de-dorigny\/site-4\/","title":{"rendered":"Site 4 &#8211; BRUNISOL DYSTRIQUE"},"content":{"rendered":"\n<h5 class=\"wp-block-heading\">&nbsp;<\/h5>\n\n\n\n<h5 class=\"wp-block-heading\"><strong>Nom complet :&nbsp;BRUNISOL <a href=\"https:\/\/wp.unil.ch\/swissoil\/glossaire-definition\/#D\">DYSTRIQUE<\/a> <a href=\"https:\/\/wp.unil.ch\/swissoil\/glossaire-definition\/#M\">m\u00e9sosatur\u00e9<\/a> <a href=\"https:\/\/wp.unil.ch\/swissoil\/glossaire-definition\/#B\">bathyluvique<\/a><\/strong><\/h5>\n\n\n\n<h4 class=\"wp-block-heading\"><strong>Un brunisol en crise identitaire<\/strong><\/h4>\n\n\n<div class=\"wp-block-image\">\n<figure class=\"alignleft is-resized\"><img alt=\"\" loading=\"lazy\" decoding=\"async\" width=\"679\" height=\"1024\" src=\"https:\/\/wp.unil.ch\/swissoil\/files\/2018\/05\/Dorigny-4-Brunisol-Dystrique-bathyluvique_NJD4419-a-679x1024.jpg\" alt=\"\" class=\"wp-image-279\" style=\"width:351px;height:auto\" \/><\/figure>\n<\/div>\n\n\n<p>Le BRUNISOL DYSTRIQUE m\u00e9sosatur\u00e9 bathyluvique du site 4 ressemble au BRUNISOL DYSTRIQUE du <a href=\"https:\/\/wp.unil.ch\/swissoil\/les-profiles-de-sol-de-dorigny\/site-2\/\">site 2<\/a> et comprend les m\u00eames caract\u00e9ristiques, \u00e0 l&rsquo;exception d&rsquo;une accentuation de l&rsquo;<a href=\"https:\/\/wp.unil.ch\/swissoil\/glossaire-definition\/#F-K\" data-type=\"page\" data-id=\"22\">argilluviation<\/a>, visible au microscope et d\u00e9crite ci-dessous. La p\u00e9dog\u00e9n\u00e8se semble donc plus avanc\u00e9e sur le site 4 que sur le site 2.<\/p>\n\n\n\n<p>Deux types de mat\u00e9riaux parentaux ont \u00e9t\u00e9 observ\u00e9s dans ce profil, d\u00e9crit dans les noms des horizons par un \u00ab\u00a0II\u00a0\u00bb chez les horizons de profondeur. Une telle rupture lithologique est visible dans un profil par exemple par une diff\u00e9rence significative de texture et\/ou un taux de compaction diff\u00e9rent. Dans le cas du site 4, la rupture lithologique se situe aux alentours de 55 cm et est d\u00e9finie par une diff\u00e9rence texturale : la couche sup\u00e9rieure est plus limoneuse. Ces <a href=\"https:\/\/wp.unil.ch\/swissoil\/glossaire-definition\/#L\">limons<\/a> seraient issu d&rsquo;un d\u00e9p\u00f4t \u00e9olien, et la couche inf\u00e9rieure serait d&rsquo;origine morainique. Les limons se seraient d\u00e9pos\u00e9s sur la <a href=\"https:\/\/wp.unil.ch\/swissoil\/glossaire-definition\/#M\" data-type=\"page\" data-id=\"22\">moraine<\/a> lors de la fin de la derni\u00e8re p\u00e9riode glaciaire du <a href=\"https:\/\/wp.unil.ch\/swissoil\/glossaire-definition\/#W\">W\u00fcrm<\/a>, \u00e0 la fonte du glacier.<\/p>\n\n\n\n<div class=\"wp-block-spacer\" style=\"height: 20px;text-align: justify\" aria-hidden=\"true\">&nbsp;<\/div>\n\n\n\n<hr class=\"wp-block-separator has-css-opacity\" \/>\n\n\n\n<p><em>Vid\u00e9o de pr\u00e9sentation du site par Claire LeBayon, Ma\u00eetre d&rsquo;enseignement et de recherche, Laboratoire d&rsquo;\u00e9cologie fonctionnelle, Universit\u00e9 de Neuch\u00e2tel.<\/em><\/p>\n\n\n\n<figure class=\"wp-block-video\"><video controls src=\"https:\/\/av.unil.ch\/hva\/3366\/02-claire-le-bayon-2017-11-21.mp4\"><\/video><\/figure>\n\n\n\n<p><\/p>\n\n\n\n<hr class=\"wp-block-separator has-css-opacity\" \/>\n\n\n\n<p><strong><a href=\"https:\/\/wp.unil.ch\/swissoil\/files\/2024\/09\/4Fiche_Pedologique_BRUNISOL_DYSTRIQUE.pdf\" target=\"_blank\" rel=\"noreferrer noopener\">Fiche p\u00e9dologique (PDF)<\/a><\/strong><\/p>\n\n\n\n<p><strong><a href=\"https:\/\/wp.unil.ch\/swissoil\/files\/2018\/07\/4_Forme_Humus_BRUNISOL_DYSTRIQUE.pdf\" target=\"_blank\" rel=\"noopener noreferrer\">Forme d\u2019humus (PDF)<\/a><\/strong><\/p>\n\n\n\n<p><strong><a href=\"https:\/\/wp.unil.ch\/swissoil\/files\/2024\/09\/Fiche-releve-vegetation-Site-4.pdf\" target=\"_blank\" rel=\"noreferrer noopener\">Relev\u00e9 de v\u00e9g\u00e9tation (PDF)<\/a><\/strong><\/p>\n\n\n\n<hr class=\"wp-block-separator has-css-opacity\" \/>\n\n\n\n<h4 class=\"wp-block-heading\"><strong>Le sol vu au microscope :<\/strong><\/h4>\n\n\n\n<p>Ce BRUNISOL DYSTRIQUE pr\u00e9sente un fonctionnement sp\u00e9cifique. En effet, les processus d&rsquo;<a href=\"https:\/\/wp.unil.ch\/swissoil\/glossaire-definition\/#E\">\u00e9luviation<\/a> dans les horizons superficiels et d&rsquo;<a href=\"https:\/\/wp.unil.ch\/swissoil\/glossaire-definition\/#F-K\">illuviation<\/a> dans les horizons&nbsp;profonds se d\u00e9marquent dans les observations microscopiques. Les <a href=\"https:\/\/wp.unil.ch\/swissoil\/glossaire-definition\/#A\" data-type=\"page\" data-id=\"22\">argiles<\/a> vont s&rsquo;accumuler dans les horizons profonds en se superposant les unes aux autres, donnant l&rsquo;impression fausse d&rsquo;avoir un min\u00e9ral unique. Ceci est observable par la formation d&rsquo;une croix noire sur un fond orang\u00e9 (voir photo ci-dessous). Ce ph\u00e9nom\u00e8ne semble indiquer que cette fosse est en train d&rsquo;\u00e9voluer vers un n\u00e9oluvisol.<\/p>\n\n\n\n<div class=\"alignnormal\"><div id=\"metaslider-id-1166\" style=\"width: 100%;\" class=\"ml-slider-3-107-0 metaslider metaslider-flex metaslider-1166 ml-slider has-dots-nav ms-theme-simply-dark\" role=\"region\" aria-label=\"Micromorpho_site 4\" data-height=\"565\" data-width=\"720\">\n    <div id=\"metaslider_container_1166\">\n        <div id=\"metaslider_1166\">\n            <ul class='slides'>\n                <li style=\"display: block; width: 100%;\" class=\"slide-1167 ms-image \" aria-roledescription=\"slide\" data-date=\"2020-04-17 09:46:33\" data-filename=\"Accumulation-des-argiles-e1587109530786.jpg\" data-slide-type=\"image\"><img loading=\"lazy\" decoding=\"async\" src=\"https:\/\/wp.unil.ch\/swissoil\/files\/2018\/08\/Accumulation-des-argiles-e1587109530786.jpg\" height=\"565\" width=\"720\" alt=\"\" class=\"slider-1166 slide-1167 msDefaultImage\" title=\"Accumulation des argiles\" \/><div class=\"caption-wrap\"><div class=\"caption\">Accumulation des argiles avec la croix noire caract\u00e9ristique<\/div><\/div><\/li>\n                <li style=\"display: none; width: 100%;\" class=\"slide-1168 ms-image \" aria-roledescription=\"slide\" data-date=\"2020-04-17 09:46:34\" data-filename=\"Accumulation-des-argiles-2-e1587109517651.jpg\" data-slide-type=\"image\"><img loading=\"lazy\" decoding=\"async\" src=\"https:\/\/wp.unil.ch\/swissoil\/files\/2018\/08\/Accumulation-des-argiles-2-e1587109517651.jpg\" height=\"565\" width=\"720\" alt=\"\" class=\"slider-1166 slide-1168 msDefaultImage\" title=\"Accumulation des argiles 2\" \/><div class=\"caption-wrap\"><div class=\"caption\">Accumulation des argiles avec la croix noire caract\u00e9ristique<\/div><\/div><\/li>\n            <\/ul>\n        <\/div>\n        \n    <\/div>\n<\/div><\/div>\n\n\n\n<hr class=\"wp-block-separator has-css-opacity\" \/>\n\n\n\n<h2 class=\"wp-block-heading\"><strong>Quiz :<\/strong><\/h2>\n\n\n\n<p><strong>1. Quel est le r\u00f4le des argiles dans le sol ?<\/strong><\/p>\n\n\n<div class=\"su-accordion su-u-trim\"> <div class=\"su-spoiler su-spoiler-style-fancy su-spoiler-icon-plus su-spoiler-closed\" data-scroll-offset=\"0\" data-anchor-in-url=\"no\"><div class=\"su-spoiler-title\" tabindex=\"0\" role=\"button\"><span class=\"su-spoiler-icon\"><\/span>La consolidation du sol<\/div><div class=\"su-spoiler-content su-u-clearfix su-u-trim\">Mauvaise r\u00e9ponse. Essayez encore une fois !<\/div><\/div> <div class=\"su-spoiler su-spoiler-style-fancy su-spoiler-icon-plus su-spoiler-closed\" data-scroll-offset=\"0\" data-anchor-in-url=\"no\"><div class=\"su-spoiler-title\" tabindex=\"0\" role=\"button\"><span class=\"su-spoiler-icon\"><\/span>La r\u00e9tention d'eau<\/div><div class=\"su-spoiler-content su-u-clearfix su-u-trim\">Ce pourrait \u00eatre une bonne r\u00e9ponse mais ce n&rsquo;est pas le cas ici. Essayez encore une fois !<\/div><\/div> <div class=\"su-spoiler su-spoiler-style-fancy su-spoiler-icon-plus su-spoiler-closed\" data-scroll-offset=\"0\" data-anchor-in-url=\"no\"><div class=\"su-spoiler-title\" tabindex=\"0\" role=\"button\"><span class=\"su-spoiler-icon\"><\/span>Ils permettent les \u00e9changes de cations<\/div><div class=\"su-spoiler-content su-u-clearfix su-u-trim\"> En effet, les argiles, de part leur grande surface sp\u00e9cifique (li\u00e9 \u00e0 leur petite taille) et l\u2019abondance de sites chimiques disponibles, correspondent \u00e0 la phase min\u00e9rale (taille des particules) la plus r\u00e9active dans un sol. Les argiles forment une part importante des sites d&rsquo;\u00e9changes. Elles permettent \u00e0 la mati\u00e8re organique de se lier via un pont cationique (un cation tel que le calcium ou le fer). Cette mati\u00e8re organique li\u00e9e aux argiles va \u00eatre moins facilement d\u00e9compos\u00e9e et min\u00e9ralis\u00e9e et sera donc pr\u00e9serv\u00e9e plus longtemps. Indirectement donc, les argiles contribuent \u00e0 stabiliser et \u00e0 pr\u00e9server les nutriments n\u00e9cessaires \u00e0 la v\u00e9g\u00e9tation. Les argiles contiennent aussi toujours une petite part d\u2019eau entre leurs feuillets mais, d\u00fb \u00e0 leur petite taille, les pores entre les particules argileuses sont tr\u00e8s petits et l\u2019eau de pluie n\u2019arrive pas \u00e0 s\u2019infiltrer \u00e0 l\u2019int\u00e9rieur de ces pores. Cette derni\u00e8re va plut\u00f4t avoir tendance \u00e0 ruisseler et emporter les argiles avec elle (\u00e9rosion).<\/div><\/div> <\/div>\n\n\n<\/p>\n<p><strong>2. le pH des sols est toujours acide.<br \/><\/strong><\/p>\n<div class=\"su-accordion su-u-trim\"> <div class=\"su-spoiler su-spoiler-style-fancy su-spoiler-icon-plus su-spoiler-closed\" data-scroll-offset=\"0\" data-anchor-in-url=\"no\"><div class=\"su-spoiler-title\" tabindex=\"0\" role=\"button\"><span class=\"su-spoiler-icon\"><\/span>Vrai<\/div><div class=\"su-spoiler-content su-u-clearfix su-u-trim\">Mauvaise r\u00e9ponse. Essayez encore une fois !<\/div><\/div> <div class=\"su-spoiler su-spoiler-style-fancy su-spoiler-icon-plus su-spoiler-closed\" data-scroll-offset=\"0\" data-anchor-in-url=\"no\"><div class=\"su-spoiler-title\" tabindex=\"0\" role=\"button\"><span class=\"su-spoiler-icon\"><\/span>Faux<\/div><div class=\"su-spoiler-content su-u-clearfix su-u-trim\">C\u2019est faux. Dans un BRUNISOL, le pH est g\u00e9n\u00e9ralement acide mais ce n\u2019est pas le cas pour tous les sols. Cela d\u00e9pend principalement des ions pr\u00e9sents&nbsp;; un sol riche en calcium (donc en ions Ca<sup>2+<\/sup>) aura un pH neutre voir basique. Le magn\u00e9sium (Mg<sup>2+<\/sup>), le potassium (K<sup>+<\/sup>), le sodium (Na<sup>+<\/sup>) sont d\u2019autres cations qui vont agir sur l\u2019alcalinit\u00e9 d\u2019un sol, alors que le fer (Fe<sup>3 +<\/sup>) et l\u2019aluminium (Al<sup>3+<\/sup>) vont plut\u00f4t acidifier le sol.<\/div><\/div><\/div>\n<\/p>\n<p><strong>3. Quelle est la cause du pH acide de ce sol ?<br \/><\/strong><\/p>\n<\/p>\n\n<\/p>\n<div class=\"su-accordion su-u-trim\"> <div class=\"su-spoiler su-spoiler-style-fancy su-spoiler-icon-plus su-spoiler-closed\" data-scroll-offset=\"0\" data-anchor-in-url=\"no\"><div class=\"su-spoiler-title\" tabindex=\"0\" role=\"button\"><span class=\"su-spoiler-icon\"><\/span>La pr\u00e9sence des argiles<\/div><div class=\"su-spoiler-content su-u-clearfix su-u-trim\">Mauvaise r\u00e9ponse. Essayez encore une fois !<\/div><\/div> <div class=\"su-spoiler su-spoiler-style-fancy su-spoiler-icon-plus su-spoiler-closed\" data-scroll-offset=\"0\" data-anchor-in-url=\"no\"><div class=\"su-spoiler-title\" tabindex=\"0\" role=\"button\"><span class=\"su-spoiler-icon\"><\/span>La pr\u00e9sence des racines<\/div><div class=\"su-spoiler-content su-u-clearfix su-u-trim\">Ce pourrait \u00eatre une bonne r\u00e9ponse mais ce n&rsquo;est pas le cas ici. Les racines agissent sur le pH du sol \u00e0 un niveau tr\u00e8s local, d\u00fb \u00e0 la production d&rsquo;acides organiques. Essayez encore une fois !<\/div><\/div> <div class=\"su-spoiler su-spoiler-style-fancy su-spoiler-icon-plus su-spoiler-closed\" data-scroll-offset=\"0\" data-anchor-in-url=\"no\"><div class=\"su-spoiler-title\" tabindex=\"0\" role=\"button\"><span class=\"su-spoiler-icon\"><\/span>L'absence de calcaire<\/div><div class=\"su-spoiler-content su-u-clearfix su-u-trim\">C&rsquo;est une bonne r\u00e9ponse. La d\u00e9carbonatation pr\u00e9alable est une condition n\u00e9cessaire \u00e0 la formation d&rsquo;un brunisol. Les carbonates, en se liant \u00e0 l\u2019ion hydroxide (OH-), devient une base qui alcalinise le milieu et rend le pH moins acide. <\/div><\/div> <div class=\"su-spoiler su-spoiler-style-fancy su-spoiler-icon-plus su-spoiler-closed\" data-scroll-offset=\"0\" data-anchor-in-url=\"no\"><div class=\"su-spoiler-title\" tabindex=\"0\" role=\"button\"><span class=\"su-spoiler-icon\"><\/span>La lixiviation<\/div><div class=\"su-spoiler-content su-u-clearfix su-u-trim\"> C&rsquo;est une bonne r\u00e9ponse. Les ions pr\u00e9sents sur les sites d&rsquo;\u00e9changes permettent de maintenir le pH du sol haut en s&rsquo;enlevant des sites d&rsquo;\u00e9changes pour que des H+ s&rsquo;y fixent. La lixiviation des cations alcalins (Ca<sup>2+<\/sup>, Mg<sup>2+<\/sup>, K<sup>+<\/sup>, Na<sup>+<\/sup>) va donc agir sur le pH en le rendant plus acide. <\/div><\/div><\/div>\n<p>&nbsp;<\/p>\n<p><strong>4. La capacit\u00e9 d&rsquo;\u00e9change cationique (CEC) est :<br \/><\/strong><\/p>\n<p>\n\n\n<\/p>\n<div class=\"su-accordion su-u-trim\"> <div class=\"su-spoiler su-spoiler-style-fancy su-spoiler-icon-plus su-spoiler-closed\" data-scroll-offset=\"0\" data-anchor-in-url=\"no\"><div class=\"su-spoiler-title\" tabindex=\"0\" role=\"button\"><span class=\"su-spoiler-icon\"><\/span>Un indice de fertilit\u00e9 chimique<\/div><div class=\"su-spoiler-content su-u-clearfix su-u-trim\">C&rsquo;est une bonne r\u00e9ponse. La CEC est la quantit\u00e9 maximale de cations qu\u2019un sol peut absorber, \u00e0 un pH donn\u00e9 pour 100g de mati\u00e8re s\u00e8che. La fertilit\u00e9 d\u2019un sol d\u00e9pend du nombre de sites et de cations disponibles. La CEC, qui donne une mesure de ces sites et cations, est donc un bon indice de fertilit\u00e9 chimique. <\/div><\/div> <div class=\"su-spoiler su-spoiler-style-fancy su-spoiler-icon-plus su-spoiler-closed\" data-scroll-offset=\"0\" data-anchor-in-url=\"no\"><div class=\"su-spoiler-title\" tabindex=\"0\" role=\"button\"><span class=\"su-spoiler-icon\"><\/span>Le nombre de sites n\u00e9gatifs propos\u00e9s par les sites d'\u00e9changes<\/div><div class=\"su-spoiler-content su-u-clearfix su-u-trim\">C&rsquo;est une bonne r\u00e9ponse. En effet, la CEC est la capacit\u00e9 du sol \u00e0 retenir les cations. Ceux-ci \u00e9tant charg\u00e9s positivement, ils vont \u00eatre retenu sur le complexe par un lien \u00e9lectrostatique avec les sites \u00e0 charge n\u00e9gatives.<\/div><\/div> <div class=\"su-spoiler su-spoiler-style-fancy su-spoiler-icon-plus su-spoiler-closed\" data-scroll-offset=\"0\" data-anchor-in-url=\"no\"><div class=\"su-spoiler-title\" tabindex=\"0\" role=\"button\"><span class=\"su-spoiler-icon\"><\/span>Directement li\u00e9e au taux de saturation du complexe organo-min\u00e9ral<\/div><div class=\"su-spoiler-content su-u-clearfix su-u-trim\"> C&rsquo;est une bonne r\u00e9ponse. Le taux de saturation (rapport S\/T) est le rapport entre la somme des bases \u00e9changeables (S) et la CEC ; ils sont donc en \u00e9troite relation. Plus le taux de saturation sera \u00e9lev\u00e9, plus le sol peut \u00eatre consid\u00e9r\u00e9 comme fertile, car riche en bases \u00e9changeables qui sont des nutriments importants pour les organismes et la v\u00e9g\u00e9tation.<\/div><\/div><\/div>\n<p>&nbsp;<\/p>\n<p><strong>5. Quel processus permet une augmentation de la CEC en profondeur ?<br \/><\/strong><\/p>\n<p>\n\n\n<\/p>\n<div class=\"su-accordion su-u-trim\"> <div class=\"su-spoiler su-spoiler-style-fancy su-spoiler-icon-plus su-spoiler-closed\" data-scroll-offset=\"0\" data-anchor-in-url=\"no\"><div class=\"su-spoiler-title\" tabindex=\"0\" role=\"button\"><span class=\"su-spoiler-icon\"><\/span>L'argilluviation<\/div><div class=\"su-spoiler-content su-u-clearfix su-u-trim\"> L\u2019argilluviation, en emportant et accumulant les argiles en profondeur, diminue la CEC en surface et augmente la CEC en profondeur. En effet, les sites d&rsquo;\u00e9changes sont principalement form\u00e9s d\u2019argiles. Les argiles sont la phase min\u00e9rale la plus r\u00e9active dans un sol. \u00a0 <\/div><\/div> <div class=\"su-spoiler su-spoiler-style-fancy su-spoiler-icon-plus su-spoiler-closed\" data-scroll-offset=\"0\" data-anchor-in-url=\"no\"><div class=\"su-spoiler-title\" tabindex=\"0\" role=\"button\"><span class=\"su-spoiler-icon\"><\/span>L'humification<\/div><div class=\"su-spoiler-content su-u-clearfix su-u-trim\">Mauvaise r\u00e9ponse. Essayez encore une fois !<\/div><\/div> <div class=\"su-spoiler su-spoiler-style-fancy su-spoiler-icon-plus su-spoiler-closed\" data-scroll-offset=\"0\" data-anchor-in-url=\"no\"><div class=\"su-spoiler-title\" tabindex=\"0\" role=\"button\"><span class=\"su-spoiler-icon\"><\/span>La dessication<\/div><div class=\"su-spoiler-content su-u-clearfix su-u-trim\">Mauvaise r\u00e9ponse. Essayez encore une fois ! <\/div><\/div> <div class=\"su-spoiler su-spoiler-style-fancy su-spoiler-icon-plus su-spoiler-closed\" data-scroll-offset=\"0\" data-anchor-in-url=\"no\"><div class=\"su-spoiler-title\" tabindex=\"0\" role=\"button\"><span class=\"su-spoiler-icon\"><\/span>La podzolisation<\/div><div class=\"su-spoiler-content su-u-clearfix su-u-trim\"> Mauvaise r\u00e9ponse. Essayez encore une fois ! <\/div><\/div><\/div>\n\n\n\n<dl id=\"code_wordpress\" class=\"expandable open\"><\/dl>\n","protected":false},"excerpt":{"rendered":"<p>&nbsp; Nom complet :&nbsp;BRUNISOL DYSTRIQUE m\u00e9sosatur\u00e9 bathyluvique Un brunisol en crise identitaire Le BRUNISOL DYSTRIQUE m\u00e9sosatur\u00e9 bathyluvique du site 4 ressemble au BRUNISOL DYSTRIQUE du site 2 et comprend les m\u00eames caract\u00e9ristiques, \u00e0 l&rsquo;exception d&rsquo;une accentuation de l&rsquo;argilluviation, visible au<\/p>\n","protected":false},"author":108,"featured_media":0,"parent":20,"menu_order":4,"comment_status":"closed","ping_status":"closed","template":"","meta":{"_seopress_robots_primary_cat":"","_seopress_titles_title":"","_seopress_titles_desc":"","_seopress_robots_index":"","footnotes":""},"class_list":["post-30","page","type-page","status-publish"],"_links":{"self":[{"href":"https:\/\/wp.unil.ch\/swissoil\/wp-json\/wp\/v2\/pages\/30","targetHints":{"allow":["GET"]}}],"collection":[{"href":"https:\/\/wp.unil.ch\/swissoil\/wp-json\/wp\/v2\/pages"}],"about":[{"href":"https:\/\/wp.unil.ch\/swissoil\/wp-json\/wp\/v2\/types\/page"}],"author":[{"embeddable":true,"href":"https:\/\/wp.unil.ch\/swissoil\/wp-json\/wp\/v2\/users\/108"}],"replies":[{"embeddable":true,"href":"https:\/\/wp.unil.ch\/swissoil\/wp-json\/wp\/v2\/comments?post=30"}],"version-history":[{"count":4,"href":"https:\/\/wp.unil.ch\/swissoil\/wp-json\/wp\/v2\/pages\/30\/revisions"}],"predecessor-version":[{"id":2260,"href":"https:\/\/wp.unil.ch\/swissoil\/wp-json\/wp\/v2\/pages\/30\/revisions\/2260"}],"up":[{"embeddable":true,"href":"https:\/\/wp.unil.ch\/swissoil\/wp-json\/wp\/v2\/pages\/20"}],"wp:attachment":[{"href":"https:\/\/wp.unil.ch\/swissoil\/wp-json\/wp\/v2\/media?parent=30"}],"curies":[{"name":"wp","href":"https:\/\/api.w.org\/{rel}","templated":true}]}}