{"id":28,"date":"2024-05-06T09:49:27","date_gmt":"2024-05-06T07:49:27","guid":{"rendered":"http:\/\/wp.unil.ch\/swissoil\/?page_id=28"},"modified":"2024-09-26T15:57:34","modified_gmt":"2024-09-26T13:57:34","slug":"site-3","status":"publish","type":"page","link":"https:\/\/wp.unil.ch\/swissoil\/les-profiles-de-sol-de-dorigny\/site-3\/","title":{"rendered":"Site 3 &#8211; CALCISOL"},"content":{"rendered":"\n<h5 class=\"wp-block-heading\"><strong>Nom complet&nbsp;: CALCISOL <a href=\"https:\/\/wp.unil.ch\/swissoil\/glossaire-definition\/#A\">anthropis\u00e9<\/a>&nbsp;<\/strong><a href=\"https:\/\/wp.unil.ch\/swissoil\/glossaire-definition\/#R\">r\u00e9doxique<\/a><\/h5>\n\n\n\n<h4 class=\"wp-block-heading\"><strong>Qu\u2019est-ce qu\u2019un&nbsp;calcisol&nbsp;?<\/strong><\/h4>\n\n\n<div class=\"wp-block-image\">\n<figure class=\"alignleft is-resized\"><img alt=\"\" loading=\"lazy\" decoding=\"async\" width=\"604\" height=\"945\" src=\"https:\/\/wp.unil.ch\/swissoil\/files\/2018\/07\/Image-calcisol.jpg\" alt=\"\" class=\"wp-image-568\" style=\"width:349px;height:auto\" srcset=\"https:\/\/wp.unil.ch\/swissoil\/files\/2018\/07\/Image-calcisol.jpg 604w, https:\/\/wp.unil.ch\/swissoil\/files\/2018\/07\/Image-calcisol-192x300.jpg 192w\" sizes=\"auto, (max-width: 604px) 100vw, 604px\" \/><\/figure>\n<\/div>\n\n\n<p>Un calcisol est un sol dans lequel le calcium sous forme Ca<sup>2+<\/sup> est abondant et repr\u00e9sente le principal <a href=\"https:\/\/wp.unil.ch\/swissoil\/glossaire-definition\/#C\">cation \u00e9changeable<\/a>. Dans le cas du CALCISOL anthropis\u00e9 r\u00e9doxique du site 3, de la recristallisation de <a href=\"https:\/\/wp.unil.ch\/swissoil\/glossaire-definition\/#C\">calcite<\/a> est m\u00eame visible dans les horizons profonds.<\/p>\n\n\n\n<p>Le calcium vient g\u00e9n\u00e9ralement d\u2019un mat\u00e9riel parental carbonat\u00e9. Le pH d\u2019un calcisol est normalement neutre ou alcalin (d\u2019une valeur \u00e9gale ou sup\u00e9rieure \u00e0 7). Le pH indique la quantit\u00e9 de ion H<sup>+<\/sup> en \u00e9quilibre avec le sol \u00e0 un instant donn\u00e9. Le pH relativement \u00e9lev\u00e9 dans les calcisols est d\u00fb au pouvoir tampon des carbonates : ces derniers r\u00e9agissent avec les H<sup>+<\/sup> du sol et les consomme, limitant ainsi leur pr\u00e9sence. La consommation des H<sup>+<\/sup> par les carbonates rel\u00e2che notamment l&rsquo;ion Ca<sup>2+<\/sup>. Si les carbonates sont pr\u00e9sentes en grande quantit\u00e9, leur pouvoir tampon a tendance \u00e0 stabiliser le pH aux alentours de 8.<\/p>\n\n\n\n<p>Les cations Ca<sup>2+<\/sup> se retrouvant dans la solution du sol seront <a href=\"https:\/\/wp.unil.ch\/swissoil\/glossaire-definition\/#L\">lixivi\u00e9s<\/a> (notamment par les eaux de percolation) vers les horizons inf\u00e9rieurs, appauvrissant l\u2019horizon sup\u00e9rieur. Ce processus s\u2019appelle la <a href=\"https:\/\/wp.unil.ch\/swissoil\/glossaire-definition\/#D\">d\u00e9calcification<\/a><span style=\"color: #000000\"> <\/span>(attention \u00e0 ne pas confondre avec la <span style=\"color: #000000\"><a href=\"https:\/\/wp.unil.ch\/swissoil\/glossaire-definition\/#D\">d\u00e9carbonatation<\/a><\/span>!). Dans certains cas, la faune du sol (par ex. les lombrics) peut ramener une certaine quantit\u00e9 de calcium en surface par ses d\u00e9placements, permettant de ralentir la d\u00e9calcification pendant un certain temps.<\/p>\n\n\n\n<p>En profondeur, les ions Ca<sup>2+<\/sup> s\u2019accumulent et peuvent saturer la solution. Cette saturation peut mener \u00e0 la formation de cristaux de calcite par pr\u00e9cipitation, lorsque le calcium dissout se lie \u00e0 un anion de carbonate CO<sub>3<\/sub><sup>2-<\/sup> ; processus visible dans le fond de la fosse 3.<\/p>\n\n\n\n<h4 class=\"wp-block-heading\"><strong>Qu\u2019est-ce qu\u2019un sol anthropis\u00e9 ?<\/strong><\/h4>\n\n\n\n<p>Ce sol a \u00e9galement subi un autre processus : l\u2019<a href=\"https:\/\/wp.unil.ch\/swissoil\/glossaire-definition\/#A\">anthropisation<\/a>. En effet, des indices, tels que des morceaux de briques ou de la compaction confirment que l&rsquo;activit\u00e9 humaine a impact\u00e9 \u00e0 un moment donn\u00e9 la formation du sol. Situ\u00e9 non loin de l\u2019Amphip\u00f4le, il est fort probable qu\u2019il soit en partie constitu\u00e9 de remblais de chantier. Cependant, les horizons semblent tous \u00eatre de nature semblable et aucun signe d&rsquo;apport de sols <a href=\"https:\/\/wp.unil.ch\/swissoil\/glossaire-definition\/#A\">allochtones<\/a> n&rsquo;est visible, malgr\u00e9 le remaniement du sol.<\/p>\n\n\n\n<p>L\u2019action de l\u2019homme sur ce sol n\u2019est pas sans cons\u00e9quences : la perte de l\u2019horizon de surface ainsi que la difficult\u00e9 de d\u00e9veloppement d&rsquo;une faune et flore active dans les horizons compact\u00e9s ralentissent tr\u00e8s fortement le processus p\u00e9dologique initial. On constate que l\u2019horizon de surface commence \u00e0 se reformer : le processus p\u00e9dologique semble donc avoir repris, une cinquantaine d\u2019ann\u00e9e apr\u00e8s l\u2019action de l\u2019homme.<\/p>\n\n\n\n<figure class=\"wp-block-video\"><video controls src=\"https:\/\/av.unil.ch\/hva\/3303\/07-stephanie-grand-2017-11-21.mp4\"><\/video><\/figure>\n\n\n\n<p><em>Vid\u00e9o de pr\u00e9sentation du site par St\u00e9phanie Grand,&nbsp;Ma\u00eetre d\u2019enseignement et de recherche, Institut des dynamiques de la surface terrestre, Universit\u00e9 de Lausanne<\/em><\/p>\n\n\n\n<p><em>.<\/em><\/p>\n\n\n\n<hr class=\"wp-block-separator has-css-opacity\" \/>\n\n\n\n<p><strong><a href=\"https:\/\/wp.unil.ch\/swissoil\/files\/2024\/09\/3Fiche_Pedologique_CALCISOL.pdf\" target=\"_blank\" rel=\"noreferrer noopener\">Fiche p\u00e9dologique (PDF)<\/a><\/strong><\/p>\n\n\n\n<p><strong><a href=\"https:\/\/wp.unil.ch\/swissoil\/files\/2018\/07\/3_Forme_Humus_CALCISOL.pdf\" target=\"_blank\" rel=\"noopener noreferrer\">Forme d&rsquo;humus (PDF)<\/a><\/strong><\/p>\n\n\n\n<p><strong><a href=\"https:\/\/wp.unil.ch\/swissoil\/files\/2019\/11\/3_Releve\u0301_Ve\u0301ge\u0301tation_CALCISOL.pdf\" target=\"_blank\" rel=\"noopener noreferrer\">Relev\u00e9 de v\u00e9g\u00e9tation (PDF)<\/a><\/strong><\/p>\n\n\n\n<hr class=\"wp-block-separator has-css-opacity\" \/>\n\n\n\n<h4 class=\"wp-block-heading\"><strong>Le sol au microscope:<\/strong><\/h4>\n\n\n\n<p>Ce CALCISOL anthropis\u00e9 r\u00e9doxique, vu au microscope, met en \u00e9vidence les processus de <a href=\"https:\/\/wp.unil.ch\/swissoil\/glossaire-definition\/#D\">d\u00e9carbonatation<\/a> et de recalcification. La d\u00e9carbonatation provient notamment de la pr\u00e9sence d&rsquo;acides organiques, lib\u00e9r\u00e9s par la mati\u00e8re organique du sol. Les carbonates sont particuli\u00e8rement sensibles aux milieux acides (pH&lt;7) et se dissolvent en leur pr\u00e9sence. La calcite va se dissoudre de la mani\u00e8re suivante : CaCO<sub>3<\/sub> + H<sup>+<\/sup> -&gt; Ca<sup>2+<\/sup>+HCO<sub>3<\/sub><sup>&#8211;<\/sup>&nbsp;. Au microscope, cela se voit par l&rsquo;absence de carbonate dans les 50 premiers centim\u00e8tres.&nbsp; D\u00fb \u00e0 cette dissolution, le ion Ca<sup>2+<\/sup> sera pr\u00e9sent en grande quantit\u00e9 dans le sol et va servir de pont \u00e9lectrostatique gr\u00e2ce \u00e0 sa charge positive. La forte concentration en Ca<sup>2+<\/sup> peut entrainer la re-pr\u00e9cipitation de celui-ci, si la solution du sol se voit satur\u00e9e suite, par exemple, \u00e0 de l&rsquo;\u00e9vaporation, \u00e0 l&rsquo;abaissement de la nappe ou encore \u00e0 de la succion racinaire. Ce ph\u00e9nom\u00e8ne est observable dans les horizons profonds, o\u00f9 les racines sont calcifi\u00e9e. Le calcium va pr\u00e9cipiter \u00e0 l&rsquo;int\u00e9rieur des vacuoles et faire mourir la racine.<\/p>\n\n\n\n<div class=\"alignnormal\"><div id=\"metaslider-id-1138\" style=\"width: 100%;\" class=\"ml-slider-3-107-0 metaslider metaslider-flex metaslider-1138 ml-slider has-dots-nav ms-theme-simply-dark\" role=\"region\" aria-label=\"Micromorpho_Site 3\" data-height=\"565\" data-width=\"720\">\n    <div id=\"metaslider_container_1138\">\n        <div id=\"metaslider_1138\">\n            <ul class='slides'>\n                <li style=\"display: block; width: 100%;\" class=\"slide-1139 ms-image \" aria-roledescription=\"slide\" data-date=\"2020-04-16 14:42:09\" data-filename=\"Remplissage-vide-par-micrite-e1587040992605.jpg\" data-slide-type=\"image\"><img loading=\"lazy\" decoding=\"async\" src=\"https:\/\/wp.unil.ch\/swissoil\/files\/2018\/07\/Remplissage-vide-par-micrite-e1587040992605.jpg\" height=\"565\" width=\"720\" alt=\"\" class=\"slider-1138 slide-1139 msDefaultImage\" title=\"Remplissage vide par micrite\" \/><div class=\"caption-wrap\"><div class=\"caption\">Remplissage vide par micrite (calcaires fins)<\/div><\/div><\/li>\n                <li style=\"display: none; width: 100%;\" class=\"slide-1140 ms-image \" aria-roledescription=\"slide\" data-date=\"2020-04-16 14:42:09\" data-filename=\"Image_6694_LM_3.3_LPNA-e1587041016766.jpg\" data-slide-type=\"image\"><img loading=\"lazy\" decoding=\"async\" src=\"https:\/\/wp.unil.ch\/swissoil\/files\/2019\/11\/Image_6694_LM_3.3_LPNA-e1587041016766.jpg\" height=\"565\" width=\"720\" alt=\"\" class=\"slider-1138 slide-1140 msDefaultImage\" title=\"Image_6694_LM_3.3_LPNA\" \/><div class=\"caption-wrap\"><div class=\"caption\">Racine calcifi\u00e9e <\/div><\/div><\/li>\n                <li style=\"display: none; width: 100%;\" class=\"slide-1141 ms-image \" aria-roledescription=\"slide\" data-date=\"2020-04-16 14:42:09\" data-filename=\"Image_6695_LM_3.3_LPA-e1587041006991.jpg\" data-slide-type=\"image\"><img loading=\"lazy\" decoding=\"async\" src=\"https:\/\/wp.unil.ch\/swissoil\/files\/2019\/11\/Image_6695_LM_3.3_LPA-e1587041006991.jpg\" height=\"565\" width=\"720\" alt=\"\" class=\"slider-1138 slide-1141 msDefaultImage\" title=\"Image_6695_LM_3.3_LPA\" \/><div class=\"caption-wrap\"><div class=\"caption\">M\u00eame racine calcifi\u00e9e, mais vue en lumi\u00e8re polaris\u00e9e<\/div><\/div><\/li>\n            <\/ul>\n        <\/div>\n        \n    <\/div>\n<\/div><\/div>\n\n\n\n<hr class=\"wp-block-separator has-css-opacity\" \/>\n\n\n\n<h2 class=\"wp-block-heading\"><strong>Quiz :<\/strong><\/h2>\n\n\n\n<p><strong>1. Quelles sont les causes probables de la compaction ?<br><\/strong><\/p>\n\n\n<\/p>\n<div class=\"su-accordion su-u-trim\"> <div class=\"su-spoiler su-spoiler-style-fancy su-spoiler-icon-plus su-spoiler-closed\" data-scroll-offset=\"0\" data-anchor-in-url=\"no\"><div class=\"su-spoiler-title\" tabindex=\"0\" role=\"button\"><span class=\"su-spoiler-icon\"><\/span>La circulation d'ouvriers et \u00e9tudiants \u00e0 pied<\/div><div class=\"su-spoiler-content su-u-clearfix su-u-trim\">Mauvaise r\u00e9ponse. Essayez encore une fois !<\/div><\/div> <div class=\"su-spoiler su-spoiler-style-fancy su-spoiler-icon-plus su-spoiler-closed\" data-scroll-offset=\"0\" data-anchor-in-url=\"no\"><div class=\"su-spoiler-title\" tabindex=\"0\" role=\"button\"><span class=\"su-spoiler-icon\"><\/span>La circulation d\u2019engins de chantier<\/div><div class=\"su-spoiler-content su-u-clearfix su-u-trim\">Ce pourrait \u00eatre une bonne r\u00e9ponse mais ce n&rsquo;est pas le cas ici. Essayez encore une fois !<\/div><\/div> <div class=\"su-spoiler su-spoiler-style-fancy su-spoiler-icon-plus su-spoiler-closed\" data-scroll-offset=\"0\" data-anchor-in-url=\"no\"><div class=\"su-spoiler-title\" tabindex=\"0\" role=\"button\"><span class=\"su-spoiler-icon\"><\/span>Les remblais et le tassement \u00e0 la pelle m\u00e9canique<\/div><div class=\"su-spoiler-content su-u-clearfix su-u-trim\">C&rsquo;est la bonne r\u00e9ponse. La compaction est due \u00e0 la pelle m\u00e9canique, qui en remaniant et compactant volontairement le sol pour obtenir une topographie plane, a d\u00e9truit la structure du sol originel et r\u00e9duit sa porosit\u00e9 et donc sa perm\u00e9abilit\u00e9.<\/div><\/div> <div class=\"su-spoiler su-spoiler-style-fancy su-spoiler-icon-plus su-spoiler-closed\" data-scroll-offset=\"0\" data-anchor-in-url=\"no\"><div class=\"su-spoiler-title\" tabindex=\"0\" role=\"button\"><span class=\"su-spoiler-icon\"><\/span>L\u2019entreposage de mat\u00e9riaux de constructions.<\/div><div class=\"su-spoiler-content su-u-clearfix su-u-trim\">Mauvaise r\u00e9ponse. Essayez encore une fois ! <\/div><\/div><\/div>\n<p><strong>2. Quelle action de l\u2019homme est la plus n\u00e9faste pour le d\u00e9veloppement du sol :<br \/><\/strong><\/p>\n<p>\n\n\n<\/p>\n<div class=\"su-accordion su-u-trim\"> <div class=\"su-spoiler su-spoiler-style-fancy su-spoiler-icon-plus su-spoiler-closed\" data-scroll-offset=\"0\" data-anchor-in-url=\"no\"><div class=\"su-spoiler-title\" tabindex=\"0\" role=\"button\"><span class=\"su-spoiler-icon\"><\/span> L\u2019incorporation de briques dans le sol<\/div><div class=\"su-spoiler-content su-u-clearfix su-u-trim\">Mauvaise r\u00e9ponse. Essayez encore une fois !<\/div><\/div> <div class=\"su-spoiler su-spoiler-style-fancy su-spoiler-icon-plus su-spoiler-closed\" data-scroll-offset=\"0\" data-anchor-in-url=\"no\"><div class=\"su-spoiler-title\" tabindex=\"0\" role=\"button\"><span class=\"su-spoiler-icon\"><\/span>Le m\u00e9lange de diff\u00e9rents sols<\/div><div class=\"su-spoiler-content su-u-clearfix su-u-trim\">Mauvaise r\u00e9ponse. Essayez encore une fois !<\/div><\/div> <div class=\"su-spoiler su-spoiler-style-fancy su-spoiler-icon-plus su-spoiler-closed\" data-scroll-offset=\"0\" data-anchor-in-url=\"no\"><div class=\"su-spoiler-title\" tabindex=\"0\" role=\"button\"><span class=\"su-spoiler-icon\"><\/span>La compaction<\/div><div class=\"su-spoiler-content su-u-clearfix su-u-trim\">C&rsquo;est la bonne r\u00e9ponse. La compaction, contrairement au m\u00e9lange de diff\u00e9rents sol, ralentit tr\u00e8s fortement les processus p\u00e9dologiques, et ce pendant tr\u00e8s longtemps. Les briques quant \u00e0 elles sont inertes dans le sol, \u00e0 la mani\u00e8re d\u2019un caillou. L\u2019une des plus grandes causes de destruction des sols au monde est justement la compaction g\u00e9n\u00e9r\u00e9e par les grosses machines de chantier. Afin de pr\u00e9server un sol lors de travaux, il faudrait id\u00e9alement enlever la surface du sol (les 30-40 premiers cm) \u00e0 la pelle m\u00e9canique, sans rouler dessus et en la remaniant le moins possible, afin de la conserver. De cette mani\u00e8re, une fois les travaux termin\u00e9s, la couche sup\u00e9rieure fragile pourrait \u00eatre red\u00e9pos\u00e9e, toujours sans rouler dessus. Ce genre de pratique commence \u00e0 se voir de plus en plus suite \u00e0 des exp\u00e9riences d\u00e9sastreuses pour des paysans dont le sol a \u00e9t\u00e9 totalement d\u00e9truit lors de travaux, par exemple pour la pose de conduits.<\/div><\/div><\/div>\n<p><strong>3. Quel proc\u00e9d\u00e9 chimique est \u00e0 l\u2019origine de la calcite (en aiguille) visible dans l\u2019horizon de profondeur ?<br \/><\/strong><\/p>\n\n\n<div class=\"su-accordion su-u-trim\"> <div class=\"su-spoiler su-spoiler-style-fancy su-spoiler-icon-plus su-spoiler-closed\" data-scroll-offset=\"0\" data-anchor-in-url=\"no\"><div class=\"su-spoiler-title\" tabindex=\"0\" role=\"button\"><span class=\"su-spoiler-icon\"><\/span>La bio-min\u00e9ralisation de calcite par les microorganismes<\/div><div class=\"su-spoiler-content su-u-clearfix su-u-trim\">C&rsquo;est une bonne r\u00e9ponse. Il a \u00e9t\u00e9 d\u00e9montr\u00e9 que le myc\u00e9lium des champignons est capable de min\u00e9raliser de la calcite.<\/div><\/div> <div class=\"su-spoiler su-spoiler-style-fancy su-spoiler-icon-plus su-spoiler-closed\" data-scroll-offset=\"0\" data-anchor-in-url=\"no\"><div class=\"su-spoiler-title\" tabindex=\"0\" role=\"button\"><span class=\"su-spoiler-icon\"><\/span>La calcification due \u00e0 un horizon sursatur\u00e9 en ion calcium et carbonate (Ca<sup>2+<\/sup> et CO<sub>3<\/sub><sup>2-<\/sup>) dissouts<\/div><div class=\"su-spoiler-content su-u-clearfix su-u-trim\">C&rsquo;est une bonne r\u00e9ponse. La calcite pr\u00e9cipite tr\u00e8s facilement lorsqu\u2019un fluide, tel que la solution du sol, est sursatur\u00e9 en ions\u00a0Ca<sup>2+<\/sup>. Dans ce cas, l\u2019eau qui passe \u00e0 travers le profil de sol se charge en calcium et migre en profondeur. Puis, lors qu\u2019il y a sursaturation, la calcite pr\u00e9cipite.<\/div><\/div> <div class=\"su-spoiler su-spoiler-style-fancy su-spoiler-icon-plus su-spoiler-closed\" data-scroll-offset=\"0\" data-anchor-in-url=\"no\"><div class=\"su-spoiler-title\" tabindex=\"0\" role=\"button\"><span class=\"su-spoiler-icon\"><\/span>L\u2019incorporation des \u00e9l\u00e9ments carbonat\u00e9s de la roche m\u00e8re<\/div><div class=\"su-spoiler-content su-u-clearfix su-u-trim\">Mauvaise r\u00e9ponse. Essayez encore une fois !<\/div><\/div> <div class=\"su-spoiler su-spoiler-style-fancy su-spoiler-icon-plus su-spoiler-closed\" data-scroll-offset=\"0\" data-anchor-in-url=\"no\"><div class=\"su-spoiler-title\" tabindex=\"0\" role=\"button\"><span class=\"su-spoiler-icon\"><\/span>La cristallisation de la calcite par augmentation de la pression via la compaction<\/div><div class=\"su-spoiler-content su-u-clearfix su-u-trim\">Mauvaise r\u00e9ponse. Essayez encore une fois !<\/div><\/div><\/div>\n\n\n\n<p><strong>4. Pourquoi ce sol poss\u00e8de-t-il une faible capacit\u00e9 d\u2019\u00e9change cationique (CEC) ?<br><\/strong><\/p>\n\n\n<div class=\"su-accordion su-u-trim\"> <div class=\"su-spoiler su-spoiler-style-fancy su-spoiler-icon-plus su-spoiler-closed\" data-scroll-offset=\"0\" data-anchor-in-url=\"no\"><div class=\"su-spoiler-title\" tabindex=\"0\" role=\"button\"><span class=\"su-spoiler-icon\"><\/span>Car il y a trop peu de mati\u00e8re organique<\/div><div class=\"su-spoiler-content su-u-clearfix su-u-trim\">Mauvaise r\u00e9ponse. Essayez encore une fois !<\/div><\/div> <div class=\"su-spoiler su-spoiler-style-fancy su-spoiler-icon-plus su-spoiler-closed\" data-scroll-offset=\"0\" data-anchor-in-url=\"no\"><div class=\"su-spoiler-title\" tabindex=\"0\" role=\"button\"><span class=\"su-spoiler-icon\"><\/span>Car les sites d'\u00e9changes sont pauvres en sites disponibles<\/div><div class=\"su-spoiler-content su-u-clearfix su-u-trim\">C&rsquo;est une bonne r\u00e9ponse. La CEC correspond au nombre de sites disponibles parmis les sites d&rsquo;\u00e9changes. Un sol avec des sites d&rsquo;\u00e9changes ne pr\u00e9sentant pas beaucoup de sites aura donc une faible CEC.<\/div><\/div> <div class=\"su-spoiler su-spoiler-style-fancy su-spoiler-icon-plus su-spoiler-closed\" data-scroll-offset=\"0\" data-anchor-in-url=\"no\"><div class=\"su-spoiler-title\" tabindex=\"0\" role=\"button\"><span class=\"su-spoiler-icon\"><\/span>Car il y a trop peu de cations disponibles<\/div><div class=\"su-spoiler-content su-u-clearfix su-u-trim\">C&rsquo;est une bonne r\u00e9ponse. Si les cations ne sont pas retenus par liaison avec le site d&rsquo;\u00e9change, ils seront lixivi\u00e9s avec les eaux de pluie, rendant le sol pauvre en \u00e9l\u00e9ments nutritifs.<\/div><\/div> <div class=\"su-spoiler su-spoiler-style-fancy su-spoiler-icon-plus su-spoiler-closed\" data-scroll-offset=\"0\" data-anchor-in-url=\"no\"><div class=\"su-spoiler-title\" tabindex=\"0\" role=\"button\"><span class=\"su-spoiler-icon\"><\/span>Car la porosit\u00e9 est trop faible<\/div><div class=\"su-spoiler-content su-u-clearfix su-u-trim\">Mauvaise r\u00e9ponse. Essayez encore une fois !<\/div><\/div><\/div>\n","protected":false},"excerpt":{"rendered":"<p>Nom complet&nbsp;: CALCISOL anthropis\u00e9&nbsp;r\u00e9doxique Qu\u2019est-ce qu\u2019un&nbsp;calcisol&nbsp;? Un calcisol est un sol dans lequel le calcium sous forme Ca2+ est abondant et repr\u00e9sente le principal cation \u00e9changeable. Dans le cas du CALCISOL anthropis\u00e9 r\u00e9doxique du site 3, de la recristallisation de<\/p>\n","protected":false},"author":108,"featured_media":0,"parent":20,"menu_order":3,"comment_status":"closed","ping_status":"closed","template":"","meta":{"_seopress_robots_primary_cat":"","_seopress_titles_title":"","_seopress_titles_desc":"","_seopress_robots_index":"","footnotes":""},"class_list":["post-28","page","type-page","status-publish"],"_links":{"self":[{"href":"https:\/\/wp.unil.ch\/swissoil\/wp-json\/wp\/v2\/pages\/28","targetHints":{"allow":["GET"]}}],"collection":[{"href":"https:\/\/wp.unil.ch\/swissoil\/wp-json\/wp\/v2\/pages"}],"about":[{"href":"https:\/\/wp.unil.ch\/swissoil\/wp-json\/wp\/v2\/types\/page"}],"author":[{"embeddable":true,"href":"https:\/\/wp.unil.ch\/swissoil\/wp-json\/wp\/v2\/users\/108"}],"replies":[{"embeddable":true,"href":"https:\/\/wp.unil.ch\/swissoil\/wp-json\/wp\/v2\/comments?post=28"}],"version-history":[{"count":5,"href":"https:\/\/wp.unil.ch\/swissoil\/wp-json\/wp\/v2\/pages\/28\/revisions"}],"predecessor-version":[{"id":2253,"href":"https:\/\/wp.unil.ch\/swissoil\/wp-json\/wp\/v2\/pages\/28\/revisions\/2253"}],"up":[{"embeddable":true,"href":"https:\/\/wp.unil.ch\/swissoil\/wp-json\/wp\/v2\/pages\/20"}],"wp:attachment":[{"href":"https:\/\/wp.unil.ch\/swissoil\/wp-json\/wp\/v2\/media?parent=28"}],"curies":[{"name":"wp","href":"https:\/\/api.w.org\/{rel}","templated":true}]}}