{"id":26,"date":"2017-09-27T15:31:10","date_gmt":"2017-09-27T13:31:10","guid":{"rendered":"http:\/\/wp.unil.ch\/swissoil\/?page_id=26"},"modified":"2024-09-26T16:07:09","modified_gmt":"2024-09-26T14:07:09","slug":"site-2","status":"publish","type":"page","link":"https:\/\/wp.unil.ch\/swissoil\/les-profiles-de-sol-de-dorigny\/site-2\/","title":{"rendered":"Site 2 &#8211; BRUNISOL DYSTRIQUE"},"content":{"rendered":"\n<h5 class=\"wp-block-heading\"><strong>Nom complet :&nbsp;BRUNISOL&nbsp;<\/strong><a href=\"https:\/\/wp.unil.ch\/swissoil\/glossaire-definition\/#D\">DYSTRIQUE<\/a><strong>&nbsp;<\/strong><a href=\"https:\/\/wp.unil.ch\/swissoil\/glossaire-definition\/#N-O\">oligosatur\u00e9<\/a><strong>&nbsp;superpos\u00e9 \u00e0 un pal\u00e9ofersialsol<\/strong><\/h5>\n\n\n\n<h4 class=\"wp-block-heading\"><strong>Qu\u2019est-ce qu\u2019un brunisol ?<\/strong><\/h4>\n\n\n<div class=\"wp-block-image\">\n<figure class=\"alignleft\"><img alt=\"\" loading=\"lazy\" decoding=\"async\" width=\"490\" height=\"935\" src=\"https:\/\/wp.unil.ch\/swissoil\/files\/2018\/07\/Image_brunisol_site2.jpg\" alt=\"\" class=\"wp-image-563\" srcset=\"https:\/\/wp.unil.ch\/swissoil\/files\/2018\/07\/Image_brunisol_site2.jpg 490w, https:\/\/wp.unil.ch\/swissoil\/files\/2018\/07\/Image_brunisol_site2-157x300.jpg 157w\" sizes=\"auto, (max-width: 490px) 100vw, 490px\" \/><\/figure>\n<\/div>\n\n\n<p>Les brunisols sont des sols \u00e9volu\u00e9s que l\u2019on retrouve souvent dans nos r\u00e9gions temp\u00e9r\u00e9es. Comme leur nom le sugg\u00e8re, ils sont le si\u00e8ge principal de la brunification \u2013 processus de lib\u00e9ration de fer \u2013 qui est lui-m\u00eame \u00e0 l\u2019origine de la couleur brune caract\u00e9ristique de ces sols.<\/p>\n\n\n\n<p>De mani\u00e8re g\u00e9n\u00e9rale, la brunification n\u00e9cessite un mat\u00e9riel parental non carbonat\u00e9, riche en fer et en <a href=\"https:\/\/wp.unil.ch\/swissoil\/glossaire-definition\/#A\" data-type=\"page\" data-id=\"22\">argile<\/a>. Les brunisols sont des sols plut\u00f4t acides, c\u2019est-\u00e0-dire \u00e0 pH relativement bas. De ce fait, en milieu calcaire, une <a href=\"https:\/\/wp.unil.ch\/swissoil\/glossaire-definition\/#D\">d\u00e9carbonatation<\/a> pr\u00e9alable (soit la dissolution des carbonates pr\u00e9sents dans le sol) est n\u00e9cessaire \u00e0 la gen\u00e8se d&rsquo;un brunisol.<\/p>\n\n\n\n<p>Le <a href=\"https:\/\/wp.unil.ch\/swissoil\/glossaire-definition\/#C\">complexe organo-min\u00e9ral<\/a> d&rsquo;un sol d\u00e9signe l\u2019association entre la mati\u00e8re organique et min\u00e9rale fine, g\u00e9n\u00e9ralement les argiles. Ces deux composantes se caract\u00e9risent toutes deux par une surface charg\u00e9e n\u00e9gativement, dont des agents de liaisons sont n\u00e9cessaires \u00e0 leur association. Ce sont les cations dits \u00ab de base \u00bb, soit Ca<sup>2+<\/sup>, Mg<sup>2+<\/sup>, K<sup>+<\/sup>, Na<sup>+<\/sup>, Al<sup>3+<\/sup> qui, par liaisons \u00e9lectrostatiques, vont jouer ce r\u00f4le de \u00ab ponts cationiques \u00bb. Les <a href=\"https:\/\/wp.unil.ch\/swissoil\/glossaire-definition\/#S\">sites d&rsquo;\u00e9change<\/a> \u00e9tant en \u00e9quilibre avec la solution du sol, lorsque le pH baisse (i.e. la concentration de H<sup>+<\/sup> augmente), les cations \u00ab&nbsp;de base&nbsp;\u00bb \u2013 majoritairement le Ca<sup>2+ <\/sup>\u2013 sont peu \u00e0 peu remplac\u00e9s par les ions H<sup>+<\/sup> et se retrouvent en solution avant d\u2019\u00eatre lixivi\u00e9s. Lorsque le pH est inf\u00e9rieur \u00e0 6, comme dans le cas d\u2019un brunisol, le fer dans le sol devient mobile sous la forme de Fe<sup>2+<\/sup> et occupe \u00e9galement des espaces sur les sites d&rsquo;\u00e9change. Ainsi, les ponts calciques sont progressivement remplac\u00e9s par des ponts ferriques. En cons\u00e9quence, le fer joue un r\u00f4le primordial dans les brunisols : celui d\u2019emp\u00eacher la d\u00e9composition et la <a href=\"https:\/\/wp.unil.ch\/swissoil\/glossaire-definition\/#M\" data-type=\"page\" data-id=\"22\">min\u00e9ralisation<\/a> trop rapide de la mati\u00e8re organique, mais \u00e9galement d\u2019emp\u00eacher la migration des <a href=\"https:\/\/wp.unil.ch\/swissoil\/glossaire-definition\/#A\">argiles<\/a> en profondeur. A la surface du sol, ces associations par ponts cationiques sont renforc\u00e9es par l\u2019action de la faune du sol : principalement les lombrics (vers de terre) qui transforment, stabilisent et int\u00e8grent la mati\u00e8re organique dans le sol.<\/p>\n\n\n\n<h4 class=\"wp-block-heading\"><strong>Qu\u2019est-ce qu\u2019un pal\u00e9ofersialsol ?<\/strong><\/h4>\n\n\n\n<p>A la base du profil, on observe un horizon tr\u00e8s diff\u00e9rent, que ce soit visuellement ou dans sa composition chimique. Il est sp\u00e9cialement riche en fer et en argiles secondaires (ici, de la kaolinite) cr\u00e9\u00e9es suite \u00e0 l\u2019<a href=\"https:\/\/wp.unil.ch\/swissoil\/glossaire-definition\/#A\" data-type=\"page\" data-id=\"22\">alt\u00e9ration<\/a> des <a href=\"https:\/\/wp.unil.ch\/swissoil\/glossaire-definition\/#M\" data-type=\"page\" data-id=\"22\">min\u00e9raux primaires<\/a> silicat\u00e9s. Ce processus de <a href=\"https:\/\/wp.unil.ch\/swissoil\/glossaire-definition\/#N-O\" data-type=\"page\" data-id=\"22\">n\u00e9ogen\u00e8se<\/a> d\u2019argiles secondaires s\u2019appelle <a href=\"https:\/\/wp.unil.ch\/swissoil\/glossaire-definition\/#A\">argilification<\/a> et est la cons\u00e9quence d&rsquo;une alt\u00e9ration tr\u00e8s pouss\u00e9e requ\u00e9rant un climat chaud (m\u00e9diterran\u00e9en ou tropical). Le climat actuel \u00e0 Dorigny ne permet pas la n\u00e9oformation de ces argiles. Cet horizon correspond en r\u00e9alit\u00e9 \u00e0 un ancien sol, form\u00e9 il y a tr\u00e8s longtemps dans un climat bien diff\u00e9rent d&rsquo;aujourd&rsquo;hui. C\u2019est un pal\u00e9osol, plus pr\u00e9cis\u00e9ment un pal\u00e9ofersialsol, c\u2019est-\u00e0-dire un ancien fersialsol. Dans ces derniers, les sites d&rsquo;\u00e9changes sont domin\u00e9s par les oxydes de fer et les argiles secondaires, les autres \u00e9l\u00e9ments ayant \u00e9t\u00e9, en grande partie, <a href=\"https:\/\/wp.unil.ch\/swissoil\/glossaire-definition\/#L\">lixivi\u00e9s<\/a> et <a href=\"https:\/\/wp.unil.ch\/swissoil\/glossaire-definition\/#L\">lessiv\u00e9s<\/a> suite \u00e0 une alt\u00e9ration avanc\u00e9e.<\/p>\n\n\n\n<hr class=\"wp-block-separator has-alpha-channel-opacity\" \/>\n\n\n\n<p><em>Vid\u00e9o de pr\u00e9sentation du site par Eric Verrecchia, Professeur ordinaire, Institut des dynamiques de la surface terrestre, Universit\u00e9 de Lausanne.<\/em><\/p>\n\n\n\n<figure class=\"wp-block-video\"><video controls poster=\"https:\/\/av.unil.ch\/hva\/3365\/01-eric-verrechia-2017-11-21.png\" preload=\"true\" src=\"https:\/\/av.unil.ch\/hva\/3365\/01-eric-verrechia-2017-11-21.mp4\"><\/video><\/figure>\n\n\n\n<hr class=\"wp-block-separator has-alpha-channel-opacity\" \/>\n\n\n\n<p><strong><a href=\"https:\/\/wp.unil.ch\/swissoil\/files\/2024\/09\/2Fiche_Pedologique_BRUNISOL_DYSTRIQUE-1.pdf\" target=\"_blank\" rel=\"noreferrer noopener\">Fiche p\u00e9dologique (PDF)<\/a><\/strong><\/p>\n\n\n\n<p><strong><a href=\"https:\/\/wp.unil.ch\/swissoil\/files\/2018\/07\/2_Forme_Humus_BRUNISOL_DYSTRIQUE.pdf\" target=\"_blank\" rel=\"noopener noreferrer\">Forme d&rsquo;humus (PDF)<\/a><\/strong><\/p>\n\n\n\n<p><strong><a href=\"https:\/\/wp.unil.ch\/swissoil\/files\/2019\/11\/2_Releve\u0301_Ve\u0301ge\u0301tation_BRUNISOL_DYSTRIQUE.pdf\" target=\"_blank\" rel=\"noopener noreferrer\">Relev\u00e9 de v\u00e9g\u00e9tation (PDF)<\/a><\/strong><\/p>\n\n\n\n<hr class=\"wp-block-separator has-alpha-channel-opacity\" \/>\n\n\n\n<h4 class=\"wp-block-heading\">Le sol au microscope<\/h4>\n\n\n\n<p>Le BRUNISOL DYSTRIQUE du site 2 pr\u00e9sente \u00e0 la fois le ph\u00e9nom\u00e8ne d&rsquo;<a href=\"https:\/\/wp.unil.ch\/swissoil\/glossaire-definition\/#F-K\" data-type=\"page\" data-id=\"22\">argilluviation<\/a> et l&rsquo;int\u00e9gration de la mati\u00e8re organique. Le site 2 contient notamment des r\u00e9sidus de racine, du charbon de bois et des tiges. Parfois, les structures v\u00e9g\u00e9tales sont toujours tr\u00e8s observable&nbsp;au microscopes, comme le montre l&rsquo;illustration ci-dessous<\/p>\n\n\n\n<div class=\"alignnormal\" style=\"text-align: justify\"><div id=\"metaslider-id-1122\" style=\"width: 100%;\" class=\"ml-slider-3-107-0 metaslider metaslider-flex metaslider-1122 ml-slider has-dots-nav ms-theme-simply-dark\" role=\"region\" aria-label=\"Micromorpho_Site 2\" data-height=\"565\" data-width=\"720\">\n    <div id=\"metaslider_container_1122\">\n        <div id=\"metaslider_1122\">\n            <ul class='slides'>\n                <li style=\"display: block; width: 100%;\" class=\"slide-1123 ms-image \" aria-roledescription=\"slide\" data-date=\"2020-04-16 14:03:33\" data-filename=\"Matie\u0300re-organique-e1587038717995.jpg\" data-slide-type=\"image\"><img loading=\"lazy\" decoding=\"async\" src=\"https:\/\/wp.unil.ch\/swissoil\/files\/2018\/07\/Matie\u0300re-organique-e1587038717995.jpg\" height=\"565\" width=\"720\" alt=\"\" class=\"slider-1122 slide-1123 msDefaultImage\" title=\"Tige\" \/><div class=\"caption-wrap\"><div class=\"caption\">Tige<\/div><\/div><\/li>\n                <li style=\"display: none; width: 100%;\" class=\"slide-1124 ms-image \" aria-roledescription=\"slide\" data-date=\"2020-04-16 14:03:33\" data-filename=\"Charbon-de-bois--e1587038839236.jpg\" data-slide-type=\"image\"><img loading=\"lazy\" decoding=\"async\" src=\"https:\/\/wp.unil.ch\/swissoil\/files\/2018\/07\/Charbon-de-bois--e1587038839236.jpg\" height=\"565\" width=\"720\" alt=\"\" class=\"slider-1122 slide-1124 msDefaultImage\" title=\"Charbon de bois\" \/><div class=\"caption-wrap\"><div class=\"caption\">Charbon de bois<\/div><\/div><\/li>\n                <li style=\"display: none; width: 100%;\" class=\"slide-1125 ms-image \" aria-roledescription=\"slide\" data-date=\"2020-04-16 14:03:33\" data-filename=\"Residu-Racine-e1587038800650.jpg\" data-slide-type=\"image\"><img loading=\"lazy\" decoding=\"async\" src=\"https:\/\/wp.unil.ch\/swissoil\/files\/2018\/07\/Residu-Racine-e1587038800650.jpg\" height=\"565\" width=\"720\" alt=\"\" class=\"slider-1122 slide-1125 msDefaultImage\" title=\"R\u00e9sidu de racine\" \/><div class=\"caption-wrap\"><div class=\"caption\">R\u00e9sidu de racine<\/div><\/div><\/li>\n                <li style=\"display: none; width: 100%;\" class=\"slide-1126 ms-image \" aria-roledescription=\"slide\" data-date=\"2020-04-16 14:03:33\" data-filename=\"Coupe-racine-e1587038774350.jpg\" data-slide-type=\"image\"><img loading=\"lazy\" decoding=\"async\" src=\"https:\/\/wp.unil.ch\/swissoil\/files\/2018\/07\/Coupe-racine-e1587038774350.jpg\" height=\"565\" width=\"720\" alt=\"\" class=\"slider-1122 slide-1126 msDefaultImage\" title=\"Coupe racine avec cellules visibles\" \/><div class=\"caption-wrap\"><div class=\"caption\">Coupe racine avec cellules visibles<\/div><\/div><\/li>\n                <li style=\"display: none; width: 100%;\" class=\"slide-1127 ms-image \" aria-roledescription=\"slide\" data-date=\"2020-04-16 14:03:33\" data-filename=\"Cellulose-Racine-e1587038740424.jpg\" data-slide-type=\"image\"><img loading=\"lazy\" decoding=\"async\" src=\"https:\/\/wp.unil.ch\/swissoil\/files\/2018\/07\/Cellulose-Racine-e1587038740424.jpg\" height=\"565\" width=\"720\" alt=\"\" class=\"slider-1122 slide-1127 msDefaultImage\" title=\"Cellulose Racine\" \/><div class=\"caption-wrap\"><div class=\"caption\">Coupe de Racine avec en gris clair la cellulose et en brun fonc\u00e9 la lignine<\/div><\/div><\/li>\n                <li style=\"display: none; width: 100%;\" class=\"slide-1128 ms-image \" aria-roledescription=\"slide\" data-date=\"2020-04-16 14:03:34\" data-filename=\"Epine-de-pin-e1587038759277.jpg\" data-slide-type=\"image\"><img loading=\"lazy\" decoding=\"async\" src=\"https:\/\/wp.unil.ch\/swissoil\/files\/2018\/07\/Epine-de-pin-e1587038759277.jpg\" height=\"565\" width=\"720\" alt=\"\" class=\"slider-1122 slide-1128 msDefaultImage\" title=\"Epine de pin\" \/><div class=\"caption-wrap\"><div class=\"caption\">Epine de pin<\/div><\/div><\/li>\n            <\/ul>\n        <\/div>\n        \n    <\/div>\n<\/div><\/div>\n\n\n\n<h2 class=\"wp-block-heading\">Quiz :<\/h2>\n\n\n\n<p><strong>1. Choisir la\/les bonne(s) affirmation(s) :<\/strong><\/p>\n\n\n<div class=\"su-accordion su-u-trim\"> <div class=\"su-spoiler su-spoiler-style-fancy su-spoiler-icon-plus su-spoiler-closed\" data-scroll-offset=\"0\" data-anchor-in-url=\"no\"><div class=\"su-spoiler-title\" tabindex=\"0\" role=\"button\"><span class=\"su-spoiler-icon\"><\/span> La pr\u00e9sence de fer est b\u00e9n\u00e9fique pour le d\u00e9veloppement du sol et de la vie dans celui-ci<\/div><div class=\"su-spoiler-content su-u-clearfix su-u-trim\">C&rsquo;est une bonne r\u00e9ponse. Le fer est un \u00e9l\u00e9ment essentiel dans ce sol. Sans cet \u00e9l\u00e9ment, l\u2019association organo-min\u00e9rale serait moindre et donc la mati\u00e8re organique serait d\u00e9compos\u00e9e et min\u00e9ralis\u00e9e tr\u00e8s rapidement. Il en va de m\u00eame pour les argiles qui auraient tendance \u00e0 \u00eatre lessiv\u00e9es.<\/div><\/div> <div class=\"su-spoiler su-spoiler-style-fancy su-spoiler-icon-plus su-spoiler-closed\" data-scroll-offset=\"0\" data-anchor-in-url=\"no\"><div class=\"su-spoiler-title\" tabindex=\"0\" role=\"button\"><span class=\"su-spoiler-icon\"><\/span>Un pH bas (acide) est n\u00e9faste pour le d\u00e9veloppement du sol et de la vie dans celui-ci<\/div><div class=\"su-spoiler-content su-u-clearfix su-u-trim\">C&rsquo;est une bonne r\u00e9ponse. Un pH l\u00e9g\u00e8rement acide (4.5-6) n\u2019est pas un probl\u00e8me pour le sol. N\u00e9anmoins, s\u2019il atteignait des valeurs en-dessous de 4, cette forte acidit\u00e9 serait alors n\u00e9faste pour le sol et principalement pour le d\u00e9veloppement de la v\u00e9g\u00e9tation ainsi que de la faune du sol.<\/div><\/div> <div class=\"su-spoiler su-spoiler-style-fancy su-spoiler-icon-plus su-spoiler-closed\" data-scroll-offset=\"0\" data-anchor-in-url=\"no\"><div class=\"su-spoiler-title\" tabindex=\"0\" role=\"button\"><span class=\"su-spoiler-icon\"><\/span>Les brunisols sont des sols riches en sables<\/div><div class=\"su-spoiler-content su-u-clearfix su-u-trim\">Mauvaise r\u00e9ponse. Essayez encore une fois ! <\/div><\/div> <div class=\"su-spoiler su-spoiler-style-fancy su-spoiler-icon-plus su-spoiler-closed\" data-scroll-offset=\"0\" data-anchor-in-url=\"no\"><div class=\"su-spoiler-title\" tabindex=\"0\" role=\"button\"><span class=\"su-spoiler-icon\"><\/span>Les diff\u00e9rences de couleurs sont dues uniquement \u00e0 la mati\u00e8re organique, plus abondante en surface qu\u2019en profondeur<\/div><div class=\"su-spoiler-content su-u-clearfix su-u-trim\">Mauvaise r\u00e9ponse. Essayez encore une fois ! <\/div><\/div><\/div>\n\n\n\n<p><strong>2.&nbsp;<\/strong> <strong>La formation de ce sol est li\u00e9e \u00e0 :<\/strong><\/p>\n\n\n<div class=\"su-accordion su-u-trim\"> <div class=\"su-spoiler su-spoiler-style-fancy su-spoiler-icon-plus su-spoiler-closed\" data-scroll-offset=\"0\" data-anchor-in-url=\"no\"><div class=\"su-spoiler-title\" tabindex=\"0\" role=\"button\"><span class=\"su-spoiler-icon\"><\/span>La faune et microfaune pr\u00e9sente dans le sol<\/div><div class=\"su-spoiler-content su-u-clearfix su-u-trim\">C&rsquo;est une bonne r\u00e9ponse.<\/div><\/div> <div class=\"su-spoiler su-spoiler-style-fancy su-spoiler-icon-plus su-spoiler-closed\" data-scroll-offset=\"0\" data-anchor-in-url=\"no\"><div class=\"su-spoiler-title\" tabindex=\"0\" role=\"button\"><span class=\"su-spoiler-icon\"><\/span>La nature de la roche sous-jacente<\/div><div class=\"su-spoiler-content su-u-clearfix su-u-trim\">C&rsquo;est une bonne r\u00e9ponse. <\/div><\/div> <div class=\"su-spoiler su-spoiler-style-fancy su-spoiler-icon-plus su-spoiler-closed\" data-scroll-offset=\"0\" data-anchor-in-url=\"no\"><div class=\"su-spoiler-title\" tabindex=\"0\" role=\"button\"><span class=\"su-spoiler-icon\"><\/span>La quantit\u00e9 de fer disponible<\/div><div class=\"su-spoiler-content su-u-clearfix su-u-trim\">C&rsquo;est une bonne r\u00e9ponse.<\/div><\/div> <div class=\"su-spoiler su-spoiler-style-fancy su-spoiler-icon-plus su-spoiler-closed\" data-scroll-offset=\"0\" data-anchor-in-url=\"no\"><div class=\"su-spoiler-title\" tabindex=\"0\" role=\"button\"><span class=\"su-spoiler-icon\"><\/span>Un d\u00e9p\u00f4t de loess sur un sol d\u00e9j\u00e0 existant<\/div><div class=\"su-spoiler-content su-u-clearfix su-u-trim\">C&rsquo;est une bonne r\u00e9ponse. En effet, la formation de ce sol n\u2019est pas due \u00e0 un seul et unique facteur mais \u00e0 une combinaison de tous les \u00e9l\u00e9ments mentionn\u00e9s. C\u2019est le cas pour tous les sols. Cependant, ces facteurs sont li\u00e9s entre eux. Ils d\u00e9pendent fortement des conditions g\u00e9ologiques, g\u00e9omorphologiques et climatiques du pass\u00e9 et du temps pr\u00e9sent. Le type et l\u2019abondance de la faune et microfaune pr\u00e9sentes est fonction du climat, des propri\u00e9t\u00e9s du sols et du type de v\u00e9g\u00e9tation. La quantit\u00e9 de fer disponible est li\u00e9 \u00e0 l\u2019histoire g\u00e9ologique du site et du type de substrat parental (roche m\u00e8re, l\u0153ss).<\/div><\/div><\/div>\n\n\n\n<p><strong>3. Quelles particularit\u00e9s climatiques influencent le plus ce brunisol ?<\/strong><\/p>\n\n\n<div class=\"su-accordion su-u-trim\"> <div class=\"su-spoiler su-spoiler-style-fancy su-spoiler-icon-plus su-spoiler-closed\" data-scroll-offset=\"0\" data-anchor-in-url=\"no\"><div class=\"su-spoiler-title\" tabindex=\"0\" role=\"button\"><span class=\"su-spoiler-icon\"><\/span>Les pr\u00e9cipitations fr\u00e9quentes au long de l'ann\u00e9e<\/div><div class=\"su-spoiler-content su-u-clearfix su-u-trim\">C&rsquo;est la bonne r\u00e9ponse. Ce sol est surtout influenc\u00e9 par les pr\u00e9cipitations, cause principale de toutes les interactions chimiques dans celui-ci. La temp\u00e9rature joue aussi un r\u00f4le tr\u00e8s important sur les sols mais \u00e0 une \u00e9chelle beaucoup plus large, c\u2019est-\u00e0-dire \u00e0 un niveau r\u00e9gional plus que local (climat tropical vs continental). La v\u00e9g\u00e9tation va influencer la structure du sol ainsi que le type de liti\u00e8re et de mati\u00e8re organique mais, en g\u00e9n\u00e9ral, c\u2019est d\u2019abord le climat et donc le type de sol qui va d\u00e9terminer le type de v\u00e9g\u00e9tation qui pourra s\u2019y d\u00e9velopper et non le type de v\u00e9g\u00e9tation qui va d\u00e9terminer le reste.<\/div><\/div> <div class=\"su-spoiler su-spoiler-style-fancy su-spoiler-icon-plus su-spoiler-closed\" data-scroll-offset=\"0\" data-anchor-in-url=\"no\"><div class=\"su-spoiler-title\" tabindex=\"0\" role=\"button\"><span class=\"su-spoiler-icon\"><\/span>La temp\u00e9rature moyenne et les grandes amplitudes de variations de celle-ci<\/div><div class=\"su-spoiler-content su-u-clearfix su-u-trim\">Mauvaise r\u00e9ponse. Essayez encore une fois !<\/div><\/div> <div class=\"su-spoiler su-spoiler-style-fancy su-spoiler-icon-plus su-spoiler-closed\" data-scroll-offset=\"0\" data-anchor-in-url=\"no\"><div class=\"su-spoiler-title\" tabindex=\"0\" role=\"button\"><span class=\"su-spoiler-icon\"><\/span>La v\u00e9g\u00e9tation correspondante<\/div><div class=\"su-spoiler-content su-u-clearfix su-u-trim\">Mauvaise r\u00e9ponse. Essayez encore une fois !<\/div><\/div> <div class=\"su-spoiler su-spoiler-style-fancy su-spoiler-icon-plus su-spoiler-closed\" data-scroll-offset=\"0\" data-anchor-in-url=\"no\"><div class=\"su-spoiler-title\" tabindex=\"0\" role=\"button\"><span class=\"su-spoiler-icon\"><\/span>Les vents dus au lac et montagnes adjacentes<\/div><div class=\"su-spoiler-content su-u-clearfix su-u-trim\">Mauvaise r\u00e9ponse. Essayez encore une fois !<\/div><\/div><\/div>\n\n\n\n<p><strong>4. D&rsquo;o\u00f9 provient le fer disponible dans ce sol ?<\/strong><\/p>\n\n\n<div class=\"su-accordion su-u-trim\"> <div class=\"su-spoiler su-spoiler-style-fancy su-spoiler-icon-plus su-spoiler-closed\" data-scroll-offset=\"0\" data-anchor-in-url=\"no\"><div class=\"su-spoiler-title\" tabindex=\"0\" role=\"button\"><span class=\"su-spoiler-icon\"><\/span>Des d\u00e9p\u00f4ts \u00e9oliens en surface<\/div><div class=\"su-spoiler-content su-u-clearfix su-u-trim\">C&rsquo;est une bonne r\u00e9ponse. Les l\u0153ss (d\u00e9p\u00f4ts s\u00e9dimentaire \u00e9olien de la taille des limons) peuvent contenir du fer mais il faudrait un d\u00e9p\u00f4t cons\u00e9quent pour qu\u2019autant de fer soit pr\u00e9sent. Il manque un \u00e9l\u00e9ment ! <\/div><\/div> <div class=\"su-spoiler su-spoiler-style-fancy su-spoiler-icon-plus su-spoiler-closed\" data-scroll-offset=\"0\" data-anchor-in-url=\"no\"><div class=\"su-spoiler-title\" tabindex=\"0\" role=\"button\"><span class=\"su-spoiler-icon\"><\/span>De la d\u00e9sint\u00e9gration de la mati\u00e8re organique<\/div><div class=\"su-spoiler-content su-u-clearfix su-u-trim\">Mauvaise r\u00e9ponse. Essayez encore une fois !<\/div><\/div> <div class=\"su-spoiler su-spoiler-style-fancy su-spoiler-icon-plus su-spoiler-closed\" data-scroll-offset=\"0\" data-anchor-in-url=\"no\"><div class=\"su-spoiler-title\" tabindex=\"0\" role=\"button\"><span class=\"su-spoiler-icon\"><\/span>De l'alt\u00e9ration des min\u00e9raux silicat\u00e9s primaires<\/div><div class=\"su-spoiler-content su-u-clearfix su-u-trim\">C&rsquo;est une bonne r\u00e9ponse. C\u2019est principalement l\u2019alt\u00e9ration de min\u00e9raux silicat\u00e9s primaires qui va lib\u00e9rer et fournir au sol autant de fer disponible. Un deuxi\u00e8me facteur se combine g\u00e9n\u00e9ralement \u00e0 celui-ci pour fournir le fer disponible, mais la majorit\u00e9 reste cependant lib\u00e9r\u00e9e par la roche m\u00e8re. <\/div><\/div> <div class=\"su-spoiler su-spoiler-style-fancy su-spoiler-icon-plus su-spoiler-closed\" data-scroll-offset=\"0\" data-anchor-in-url=\"no\"><div class=\"su-spoiler-title\" tabindex=\"0\" role=\"button\"><span class=\"su-spoiler-icon\"><\/span>Des pr\u00e9cipitations<\/div><div class=\"su-spoiler-content su-u-clearfix su-u-trim\">Mauvaise r\u00e9ponse. Essayez encore une fois !<\/div><\/div><\/div>\n","protected":false},"excerpt":{"rendered":"<p>Nom complet :&nbsp;BRUNISOL&nbsp;DYSTRIQUE&nbsp;oligosatur\u00e9&nbsp;superpos\u00e9 \u00e0 un pal\u00e9ofersialsol Qu\u2019est-ce qu\u2019un brunisol ? Les brunisols sont des sols \u00e9volu\u00e9s que l\u2019on retrouve souvent dans nos r\u00e9gions temp\u00e9r\u00e9es. Comme leur nom le sugg\u00e8re, ils sont le si\u00e8ge principal de la brunification \u2013 processus de<\/p>\n","protected":false},"author":1001561,"featured_media":0,"parent":20,"menu_order":2,"comment_status":"closed","ping_status":"closed","template":"","meta":{"_seopress_robots_primary_cat":"","_seopress_titles_title":"","_seopress_titles_desc":"","_seopress_robots_index":"","footnotes":""},"class_list":["post-26","page","type-page","status-publish"],"_links":{"self":[{"href":"https:\/\/wp.unil.ch\/swissoil\/wp-json\/wp\/v2\/pages\/26","targetHints":{"allow":["GET"]}}],"collection":[{"href":"https:\/\/wp.unil.ch\/swissoil\/wp-json\/wp\/v2\/pages"}],"about":[{"href":"https:\/\/wp.unil.ch\/swissoil\/wp-json\/wp\/v2\/types\/page"}],"author":[{"embeddable":true,"href":"https:\/\/wp.unil.ch\/swissoil\/wp-json\/wp\/v2\/users\/1001561"}],"replies":[{"embeddable":true,"href":"https:\/\/wp.unil.ch\/swissoil\/wp-json\/wp\/v2\/comments?post=26"}],"version-history":[{"count":5,"href":"https:\/\/wp.unil.ch\/swissoil\/wp-json\/wp\/v2\/pages\/26\/revisions"}],"predecessor-version":[{"id":2257,"href":"https:\/\/wp.unil.ch\/swissoil\/wp-json\/wp\/v2\/pages\/26\/revisions\/2257"}],"up":[{"embeddable":true,"href":"https:\/\/wp.unil.ch\/swissoil\/wp-json\/wp\/v2\/pages\/20"}],"wp:attachment":[{"href":"https:\/\/wp.unil.ch\/swissoil\/wp-json\/wp\/v2\/media?parent=26"}],"curies":[{"name":"wp","href":"https:\/\/api.w.org\/{rel}","templated":true}]}}