{"id":24,"date":"2017-09-27T15:30:58","date_gmt":"2017-09-27T13:30:58","guid":{"rendered":"http:\/\/wp.unil.ch\/swissoil\/?page_id=24"},"modified":"2024-09-26T15:44:25","modified_gmt":"2024-09-26T13:44:25","slug":"site-1","status":"publish","type":"page","link":"https:\/\/wp.unil.ch\/swissoil\/les-profiles-de-sol-de-dorigny\/site-1\/","title":{"rendered":"Site 1 &#8211; FLUVIOSOL TYPIQUE"},"content":{"rendered":"\n<h5 class=\"wp-block-heading\"><strong>Nom complet&nbsp;: FLUVIOSOL TYPIQUE <\/strong><a href=\"https:\/\/wp.unil.ch\/swissoil\/glossaire-definition\/#M\">multifluvique<\/a><strong>&nbsp;<\/strong><a href=\"https:\/\/wp.unil.ch\/swissoil\/glossaire-definition\/#R\">r\u00e9doxique<\/a><\/h5>\n\n\n\n<h4 class=\"wp-block-heading\"><strong>Qu\u2019est-ce qu\u2019un fluviosol ?<\/strong><\/h4>\n\n\n<div class=\"wp-block-image\">\n<figure class=\"alignleft is-resized\"><img alt=\"image de subsstitution\" loading=\"lazy\" decoding=\"async\" width=\"659\" height=\"1024\" src=\"https:\/\/wp.unil.ch\/swissoil\/files\/2018\/05\/Dorigny-1-Fluviosol-Typique_NJD4362-a-659x1024.jpg\" alt=\"\" class=\"wp-image-281\" style=\"width:349px;height:auto\" \/><\/figure>\n<\/div>\n\n\n<p>Un fluviosol est un sol peu \u00e9volu\u00e9, form\u00e9 par des <a href=\"https:\/\/wp.unil.ch\/swissoil\/glossaire-definition\/#A\" data-type=\"page\" data-id=\"22\">alluvions<\/a> fluviatiles ou lacustres r\u00e9cents, d\u00e9pos\u00e9s en bordure d\u2019un milieu aquatique. Le moteur de notre FLUVIOSOL TYPIQUE est la rivi\u00e8re de la Sorge qui passe \u00e0 quelques m\u00e8tres du profil de sol. Lors de crues, des s\u00e9diments sont emport\u00e9s hors du lit habituel, et se d\u00e9posent aux alentours. Chaque crue d\u00e9pose donc une nouvelle couche, recouvrant aussit\u00f4t la jeune v\u00e9g\u00e9tation et la couche d\u2019<a href=\"https:\/\/wp.unil.ch\/swissoil\/glossaire-definition\/#F-K\">humus<\/a> : le processus p\u00e9dologique repart \u00e0 z\u00e9ro, et ce, \u00e0 chacune des crues. Ceci donne alors le pr\u00e9fixe <strong>multi-<\/strong> en r\u00e9f\u00e9rence \u00e0 plusieurs \u00e9v\u00e9nements de m\u00eame nature formant le sol.<\/p>\n\n\n\n<p>On observe des taches brunes\/rousses en bas du profil. Ces taches nous indiquent la pr\u00e9sence de fer, entra\u00een\u00e9 par <a href=\"https:\/\/wp.unil.ch\/swissoil\/glossaire-definition\/#L\" data-type=\"page\" data-id=\"22\">lixiviation<\/a> dans les horizons profonds de ce sol. La couleur rousse est due \u00e0 l\u2019oxydation du fer, qui a lieu gr\u00e2ce \u00e0 la pr\u00e9sence d\u2019oxyg\u00e8ne lorsque la nappe phr\u00e9atique sous-jacente se retire (battement de nappe). Le fer oxyd\u00e9 se lie facilement aux <a href=\"https:\/\/wp.unil.ch\/swissoil\/glossaire-definition\/#A\" data-type=\"page\" data-id=\"22\">argiles<\/a>, mais ces derniers sont tr\u00e8s peu pr\u00e9sents dans ce sol. Le fer va donc \u00eatre emport\u00e9 de plus en plus profond au gr\u00e9 des battements de nappe et de son changement d\u2019\u00e9tat chimique. Lorsque le fer est oxyd\u00e9, il tend \u00e0 \u00eatre immobile alors que lorsqu\u2019il est r\u00e9duit il devient tr\u00e8s mobile et est emport\u00e9 avec les eaux. Seul le fer dit \u00ab libre \u00bb migre et change d\u2019\u00e9tat au gr\u00e9 des conditions <a href=\"https:\/\/wp.unil.ch\/swissoil\/glossaire-definition\/#N-O\">oxiques<\/a>\/<a href=\"https:\/\/wp.unil.ch\/swissoil\/glossaire-definition\/#A\" data-type=\"page\" data-id=\"22\">anoxiques<\/a>. Le fer pi\u00e9g\u00e9 au sein des r\u00e9seaux cristallins de silicates primaires ne va ni changer d\u2019\u00e9tat, ni migrer.<\/p>\n\n\n\n<hr class=\"wp-block-separator has-css-opacity\" \/>\n\n\n\n<p><em>Vid\u00e9o de pr\u00e9sentation du site par Claire Gu\u00e9nat, Dr. es Science du sol et collaboratrice scientifique \u00e0 l&rsquo;EPFL<\/em><\/p>\n\n\n\n<figure class=\"wp-block-video\"><video src=\"https:\/\/av.unil.ch\/hva\/3302\/06-claire-guenat-2017-11-21.mp4\" poster=\"https:\/\/av.unil.ch\/hva\/3302\/06-claire-guenat-2017-11-21.png\" preload=\"true\" controls=\"controls\" width=\"300\" height=\"150\"><\/video><\/figure>\n\n\n\n<hr class=\"wp-block-separator has-css-opacity\" \/>\n\n\n\n<p><strong><a href=\"https:\/\/wp.unil.ch\/swissoil\/files\/2024\/09\/1Fiche_Pedologique_FLUVIOSOL_TYPIQUE.pdf\" target=\"_blank\" rel=\"noreferrer noopener\">Fiche p\u00e9dologique (PDF)<\/a><\/strong><\/p>\n\n\n\n<p><strong><a href=\"https:\/\/wp.unil.ch\/swissoil\/files\/2018\/07\/1_Forme_Humus_FLUVIOSOL_TYPIQUE.pdf\" target=\"_blank\" rel=\"noopener noreferrer\">Forme d&rsquo;humus (PDF)<\/a><\/strong><\/p>\n\n\n\n<p><strong><a href=\"https:\/\/wp.unil.ch\/swissoil\/files\/2019\/11\/1_Releve\u0301_Ve\u0301ge\u0301tation_FLUVIOSOL_TYPIQUE-1.pdf\" target=\"_blank\" rel=\"noopener noreferrer\">Relev\u00e9 de v\u00e9g\u00e9tation (PDF)<\/a><\/strong><\/p>\n\n\n\n<hr class=\"wp-block-separator has-css-opacity\" \/>\n\n\n\n<h4 class=\"wp-block-heading\"><strong>Le sol au microscope<\/strong><strong> :<\/strong><\/h4>\n\n\n\n<p>Le FLUVIOSOL TYPIQUE du site 1 montre, \u00e0 l&rsquo;\u00e9chelle macroscopique, une vraie dynamique fluviale. Mais qu&rsquo;en est-il microscopiquement? Le monde de l&rsquo; \u00ab\u00a0infiniment petit\u00a0\u00bb nous confirme ce qui est visible \u00e0 l\u2019\u0153il nu : l&rsquo;observation du sol au microscope montre des alternances de bandes brunes plus ou moins claires. Ces alternances sont indicatrices des changements de dynamique de la rivi\u00e8re. Lorsque le courant est fort, il d\u00e9pose des grains plut\u00f4t grossier, cr\u00e9ant des bandes claires. Lorsque le courant est plus calme, des grains fins sont d\u00e9pos\u00e9s, cr\u00e9ant les bandes plus fonc\u00e9es.<\/p>\n\n\n\n<div class=\"wp-block-image wp-image-690 size-full\">\n<figure class=\"aligncenter\" style=\"text-align: justify\"><img alt=\"\" loading=\"lazy\" decoding=\"async\" width=\"720\" height=\"565\" class=\"wp-image-690\" src=\"https:\/\/wp.unil.ch\/swissoil\/files\/2018\/07\/Bandes_lame1_1-e1587037919239.jpg\" alt=\"\">\n<figcaption>Bandes fonc\u00e9es et claires indiquant la diff\u00e9rence de dynamique fluviale<\/figcaption>\n<\/figure>\n<\/div>\n\n\n\n<p>Une accumulation de mati\u00e8re de couleur rouille autour des pores, bien visible au microscope, laisse supposer une oxydation du fer. Ces traces d&rsquo;oxydation peuvent \u00e9galement indiquer la pr\u00e9sence d&rsquo;un battement de nappe.<\/p>\n\n\n<div class=\"wp-block-image wp-image-1117 size-full\">\n<figure class=\"aligncenter\" style=\"text-align: justify\"><img alt=\"\" loading=\"lazy\" decoding=\"async\" width=\"720\" height=\"564\" class=\"wp-image-1117\" src=\"https:\/\/wp.unil.ch\/swissoil\/files\/2020\/04\/Impregnation_1.1._LPNA-e1587037815179.png\" alt=\"\" \/><figcaption>Impr\u00e9gnations autour de pores (fonc\u00e9 sur le bord du pore, clair en allant vers l&rsquo;ext\u00e9rieur)<\/figcaption><\/figure>\n<\/div>\n\n\n<hr class=\"wp-block-separator has-css-opacity\" \/>\n\n\n\n<h5 class=\"wp-block-heading\"><strong>Quiz :<\/strong><\/h5>\n\n\n\n<p><strong><span style=\"color: #339966\" class=\"has-inline-color\">1. Qu&rsquo;est-ce qui d\u00e9finit la porosit\u00e9 d&rsquo;un sol?<\/span><\/strong><\/p>\n\n\n<div class=\"su-accordion su-u-trim\"> <div class=\"su-spoiler su-spoiler-style-fancy su-spoiler-icon-plus su-spoiler-closed\" data-scroll-offset=\"0\" data-anchor-in-url=\"no\"><div class=\"su-spoiler-title\" tabindex=\"0\" role=\"button\"><span class=\"su-spoiler-icon\"><\/span> Les volumes non occup\u00e9s par la phase solide<\/div><div class=\"su-spoiler-content su-u-clearfix su-u-trim\">C&rsquo;est la bonne r\u00e9ponse. En effet, la porosit\u00e9 repr\u00e9sente l&rsquo;ensemble des volumes d&rsquo;un \u00e9chantillon de sol ou d&rsquo;un horizon disponibles pour l\u2019air ou les fluides. Ces vides appel\u00e9s pores existent sous diff\u00e9rentes formes (tubules, cavit\u00e9s, chambres, v\u00e9sicules, fissures planaires), dimensions et origines (entassement retrait, activit\u00e9 racinaire ou faunique). Dans les pores de taille sup\u00e9rieure \u00e0 3mm de diam\u00e8tre, il y a tr\u00e8s peu d&rsquo;ascension capillaire. L&rsquo;eau circule plus ou moins rapidement dans les macropores (diam\u00e8tre &gt; 6-10\u00b5m) par gravit\u00e9 ou capillarit\u00e9, alors que la r\u00e9tention d&rsquo;eau domine dans les micropores (diam\u00e8tre &lt; 6-10\u00b5m). <\/div><\/div> <div class=\"su-spoiler su-spoiler-style-fancy su-spoiler-icon-plus su-spoiler-closed\" data-scroll-offset=\"0\" data-anchor-in-url=\"no\"><div class=\"su-spoiler-title\" tabindex=\"0\" role=\"button\"><span class=\"su-spoiler-icon\"><\/span>La quantit\u00e9 d\u2019eau re\u00e7ue par le sol<\/div><div class=\"su-spoiler-content su-u-clearfix su-u-trim\">Mauvaise r\u00e9ponse. Essayez encore une fois ! <\/div><\/div> <div class=\"su-spoiler su-spoiler-style-fancy su-spoiler-icon-plus su-spoiler-closed\" data-scroll-offset=\"0\" data-anchor-in-url=\"no\"><div class=\"su-spoiler-title\" tabindex=\"0\" role=\"button\"><span class=\"su-spoiler-icon\"><\/span>La v\u00e9g\u00e9tation qui pousse sur ce sol<\/div><div class=\"su-spoiler-content su-u-clearfix su-u-trim\">Mauvaise r\u00e9ponse. Essayez encore une fois ! <\/div><\/div> <div class=\"su-spoiler su-spoiler-style-fancy su-spoiler-icon-plus su-spoiler-closed\" data-scroll-offset=\"0\" data-anchor-in-url=\"no\"><div class=\"su-spoiler-title\" tabindex=\"0\" role=\"button\"><span class=\"su-spoiler-icon\"><\/span>Le type de roche m\u00e8re (roche sur lequel le sol s\u2019est form\u00e9)<\/div><div class=\"su-spoiler-content su-u-clearfix su-u-trim\">Mauvaise r\u00e9ponse. Essayez encore une fois ! <\/div><\/div><\/div>\n\n\n\n<p class=\"has-vivid-green-cyan-color has-text-color\"><strong><span style=\"color: #339966\" class=\"has-inline-color\">2. Qu\u2019est-ce qui contribue \u00e0 la formation du complexe organo-min\u00e9ral ?<\/span><\/strong><\/p>\n\n\n<div class=\"su-accordion su-u-trim\"> <div class=\"su-spoiler su-spoiler-style-fancy su-spoiler-icon-plus su-spoiler-closed\" data-scroll-offset=\"0\" data-anchor-in-url=\"no\"><div class=\"su-spoiler-title\" tabindex=\"0\" role=\"button\"><span class=\"su-spoiler-icon\"><\/span>Oxyg\u00e9nation du sol due \u00e0 l\u2019action de la m\u00e9gafaune<\/div><div class=\"su-spoiler-content su-u-clearfix su-u-trim\">Mauvaise r\u00e9ponse. Essayez encore une fois ! <\/div><\/div> <div class=\"su-spoiler su-spoiler-style-fancy su-spoiler-icon-plus su-spoiler-closed\" data-scroll-offset=\"0\" data-anchor-in-url=\"no\"><div class=\"su-spoiler-title\" tabindex=\"0\" role=\"button\"><span class=\"su-spoiler-icon\"><\/span>Cr\u00e9ation du r\u00e9seau myc\u00e9lien par les champignons humicoles<\/div><div class=\"su-spoiler-content su-u-clearfix su-u-trim\">Mauvaise r\u00e9ponse. Essayez encore une fois ! <\/div><\/div> <div class=\"su-spoiler su-spoiler-style-fancy su-spoiler-icon-plus su-spoiler-closed\" data-scroll-offset=\"0\" data-anchor-in-url=\"no\"><div class=\"su-spoiler-title\" tabindex=\"0\" role=\"button\"><span class=\"su-spoiler-icon\"><\/span>R\u00e9duction des populations bact\u00e9riennes par les protozoaires<\/div><div class=\"su-spoiler-content su-u-clearfix su-u-trim\">Mauvaise r\u00e9ponse. Essayez encore une fois ! <\/div><\/div> <div class=\"su-spoiler su-spoiler-style-fancy su-spoiler-icon-plus su-spoiler-closed\" data-scroll-offset=\"0\" data-anchor-in-url=\"no\"><div class=\"su-spoiler-title\" tabindex=\"0\" role=\"button\"><span class=\"su-spoiler-icon\"><\/span>Digestion de la mati\u00e8re organique par des vers ann\u00e9lides<\/div><div class=\"su-spoiler-content su-u-clearfix su-u-trim\">C&rsquo;est la bonne r\u00e9ponse. En effet, les vers ann\u00e9lides, dont les lombrics font partie, transforment les d\u00e9bris v\u00e9g\u00e9taux dans leur tractus intestinal et rendent la mati\u00e8re organique plus stable. Cette mati\u00e8re organique transform\u00e9e peut se lier facilement avec les phases min\u00e9rales. De plus, les vers de terre an\u00e9ciques, de part leur circulation verticale dans le sol, permettent d\u2019incorporer cette mati\u00e8re organique en profondeur dans le profil. <\/div><\/div><\/div>\n\n\n\n<p><strong><span style=\"color: #339966\" class=\"has-inline-color\">3. Pourquoi le complexe organo-min\u00e9ral peine \u00e0 se former dans un FLUVIOSOL JUVENILE ?<\/span><\/strong><\/p>\n\n\n<div class=\"su-accordion su-u-trim\"> <div class=\"su-spoiler su-spoiler-style-fancy su-spoiler-icon-plus su-spoiler-closed\" data-scroll-offset=\"0\" data-anchor-in-url=\"no\"><div class=\"su-spoiler-title\" tabindex=\"0\" role=\"button\"><span class=\"su-spoiler-icon\"><\/span>Trop peu de mati\u00e8re organique dans le sol<\/div><div class=\"su-spoiler-content su-u-clearfix su-u-trim\">Mauvaise r\u00e9ponse. Essayez encore une fois ! <\/div><\/div> <div class=\"su-spoiler su-spoiler-style-fancy su-spoiler-icon-plus su-spoiler-closed\" data-scroll-offset=\"0\" data-anchor-in-url=\"no\"><div class=\"su-spoiler-title\" tabindex=\"0\" role=\"button\"><span class=\"su-spoiler-icon\"><\/span>La mati\u00e8re organique de la liti\u00e8re n\u2019a pas le temps de se d\u00e9composer entre deux crues<\/div><div class=\"su-spoiler-content su-u-clearfix su-u-trim\">C&rsquo;est la bonne r\u00e9ponse. Le recouvrement de la liti\u00e8re et de l\u2019horizon organique de surface par les s\u00e9diments d\u00e9pos\u00e9s lors de chaque nouvelle crue emp\u00eache effectivement cette mati\u00e8re organique de se faire d\u00e9sagr\u00e9ger par les micro-organismes du sol. La majorit\u00e9 de ces organismes ont besoin d\u2019oxyg\u00e8ne pour vivre et vont donc principalement \u00eatre pr\u00e9sents en surface du sol. La formation du complexe organo-min\u00e9ral est donc tr\u00e8s fortement ralentie lorsque la liti\u00e8re est enfouie.<\/div><\/div> <div class=\"su-spoiler su-spoiler-style-fancy su-spoiler-icon-plus su-spoiler-closed\" data-scroll-offset=\"0\" data-anchor-in-url=\"no\"><div class=\"su-spoiler-title\" tabindex=\"0\" role=\"button\"><span class=\"su-spoiler-icon\"><\/span>Les vers de terre ne vivent pas dans des zones \u00e0 trop grande porosit\u00e9<\/div><div class=\"su-spoiler-content su-u-clearfix su-u-trim\">Mauvaise r\u00e9ponse. Essayez encore une fois ! <\/div><\/div> <div class=\"su-spoiler su-spoiler-style-fancy su-spoiler-icon-plus su-spoiler-closed\" data-scroll-offset=\"0\" data-anchor-in-url=\"no\"><div class=\"su-spoiler-title\" tabindex=\"0\" role=\"button\"><span class=\"su-spoiler-icon\"><\/span>La saturation d\u2019eau dans le sol amen\u00e9e par une crue noie les vers de terre<\/div><div class=\"su-spoiler-content su-u-clearfix su-u-trim\">Mauvaise r\u00e9ponse. Essayez encore une fois ! <\/div><\/div> <\/div>\n\n\n\n<p><strong><span style=\"color: #339966\" class=\"has-inline-color\">4. Quelles sont les cons\u00e9quences de la lixiviation ?<\/span><\/strong><\/p>\n\n\n<div class=\"su-accordion su-u-trim\"> <div class=\"su-spoiler su-spoiler-style-fancy su-spoiler-icon-plus su-spoiler-closed\" data-scroll-offset=\"0\" data-anchor-in-url=\"no\"><div class=\"su-spoiler-title\" tabindex=\"0\" role=\"button\"><span class=\"su-spoiler-icon\"><\/span>Une r\u00e9partition homog\u00e8ne de la mati\u00e8re organique dans le sol<\/div><div class=\"su-spoiler-content su-u-clearfix su-u-trim\">Mauvaise r\u00e9ponse. Essayez encore une fois ! <\/div><\/div> <div class=\"su-spoiler su-spoiler-style-fancy su-spoiler-icon-plus su-spoiler-closed\" data-scroll-offset=\"0\" data-anchor-in-url=\"no\"><div class=\"su-spoiler-title\" tabindex=\"0\" role=\"button\"><span class=\"su-spoiler-icon\"><\/span>Une accumulation de la mati\u00e8re organique dans les horizons profonds<\/div><div class=\"su-spoiler-content su-u-clearfix su-u-trim\">Mauvaise r\u00e9ponse. Essayez encore une fois ! <\/div><\/div> <div class=\"su-spoiler su-spoiler-style-fancy su-spoiler-icon-plus su-spoiler-closed\" data-scroll-offset=\"0\" data-anchor-in-url=\"no\"><div class=\"su-spoiler-title\" tabindex=\"0\" role=\"button\"><span class=\"su-spoiler-icon\"><\/span>Une augmentation des concentrations en ions dans les horizons sup\u00e9rieurs<\/div><div class=\"su-spoiler-content su-u-clearfix su-u-trim\">Mauvaise r\u00e9ponse. Essayez encore une fois ! <\/div><\/div> <div class=\"su-spoiler su-spoiler-style-fancy su-spoiler-icon-plus su-spoiler-closed\" data-scroll-offset=\"0\" data-anchor-in-url=\"no\"><div class=\"su-spoiler-title\" tabindex=\"0\" role=\"button\"><span class=\"su-spoiler-icon\"><\/span>Un appauvrissement en ions dans le profil<\/div><div class=\"su-spoiler-content su-u-clearfix su-u-trim\">C&rsquo;est la bonne r\u00e9ponse. En effet, la lixiviation va transf\u00e9rer par gravit\u00e9 les \u00e9l\u00e9ments solubles (ions, sels) dissous dans la solution du sol en profondeur dans le profil et m\u00eame hors du profil, jusque dans la nappe phr\u00e9atique ou les rivi\u00e8res et lacs. Ce ph\u00e9nom\u00e8ne a lieu principalement lors de pluie ou ruissellement d\u2019eau au sein du profil. La lixiviation est souvent confondue avec le lessivage, qui lui d\u00e9finit aussi le transfert de particules par gravit\u00e9 dans les eaux de pluie ou de ruissellement.La diff\u00e9rence est que le lessivage transf\u00e8re des particules solides et non dissoutes, comme les argiles par exemple.<\/div><\/div> <\/div>\n","protected":false},"excerpt":{"rendered":"<p>Nom complet&nbsp;: FLUVIOSOL TYPIQUE multifluvique&nbsp;r\u00e9doxique Qu\u2019est-ce qu\u2019un fluviosol ? Un fluviosol est un sol peu \u00e9volu\u00e9, form\u00e9 par des alluvions fluviatiles ou lacustres r\u00e9cents, d\u00e9pos\u00e9s en bordure d\u2019un milieu aquatique. Le moteur de notre FLUVIOSOL TYPIQUE est la rivi\u00e8re de<\/p>\n","protected":false},"author":1001561,"featured_media":0,"parent":20,"menu_order":0,"comment_status":"closed","ping_status":"closed","template":"","meta":{"_seopress_robots_primary_cat":"","_seopress_titles_title":"","_seopress_titles_desc":"","_seopress_robots_index":"","footnotes":""},"class_list":["post-24","page","type-page","status-publish"],"_links":{"self":[{"href":"https:\/\/wp.unil.ch\/swissoil\/wp-json\/wp\/v2\/pages\/24","targetHints":{"allow":["GET"]}}],"collection":[{"href":"https:\/\/wp.unil.ch\/swissoil\/wp-json\/wp\/v2\/pages"}],"about":[{"href":"https:\/\/wp.unil.ch\/swissoil\/wp-json\/wp\/v2\/types\/page"}],"author":[{"embeddable":true,"href":"https:\/\/wp.unil.ch\/swissoil\/wp-json\/wp\/v2\/users\/1001561"}],"replies":[{"embeddable":true,"href":"https:\/\/wp.unil.ch\/swissoil\/wp-json\/wp\/v2\/comments?post=24"}],"version-history":[{"count":5,"href":"https:\/\/wp.unil.ch\/swissoil\/wp-json\/wp\/v2\/pages\/24\/revisions"}],"predecessor-version":[{"id":2251,"href":"https:\/\/wp.unil.ch\/swissoil\/wp-json\/wp\/v2\/pages\/24\/revisions\/2251"}],"up":[{"embeddable":true,"href":"https:\/\/wp.unil.ch\/swissoil\/wp-json\/wp\/v2\/pages\/20"}],"wp:attachment":[{"href":"https:\/\/wp.unil.ch\/swissoil\/wp-json\/wp\/v2\/media?parent=24"}],"curies":[{"name":"wp","href":"https:\/\/api.w.org\/{rel}","templated":true}]}}