{"id":20,"date":"2017-09-27T15:27:27","date_gmt":"2017-09-27T13:27:27","guid":{"rendered":"http:\/\/wp.unil.ch\/swissoil\/?page_id=20"},"modified":"2024-06-11T17:41:52","modified_gmt":"2024-06-11T15:41:52","slug":"les-profiles-de-sol-de-dorigny","status":"publish","type":"page","link":"https:\/\/wp.unil.ch\/swissoil\/les-profiles-de-sol-de-dorigny\/","title":{"rendered":"Les sols de Dorigny"},"content":{"rendered":"\n<p>Lors de leur travaux pratiques, les \u00e9tudiants du Master de Biog\u00e9osciences de 2016 ont creus\u00e9 cinq fosses p\u00e9dologiques dans la for\u00eat de Dorigny (entre le G\u00e9opolis et la Banane). Ces fosses ont \u00e9t\u00e9 conserv\u00e9es et s\u00e9curis\u00e9es de mani\u00e8re \u00e0 offrir, \u00e0 toute personne d\u00e9sireuse d\u2019en apprendre plus en science du sol, un site d\u2019observation directement sur le terrain.  A cette liste s&rsquo;est ajout\u00e9e deux nouvelles fosses en printemps 2023, situ\u00e9es en dehors de la for\u00eat de Dorigny, suite \u00e0 la classification de cette derni\u00e8re comme r\u00e9serve naturelle et \u00e0 l&rsquo;interdiction partielle d&rsquo;y entrer.<\/p>\n\n\n\n<p>L&rsquo;accessibilit\u00e9 et la diversit\u00e9 des sols de la for\u00eat de Dorigny et de ses environs rendent le lieu id\u00e9al pour un tel projet.<\/p>\n\n\n\n<p>D\u2019un point de vue g\u00e9ologique et lithologique, la for\u00eat de Dorigny correspond \u00e0 une ancienne <a href=\"https:\/\/wp.unil.ch\/swissoil\/glossaire-definition\/#M\">moraine<\/a> d\u00e9pos\u00e9e par le glacier du Rh\u00f4ne lors de son retrait \u00e0 la fin de la derni\u00e8re p\u00e9riode glaciaire du&nbsp;<a href=\"https:\/\/wp.unil.ch\/swissoil\/glossaire-definition\/#W\">W\u00fcrm<\/a>, il y a environ 15\u2019000 ans.<\/p>\n\n\n\n<p>Des d\u00e9p\u00f4ts \u00e9oliens, appel\u00e9s&nbsp;<a href=\"https:\/\/wp.unil.ch\/swissoil\/glossaire-definition\/#L\">loess<\/a>,&nbsp;sont \u00e9galement pr\u00e9sents sur cette colline. Les loess, roches s\u00e9dimentaires d\u00e9tritiques, sont une sorte de farine min\u00e9rale meuble de petite taille (<a href=\"https:\/\/wp.unil.ch\/swissoil\/glossaire-definition\/#L\">limons<\/a>) qui est issue de l\u2019\u00e9rosion \u00e9olienne. Ces limons peuvent \u00eatre transport\u00e9s sur de longues distances.<\/p>\n\n\n\n<p>La colline est contourn\u00e9e par la rivi\u00e8re La Sorge, qui devient La Chambronne \u00e0 la confluence avec La M\u00e8bre. L\u2019\u00e9coulement de cette rivi\u00e8re a model\u00e9 le paysage du bas de la colline \u00e0 travers les si\u00e8cles. Le paysage a \u00e9galement \u00e9t\u00e9 fortement influenc\u00e9 par l&rsquo;homme, que ce soit par les modifications <a href=\"https:\/\/wp.unil.ch\/swissoil\/glossaire-definition\/#A\">anthropiques<\/a> du cours de la rivi\u00e8re ou par la construction du campus. Lors de cette derni\u00e8re, de nombreux creusages, transports de terre et remblais ont \u00e9t\u00e9 effectu\u00e9s, modifiant profond\u00e9ment les sols \u00e0 certains endroits.<\/p>\n\n\n\n<p>La v\u00e9g\u00e9tation arborescente de la for\u00eat de Dorigny pr\u00e9sente une dominance de h\u00eatre (<em>Fagus sylvatica<\/em>) et de fr\u00eane (<em>Fraxinus excelsior<\/em>). On y trouve aussi diff\u00e9rentes esp\u00e8ces d\u2019\u00e9rables, tilleuls et cerisiers sauvages. On retrouve les m\u00eames esp\u00e8ces pour la strate arbustive et herbac\u00e9e avec, en sus, des ronces, du lierre mais aussi de la pr\u00eale et des la\u00eeches en zone de bas de colline proche de la rivi\u00e8re (zone humide).<\/p>\n\n\n\n<h6 class=\"wp-block-heading\"><strong>Pr\u00e9sentation des sols<\/strong><\/h6>\n\n\n\n<p>Chacun des sept sols est pr\u00e9sent\u00e9 sur une page individuelle. Le nom complet est indiqu\u00e9 en sous-titre (selon le R\u00e9f\u00e9rentiel P\u00e9dologique), suivi d\u2019une explication accessible \u00e0 tous du fonctionnement et des particularit\u00e9s du sol en question, agr\u00e9ment\u00e9 d\u2019une photo du profil (Merci \u00e0 Jean-Michel Gobat pour la mise \u00e0 disposition des photos de profil).<\/p>\n\n\n\n<p>Cette premi\u00e8re partie explicative est suivie d\u2019une vid\u00e9o de pr\u00e9sentation du site et du sol faite&nbsp;<em>in situ&nbsp;<\/em>par cinq enseignants sp\u00e9cialis\u00e9s en p\u00e9dologie.<\/p>\n\n\n\n<p>Puis, les r\u00e9sultats d\u2019observation de terrain classiques effectu\u00e9s en biog\u00e9osciences sont accessibles sous forme de liens. Ceux-ci comportent une fiche p\u00e9dologique qui d\u00e9crit le profil de sol, une fiche sur la forme d\u2019<a href=\"https:\/\/wp.unil.ch\/swissoil\/glossaire-definition\/#F-K\" data-type=\"page\" data-id=\"22\">humus<\/a>, c\u2019est-\u00e0-dire la couche de liti\u00e8re plus ou moins d\u00e9compos\u00e9e qui repose \u00e0 la surface du sol, ainsi qu\u2019un relev\u00e9 de v\u00e9g\u00e9tation bas\u00e9 sur un carr\u00e9 permanent (10 x 10 m) \u00e9tabli \u00e0 proximit\u00e9 de chaque site.<\/p>\n\n\n\n<p>Finalement, un quiz d\u2019environ quatre \u00e0 six questions par sol est propos\u00e9, les questions augmentant en difficult\u00e9. Les r\u00e9ponses sont pr\u00e9sent\u00e9es en-dessous du quiz et sont d\u00e9velopp\u00e9es afin d\u2019apporter des explications et informations suppl\u00e9mentaires d\u2019une mani\u00e8re plus technique et sp\u00e9cifique pour ceux int\u00e9ress\u00e9s \u00e0 approfondir leurs connaissances en processus p\u00e9dologique.<\/p>\n\n\n\n<p>Ci-dessous, un exemple de fiche p\u00e9dologique expliqu\u00e9e :<\/p>\n\n\n<div class=\"wp-block-image\">\n<figure class=\"aligncenter\"><img alt=\"\" loading=\"lazy\" decoding=\"async\" width=\"669\" height=\"634\" src=\"https:\/\/wp.unil.ch\/swissoil\/files\/2018\/05\/explication_fiche_pedo.jpg\" alt=\"\" class=\"wp-image-495\" srcset=\"https:\/\/wp.unil.ch\/swissoil\/files\/2018\/05\/explication_fiche_pedo.jpg 669w, https:\/\/wp.unil.ch\/swissoil\/files\/2018\/05\/explication_fiche_pedo-300x284.jpg 300w\" sizes=\"auto, (max-width: 669px) 100vw, 669px\" \/><\/figure>\n<\/div>\n\n\n<p>Une fiche p\u00e9dologique est une sorte de carte d\u2019identit\u00e9 du sol, bas\u00e9e sur les observations faites directement sur le terrain, elle ne contient pas de r\u00e9sultat d\u2019analyses laboratoires. Celles-ci \u00e9tant faites par la suite et regroup\u00e9es dans des fichiers de donn\u00e9es s\u00e9par\u00e9s (voir la page&nbsp;<a href=\"https:\/\/wp.unil.ch\/swissoil\/analyses-pedologiques\/\">Analyses p\u00e9dologiques<\/a> pour en savoir plus sur les analyses de laboratoire).<\/p>\n\n\n\n<p>Les param\u00e8tres du milieu contiennent le nom complet, la localisation, l&rsquo;altitude, les coordonn\u00e9es GPS (WGS84), la topographie, la v\u00e9g\u00e9tation, le climat, la situation et la date des observations. La partie centrale est le c\u0153ur de la fiche p\u00e9dologique, le sch\u00e9ma d\u2019observation est pr\u00e9sent\u00e9 en rapport \u00e0 la photo du profil. On retrouve \u00e9galement une \u00e9chelle de la profondeur, les diff\u00e9rentes limites ainsi que la couleur des horizons. Une l\u00e9gende pour les codes du sch\u00e9ma est pr\u00e9sent\u00e9e en-dessous. La partie finale d\u00e9crit les horizons individuellement et indique leurs particularit\u00e9s bas\u00e9es sur les observations faite directement sur le terrain. Pour chaque horizon on retrouve :<\/p>\n\n\n\n<p>L\u2019<strong>\u00e9paisseur&nbsp;<\/strong>en cm,<\/p>\n\n\n\n<p>La&nbsp;<strong>couleur<\/strong>&nbsp;(bas\u00e9e sur le code Munsell),<\/p>\n\n\n\n<p>Le&nbsp;<strong>pH<\/strong>&nbsp;Hellige qui est un indicateur colorim\u00e9trique de terrain<\/p>\n\n\n\n<p>Le degr\u00e9 de&nbsp;<strong>r\u00e9action \u00e0 l\u2019HCl<\/strong>&nbsp;(acide chlorhydrique) qui indique par effervescence la pr\u00e9sence ou absence de carbonates,<\/p>\n\n\n\n<p>La&nbsp;<strong>texture<\/strong>&nbsp;qui se r\u00e9f\u00e8re \u00e0 la taille des particules min\u00e9rales (<a href=\"https:\/\/wp.unil.ch\/swissoil\/glossaire-definition\/#A\">argiles<\/a>, limons, <a href=\"https:\/\/wp.unil.ch\/swissoil\/glossaire-definition\/#S\">sables<\/a>), identifiable au toucher,<\/p>\n\n\n\n<p>La&nbsp;<strong>structure<\/strong>&nbsp;qui se r\u00e9f\u00e8re elle \u00e0 l\u2019arrangement des particules et des agr\u00e9gats entre eux, observable \u00e0 l\u2019\u0153il nu,<\/p>\n\n\n\n<p>La quantit\u00e9 de&nbsp;<strong>racines<\/strong>&nbsp;et taille(s) de celles-ci,<\/p>\n\n\n\n<p>La proportion en pourcent de\u00a0<strong>squelette<\/strong>\u00a0(cailloux, pierres, bloc se d\u00e9marquant de la <a href=\"https:\/\/wp.unil.ch\/swissoil\/glossaire-definition\/#T\" data-type=\"page\" data-id=\"22\">terre fine<\/a>) avec sa nature et sa forme,<\/p>\n\n\n\n<p>Toutes autres informations observ\u00e9es, par exemple la pr\u00e9sence des taches d\u2019<a href=\"https:\/\/wp.unil.ch\/swissoil\/glossaire-definition\/#N-O\">oxydor\u00e9duction<\/a>.<\/p>\n\n\n\n<p>Certaines de ces observations seront valid\u00e9es par des analyses laboratoires, comme le pH et la texture (granulom\u00e9trie) (voir Fiche de donn\u00e9es).<\/p>\n","protected":false},"excerpt":{"rendered":"<p>Lors de leur travaux pratiques, les \u00e9tudiants du Master de Biog\u00e9osciences de 2016 ont creus\u00e9 cinq fosses p\u00e9dologiques dans la for\u00eat de Dorigny (entre le G\u00e9opolis et la Banane). Ces fosses ont \u00e9t\u00e9 conserv\u00e9es et s\u00e9curis\u00e9es de mani\u00e8re \u00e0 offrir,<\/p>\n","protected":false},"author":1001561,"featured_media":0,"parent":0,"menu_order":3,"comment_status":"closed","ping_status":"closed","template":"","meta":{"_seopress_robots_primary_cat":"","_seopress_titles_title":"","_seopress_titles_desc":"","_seopress_robots_index":"","footnotes":""},"class_list":["post-20","page","type-page","status-publish"],"_links":{"self":[{"href":"https:\/\/wp.unil.ch\/swissoil\/wp-json\/wp\/v2\/pages\/20","targetHints":{"allow":["GET"]}}],"collection":[{"href":"https:\/\/wp.unil.ch\/swissoil\/wp-json\/wp\/v2\/pages"}],"about":[{"href":"https:\/\/wp.unil.ch\/swissoil\/wp-json\/wp\/v2\/types\/page"}],"author":[{"embeddable":true,"href":"https:\/\/wp.unil.ch\/swissoil\/wp-json\/wp\/v2\/users\/1001561"}],"replies":[{"embeddable":true,"href":"https:\/\/wp.unil.ch\/swissoil\/wp-json\/wp\/v2\/comments?post=20"}],"version-history":[{"count":5,"href":"https:\/\/wp.unil.ch\/swissoil\/wp-json\/wp\/v2\/pages\/20\/revisions"}],"predecessor-version":[{"id":2158,"href":"https:\/\/wp.unil.ch\/swissoil\/wp-json\/wp\/v2\/pages\/20\/revisions\/2158"}],"wp:attachment":[{"href":"https:\/\/wp.unil.ch\/swissoil\/wp-json\/wp\/v2\/media?parent=20"}],"curies":[{"name":"wp","href":"https:\/\/api.w.org\/{rel}","templated":true}]}}