{"id":2,"date":"2017-05-12T09:17:18","date_gmt":"2017-05-12T07:17:18","guid":{"rendered":"http:\/\/wp.unil.ch\/swissoil\/?page_id=2"},"modified":"2024-07-17T14:17:36","modified_gmt":"2024-07-17T12:17:36","slug":"sample-page","status":"publish","type":"page","link":"https:\/\/wp.unil.ch\/swissoil\/","title":{"rendered":"Le projet SWISSOIL"},"content":{"rendered":"\n<p>SWISSOIL est un site web multim\u00e9dia d\u2019acc\u00e8s libre, qui permet une approche p\u00e9dagogique et int\u00e9grative bas\u00e9e sur l\u2019observation directe de sols au sein de leur milieu naturel ou anthropis\u00e9. Le projet comprend sept fosses p\u00e9dologiques permanentes, situ\u00e9es aux alentours de la for\u00eat de Dorigny, ainsi que des carr\u00e9s permanents de v\u00e9g\u00e9tation aux abords des fosses 1 \u00e0 5.&nbsp;<\/p>\n\n\n\n<p>L\u2019objectif premier de Swissoil est de permettre aux \u00e9tudiants de d\u00e9velopper leurs comp\u00e9tences de p\u00e9dologues \u00e0 leur rythme, en se confrontant \u00e0 leur objet d\u2019\u00e9tude, soit le profil de sol dans son contexte naturel. Mais Swissoil s\u2019adresse aussi, de mani\u00e8re plus g\u00e9n\u00e9rale, \u00e0 la communaut\u00e9 scientifique ainsi qu\u2019au grand public curieux d\u2019en apprendre plus sur les sols de cette colline. Ce projet a aussi pour but de mettre en avant et d\u2019informer sur les services \u00e9cosyst\u00e9miques jou\u00e9s par les sols et la faune qu\u2019ils renferment.&nbsp;<\/p>\n\n\n\n<p>Ce site fournit un guide d\u2019observation, d\u2019interpr\u00e9tation des profils de sol, rassemble toute une s\u00e9rie de donn\u00e9es et de fiches descriptives, informatives et pertinentes pour comprendre la nature et \u00e9valuer la qualit\u00e9 des sols ainsi que leur biodiversit\u00e9. Fiches p\u00e9dologiques, formes d\u2019humus, relev\u00e9s de v\u00e9g\u00e9tation, identification de la faune \u00e9pig\u00e9e ainsi que r\u00e9sultats d\u2019analyses physico-chimiques accompagnent le voyage du lecteur. Des vid\u00e9os explicatives et des quiz agr\u00e9mentent \u00e9galement le site, permettant une entr\u00e9e plus ludique dans le monde de la p\u00e9dologie.&nbsp;<\/p>\n\n\n\n<p>Ce projet permet une valorisation directe et un acc\u00e8s in\u00e9dit aux sols du campus de l\u2019Universit\u00e9 de Lausanne, appuy\u00e9 par des ressources didactiques num\u00e9riques permettant une observation et interpr\u00e9tation de haut niveau des profils p\u00e9dologiques. Gr\u00e2ce \u00e0 Swissoil, la colline de Dorigny est une exhibition permanente d\u2019histoire naturelle <em>in situ&nbsp;<\/em>!<\/p>\n\n\n\n<hr class=\"wp-block-separator has-alpha-channel-opacity is-style-default\" \/>\n\n\n\n<h5 class=\"wp-block-heading\">Vid\u00e9o de pr\u00e9sentation du projet :<\/h5>\n\n\n\n<figure class=\"wp-block-video\"><video controls src=\"https:\/\/av.unil.ch\/hva\/3299\/04-stephanie-grand-al-2017-11-21.mp4\"><\/video><\/figure>\n\n\n\n<hr class=\"wp-block-separator has-alpha-channel-opacity\" \/>\n\n\n\n<h4 class=\"wp-block-heading\">L\u2019\u00e9quipe SWISSOIL<\/h4>\n\n\n\n<div class=\"wp-block-columns are-vertically-aligned-top is-layout-flex wp-container-core-columns-is-layout-9d6595d7 wp-block-columns-is-layout-flex\">\n<div class=\"wp-block-column is-vertically-aligned-top is-layout-flow wp-block-column-is-layout-flow\">\n<div class=\"wp-block-media-text has-media-on-the-right\" style=\"grid-template-columns:auto 22%\"><div class=\"wp-block-media-text__content\">\n<p><strong>St\u00e9phanie Grand,&nbsp;<\/strong>Ma\u00eetre d\u2019enseignement et de recherche,<br>Institut des dynamiques de la surface terrestre, Universit\u00e9 de Lausanne<br><em>Responsable du projet SWISSOIL<\/em><\/p>\n<\/div><figure class=\"wp-block-media-text__media\"><img loading=\"lazy\" decoding=\"async\" width=\"589\" height=\"1024\" src=\"https:\/\/wp.unil.ch\/swissoil\/files\/2018\/05\/SG_petit-589x1024.jpg\" alt=\"Image_de_Stephanie\" class=\"wp-image-304 size-full\" \/><\/figure><\/div>\n\n\n\n<hr class=\"wp-block-separator has-alpha-channel-opacity\" \/>\n\n\n\n<div class=\"wp-block-media-text has-media-on-the-right\" style=\"grid-template-columns:auto 20%\"><div class=\"wp-block-media-text__content\">\n<p><strong>Lissa Vuffray,<\/strong> Master en environnement 2023, Universit\u00e9 de Lausanne<br><em>Contribution au site internet<\/em><br><em>Coordinatrice du projet SWISSOIL 2024<\/em><\/p>\n<\/div><figure class=\"wp-block-media-text__media\"><img alt=\"\" loading=\"lazy\" decoding=\"async\" width=\"138\" height=\"142\" src=\"https:\/\/wp.unil.ch\/swissoil\/files\/2024\/07\/profil-sans-photo.png\" alt=\"\" class=\"wp-image-2199 size-full\" \/><\/figure><\/div>\n\n\n\n<hr class=\"wp-block-separator has-alpha-channel-opacity\" \/>\n\n\n\n<div class=\"wp-block-media-text has-media-on-the-right\" style=\"grid-template-columns:auto 20%\"><div class=\"wp-block-media-text__content\">\n<p><strong>Loic Mathez,<\/strong> Master en environnement 2021, Universit\u00e9 de Lausanne<br><em>R\u00e9alisation d&rsquo;analyses de laboratoire<\/em><br><em>Coordinateur du projet SWISSOIL 2023<\/em><\/p>\n<\/div><figure class=\"wp-block-media-text__media\"><img alt=\"\" loading=\"lazy\" decoding=\"async\" width=\"138\" height=\"142\" src=\"https:\/\/wp.unil.ch\/swissoil\/files\/2024\/07\/profil-sans-photo.png\" alt=\"\" class=\"wp-image-2199 size-full\" \/><\/figure><\/div>\n\n\n\n<hr class=\"wp-block-separator has-alpha-channel-opacity\" \/>\n\n\n\n<div class=\"wp-block-media-text has-media-on-the-right\" style=\"grid-template-columns:auto 19%\"><div class=\"wp-block-media-text__content\">\n<p><strong>Elsa Bernauer, <\/strong>Master Biog\u00e9osciences 2021, Universit\u00e9 de Lausanne<br><em>Ajouts des fosses 6 et 7&nbsp;<br>Coordinatrice du projet SWISSOIL 2021-2022<\/em><\/p>\n<\/div><figure class=\"wp-block-media-text__media\"><img alt=\"\" loading=\"lazy\" decoding=\"async\" width=\"138\" height=\"142\" src=\"https:\/\/wp.unil.ch\/swissoil\/files\/2024\/07\/profil-sans-photo.png\" alt=\"\" class=\"wp-image-2199 size-full\" \/><\/figure><\/div>\n\n\n\n<hr class=\"wp-block-separator has-alpha-channel-opacity\" \/>\n\n\n\n<div class=\"wp-block-media-text has-media-on-the-right\" style=\"grid-template-columns:auto 19%\"><div class=\"wp-block-media-text__content\">\n<p><strong>Xavier Dupla, <\/strong>PhD Sciences de la Terre 2025, Universit\u00e9 de Lausanne<br><em>Relecture des contenus, contributions aux descriptions des sols,<br>Coordinateur des activit\u00e9s d&rsquo;enseignement<\/em><\/p>\n<\/div><figure class=\"wp-block-media-text__media\"><img alt=\"\" loading=\"lazy\" decoding=\"async\" width=\"138\" height=\"142\" src=\"https:\/\/wp.unil.ch\/swissoil\/files\/2024\/07\/profil-sans-photo.png\" alt=\"\" class=\"wp-image-2199 size-full\" \/><\/figure><\/div>\n\n\n\n<hr class=\"wp-block-separator has-alpha-channel-opacity\" \/>\n\n\n\n<div class=\"wp-block-media-text has-media-on-the-right\" style=\"grid-template-columns:auto 23%\"><div class=\"wp-block-media-text__content\">\n<p><strong>Lila Siegfried, <\/strong>PhD Sciences de l&rsquo;Environnement 2025, Universit\u00e9 de Lausanne<br><em>Contribution aux relev\u00e9s de v\u00e9g\u00e9tation et formes d&rsquo;humus<\/em><\/p>\n<\/div><figure class=\"wp-block-media-text__media\"><img alt=\"Image_de_Lila\" loading=\"lazy\" decoding=\"async\" width=\"344\" height=\"439\" src=\"https:\/\/wp.unil.ch\/swissoil\/files\/2024\/06\/IMG-20220717-WA0013-12.jpg\" alt=\"\" class=\"wp-image-1992 size-full\" srcset=\"https:\/\/wp.unil.ch\/swissoil\/files\/2024\/06\/IMG-20220717-WA0013-12.jpg 344w, https:\/\/wp.unil.ch\/swissoil\/files\/2024\/06\/IMG-20220717-WA0013-12-235x300.jpg 235w\" sizes=\"auto, (max-width: 344px) 100vw, 344px\" \/><\/figure><\/div>\n\n\n\n<hr class=\"wp-block-separator has-alpha-channel-opacity\" \/>\n\n\n\n<div class=\"wp-block-media-text has-media-on-the-right\" style=\"grid-template-columns:auto 19%\"><div class=\"wp-block-media-text__content\">\n<p><strong>No\u00e9mie Morel,<\/strong> Master Biog\u00e9osciences 2024, Universit\u00e9 de Lausanne<br><em>R\u00e9alisation d&rsquo;analyses de laboratoire<\/em><\/p>\n\n\n\n<p><\/p>\n<\/div><figure class=\"wp-block-media-text__media\"><img alt=\"\" loading=\"lazy\" decoding=\"async\" width=\"138\" height=\"142\" src=\"https:\/\/wp.unil.ch\/swissoil\/files\/2024\/07\/profil-sans-photo.png\" alt=\"\" class=\"wp-image-2199 size-full\" \/><\/figure><\/div>\n\n\n\n<hr class=\"wp-block-separator has-alpha-channel-opacity\" \/>\n\n\n\n<div class=\"wp-block-media-text has-media-on-the-right\" style=\"grid-template-columns:auto 21%\"><div class=\"wp-block-media-text__content\">\n<p><strong>Anna Tassaux,<\/strong> Master Biog\u00e9osciences 2022, Universit\u00e9 de Lausanne<br><em>Rangement des archives et mise \u00e0 jour des contenus<\/em><\/p>\n<\/div><figure class=\"wp-block-media-text__media\"><img decoding=\"async\" src=\"https:\/\/wp.unil.ch\/swissoil\/files\/2024\/06\/AnnaTassaux-e1718786252205-717x1024.jpg\" alt=\"image_Anna_Tassaux\" class=\"wp-image-2168 size-full\" \/><\/figure><\/div>\n\n\n\n<hr class=\"wp-block-separator has-alpha-channel-opacity\" \/>\n\n\n\n<div class=\"wp-block-media-text has-media-on-the-right\" style=\"grid-template-columns:auto 19%\"><div class=\"wp-block-media-text__content\">\n<p><strong>Julia Monsalve,<\/strong> Master Biog\u00e9osciences 2020,<br>Universit\u00e9 de Lausanne<br><em>Mise \u00e0 jour des contenus<\/em><\/p>\n<\/div><figure class=\"wp-block-media-text__media\"><img alt=\"\" loading=\"lazy\" decoding=\"async\" width=\"138\" height=\"142\" src=\"https:\/\/wp.unil.ch\/swissoil\/files\/2024\/07\/profil-sans-photo.png\" alt=\"\" class=\"wp-image-2199 size-full\" \/><\/figure><\/div>\n\n\n\n<hr class=\"wp-block-separator has-alpha-channel-opacity\" \/>\n\n\n\n<div class=\"wp-block-media-text has-media-on-the-right\" style=\"grid-template-columns:auto 21%\"><div class=\"wp-block-media-text__content\">\n<p><strong>Valentine Turberg,&nbsp;<\/strong>Master Biog\u00e9osciences 2019, Universit\u00e9 de Lausanne<br><em>Contribution aux vid\u00e9os, formes d&rsquo;humus et relev\u00e9s de la faune<br>Coordinatrice du projet SWISSOIL 2019-2020<\/em><\/p>\n<\/div><figure class=\"wp-block-media-text__media\"><img decoding=\"async\" src=\"https:\/\/wp.unil.ch\/swissoil\/files\/2018\/05\/Valentine-e1586352747516.jpeg\" alt=\"Image_de_Valentine\" class=\"wp-image-393 size-full\" \/><\/figure><\/div>\n\n\n\n<hr class=\"wp-block-separator has-alpha-channel-opacity\" \/>\n\n\n\n<div class=\"wp-block-media-text has-media-on-the-right\" style=\"grid-template-columns:auto 21%\"><div class=\"wp-block-media-text__content\">\n<p><strong>Fabienne Dietrich,&nbsp;<\/strong>Doctorat en p\u00e9dologie 2017, Institut des dynamiques de la surface terrestre, Universit\u00e9 de Lausanne<br><em>Contribution aux vid\u00e9os, coordinatrice des analyses de laboratoire<\/em><\/p>\n<\/div><figure class=\"wp-block-media-text__media\"><img loading=\"lazy\" decoding=\"async\" width=\"190\" height=\"250\" src=\"https:\/\/wp.unil.ch\/swissoil\/files\/2018\/05\/FD_petit-e1586350831778.jpg\" alt=\"Image_de_Fabienne\" class=\"wp-image-308 size-full\" \/><\/figure><\/div>\n\n\n\n<hr class=\"wp-block-separator has-alpha-channel-opacity\" \/>\n<\/div>\n\n\n\n<div class=\"wp-block-column is-vertically-aligned-top is-layout-flow wp-block-column-is-layout-flow\">\n<div class=\"wp-block-media-text has-media-on-the-right\" style=\"grid-template-columns:auto 20%\"><div class=\"wp-block-media-text__content\">\n<p><strong>Adrien Piguet,&nbsp;<\/strong>Master Biog\u00e9osciences 2019, Universit\u00e9 de Lausanne<br><em>Contribution aux vid\u00e9os, supports didactiques et contenu pour le site internet<\/em><\/p>\n<\/div><figure class=\"wp-block-media-text__media\"><img alt=\"\" loading=\"lazy\" decoding=\"async\" width=\"138\" height=\"142\" src=\"https:\/\/wp.unil.ch\/swissoil\/files\/2024\/07\/profil-sans-photo.png\" alt=\"\" class=\"wp-image-2199 size-full\" \/><\/figure><\/div>\n\n\n\n<hr class=\"wp-block-separator has-alpha-channel-opacity\" \/>\n\n\n\n<div class=\"wp-block-media-text has-media-on-the-right\" style=\"grid-template-columns:auto 20%\"><div class=\"wp-block-media-text__content\">\n<p><strong>Jean-Denis Borel,&nbsp;<\/strong><br>R\u00e9alisateur audiovisuel ind\u00e9pendant<br><em>R\u00e9alisation et montage des vid\u00e9os<\/em><\/p>\n\n\n\n<p><\/p>\n<\/div><figure class=\"wp-block-media-text__media\"><img loading=\"lazy\" decoding=\"async\" width=\"684\" height=\"1024\" src=\"https:\/\/wp.unil.ch\/swissoil\/files\/2018\/05\/Jean-Denis_Borel-684x1024.jpg\" alt=\"Image_de_Jean-Denis\" class=\"wp-image-488 size-full\" \/><\/figure><\/div>\n\n\n\n<hr class=\"wp-block-separator has-alpha-channel-opacity\" \/>\n\n\n\n<div class=\"wp-block-media-text has-media-on-the-right\" style=\"grid-template-columns:auto 21%\"><div class=\"wp-block-media-text__content\">\n<p><strong>Pascal Vittoz,&nbsp;<\/strong>Ma\u00eetre d\u2019enseignement et de recherche, Institut des dynamiques de la surface terrestre &amp; D\u00e9partement d\u2019\u00e9cologie et \u00e9volution, Universit\u00e9 de Lausanne<br><em>Contribution aux vid\u00e9os et relev\u00e9s de v\u00e9g\u00e9tation<\/em><\/p>\n<\/div><figure class=\"wp-block-media-text__media\"><img loading=\"lazy\" decoding=\"async\" width=\"893\" height=\"1024\" src=\"https:\/\/wp.unil.ch\/swissoil\/files\/2018\/05\/PVittoz2-e1717514442678-893x1024.jpg\" alt=\"Image_de_Pascal\" class=\"wp-image-322 size-full\" srcset=\"https:\/\/wp.unil.ch\/swissoil\/files\/2018\/05\/PVittoz2-e1717514442678-893x1024.jpg 893w, https:\/\/wp.unil.ch\/swissoil\/files\/2018\/05\/PVittoz2-e1717514442678-262x300.jpg 262w, https:\/\/wp.unil.ch\/swissoil\/files\/2018\/05\/PVittoz2-e1717514442678-768x880.jpg 768w, https:\/\/wp.unil.ch\/swissoil\/files\/2018\/05\/PVittoz2-e1717514442678.jpg 1047w\" sizes=\"auto, (max-width: 893px) 100vw, 893px\" \/><\/figure><\/div>\n\n\n\n<hr class=\"wp-block-separator has-alpha-channel-opacity\" \/>\n\n\n\n<div class=\"wp-block-media-text has-media-on-the-right\" style=\"grid-template-columns:auto 18%\"><div class=\"wp-block-media-text__content\">\n<p><strong><strong>Claire Guenat<\/strong>,&nbsp;<\/strong>Collaboratrice scientifique, Laboratoire des syst\u00e8mes \u00e9cologiques, \u00c9cole polytechnique f\u00e9d\u00e9rale de Lausanne<br><em>Contribution aux vid\u00e9os<\/em><\/p>\n<\/div><figure class=\"wp-block-media-text__media\"><img alt=\"\" loading=\"lazy\" decoding=\"async\" width=\"138\" height=\"142\" src=\"https:\/\/wp.unil.ch\/swissoil\/files\/2024\/07\/profil-sans-photo.png\" alt=\"\" class=\"wp-image-2199 size-full\" \/><\/figure><\/div>\n\n\n\n<hr class=\"wp-block-separator has-alpha-channel-opacity\" \/>\n\n\n\n<div class=\"wp-block-media-text has-media-on-the-right\" style=\"grid-template-columns:auto 21%\"><div class=\"wp-block-media-text__content\">\n<p><strong>Fanny Viret,&nbsp;<\/strong>Master Biog\u00e9osciences 2018, Universit\u00e9 de Lausanne<br><em>D\u00e9veloppement du site web<br>Coordinatrice du projet SWISSOIL 2017-2018<\/em><\/p>\n<\/div><figure class=\"wp-block-media-text__media\"><img loading=\"lazy\" decoding=\"async\" width=\"190\" height=\"250\" src=\"https:\/\/wp.unil.ch\/swissoil\/files\/2018\/05\/Screen-Shot-2018-05-17-at-15.19.12-e1586350463844.png\" alt=\"Image_de_Fanny\" class=\"wp-image-312 size-full\" \/><\/figure><\/div>\n\n\n\n<hr class=\"wp-block-separator has-alpha-channel-opacity\" \/>\n\n\n\n<div class=\"wp-block-media-text has-media-on-the-right\" style=\"grid-template-columns:auto 20%\"><div class=\"wp-block-media-text__content\">\n<p><strong>Vincent Marmier,&nbsp;<\/strong>Bachelor G\u00e9ologie 2018, <br>Universit\u00e9 de Lausanne<br><em>Contribution au contenu du site internet<\/em><\/p>\n\n\n\n<p><\/p>\n<\/div><figure class=\"wp-block-media-text__media\"><img loading=\"lazy\" decoding=\"async\" width=\"683\" height=\"1024\" src=\"https:\/\/wp.unil.ch\/swissoil\/files\/2018\/07\/IMG_2295-683x1024.jpg\" alt=\"image_de_Vincent\" class=\"wp-image-532 size-full\" \/><\/figure><\/div>\n\n\n\n<hr class=\"wp-block-separator has-alpha-channel-opacity\" \/>\n\n\n\n<div class=\"wp-block-media-text has-media-on-the-right\" style=\"grid-template-columns:auto 21%\"><div class=\"wp-block-media-text__content\">\n<p><strong>Lo\u00efc Liberati,&nbsp;<\/strong>Master Biog\u00e9osciences 2017, <br>Universit\u00e9 de Lausanne<br><em>Contribution aux vid\u00e9os et relev\u00e9s de v\u00e9g\u00e9tation<\/em><\/p>\n<\/div><figure class=\"wp-block-media-text__media\"><img loading=\"lazy\" decoding=\"async\" width=\"678\" height=\"1024\" src=\"https:\/\/wp.unil.ch\/swissoil\/files\/2018\/05\/Loic_Liberati-678x1024.jpg\" alt=\"Image_de_Loic\" class=\"wp-image-349 size-full\" \/><\/figure><\/div>\n\n\n\n<hr class=\"wp-block-separator has-alpha-channel-opacity\" \/>\n\n\n\n<div class=\"wp-block-media-text has-media-on-the-right\" style=\"grid-template-columns:auto 18%\"><div class=\"wp-block-media-text__content\">\n<p><strong>Zohar Amoyel,&nbsp;<\/strong>Bachelor G\u00e9ologie 2018,<br>Universit\u00e9 de Lausanne<br><em>Micromorphologie des sols de Dorigny<\/em><\/p>\n<\/div><figure class=\"wp-block-media-text__media\"><img alt=\"\" loading=\"lazy\" decoding=\"async\" width=\"138\" height=\"142\" src=\"https:\/\/wp.unil.ch\/swissoil\/files\/2024\/07\/profil-sans-photo.png\" alt=\"\" class=\"wp-image-2199 size-full\" \/><\/figure><\/div>\n\n\n\n<hr class=\"wp-block-separator has-alpha-channel-opacity\" \/>\n\n\n\n<div class=\"wp-block-media-text has-media-on-the-right\" style=\"grid-template-columns:auto 24%\"><div class=\"wp-block-media-text__content\">\n<p><strong>Jean-Michel Gobat,&nbsp;<\/strong>Professeur honoraire, <br>Laboratoire d\u2019\u00e9cologie fonctionnelle,<br>Universit\u00e9 de Neuch\u00e2tel<br><em>Contribution aux descriptions des sols, photographies des profils<\/em><\/p>\n<\/div><figure class=\"wp-block-media-text__media\"><img loading=\"lazy\" decoding=\"async\" width=\"854\" height=\"1024\" src=\"https:\/\/wp.unil.ch\/swissoil\/files\/2019\/04\/JMGobat1.1-1-854x1024.jpg\" alt=\"image_de_Jean-Michel\" class=\"wp-image-811 size-full\" \/><\/figure><\/div>\n\n\n\n<hr class=\"wp-block-separator has-alpha-channel-opacity\" \/>\n\n\n\n<div class=\"wp-block-media-text has-media-on-the-right\" style=\"grid-template-columns:auto 22%\"><div class=\"wp-block-media-text__content\">\n<p><strong>Claire Le Bayon,&nbsp;<\/strong>Professeure titulaire, Laboratoire d\u2019\u00e9cologie fonctionnelle,<br>Universit\u00e9 de Neuch\u00e2tel<br><em>Contribution aux vid\u00e9os et relev\u00e9s des formes d&rsquo;humus<\/em><\/p>\n<\/div><figure class=\"wp-block-media-text__media\"><img loading=\"lazy\" decoding=\"async\" width=\"768\" height=\"1024\" src=\"https:\/\/wp.unil.ch\/swissoil\/files\/2018\/05\/CLB_petit-768x1024.jpg\" alt=\"Image_de_Claire\" class=\"wp-image-305 size-full\" \/><\/figure><\/div>\n\n\n\n<hr class=\"wp-block-separator has-alpha-channel-opacity\" \/>\n\n\n\n<div class=\"wp-block-media-text has-media-on-the-right\" style=\"grid-template-columns:auto 23%\"><div class=\"wp-block-media-text__content\">\n<p><strong>Eric Verrecchia,&nbsp;<\/strong>Professeur ordinaire, <br>Institut des dynamiques de la surface terrestre, Universit\u00e9 de Lausanne<br><em>Contribution aux vid\u00e9os<\/em><\/p>\n\n\n\n<hr class=\"wp-block-separator has-alpha-channel-opacity\" \/>\n<\/div><figure class=\"wp-block-media-text__media\"><img loading=\"lazy\" decoding=\"async\" width=\"114\" height=\"150\" src=\"https:\/\/wp.unil.ch\/swissoil\/files\/2018\/05\/Eric-2018-e1586351981904.png\" alt=\"Image_d_Eric\" class=\"wp-image-295 size-full\" \/><\/figure><\/div>\n<\/div>\n<\/div>\n","protected":false},"excerpt":{"rendered":"<p>SWISSOIL est un site web multim\u00e9dia d\u2019acc\u00e8s libre, qui permet une approche p\u00e9dagogique et int\u00e9grative bas\u00e9e sur l\u2019observation directe de sols au sein de leur milieu naturel ou anthropis\u00e9. Le projet comprend sept fosses p\u00e9dologiques permanentes, situ\u00e9es aux alentours de<\/p>\n","protected":false},"author":1001561,"featured_media":0,"parent":0,"menu_order":1,"comment_status":"closed","ping_status":"closed","template":"","meta":{"_seopress_robots_primary_cat":"","_seopress_titles_title":"","_seopress_titles_desc":"","_seopress_robots_index":"","footnotes":""},"class_list":["post-2","page","type-page","status-publish"],"_links":{"self":[{"href":"https:\/\/wp.unil.ch\/swissoil\/wp-json\/wp\/v2\/pages\/2","targetHints":{"allow":["GET"]}}],"collection":[{"href":"https:\/\/wp.unil.ch\/swissoil\/wp-json\/wp\/v2\/pages"}],"about":[{"href":"https:\/\/wp.unil.ch\/swissoil\/wp-json\/wp\/v2\/types\/page"}],"author":[{"embeddable":true,"href":"https:\/\/wp.unil.ch\/swissoil\/wp-json\/wp\/v2\/users\/1001561"}],"replies":[{"embeddable":true,"href":"https:\/\/wp.unil.ch\/swissoil\/wp-json\/wp\/v2\/comments?post=2"}],"version-history":[{"count":4,"href":"https:\/\/wp.unil.ch\/swissoil\/wp-json\/wp\/v2\/pages\/2\/revisions"}],"predecessor-version":[{"id":2201,"href":"https:\/\/wp.unil.ch\/swissoil\/wp-json\/wp\/v2\/pages\/2\/revisions\/2201"}],"wp:attachment":[{"href":"https:\/\/wp.unil.ch\/swissoil\/wp-json\/wp\/v2\/media?parent=2"}],"curies":[{"name":"wp","href":"https:\/\/api.w.org\/{rel}","templated":true}]}}