{"id":18,"date":"2017-09-27T15:25:49","date_gmt":"2017-09-27T13:25:49","guid":{"rendered":"http:\/\/wp.unil.ch\/swissoil\/?page_id=18"},"modified":"2024-06-11T09:48:37","modified_gmt":"2024-06-11T07:48:37","slug":"introduction","status":"publish","type":"page","link":"https:\/\/wp.unil.ch\/swissoil\/introduction\/","title":{"rendered":"Qu\u2019est-ce qu\u2019un sol ?"},"content":{"rendered":"\n<p>Un sol, c\u2019est bien plus que la terre qui salit les chaussures apr\u00e8s la pluie ! Le sol est un objet naturel complexe fa\u00e7onn\u00e9 par les forces g\u00e9ologiques, atmosph\u00e9riques et biologiques. Au cours des mill\u00e9naires n\u00e9cessaires \u00e0 la formation d\u2019un sol, la roche m\u00e8re est d\u00e9sagr\u00e9g\u00e9e en particules min\u00e9rales fines, qui constituent le mat\u00e9riel parental \u00e0 partir duquel va se former le sol. Ce mat\u00e9riel parental est progressivement transform\u00e9 sous l\u2019action des facteurs climatiques, topographiques et biologiques.<\/p>\n\n\n\n<figure class=\"wp-block-image\"><img alt=\"\" loading=\"lazy\" decoding=\"async\" width=\"1024\" height=\"702\" src=\"https:\/\/wp.unil.ch\/swissoil\/files\/2018\/05\/Schema_sol_2-1-1024x702.png\" alt=\"\" class=\"wp-image-360\" srcset=\"https:\/\/wp.unil.ch\/swissoil\/files\/2018\/05\/Schema_sol_2-1-1024x702.png 1024w, https:\/\/wp.unil.ch\/swissoil\/files\/2018\/05\/Schema_sol_2-1-300x206.png 300w, https:\/\/wp.unil.ch\/swissoil\/files\/2018\/05\/Schema_sol_2-1-768x526.png 768w, https:\/\/wp.unil.ch\/swissoil\/files\/2018\/05\/Schema_sol_2-1.png 1233w\" sizes=\"auto, (max-width: 1024px) 100vw, 1024px\" \/><\/figure>\n\n\n\n<p><\/p>\n\n\n\n<p>La formation du sol, \u00e0 proprement parler, d\u00e9bute lorsque la v\u00e9g\u00e9tation envahit la surface du mat\u00e9riel min\u00e9ral et produit une couche d\u2019<a href=\"https:\/\/wp.unil.ch\/swissoil\/glossaire-definition\/#F-K\">humus<\/a>, issue de la d\u00e9composition des parties mortes de la plante. Cette mati\u00e8re organique est m\u00e9lang\u00e9e aux particules min\u00e9rales sous-jacentes sous l\u2019action des organismes des sols, dont les vers de terre sont un exemple particuli\u00e8rement efficace. Ce faisant, na\u00eet l\u2019horizon organo-min\u00e9ral\u00a0; la couche de surface du sol de couleur marron fonc\u00e9 ou m\u00eame noire. Il s\u2019agit de la couche la plus fertile mais \u00e9galement la plus fragile du sol. Celle-ci peut facilement subir une d\u00e9gradation, due par exemple \u00e0 une \u00e9rosion par l\u2019action du vent ou de l\u2019eau, effet acc\u00e9l\u00e9r\u00e9 lorsque le sol est \u00e0 nu. Cette d\u00e9gradation conduit \u00e0 une diminution de la qualit\u00e9 du sol qui est tr\u00e8s longue et difficile \u00e0 corriger.<\/p>\n\n\n\n<p>La pluie entra\u00eene des petites particules d\u2019<a href=\"https:\/\/wp.unil.ch\/swissoil\/glossaire-definition\/#A\">argile<\/a>, des \u00e9l\u00e9ments min\u00e9raux comme le fer et des mati\u00e8res organiques dissoutes et les d\u00e9pose dans la partie plus profonde du sol. Ces processus forment l\u2019horizon dit min\u00e9ral, souvent de couleur brune voire rouge\u00e2tre. Il se trouve sous l\u2019horizon organo-min\u00e9ral et constitue une r\u00e9serve d\u2019eau et d\u2019\u00e9l\u00e9ments min\u00e9raux pour la croissance des plantes. Un sol, c\u2019est donc un assemblage d\u2019horizons aux fonctions compl\u00e9mentaires r\u00e9sultant de la rencontre intime entre le monde min\u00e9ral et le monde vivant.<\/p>\n\n\n\n<p>Le sol est \u00e9galement une ressource pr\u00e9cieuse : on estime sa vitesse de formation \u00e0 seulement 0.1mm par an. \u00c0 cette vitesse, il faut un mill\u00e9naire pour former une couche de sol de seulement 10cm !<\/p>\n","protected":false},"excerpt":{"rendered":"<p>Un sol, c\u2019est bien plus que la terre qui salit les chaussures apr\u00e8s la pluie ! Le sol est un objet naturel complexe fa\u00e7onn\u00e9 par les forces g\u00e9ologiques, atmosph\u00e9riques et biologiques. Au cours des mill\u00e9naires n\u00e9cessaires \u00e0 la formation d\u2019un<\/p>\n","protected":false},"author":1001561,"featured_media":0,"parent":0,"menu_order":2,"comment_status":"closed","ping_status":"closed","template":"","meta":{"_seopress_robots_primary_cat":"","_seopress_titles_title":"","_seopress_titles_desc":"","_seopress_robots_index":"","footnotes":""},"class_list":["post-18","page","type-page","status-publish"],"_links":{"self":[{"href":"https:\/\/wp.unil.ch\/swissoil\/wp-json\/wp\/v2\/pages\/18","targetHints":{"allow":["GET"]}}],"collection":[{"href":"https:\/\/wp.unil.ch\/swissoil\/wp-json\/wp\/v2\/pages"}],"about":[{"href":"https:\/\/wp.unil.ch\/swissoil\/wp-json\/wp\/v2\/types\/page"}],"author":[{"embeddable":true,"href":"https:\/\/wp.unil.ch\/swissoil\/wp-json\/wp\/v2\/users\/1001561"}],"replies":[{"embeddable":true,"href":"https:\/\/wp.unil.ch\/swissoil\/wp-json\/wp\/v2\/comments?post=18"}],"version-history":[{"count":4,"href":"https:\/\/wp.unil.ch\/swissoil\/wp-json\/wp\/v2\/pages\/18\/revisions"}],"predecessor-version":[{"id":2095,"href":"https:\/\/wp.unil.ch\/swissoil\/wp-json\/wp\/v2\/pages\/18\/revisions\/2095"}],"wp:attachment":[{"href":"https:\/\/wp.unil.ch\/swissoil\/wp-json\/wp\/v2\/media?parent=18"}],"curies":[{"name":"wp","href":"https:\/\/api.w.org\/{rel}","templated":true}]}}