{"id":1460,"date":"2023-05-21T23:58:20","date_gmt":"2023-05-21T21:58:20","guid":{"rendered":"https:\/\/wp.unil.ch\/swissoil\/?page_id=1460"},"modified":"2024-09-26T16:50:34","modified_gmt":"2024-09-26T14:50:34","slug":"site-7","status":"publish","type":"page","link":"https:\/\/wp.unil.ch\/swissoil\/les-profiles-de-sol-de-dorigny\/site-7\/","title":{"rendered":"Site 7 &#8211; ANTHROPOSOL RECONSTITU\u00c9"},"content":{"rendered":"\n<h4 class=\"wp-block-heading\"><strong>Nom complet :&nbsp;<\/strong><strong>ANTHROPOSOL RECONSTITU\u00c9<\/strong> \u00e0 mat\u00e9riau technologique<\/h4>\n\n\n\n<h4 class=\"wp-block-heading\"><strong>Un anthroposol reconstitu\u00e9<\/strong><\/h4>\n\n\n<div class=\"wp-block-image\">\n<figure class=\"alignleft size-large is-resized\"><img loading=\"lazy\" decoding=\"async\" width=\"577\" height=\"1024\" src=\"https:\/\/wp.unil.ch\/swissoil\/files\/2023\/05\/Fosse_7-577x1024.jpg\" alt=\"photo_du_profil_fosse_7\" class=\"wp-image-1463\" style=\"aspect-ratio:0.5679702048417132;object-fit:contain;width:344px;height:auto\" srcset=\"https:\/\/wp.unil.ch\/swissoil\/files\/2023\/05\/Fosse_7-577x1024.jpg 577w, https:\/\/wp.unil.ch\/swissoil\/files\/2023\/05\/Fosse_7-169x300.jpg 169w, https:\/\/wp.unil.ch\/swissoil\/files\/2023\/05\/Fosse_7.jpg 676w\" sizes=\"auto, (max-width: 577px) 100vw, 577px\" \/><\/figure>\n<\/div>\n\n\n<p>Cet anthroposol est form\u00e9 de deux couches distinctes. La couche inf\u00e9rieure, d\u00e8s 30 cm de profondeur, est compos\u00e9e de gravats et de d\u00e9chets de chantier datant de la construction du G\u00e9nopode. Cette couche a par la suite \u00e9t\u00e9 recouverte par une couche de terre arable d&rsquo;origine inconnue. Cette terre arable a eu suffisamment de temps pour reconstitu\u00e9 un brunisol viable o\u00f9 pousse une prairie dense. Si les premiers centim\u00e8tres de ce sol laissent penser qu&rsquo;il s&rsquo;agit d&rsquo;un brunisol, les couches inf\u00e9rieures montrent qu&rsquo;il a largement \u00e9t\u00e9 anthropis\u00e9.<\/p>\n\n\n\n<p>Les m\u00e9thodes actuelles de pr\u00e9servation des sols lors de chantiers sont de d\u00e9caper les couches sup\u00e9rieures du sols et de les stocker, puis de les remettre en place une fois le chantier termin\u00e9.<\/p>\n\n\n\n<div style=\"height:43px\" aria-hidden=\"true\" class=\"wp-block-spacer\"><\/div>\n\n\n\n<p><strong><strong><a href=\"https:\/\/wp.unil.ch\/swissoil\/files\/2024\/09\/7Fiche_Pedologique_ANTHROPOSOL_RECONSTITUE-1.pdf\" target=\"_blank\" rel=\"noreferrer noopener\">Fiche p\u00e9dologique (PDF)<\/a><\/strong><\/strong><\/p>\n\n\n\n<p><strong><strong><a href=\"https:\/\/wp.unil.ch\/swissoil\/files\/2024\/06\/7_formes-dhumus-2.pdf\" data-type=\"link\" data-id=\"https:\/\/wp.unil.ch\/swissoil\/files\/2024\/06\/7_formes-dhumus.pdf\" target=\"_blank\" rel=\"noreferrer noopener\">Formes d&rsquo;humus (PDF)<\/a><\/strong><\/strong><\/p>\n\n\n\n<p><strong><strong><a href=\"https:\/\/wp.unil.ch\/swissoil\/files\/2024\/06\/7_releve_vegetation-2.pdf\" target=\"_blank\" rel=\"noreferrer noopener\">Relev\u00e9 de v\u00e9g\u00e9tation (PDF)<\/a><\/strong><\/strong><\/p>\n","protected":false},"excerpt":{"rendered":"<p>Nom complet :&nbsp;ANTHROPOSOL RECONSTITU\u00c9 \u00e0 mat\u00e9riau technologique Un anthroposol reconstitu\u00e9 Cet anthroposol est form\u00e9 de deux couches distinctes. La couche inf\u00e9rieure, d\u00e8s 30 cm de profondeur, est compos\u00e9e de gravats et de d\u00e9chets de chantier datant de la construction du<\/p>\n","protected":false},"author":1002552,"featured_media":0,"parent":20,"menu_order":7,"comment_status":"closed","ping_status":"closed","template":"","meta":{"_seopress_robots_primary_cat":"","_seopress_titles_title":"","_seopress_titles_desc":"","_seopress_robots_index":"","footnotes":""},"class_list":["post-1460","page","type-page","status-publish"],"_links":{"self":[{"href":"https:\/\/wp.unil.ch\/swissoil\/wp-json\/wp\/v2\/pages\/1460","targetHints":{"allow":["GET"]}}],"collection":[{"href":"https:\/\/wp.unil.ch\/swissoil\/wp-json\/wp\/v2\/pages"}],"about":[{"href":"https:\/\/wp.unil.ch\/swissoil\/wp-json\/wp\/v2\/types\/page"}],"author":[{"embeddable":true,"href":"https:\/\/wp.unil.ch\/swissoil\/wp-json\/wp\/v2\/users\/1002552"}],"replies":[{"embeddable":true,"href":"https:\/\/wp.unil.ch\/swissoil\/wp-json\/wp\/v2\/comments?post=1460"}],"version-history":[{"count":4,"href":"https:\/\/wp.unil.ch\/swissoil\/wp-json\/wp\/v2\/pages\/1460\/revisions"}],"predecessor-version":[{"id":2270,"href":"https:\/\/wp.unil.ch\/swissoil\/wp-json\/wp\/v2\/pages\/1460\/revisions\/2270"}],"up":[{"embeddable":true,"href":"https:\/\/wp.unil.ch\/swissoil\/wp-json\/wp\/v2\/pages\/20"}],"wp:attachment":[{"href":"https:\/\/wp.unil.ch\/swissoil\/wp-json\/wp\/v2\/media?parent=1460"}],"curies":[{"name":"wp","href":"https:\/\/api.w.org\/{rel}","templated":true}]}}