{"id":447,"date":"2023-07-27T17:21:00","date_gmt":"2023-07-27T15:21:00","guid":{"rendered":"https:\/\/wp.unil.ch\/swissds-env\/?page_id=447"},"modified":"2023-11-09T15:16:13","modified_gmt":"2023-11-09T14:16:13","slug":"impressum","status":"publish","type":"page","link":"https:\/\/wp.unil.ch\/swissds-env\/impressum\/","title":{"rendered":"Impressum"},"content":{"rendered":"\n<p><strong>R\u00e9alisation<\/strong><\/p>\n\n\n\n<p>UNIL | Universit\u00e9 de Lausanne<\/p>\n\n\n\n<p>UNIRIS &#8211; Service des ressources informationnelles et archives<\/p>\n\n\n\n<p>uniris@unil.ch <\/p>\n\n\n\n<p><strong>Conditions g\u00e9n\u00e9rales d&rsquo;utilisation<\/strong><\/p>\n\n\n\n<p>Toutes les informations ou documents diffus\u00e9s sur <a href=\"https:\/\/www.unil.ch\/swissds-env\">unil.ch\/swissds-env<\/a> sont mis \u00e0 disposition par UNIRIS sous licence Creative Commons: <a rel=\"noreferrer noopener\" href=\"https:\/\/creativecommons.org\/licenses\/by\/4.0\/\" target=\"_blank\">CC BY 4.0 International<\/a> (attribution). <\/p>\n\n\n<div class=\"wp-block-image\">\n<figure class=\"alignleft size-full is-resized\"><img alt=\"\" loading=\"lazy\" decoding=\"async\" width=\"88\" height=\"31\" src=\"https:\/\/wp.unil.ch\/swissds-env\/files\/2023\/11\/CC-BY.png\" alt=\"\" class=\"wp-image-1475\" style=\"aspect-ratio:2.838709677419355;width:128px;height:auto\" srcset=\"https:\/\/wp.unil.ch\/swissds-env\/files\/2023\/11\/CC-BY.png 88w, https:\/\/wp.unil.ch\/swissds-env\/files\/2023\/11\/CC-BY-18x6.png 18w\" sizes=\"auto, (max-width: 88px) 100vw, 88px\" \/><\/figure>\n<\/div>\n\n\n<div style=\"height:8px\" aria-hidden=\"true\" class=\"wp-block-spacer\"><\/div>\n\n\n\n<p>Cette licence d\u2019utilisation ne s\u2019applique pas aux&nbsp;informations externes ni aux liens externes vers lesquels ce site renvoie.<\/p>\n\n\n\n<p><strong>Vous \u00eates autoris\u00e9\u00b7e\u00b7s \u00e0:<\/strong><\/p>\n\n\n\n<ul class=\"wp-block-list\">\n<li><strong>Partager<\/strong> \u2014 copier, distribuer et communiquer le mat\u00e9riel par tous moyens et sous tous formats pour toute utilisation, y compris commerciale.<\/li>\n\n\n\n<li><strong>Adapter<\/strong> \u2014 remixer, transformer et cr\u00e9er \u00e0 partir du mat\u00e9riel pour toute utilisation, y compris commerciale.<\/li>\n<\/ul>\n\n\n\n<p>L&rsquo;Offrant ne peut retirer les autorisations conc\u00e9d\u00e9es par la licence tant que vous appliquez les termes de cette licence.<\/p>\n\n\n\n<p><strong>Selon les conditions suivantes:<\/strong><\/p>\n\n\n\n<ul class=\"wp-block-list\">\n<li><strong>Attribution<\/strong> &#8211; Vous devez <a href=\"https:\/\/creativecommons.org\/licenses\/by\/4.0\/deed.fr#\">cr\u00e9diter<\/a> l&rsquo;\u0152uvre sous la forme suivante: Universit\u00e9 de Lausanne, <a href=\"https:\/\/unil.ch\/uniris\/home.html\">UNIRIS<\/a>. Vous devez int\u00e9grer un lien vers la licence et <a href=\"https:\/\/creativecommons.org\/licenses\/by\/4.0\/deed.fr#\">indiquer<\/a> si des modifications ont \u00e9t\u00e9 effectu\u00e9es \u00e0 l&rsquo;Oeuvre. Vous devez indiquer ces informations par tous les moyens raisonnables, sans toutefois sugg\u00e9rer que l&rsquo;Offrant vous soutient ou soutient la fa\u00e7on dont vous avez utilis\u00e9 son Oeuvre.<\/li>\n\n\n\n<li><strong>Pas de restrictions compl\u00e9mentaires<\/strong> &#8211; Vous n&rsquo;\u00eates pas autoris\u00e9 \u00e0 appliquer des conditions l\u00e9gales ou des <a href=\"https:\/\/creativecommons.org\/licenses\/by\/4.0\/deed.fr#\">mesures techniques<\/a> qui restreindraient l\u00e9galement autrui \u00e0 utiliser l&rsquo;Oeuvre dans les conditions d\u00e9crites par la licence.<\/li>\n<\/ul>\n\n\n\n<p><strong>Notes:<\/strong><\/p>\n\n\n\n<p>Vous n&rsquo;\u00eates pas dans l&rsquo;obligation de respecter la licence pour les \u00e9l\u00e9ments ou mat\u00e9riel appartenant au domaine public ou dans le cas o\u00f9 l&rsquo;utilisation que vous souhaitez faire est couverte par une <a href=\"https:\/\/creativecommons.org\/licenses\/by\/4.0\/deed.fr#\">exception<\/a>.<\/p>\n\n\n\n<p>Aucune garantie n&rsquo;est donn\u00e9e. Il se peut que la licence ne vous donne pas toutes les permissions n\u00e9cessaires pour votre utilisation. Par exemple, certains droits comme <a href=\"https:\/\/creativecommons.org\/licenses\/by\/4.0\/deed.fr#\">les droits moraux, le droit des donn\u00e9es personnelles et le droit \u00e0 l&rsquo;image<\/a> sont susceptibles de limiter votre utilisation.<\/p>\n","protected":false},"excerpt":{"rendered":"<p>R\u00e9alisation UNIL | Universit\u00e9 de Lausanne UNIRIS &#8211; Service des ressources informationnelles et archives uniris@unil.ch Conditions g\u00e9n\u00e9rales d&rsquo;utilisation Toutes les informations ou documents diffus\u00e9s sur unil.ch\/swissds-env sont mis&hellip;<\/p>\n","protected":false},"author":1002649,"featured_media":0,"parent":0,"menu_order":60,"comment_status":"closed","ping_status":"closed","template":"template-full-width.php","meta":{"_seopress_robots_primary_cat":"","_seopress_titles_title":"","_seopress_titles_desc":"","_seopress_robots_index":"","footnotes":""},"class_list":["post-447","page","type-page","status-publish","has-post-thumbnail"],"_links":{"self":[{"href":"https:\/\/wp.unil.ch\/swissds-env\/wp-json\/wp\/v2\/pages\/447","targetHints":{"allow":["GET"]}}],"collection":[{"href":"https:\/\/wp.unil.ch\/swissds-env\/wp-json\/wp\/v2\/pages"}],"about":[{"href":"https:\/\/wp.unil.ch\/swissds-env\/wp-json\/wp\/v2\/types\/page"}],"author":[{"embeddable":true,"href":"https:\/\/wp.unil.ch\/swissds-env\/wp-json\/wp\/v2\/users\/1002649"}],"replies":[{"embeddable":true,"href":"https:\/\/wp.unil.ch\/swissds-env\/wp-json\/wp\/v2\/comments?post=447"}],"version-history":[{"count":5,"href":"https:\/\/wp.unil.ch\/swissds-env\/wp-json\/wp\/v2\/pages\/447\/revisions"}],"predecessor-version":[{"id":1494,"href":"https:\/\/wp.unil.ch\/swissds-env\/wp-json\/wp\/v2\/pages\/447\/revisions\/1494"}],"wp:attachment":[{"href":"https:\/\/wp.unil.ch\/swissds-env\/wp-json\/wp\/v2\/media?parent=447"}],"curies":[{"name":"wp","href":"https:\/\/api.w.org\/{rel}","templated":true}]}}