{"id":404,"date":"2023-07-27T14:38:46","date_gmt":"2023-07-27T12:38:46","guid":{"rendered":"https:\/\/wp.unil.ch\/swissds-env\/?page_id=404"},"modified":"2025-03-14T15:18:25","modified_gmt":"2025-03-14T14:18:25","slug":"partenaires-du-projet","status":"publish","type":"page","link":"https:\/\/wp.unil.ch\/swissds-env\/partenaires-du-projet\/","title":{"rendered":"Partenaires"},"content":{"rendered":"\n<p><strong><em>L\u2019Universit\u00e9 de Lausanne<\/em><\/strong><em> (<a href=\"https:\/\/www.unil.ch\/\">UNIL<\/a>)<\/em> est l\u2019initiatrice et la <em>leading house<\/em> du projet <strong>SwissDS-ENV : Swiss Data Stewardship Environnment : Profile \u2013 Training &#8211; Network<\/strong>. Son service des ressources informationnelles et archives (<a href=\"https:\/\/www.unil.ch\/uniris\">UNIRIS<\/a>) supervise et coordonne les activit\u00e9s du projet, contribue \u00e0 son bon d\u00e9roulement, assure le suivi du budget, prend en charge les aspects administratifs et l\u00e9gaux, et rend compte \u00e0 swissuniversities.<\/p>\n\n\n\n<p><strong>Contact<\/strong>\u00a0: G\u00e9rard Bagnoud (gerard.bagnoud@unil.ch), Marielle Guirlet (marielle.guirlet@unil.ch), Carmen Jamb\u00e9, Joyce Maurin (jusqu&rsquo;en d\u00e9cembre 2024) (UNIRIS)<\/p>\n\n\n\n<div style=\"height:40px\" aria-hidden=\"true\" class=\"wp-block-spacer\"><\/div>\n\n\n\n<p>Sept autres institutions acad\u00e9miques sont partenaires du projet:<\/p>\n\n\n\n<div style=\"height:40px\" aria-hidden=\"true\" class=\"wp-block-spacer\"><\/div>\n\n\n\n<p><strong><em>La Haute Ecole P\u00e9dagogique du canton de Vaud<\/em><\/strong><em> (<a href=\"https:\/\/www.hepl.ch\/accueil.html\">HEP Vaud<\/a>)<\/em> contribue \u00e0 l\u2019<a href=\"https:\/\/wp.unil.ch\/swissds-env\/action-1\/\">action 1<\/a> (d\u00e9finition et profil), avec l\u2019\u00e9laboration de la grille et du r\u00e9f\u00e9rentiel de comp\u00e9tences et d\u2019aptitudes, et \u00e0 l\u2019<a href=\"https:\/\/wp.unil.ch\/swissds-env\/action-2\/\">action 2<\/a> (formation certifiante).<\/p>\n\n\n\n<p><strong>Contact<\/strong>: Mathilde Panes, Yves Debernardi<\/p>\n\n\n\n<div style=\"height:30px\" aria-hidden=\"true\" class=\"wp-block-spacer\"><\/div>\n\n\n\n<p><strong><em>L\u2019Universit\u00e9 de Gen\u00e8ve<\/em><\/strong><em> (<a href=\"https:\/\/www.unige.ch\/\">UNIGE<\/a>)<\/em> contribue \u00e0 l\u2019<a href=\"https:\/\/wp.unil.ch\/swissds-env\/action-1\/\">action 1<\/a> et \u00e0 l\u2019<a href=\"https:\/\/wp.unil.ch\/swissds-env\/action-2\/\">action 2<\/a> avec le d\u00e9veloppement de modules th\u00e9matiques.<\/p>\n\n\n\n<p><strong>Contact<\/strong>&nbsp;: Jean-Blaise Claivaz, Claire Wuillemin<\/p>\n\n\n\n<div style=\"height:30px\" aria-hidden=\"true\" class=\"wp-block-spacer\"><\/div>\n\n\n\n<p><strong><em>Swiss Institute of Bioinformatics<\/em><\/strong><em> (<a href=\"https:\/\/www.sib.swiss\/\">SIB<\/a>)<\/em> contribue \u00e0 l\u2019<a href=\"https:\/\/wp.unil.ch\/swissds-env\/action-2\/\">action 2<\/a> avec le d\u00e9veloppement du module sp\u00e9cialis\u00e9 en sciences de la vie.<\/p>\n\n\n\n<p><strong>Contact<\/strong>&nbsp;: Patricia Palagi, Vassilios Ioannidis, Gr\u00e9goire Rossier<\/p>\n\n\n\n<div style=\"height:30px\" aria-hidden=\"true\" class=\"wp-block-spacer\"><\/div>\n\n\n\n<p><strong><em>La Haute \u00e9cole de gestion Gen\u00e8ve<\/em><\/strong><em> (<a href=\"https:\/\/www.hesge.ch\/heg\/\">HEG\/HESSO-GE<\/a>)<\/em> contribue \u00e0 l\u2019<a href=\"https:\/\/wp.unil.ch\/swissds-env\/action-2\/\">action 2<\/a> avec le d\u00e9veloppement du tronc commun transdisciplinaire.<\/p>\n\n\n\n<p><strong>Contact<\/strong>&nbsp;: Ren\u00e9 Schneider, Elo\u00efse Morisod<\/p>\n\n\n\n<div style=\"height:30px\" aria-hidden=\"true\" class=\"wp-block-spacer\"><\/div>\n\n\n\n<p><strong><em>Le Centre de comp\u00e9tences suisse en sciences sociales<\/em><\/strong><em> (<a href=\"https:\/\/fors.ch\/fr\/\">FORS<\/a>)<\/em> contribue \u00e0 l\u2019<a href=\"https:\/\/wp.unil.ch\/swissds-env\/action-2\/\">action 2<\/a> avec le d\u00e9veloppement du module sp\u00e9cialis\u00e9 en sciences humaines et sociales.<\/p>\n\n\n\n<p><strong>Contact<\/strong>&nbsp;: Alexandra Stam<\/p>\n\n\n\n<div style=\"height:30px\" aria-hidden=\"true\" class=\"wp-block-spacer\"><\/div>\n\n\n\n<p><strong><em>L\u2019Universit\u00e9 de Zurich<\/em><\/strong><em> (<a href=\"https:\/\/www.uzh.ch\/de.html\">UZH<\/a>)<\/em> contribue \u00e0 l\u2019<a href=\"https:\/\/wp.unil.ch\/swissds-env\/action-3\/\">action 3<\/a> (communaut\u00e9 de pratiques).<\/p>\n\n\n\n<p><strong>Contact<\/strong>&nbsp;: Andrea Malits, Melanie R\u00f6thlisberger<\/p>\n\n\n\n<div style=\"height:30px\" aria-hidden=\"true\" class=\"wp-block-spacer\"><\/div>\n\n\n\n<p><strong><em>Z\u00fcrcher Hochschule f\u00fcr Angewandte Wissenschaften<\/em><\/strong><em> (<a href=\"https:\/\/www.zhaw.ch\/fr\/universite\/\">ZHAW<\/a>)<\/em> contribue \u00e0 l\u2019<a href=\"https:\/\/wp.unil.ch\/swissds-env\/action-3\/\">action 3<\/a>.<\/p>\n\n\n\n<p><strong>Contact<\/strong>: Martin Jaekel, Felix Moerman<\/p>\n","protected":false},"excerpt":{"rendered":"<p>L\u2019Universit\u00e9 de Lausanne (UNIL) est l\u2019initiatrice et la leading house du projet SwissDS-ENV : Swiss Data Stewardship Environnment : Profile \u2013 Training &#8211; Network. Son service des ressources&hellip;<\/p>\n","protected":false},"author":1002649,"featured_media":0,"parent":0,"menu_order":2,"comment_status":"closed","ping_status":"closed","template":"template-full-width.php","meta":{"_seopress_robots_primary_cat":"","_seopress_titles_title":"","_seopress_titles_desc":"","_seopress_robots_index":"","footnotes":""},"class_list":["post-404","page","type-page","status-publish","has-post-thumbnail"],"_links":{"self":[{"href":"https:\/\/wp.unil.ch\/swissds-env\/wp-json\/wp\/v2\/pages\/404","targetHints":{"allow":["GET"]}}],"collection":[{"href":"https:\/\/wp.unil.ch\/swissds-env\/wp-json\/wp\/v2\/pages"}],"about":[{"href":"https:\/\/wp.unil.ch\/swissds-env\/wp-json\/wp\/v2\/types\/page"}],"author":[{"embeddable":true,"href":"https:\/\/wp.unil.ch\/swissds-env\/wp-json\/wp\/v2\/users\/1002649"}],"replies":[{"embeddable":true,"href":"https:\/\/wp.unil.ch\/swissds-env\/wp-json\/wp\/v2\/comments?post=404"}],"version-history":[{"count":5,"href":"https:\/\/wp.unil.ch\/swissds-env\/wp-json\/wp\/v2\/pages\/404\/revisions"}],"predecessor-version":[{"id":1754,"href":"https:\/\/wp.unil.ch\/swissds-env\/wp-json\/wp\/v2\/pages\/404\/revisions\/1754"}],"wp:attachment":[{"href":"https:\/\/wp.unil.ch\/swissds-env\/wp-json\/wp\/v2\/media?parent=404"}],"curies":[{"name":"wp","href":"https:\/\/api.w.org\/{rel}","templated":true}]}}