{"id":180,"date":"2023-07-20T15:36:28","date_gmt":"2023-07-20T13:36:28","guid":{"rendered":"https:\/\/wp.unil.ch\/swissds-env\/?page_id=180"},"modified":"2023-10-24T16:46:34","modified_gmt":"2023-10-24T14:46:34","slug":"action-3","status":"publish","type":"page","link":"https:\/\/wp.unil.ch\/swissds-env\/action-3\/","title":{"rendered":"3. Communaut\u00e9 de pratiques"},"content":{"rendered":"\n<p><strong>Les objectifs de cette action sont les suivants\u00a0:<\/strong><\/p>\n\n\n\n<ul class=\"wp-block-list\">\n<li>D&rsquo;\u00e9tablir et de coordonner un r\u00e9seau de futur\u00b7e\u00b7s et actuel\u00b7le\u00b7s <em>Data Stewards<\/em>, ainsi que de professionnel\u00b7le\u00b7s (y compris enseignant\u00b7e\u00b7s) en <em>Data Stewardship<\/em><\/li>\n\n\n\n<li>Faciliter l&rsquo;\u00e9change de bonnes pratiques et de retours d&rsquo;exp\u00e9riences, le d\u00e9veloppement de savoir-faire et de synergies pour r\u00e9pondre aux exigences en mati\u00e8re de gestion des donn\u00e9es et d&rsquo;ouverture des donn\u00e9es de recherche<\/li>\n\n\n\n<li>Fournir une plateforme d&rsquo;\u00e9change et de collaboration pour d&rsquo;autres publics impliqu\u00e9s dans la gestion des donn\u00e9es de recherche<\/li>\n<\/ul>\n\n\n\n<p><strong>Le plan d&rsquo;actions correspondant consiste \u00e0\u00a0:<\/strong><\/p>\n\n\n\n<ul class=\"wp-block-list\">\n<li>Etablir la liste des personnes impliqu\u00e9es dans la gestion des donn\u00e9es de recherche en Suisse<\/li>\n\n\n\n<li>D\u00e9velopper les objectifs, la composition et le mandat de SDSNet<\/li>\n\n\n\n<li>Analyser la forme juridique et les statuts appropri\u00e9s<\/li>\n\n\n\n<li>D\u00e9velopper le code de d\u00e9ontologie et l&rsquo;engagement des membres du r\u00e9seau<\/li>\n<\/ul>\n","protected":false},"excerpt":{"rendered":"<p>Les objectifs de cette action sont les suivants\u00a0: Le plan d&rsquo;actions correspondant consiste \u00e0\u00a0:<\/p>\n","protected":false},"author":1002649,"featured_media":0,"parent":0,"menu_order":13,"comment_status":"closed","ping_status":"closed","template":"template-full-width.php","meta":{"_seopress_robots_primary_cat":"","_seopress_titles_title":"","_seopress_titles_desc":"","_seopress_robots_index":"","footnotes":""},"class_list":["post-180","page","type-page","status-publish","has-post-thumbnail"],"_links":{"self":[{"href":"https:\/\/wp.unil.ch\/swissds-env\/wp-json\/wp\/v2\/pages\/180","targetHints":{"allow":["GET"]}}],"collection":[{"href":"https:\/\/wp.unil.ch\/swissds-env\/wp-json\/wp\/v2\/pages"}],"about":[{"href":"https:\/\/wp.unil.ch\/swissds-env\/wp-json\/wp\/v2\/types\/page"}],"author":[{"embeddable":true,"href":"https:\/\/wp.unil.ch\/swissds-env\/wp-json\/wp\/v2\/users\/1002649"}],"replies":[{"embeddable":true,"href":"https:\/\/wp.unil.ch\/swissds-env\/wp-json\/wp\/v2\/comments?post=180"}],"version-history":[{"count":0,"href":"https:\/\/wp.unil.ch\/swissds-env\/wp-json\/wp\/v2\/pages\/180\/revisions"}],"wp:attachment":[{"href":"https:\/\/wp.unil.ch\/swissds-env\/wp-json\/wp\/v2\/media?parent=180"}],"curies":[{"name":"wp","href":"https:\/\/api.w.org\/{rel}","templated":true}]}}